{"id":2933,"date":"2020-09-07T01:45:45","date_gmt":"2020-09-07T00:45:45","guid":{"rendered":"\/eps\/?page_id=2933"},"modified":"2020-09-08T18:53:27","modified_gmt":"2020-09-08T17:53:27","slug":"la-lettre-edu_num-handicap","status":"publish","type":"page","link":"https:\/\/site.ac-martinique.fr\/eps\/?page_id=2933","title":{"rendered":"La lettre Edu_Num HANDICAP"},"content":{"rendered":"<h1 class=\"documentFirstHeading\">Lettre d&rsquo;information \u00c9du_Num Handicap et num\u00e9rique<\/h1>\n<p class=\"documentDescription\"><span id=\"parent-fieldname-description-c370dc061ca441a389f1171935614086\" class=\"\"> La Lettre \u00c9du_Num Handicap et num\u00e9rique vient en compl\u00e9ment des Lettres \u00c9du_Num disciplinaires. <\/span><\/p>\n<div id=\"parent-fieldname-text\" class=\"plain\">\n<p>Cette Lettre est destin\u00e9e aussi bien au premier degr\u00e9 qu&rsquo;au second degr\u00e9.<br \/>\nChaque num\u00e9ro accompagne les enseignants, les \u00e9ducateurs dans la prise en compte du handicap par les ressources du num\u00e9rique.<\/p>\n<\/div>\n<p>10\/10\/2018:\u00a0<a href=\"http:\/\/eduscol.education.fr\/numerique\/edunum-handicap\/edunum-handicap-04?_authenticator=2803ae3d40eb1afe2fb2bcf803f5ea20d5fd265e\" target=\"_blank\">Lettre \u00c9du_Num Handicap n\u00b04<\/a> : Zoom sur &#8230;les jeux: des jeux pour sensibiliser au handicap et favoriser l&rsquo;inclusion scolaire<\/p>\n<p>27\/02\/2018:\u00a0<a href=\"http:\/\/eduscol.education.fr\/numerique\/edunum-handicap\/edunum-handicap-03\" target=\"_blank\">Lettre \u00c9du_Num Handicap n\u00b03<\/a> : Zoom sur&#8230; L&rsquo;autisme<\/p>\n<p>14\/11\/2017:\u00a0<a href=\"http:\/\/eduscol.education.fr\/numerique\/edunum-handicap\/edunum-handicap-02\" target=\"_blank\">Lettre \u00c9du_Num Handicap n\u00b02<\/a> : Zoom sur&#8230; La diff\u00e9renciation p\u00e9dagogique en classe<\/p>\n<p>30\/11\/2015:\u00a0<a href=\"http:\/\/eduscol.education.fr\/numerique\/edunum-handicap\/ticedu-handicap-01\" target=\"_blank\">Lettre TIC&rsquo;\u00c9du Handicap n\u00b01<\/a> : Le num\u00e9rique offre des solutions personnalis\u00e9es et pertinentes\u00a0aux besoins \u00e9ducatifs particuliers des \u00e9l\u00e8ves en situation de handicap, leur permettant de suivre une scolarit\u00e9 proche de celle des \u00e9l\u00e8ves ordinaires<\/p>\n","protected":false},"excerpt":{"rendered":"<p>Lettre d&rsquo;information \u00c9du_Num Handicap et num\u00e9rique La Lettre \u00c9du_Num Handicap et num\u00e9rique vient en compl\u00e9ment des Lettres \u00c9du_Num disciplinaires. Cette Lettre est destin\u00e9e aussi bien au premier degr\u00e9 qu&rsquo;au second degr\u00e9. Chaque num\u00e9ro accompagne les enseignants, les \u00e9ducateurs dans la &hellip; <a href=\"https:\/\/site.ac-martinique.fr\/eps\/?page_id=2933\">Continuer la lecture <span class=\"meta-nav\">&rarr;<\/span><\/a><\/p>\n","protected":false},"author":69,"featured_media":0,"parent":0,"menu_order":0,"comment_status":"closed","ping_status":"closed","template":"","meta":{"footnotes":""},"class_list":["post-2933","page","type-page","status-publish","hentry"],"_links":{"self":[{"href":"https:\/\/site.ac-martinique.fr\/eps\/index.php?rest_route=\/wp\/v2\/pages\/2933","targetHints":{"allow":["GET"]}}],"collection":[{"href":"https:\/\/site.ac-martinique.fr\/eps\/index.php?rest_route=\/wp\/v2\/pages"}],"about":[{"href":"https:\/\/site.ac-martinique.fr\/eps\/index.php?rest_route=\/wp\/v2\/types\/page"}],"author":[{"embeddable":true,"href":"https:\/\/site.ac-martinique.fr\/eps\/index.php?rest_route=\/wp\/v2\/users\/69"}],"replies":[{"embeddable":true,"href":"https:\/\/site.ac-martinique.fr\/eps\/index.php?rest_route=%2Fwp%2Fv2%2Fcomments&post=2933"}],"version-history":[{"count":4,"href":"https:\/\/site.ac-martinique.fr\/eps\/index.php?rest_route=\/wp\/v2\/pages\/2933\/revisions"}],"predecessor-version":[{"id":3020,"href":"https:\/\/site.ac-martinique.fr\/eps\/index.php?rest_route=\/wp\/v2\/pages\/2933\/revisions\/3020"}],"wp:attachment":[{"href":"https:\/\/site.ac-martinique.fr\/eps\/index.php?rest_route=%2Fwp%2Fv2%2Fmedia&parent=2933"}],"curies":[{"name":"wp","href":"https:\/\/api.w.org\/{rel}","templated":true}]}}