{"id":3109,"date":"2020-03-19T02:19:27","date_gmt":"2020-03-19T01:19:27","guid":{"rendered":"\/eps\/?page_id=3109"},"modified":"2021-05-09T00:08:38","modified_gmt":"2021-05-08T23:08:38","slug":"educatice-972","status":"publish","type":"page","link":"https:\/\/site.ac-martinique.fr\/eps\/?page_id=3109","title":{"rendered":"Educa&rsquo;TICE 972"},"content":{"rendered":"<p><a href=\"\/eps\/wp-content\/uploads\/sites\/13\/2019\/11\/Logo-Educatice972.jpg\"><img loading=\"lazy\" decoding=\"async\" class=\"size-medium wp-image-3112 aligncenter\" src=\"\/eps\/wp-content\/uploads\/sites\/13\/2019\/11\/Logo-Educatice972-300x44.jpg\" alt=\"\" width=\"300\" height=\"44\" srcset=\"https:\/\/site.ac-martinique.fr\/eps\/wp-content\/uploads\/sites\/13\/2019\/11\/Logo-Educatice972-300x44.jpg 300w, https:\/\/site.ac-martinique.fr\/eps\/wp-content\/uploads\/sites\/13\/2019\/11\/Logo-Educatice972.jpg 763w\" sizes=\"auto, (max-width: 300px) 100vw, 300px\" \/><\/a><br \/>\nLa News Letter <span style=\"color: #0000ff\"><strong>Educa&rsquo;TICE 972<\/strong><\/span> est une lettre d\u2019information sur les usages, les ressources et les actualit\u00e9s de la discipline EPS autour du num\u00e9rique dans les pratiques p\u00e9dagogiques, en Martinique.<\/p>\n<hr \/>\n<p><span style=\"color: #ff0000\"><strong>NEWS LETTER Avril 2021 (Vol.4)<\/strong>:<\/span> <a href=\"https:\/\/spark.adobe.com\/page\/xegostt9S1oWA\/\">https:\/\/spark.adobe.com\/page\/xegostt9S1oWA\/<\/a><\/p>\n<h5 class=\"title-header-view\"><strong><span class=\"subtitle\"><span class=\"auto-size-span\"><span style=\"color: #3366ff\">CONTINUIT\u00c9 P\u00c9DAGOGIQUE EN EPS 2020-2021<\/span><br \/>\n<\/span><\/span><\/strong><\/h5>\n<div>\n<ul>\n<li>La lettre Edu&rsquo;Num nationales: l&rsquo;actualit\u00e9s des tices Acad\u00e9miques<\/li>\n<li>Les Edubases: o\u00f9 comment trouver des sc\u00e9narii p\u00e9dagogiques pour enseigner avec les tices<\/li>\n<li>d\u00e9velopper et certifier ses comp\u00e9tences num\u00e9riques avec PIX<\/li>\n<li>Les webinaires \u00e0 venir<\/li>\n<\/ul>\n<\/div>\n<p><span style=\"color: #ff0000\"><strong>NEWS LETTER Mars 2020 (Vol.3)<\/strong><\/span>: <a href=\"https:\/\/spark.adobe.com\/page\/LAZZqB175rvTW\/\">https:\/\/spark.adobe.com\/page\/LAZZqB175rvTW\/<\/a><\/p>\n<h5 class=\"title-header-view\"><span style=\"color: #3366ff\"><strong><span class=\"subtitle\"><span class=\"auto-size-span\">CONTINUIT\u00c9 P\u00c9DAGOGIQUE EN EPS<\/span><\/span><\/strong><\/span><\/h5>\n<div>\n<ul>\n<li>Le mot de Beno\u00eet THIERY, IA-IPR EPS<\/li>\n<li>Site minist\u00e9riel: op\u00e9ration \u00ab\u00a0La Nation Apprenante\u00a0\u00bb:<\/li>\n<li>Aide m\u00e9thodologique au travail \u00e0 distance en EPS: parcours et Workout propos\u00e9s par les Acad\u00e9mies de Martinique et autres<\/li>\n<li>Ressources logicielles d&rsquo;aide \u00e0 l&rsquo;activit\u00e9 physique<\/li>\n<li>Ressources divertissements et culture<\/li>\n<\/ul>\n<\/div>\n<p><span style=\"color: #ff0000\"><strong>NEWS LETTER Novembre 2019 (Vol.2)<\/strong><\/span>: <a href=\"https:\/\/spark.adobe.com\/page\/fX6uc2JBGziep\/\" target=\"_blank\" rel=\"noopener\">https:\/\/spark.adobe.com\/page\/fX6uc2JBGziep\/<\/a><\/p>\n<div>\n<ul>\n<li>Retour sur les \u00e9dubases<\/li>\n<li>Parcours m@gistere<\/li>\n<li>Programmes lyc\u00e9e et num\u00e9rique<\/li>\n<li>Vid\u00e9o et autoscopie<\/li>\n<\/ul>\n<\/div>\n<p><span style=\"color: #ff0000\"><strong>NEWS LETTER Mars-Avril 2019 (Vol.1) <\/strong><\/span>: <a href=\"https:\/\/spark.adobe.com\/page\/W79Xdo6QKma5h\/\" target=\"_blank\" rel=\"noopener\">https:\/\/spark.adobe.com\/page\/W79Xdo6QKma5h\/<\/a><\/p>\n<div>\n<ul>\n<li>Escape Game<\/li>\n<li>Les Edu&rsquo;Bases: les ressources num\u00e9riques acad\u00e9miques en ligne<\/li>\n<li>EPSbox: un outil p\u00e9dagogique pour avoir son serveur en r\u00e9seau priv\u00e9 en classe<\/li>\n<li>Outils num\u00e9riques<\/li>\n<\/ul>\n<\/div>\n<div>\n<hr \/>\n<\/div>\n","protected":false},"excerpt":{"rendered":"<p>La News Letter Educa&rsquo;TICE 972 est une lettre d\u2019information sur les usages, les ressources et les actualit\u00e9s de la discipline EPS autour du num\u00e9rique dans les pratiques p\u00e9dagogiques, en Martinique. NEWS LETTER Avril 2021 (Vol.4): https:\/\/spark.adobe.com\/page\/xegostt9S1oWA\/ CONTINUIT\u00c9 P\u00c9DAGOGIQUE EN EPS &hellip; <a href=\"https:\/\/site.ac-martinique.fr\/eps\/?page_id=3109\">Continuer la lecture <span class=\"meta-nav\">&rarr;<\/span><\/a><\/p>\n","protected":false},"author":69,"featured_media":0,"parent":0,"menu_order":0,"comment_status":"closed","ping_status":"closed","template":"","meta":{"footnotes":""},"class_list":["post-3109","page","type-page","status-publish","hentry"],"_links":{"self":[{"href":"https:\/\/site.ac-martinique.fr\/eps\/index.php?rest_route=\/wp\/v2\/pages\/3109","targetHints":{"allow":["GET"]}}],"collection":[{"href":"https:\/\/site.ac-martinique.fr\/eps\/index.php?rest_route=\/wp\/v2\/pages"}],"about":[{"href":"https:\/\/site.ac-martinique.fr\/eps\/index.php?rest_route=\/wp\/v2\/types\/page"}],"author":[{"embeddable":true,"href":"https:\/\/site.ac-martinique.fr\/eps\/index.php?rest_route=\/wp\/v2\/users\/69"}],"replies":[{"embeddable":true,"href":"https:\/\/site.ac-martinique.fr\/eps\/index.php?rest_route=%2Fwp%2Fv2%2Fcomments&post=3109"}],"version-history":[{"count":14,"href":"https:\/\/site.ac-martinique.fr\/eps\/index.php?rest_route=\/wp\/v2\/pages\/3109\/revisions"}],"predecessor-version":[{"id":3795,"href":"https:\/\/site.ac-martinique.fr\/eps\/index.php?rest_route=\/wp\/v2\/pages\/3109\/revisions\/3795"}],"wp:attachment":[{"href":"https:\/\/site.ac-martinique.fr\/eps\/index.php?rest_route=%2Fwp%2Fv2%2Fmedia&parent=3109"}],"curies":[{"name":"wp","href":"https:\/\/api.w.org\/{rel}","templated":true}]}}