{"id":3142,"date":"2020-06-02T18:06:50","date_gmt":"2020-06-02T17:06:50","guid":{"rendered":"\/eps\/?page_id=3142"},"modified":"2020-06-02T19:48:22","modified_gmt":"2020-06-02T18:48:22","slug":"continuite-pedagogique","status":"publish","type":"page","link":"https:\/\/site.ac-martinique.fr\/eps\/?page_id=3142","title":{"rendered":"Continuit\u00e9 P\u00e9dagogique"},"content":{"rendered":"<p>Pour aider \u00e0 la continuit\u00e9 p\u00e9dagogique, retrouvez quelques ressources, mais aussi des formations sous format de webinaires anim\u00e9s par la DANE, chaque semaine.<\/p>\n","protected":false},"excerpt":{"rendered":"<p>Pour aider \u00e0 la continuit\u00e9 p\u00e9dagogique, retrouvez quelques ressources, mais aussi des formations sous format de webinaires anim\u00e9s par la DANE, chaque semaine.<\/p>\n","protected":false},"author":69,"featured_media":0,"parent":0,"menu_order":0,"comment_status":"closed","ping_status":"closed","template":"","meta":{"footnotes":""},"class_list":["post-3142","page","type-page","status-publish","hentry"],"_links":{"self":[{"href":"https:\/\/site.ac-martinique.fr\/eps\/index.php?rest_route=\/wp\/v2\/pages\/3142","targetHints":{"allow":["GET"]}}],"collection":[{"href":"https:\/\/site.ac-martinique.fr\/eps\/index.php?rest_route=\/wp\/v2\/pages"}],"about":[{"href":"https:\/\/site.ac-martinique.fr\/eps\/index.php?rest_route=\/wp\/v2\/types\/page"}],"author":[{"embeddable":true,"href":"https:\/\/site.ac-martinique.fr\/eps\/index.php?rest_route=\/wp\/v2\/users\/69"}],"replies":[{"embeddable":true,"href":"https:\/\/site.ac-martinique.fr\/eps\/index.php?rest_route=%2Fwp%2Fv2%2Fcomments&post=3142"}],"version-history":[{"count":3,"href":"https:\/\/site.ac-martinique.fr\/eps\/index.php?rest_route=\/wp\/v2\/pages\/3142\/revisions"}],"predecessor-version":[{"id":3160,"href":"https:\/\/site.ac-martinique.fr\/eps\/index.php?rest_route=\/wp\/v2\/pages\/3142\/revisions\/3160"}],"wp:attachment":[{"href":"https:\/\/site.ac-martinique.fr\/eps\/index.php?rest_route=%2Fwp%2Fv2%2Fmedia&parent=3142"}],"curies":[{"name":"wp","href":"https:\/\/api.w.org\/{rel}","templated":true}]}}