{"id":3346,"date":"2021-11-30T21:55:00","date_gmt":"2021-11-30T20:55:00","guid":{"rendered":"\/eps\/?page_id=3346"},"modified":"2024-02-16T21:02:47","modified_gmt":"2024-02-16T20:02:47","slug":"ca4-bac-gt","status":"publish","type":"page","link":"https:\/\/site.ac-martinique.fr\/eps\/?page_id=3346","title":{"rendered":"CA4-BAC GT"},"content":{"rendered":"<p style=\"text-align: center;\"><strong>CHAMP D\u2019APPRENTISSAGE n\u00b0 4<\/strong> : \u00ab Conduire et ma\u00eetriser un affrontement collectif ou interindividuel pour gagner \u00bb: Badminton, tennis de table, boxe fran\u00e7aise, judo, basket-ball, football, handball, rugby, volley-ball<\/p>\n<p style=\"text-align: center;\"><span style=\"color: #ff0000;\"><strong>Handball<\/strong><\/span><\/p>\n<ul>\n<li>Handball (Lyc\u00e9e Acajou 2): <a href=\"\/eps\/wp-content\/uploads\/sites\/13\/2020\/09\/HANDBALL-GT-ACAJOU-2.xlsx\" target=\"_blank\" rel=\"noopener\"><img loading=\"lazy\" decoding=\"async\" class=\"alignnone wp-image-3340\" src=\"\/eps\/wp-content\/uploads\/sites\/13\/2020\/09\/Icone-XLS.png\" alt=\"\" width=\"28\" height=\"25\" \/><\/a><\/li>\n<li>Handball (Lyc\u00e9e Anicet):\u00a0<a href=\"\/eps\/wp-content\/uploads\/sites\/13\/2020\/09\/HANDBALL-GT-Anicet.docx\" target=\"_blank\" rel=\"noopener\"><img loading=\"lazy\" decoding=\"async\" class=\"alignnone wp-image-3190\" src=\"\/eps\/wp-content\/uploads\/sites\/13\/2020\/06\/LogoWord.png\" alt=\"\" width=\"24\" height=\"23\" \/><\/a><\/li>\n<li>Handball (Lyc\u00e9e J. Zobel): <a href=\"https:\/\/site.ac-martinique.fr\/eps\/wp-content\/uploads\/sites\/13\/2021\/12\/Handball-GT-ZOBEL.pdf\" target=\"_blank\" rel=\"noopener\"><img loading=\"lazy\" decoding=\"async\" class=\"alignnone wp-image-3007\" src=\"\/eps\/wp-content\/uploads\/sites\/13\/2019\/03\/pdf.png\" alt=\"\" width=\"22\" height=\"22\" \/><\/a><\/li>\n<li>Handball (Lyc\u00e9e P NARDAL DUCOS):\u00a0<a href=\"\/eps\/wp-content\/uploads\/sites\/13\/2020\/11\/HB-LGT-P-NARDAL-DUCOS.docx\" target=\"_blank\" rel=\"noopener\"><img loading=\"lazy\" decoding=\"async\" class=\"alignnone wp-image-3190\" src=\"\/eps\/wp-content\/uploads\/sites\/13\/2020\/06\/LogoWord.png\" alt=\"\" width=\"24\" height=\"23\" \/><\/a><\/li>\n<li>Handball (Lyc\u00e9e F. Fanon): <a href=\"\/eps\/wp-content\/uploads\/sites\/13\/2020\/11\/HB-LGT-F-FANON.pdf\" target=\"_blank\" rel=\"noopener\"><img loading=\"lazy\" decoding=\"async\" class=\"alignnone wp-image-3007\" src=\"\/eps\/wp-content\/uploads\/sites\/13\/2019\/03\/pdf.png\" alt=\"\" width=\"22\" height=\"22\" \/><\/a><\/li>\n<li>Handball (Lyc\u00e9e Bellevue): <a href=\"https:\/\/site.ac-martinique.fr\/eps\/wp-content\/uploads\/sites\/13\/2024\/02\/referentiel-2024-bac-GT-HB-LGT-Bellevue.docx\" target=\"_blank\" rel=\"noopener\"><img loading=\"lazy\" decoding=\"async\" class=\"alignnone wp-image-3190\" src=\"\/eps\/wp-content\/uploads\/sites\/13\/2020\/06\/LogoWord.png\" alt=\"\" width=\"24\" height=\"23\" \/><\/a><\/li>\n<\/ul>\n<p style=\"text-align: center;\"><span style=\"color: #ff0000;\"><strong>Basketball<\/strong><\/span><\/p>\n<ul>\n<li>Basketball (S\u00e9minaire coll\u00e8ge): <a href=\"\/eps\/wp-content\/uploads\/sites\/13\/2020\/09\/Basket-GT-Seminaire.pdf\" target=\"_blank\" rel=\"noopener\"><img loading=\"lazy\" decoding=\"async\" class=\"alignnone wp-image-3007\" src=\"\/eps\/wp-content\/uploads\/sites\/13\/2019\/03\/pdf.png\" alt=\"\" width=\"22\" height=\"22\" \/><\/a><\/li>\n<li>Basketball (Lyc\u00e9e J. Zobel): <a href=\"\/eps\/wp-content\/uploads\/sites\/13\/2020\/10\/BASKET-BALL-GT-LPO-Zobel.pdf\" target=\"_blank\" rel=\"noopener\"><img loading=\"lazy\" decoding=\"async\" class=\"alignnone wp-image-3007\" src=\"\/eps\/wp-content\/uploads\/sites\/13\/2019\/03\/pdf.png\" alt=\"\" width=\"22\" height=\"22\" \/><\/a><\/li>\n<li>Basketball (Lyc\u00e9e Montgerald): <a href=\"\/eps\/wp-content\/uploads\/sites\/13\/2020\/10\/BB-GT-MONTGERALD.docx\" target=\"_blank\" rel=\"noopener\"><img loading=\"lazy\" decoding=\"async\" class=\"alignnone wp-image-3190\" src=\"\/eps\/wp-content\/uploads\/sites\/13\/2020\/06\/LogoWord.png\" alt=\"\" width=\"24\" height=\"23\" \/><\/a><\/li>\n<li>Basketball (Lyc\u00e9e P NARDAL DUCOS): <a href=\"https:\/\/site.ac-martinique.fr\/eps\/wp-content\/uploads\/sites\/13\/2021\/12\/Baket-bal-Bac-GT-Nardal.pdf\" target=\"_blank\" rel=\"noopener\"><img loading=\"lazy\" decoding=\"async\" class=\"alignnone wp-image-3007\" src=\"\/eps\/wp-content\/uploads\/sites\/13\/2019\/03\/pdf.png\" alt=\"\" width=\"22\" height=\"22\" \/><\/a><\/li>\n<li>Basketball (Lyc\u00e9e F. Fanon): <a href=\"https:\/\/site.ac-martinique.fr\/eps\/wp-content\/uploads\/sites\/13\/2020\/11\/BB-LGT-F-FANON-1.pdf\" target=\"_blank\" rel=\"noopener\"><img loading=\"lazy\" decoding=\"async\" class=\"alignnone wp-image-3007\" src=\"\/eps\/wp-content\/uploads\/sites\/13\/2019\/03\/pdf.png\" alt=\"\" width=\"22\" height=\"22\" \/><\/a><\/li>\n<li>Basketball (Lyc\u00e9e J. Gaillard): <a href=\"https:\/\/site.ac-martinique.fr\/eps\/wp-content\/uploads\/sites\/13\/2021\/12\/Basket-ball-Bac-GT-Gaillard.docx\" target=\"_blank\" rel=\"noopener\"><img loading=\"lazy\" decoding=\"async\" class=\"alignnone wp-image-3190\" src=\"\/eps\/wp-content\/uploads\/sites\/13\/2020\/06\/LogoWord.png\" alt=\"\" width=\"24\" height=\"23\" \/><\/a><\/li>\n<\/ul>\n<p style=\"text-align: center;\"><span style=\"color: #ff0000;\"><strong>Futsal<\/strong><\/span><\/p>\n<ul>\n<li>Futsal (Lyc\u00e9e Anicet): <a href=\"\/eps\/wp-content\/uploads\/sites\/13\/2020\/09\/FUTSAL-GT-Anicet.docx\" target=\"_blank\" rel=\"noopener\"><img loading=\"lazy\" decoding=\"async\" class=\"alignnone wp-image-3190\" src=\"\/eps\/wp-content\/uploads\/sites\/13\/2020\/06\/LogoWord.png\" alt=\"\" width=\"24\" height=\"23\" \/><\/a><\/li>\n<\/ul>\n<p style=\"text-align: center;\"><span style=\"color: #ff0000;\"><strong>Rugby<\/strong><\/span><\/p>\n<ul>\n<li>Rugby (Lyc\u00e9e J. Pernock): <a href=\"\/eps\/wp-content\/uploads\/sites\/13\/2020\/10\/RUGBY-GT-Pernock.pdf\" target=\"_blank\" rel=\"noopener\"><img loading=\"lazy\" decoding=\"async\" class=\"alignnone wp-image-3007\" src=\"\/eps\/wp-content\/uploads\/sites\/13\/2019\/03\/pdf.png\" alt=\"\" width=\"22\" height=\"22\" \/><\/a><\/li>\n<li>Rugby (Lyc\u00e9e J. Zobel): <a href=\"\/eps\/wp-content\/uploads\/sites\/13\/2020\/10\/RUGBY-GT-LPO-Zobel.docx\" target=\"_blank\" rel=\"noopener\"><img loading=\"lazy\" decoding=\"async\" class=\"alignnone wp-image-3190\" src=\"\/eps\/wp-content\/uploads\/sites\/13\/2020\/06\/LogoWord.png\" alt=\"\" width=\"24\" height=\"23\" \/><\/a><\/li>\n<\/ul>\n<p style=\"text-align: center;\"><span style=\"color: #ff0000;\"><strong>Volleyball<\/strong><\/span><\/p>\n<ul>\n<li>Volleyball (Lyc\u00e9e V.Schoelcher): <a href=\"\/eps\/wp-content\/uploads\/sites\/13\/2020\/10\/Volley-GT-Schoelcher.docx\" target=\"_blank\" rel=\"noopener\"><img loading=\"lazy\" decoding=\"async\" class=\"alignnone wp-image-3190\" src=\"\/eps\/wp-content\/uploads\/sites\/13\/2020\/06\/LogoWord.png\" alt=\"\" width=\"24\" height=\"23\" \/><\/a><\/li>\n<li>Volleyball (Lyc\u00e9e Montgerald): <a href=\"\/eps\/wp-content\/uploads\/sites\/13\/2020\/10\/VB-LGT-MONTGERALD.docx\" target=\"_blank\" rel=\"noopener\"><img loading=\"lazy\" decoding=\"async\" class=\"alignnone wp-image-3190\" src=\"\/eps\/wp-content\/uploads\/sites\/13\/2020\/06\/LogoWord.png\" alt=\"\" width=\"24\" height=\"23\" \/><\/a><\/li>\n<li>Volleyball (Lyc\u00e9e J. Zobel): <a href=\"https:\/\/site.ac-martinique.fr\/eps\/wp-content\/uploads\/sites\/13\/2021\/12\/Re\u0301ferentiel-bac-GT-VOLLEY-BALL-LPO-Zobel.pdf\" target=\"_blank\" rel=\"noopener\"><img loading=\"lazy\" decoding=\"async\" class=\"alignnone wp-image-3007\" src=\"\/eps\/wp-content\/uploads\/sites\/13\/2019\/03\/pdf.png\" alt=\"\" width=\"22\" height=\"22\" \/><\/a><\/li>\n<li>Volleyball (Lyc\u00e9e F. Fanon): <a href=\"\/eps\/wp-content\/uploads\/sites\/13\/2020\/11\/VB-LGT-F-FANON.pdf\" target=\"_blank\" rel=\"noopener\"><img loading=\"lazy\" decoding=\"async\" class=\"alignnone wp-image-3007\" src=\"\/eps\/wp-content\/uploads\/sites\/13\/2019\/03\/pdf.png\" alt=\"\" width=\"22\" height=\"22\" \/><\/a><\/li>\n<li>Volleyball (Lyc\u00e9e Bellevue): <a href=\"https:\/\/site.ac-martinique.fr\/eps\/wp-content\/uploads\/sites\/13\/2021\/12\/Volley-Ball-Bac-GT-Bellevue.pdf\" target=\"_blank\" rel=\"noopener\"><img loading=\"lazy\" decoding=\"async\" class=\"alignnone wp-image-3007\" src=\"\/eps\/wp-content\/uploads\/sites\/13\/2019\/03\/pdf.png\" alt=\"\" width=\"22\" height=\"22\" \/><\/a><\/li>\n<li>Volleyball (Lyc\u00e9e P NARDAL DUCOS): <a href=\"https:\/\/site.ac-martinique.fr\/eps\/wp-content\/uploads\/sites\/13\/2024\/02\/referentiel-2024-bac-GT-CA4-VOLLEY-BALL-Lyc-P-NARDAL-DUCOS-.docx\" target=\"_blank\" rel=\"noopener\"><img loading=\"lazy\" decoding=\"async\" class=\"alignnone wp-image-3190\" src=\"\/eps\/wp-content\/uploads\/sites\/13\/2020\/06\/LogoWord.png\" alt=\"\" width=\"24\" height=\"23\" \/><\/a><\/li>\n<\/ul>\n<p style=\"text-align: center;\"><span style=\"color: #ff0000;\"><strong>Badminton<\/strong><\/span><\/p>\n<ul>\n<li>Badminton (Lyc\u00e9e Union): <a href=\"\/eps\/wp-content\/uploads\/sites\/13\/2020\/09\/Badminton_LGT_Union.pdf\" target=\"_blank\" rel=\"noopener\"><img loading=\"lazy\" decoding=\"async\" class=\"alignnone wp-image-3007\" src=\"\/eps\/wp-content\/uploads\/sites\/13\/2019\/03\/pdf.png\" alt=\"\" width=\"22\" height=\"22\" \/><\/a><\/li>\n<li>Badminton (Lyc\u00e9e J. Pernock): <a href=\"\/eps\/wp-content\/uploads\/sites\/13\/2020\/09\/Badminton-GT-PERNOCK.pdf\" target=\"_blank\" rel=\"noopener\"><img loading=\"lazy\" decoding=\"async\" class=\"alignnone wp-image-3007\" src=\"\/eps\/wp-content\/uploads\/sites\/13\/2019\/03\/pdf.png\" alt=\"\" width=\"22\" height=\"22\" \/><\/a><\/li>\n<li>Badminton (Lyc\u00e9e Nardal): <a href=\"\/eps\/wp-content\/uploads\/sites\/13\/2020\/10\/Badminton-GT-NARDAL-DUCOS.docx\" target=\"_blank\" rel=\"noopener\"><img loading=\"lazy\" decoding=\"async\" class=\"alignnone wp-image-3190\" src=\"\/eps\/wp-content\/uploads\/sites\/13\/2020\/06\/LogoWord.png\" alt=\"\" width=\"24\" height=\"23\" \/><\/a><\/li>\n<li>Badminton (Lyc\u00e9e J. Zobel): <a href=\"https:\/\/site.ac-martinique.fr\/eps\/wp-content\/uploads\/sites\/13\/2021\/12\/Badminton-GT-ZOBEL.pdf\" target=\"_blank\" rel=\"noopener\"><img loading=\"lazy\" decoding=\"async\" class=\"alignnone wp-image-3007\" src=\"\/eps\/wp-content\/uploads\/sites\/13\/2019\/03\/pdf.png\" alt=\"\" width=\"22\" height=\"22\" \/><\/a><\/li>\n<li>Badminton (LGT Acajou 2): <a href=\"https:\/\/site.ac-martinique.fr\/eps\/wp-content\/uploads\/sites\/13\/2021\/04\/Badminton-LGT-Acajou-2.pdf\" target=\"_blank\" rel=\"noopener\"><img loading=\"lazy\" decoding=\"async\" class=\"alignnone wp-image-3007\" src=\"\/eps\/wp-content\/uploads\/sites\/13\/2019\/03\/pdf.png\" alt=\"\" width=\"22\" height=\"22\" \/><\/a><\/li>\n<li>Badminton (Lyc\u00e9eJ. Gaillard): <a href=\"https:\/\/site.ac-martinique.fr\/eps\/wp-content\/uploads\/sites\/13\/2021\/12\/Badminton-Bac-GT-Gaillard.docx\" target=\"_blank\" rel=\"noopener\"><img loading=\"lazy\" decoding=\"async\" class=\"alignnone wp-image-3190\" src=\"\/eps\/wp-content\/uploads\/sites\/13\/2020\/06\/LogoWord.png\" alt=\"\" width=\"24\" height=\"23\" \/><\/a><\/li>\n<li>Badminton (Lyc\u00e9e F. Fanon): <a href=\"https:\/\/site.ac-martinique.fr\/eps\/wp-content\/uploads\/sites\/13\/2021\/12\/Badminton-Bac-GT-F-FANON.pdf\" target=\"_blank\" rel=\"noopener\"><img loading=\"lazy\" decoding=\"async\" class=\"alignnone wp-image-3007\" src=\"\/eps\/wp-content\/uploads\/sites\/13\/2019\/03\/pdf.png\" alt=\"\" width=\"22\" height=\"22\" \/><\/a><\/li>\n<li>Badminton (LGT Bellevue): <a href=\"https:\/\/site.ac-martinique.fr\/eps\/wp-content\/uploads\/sites\/13\/2021\/12\/Badminton-Bac-GT-Bellevue.docx\" target=\"_blank\" rel=\"noopener\"><img loading=\"lazy\" decoding=\"async\" class=\"alignnone wp-image-3190\" src=\"\/eps\/wp-content\/uploads\/sites\/13\/2020\/06\/LogoWord.png\" alt=\"\" width=\"24\" height=\"23\" \/><\/a><\/li>\n<\/ul>\n<p style=\"text-align: center;\"><span style=\"color: #ff0000;\"><strong>Tennis de Table<br \/>\n<\/strong><\/span><\/p>\n<ul>\n<li>Tennis de table (Lyc\u00e9e La Jet\u00e9e): <a href=\"https:\/\/site.ac-martinique.fr\/eps\/wp-content\/uploads\/sites\/13\/2021\/12\/TT-GT-la-jetee.pdf\" target=\"_blank\" rel=\"noopener\"><img loading=\"lazy\" decoding=\"async\" class=\"alignnone wp-image-3007\" src=\"\/eps\/wp-content\/uploads\/sites\/13\/2019\/03\/pdf.png\" alt=\"\" width=\"22\" height=\"22\" \/><\/a><\/li>\n<li>Tennis de table (Lyc\u00e9e Rama): <a href=\"\/eps\/wp-content\/uploads\/sites\/13\/2020\/10\/tennis-de-table-GT-rama.docx\" target=\"_blank\" rel=\"noopener\"><img loading=\"lazy\" decoding=\"async\" class=\"alignnone wp-image-3190\" src=\"\/eps\/wp-content\/uploads\/sites\/13\/2020\/06\/LogoWord.png\" alt=\"\" width=\"24\" height=\"23\" \/><\/a><\/li>\n<li>Tennis de table (S\u00e9minaire Coll\u00e8ge): <a href=\"\/eps\/wp-content\/uploads\/sites\/13\/2020\/10\/Tennis-de-table-GT-Se%CC%81minaire.docx\" target=\"_blank\" rel=\"noopener\"><img loading=\"lazy\" decoding=\"async\" class=\"alignnone wp-image-3190\" src=\"\/eps\/wp-content\/uploads\/sites\/13\/2020\/06\/LogoWord.png\" alt=\"\" width=\"24\" height=\"23\" \/><\/a><\/li>\n<li>Tennis de table (Lyc\u00e9e F. Fanon): <a href=\"\/eps\/wp-content\/uploads\/sites\/13\/2020\/11\/TT-LGT-F-FANON.pdf\" target=\"_blank\" rel=\"noopener\"><img loading=\"lazy\" decoding=\"async\" class=\"alignnone wp-image-3007\" src=\"\/eps\/wp-content\/uploads\/sites\/13\/2019\/03\/pdf.png\" alt=\"\" width=\"22\" height=\"22\" \/><\/a><\/li>\n<li>Tennis de table (LPO Acajou 1): <a href=\"https:\/\/site.ac-martinique.fr\/eps\/wp-content\/uploads\/sites\/13\/2021\/04\/Tennis-de-table-LPO-Acajou-1.pdf\" target=\"_blank\" rel=\"noopener\"><img loading=\"lazy\" decoding=\"async\" class=\"alignnone wp-image-3007\" src=\"\/eps\/wp-content\/uploads\/sites\/13\/2019\/03\/pdf.png\" alt=\"\" width=\"22\" height=\"22\" \/><\/a><\/li>\n<\/ul>\n<ul>\n<li style=\"list-style-type: none;\">\n<p style=\"text-align: center;\"><span style=\"color: #ff0000;\"><strong>B<\/strong><\/span><span style=\"color: #ff0000;\"><strong>oxe Fran\u00e7aise<\/strong><\/span><\/p>\n<\/li>\n<\/ul>\n<ul>\n<li>Boxe Fran\u00e7aise (Lyc\u00e9e F. Fanon): <a href=\"\/eps\/wp-content\/uploads\/sites\/13\/2020\/11\/BF-LGT-F-FANON.pdf\" target=\"_blank\" rel=\"noopener\"><img loading=\"lazy\" decoding=\"async\" class=\"alignnone wp-image-3007\" src=\"\/eps\/wp-content\/uploads\/sites\/13\/2019\/03\/pdf.png\" alt=\"\" width=\"22\" height=\"22\" \/><\/a><\/li>\n<\/ul>\n","protected":false},"excerpt":{"rendered":"<p>CHAMP D\u2019APPRENTISSAGE n\u00b0 4 : \u00ab Conduire et ma\u00eetriser un affrontement collectif ou interindividuel pour gagner \u00bb: Badminton, tennis de table, boxe fran\u00e7aise, judo, basket-ball, football, handball, rugby, volley-ball Handball Handball (Lyc\u00e9e Acajou 2): Handball (Lyc\u00e9e Anicet):\u00a0 Handball (Lyc\u00e9e J. &hellip; <a href=\"https:\/\/site.ac-martinique.fr\/eps\/?page_id=3346\">Continuer la lecture <span class=\"meta-nav\">&rarr;<\/span><\/a><\/p>\n","protected":false},"author":69,"featured_media":0,"parent":0,"menu_order":0,"comment_status":"closed","ping_status":"closed","template":"","meta":{"footnotes":""},"class_list":["post-3346","page","type-page","status-publish","hentry"],"_links":{"self":[{"href":"https:\/\/site.ac-martinique.fr\/eps\/index.php?rest_route=\/wp\/v2\/pages\/3346","targetHints":{"allow":["GET"]}}],"collection":[{"href":"https:\/\/site.ac-martinique.fr\/eps\/index.php?rest_route=\/wp\/v2\/pages"}],"about":[{"href":"https:\/\/site.ac-martinique.fr\/eps\/index.php?rest_route=\/wp\/v2\/types\/page"}],"author":[{"embeddable":true,"href":"https:\/\/site.ac-martinique.fr\/eps\/index.php?rest_route=\/wp\/v2\/users\/69"}],"replies":[{"embeddable":true,"href":"https:\/\/site.ac-martinique.fr\/eps\/index.php?rest_route=%2Fwp%2Fv2%2Fcomments&post=3346"}],"version-history":[{"count":17,"href":"https:\/\/site.ac-martinique.fr\/eps\/index.php?rest_route=\/wp\/v2\/pages\/3346\/revisions"}],"predecessor-version":[{"id":4333,"href":"https:\/\/site.ac-martinique.fr\/eps\/index.php?rest_route=\/wp\/v2\/pages\/3346\/revisions\/4333"}],"wp:attachment":[{"href":"https:\/\/site.ac-martinique.fr\/eps\/index.php?rest_route=%2Fwp%2Fv2%2Fmedia&parent=3346"}],"curies":[{"name":"wp","href":"https:\/\/api.w.org\/{rel}","templated":true}]}}