{"id":3526,"date":"2020-11-07T05:08:31","date_gmt":"2020-11-07T04:08:31","guid":{"rendered":"\/eps\/?page_id=3526"},"modified":"2022-01-09T00:32:25","modified_gmt":"2022-01-08T23:32:25","slug":"ca5-cap","status":"publish","type":"page","link":"https:\/\/site.ac-martinique.fr\/eps\/?page_id=3526","title":{"rendered":"CA5-CAP"},"content":{"rendered":"<p style=\"text-align: center;\"><strong>CHAMP D\u2019APPRENTISSAGE n\u00b0 5<\/strong>: \u00ab R\u00e9aliser et orienter son activit\u00e9 physique pour d\u00e9velopper ses ressources et s\u2019entretenir \u00bb<\/p>\n<p style=\"text-align: center;\"><span style=\"color: #ff0000;\"><strong>Cross Training<br \/>\n<\/strong><\/span><\/p>\n<ul>\n<li>Cross Training (LP J. Zobel): <a href=\"\/eps\/wp-content\/uploads\/sites\/13\/2020\/10\/CROSS-TRAINING-CAP-LPO-Zobel.docx\" target=\"_blank\" rel=\"noopener\"><img loading=\"lazy\" decoding=\"async\" class=\"alignnone wp-image-3190\" src=\"\/eps\/wp-content\/uploads\/sites\/13\/2020\/06\/LogoWord.png\" sizes=\"auto, (max-width: 20px) 100vw, 20px\" srcset=\"\/eps\/wp-content\/uploads\/sites\/13\/2020\/06\/LogoWord.png 175w, \/eps\/wp-content\/uploads\/sites\/13\/2020\/06\/LogoWord-150x150.png 150w\" alt=\"\" width=\"20\" height=\"19\" \/><\/a><\/li>\n<li>Cross Training (LP Bissol): <a href=\"\/eps\/wp-content\/uploads\/sites\/13\/2020\/10\/Cross-Training-CAP-LP-BISSOL.docx\" target=\"_blank\" rel=\"noopener\"><img loading=\"lazy\" decoding=\"async\" class=\"alignnone wp-image-3190\" src=\"\/eps\/wp-content\/uploads\/sites\/13\/2020\/06\/LogoWord.png\" sizes=\"auto, (max-width: 20px) 100vw, 20px\" srcset=\"\/eps\/wp-content\/uploads\/sites\/13\/2020\/06\/LogoWord.png 175w, \/eps\/wp-content\/uploads\/sites\/13\/2020\/06\/LogoWord-150x150.png 150w\" alt=\"\" width=\"20\" height=\"19\" \/><\/a><\/li>\n<li>Cross Training (LP Saint Jean Paul 2): <a href=\"\/eps\/wp-content\/uploads\/sites\/13\/2020\/10\/Cross-training-CAP-2021-Saint-Jean-Paul-II.pdf\" target=\"_blank\" rel=\"noopener\"><img loading=\"lazy\" decoding=\"async\" class=\"alignnone wp-image-3007\" src=\"\/eps\/wp-content\/uploads\/sites\/13\/2019\/03\/pdf.png\" alt=\"\" width=\"24\" height=\"24\" \/><\/a><\/li>\n<li>Cross Training (LP Neris): <a href=\"\/eps\/wp-content\/uploads\/sites\/13\/2020\/11\/LP-NERIS-CIRCUIT-TRAINING-CAP.docx\" target=\"_blank\" rel=\"noopener\"><img loading=\"lazy\" decoding=\"async\" class=\"alignnone wp-image-3190\" src=\"\/eps\/wp-content\/uploads\/sites\/13\/2020\/06\/LogoWord.png\" sizes=\"auto, (max-width: 20px) 100vw, 20px\" srcset=\"\/eps\/wp-content\/uploads\/sites\/13\/2020\/06\/LogoWord.png 175w, \/eps\/wp-content\/uploads\/sites\/13\/2020\/06\/LogoWord-150x150.png 150w\" alt=\"\" width=\"20\" height=\"19\" \/><\/a><\/li>\n<li>Cross Training (LP La Trinit\u00e9): <a href=\"https:\/\/site.ac-martinique.fr\/eps\/wp-content\/uploads\/sites\/13\/2021\/04\/Cross-Training-CAP-LP-TRINITE.docx\" target=\"_blank\" rel=\"noopener\"><img loading=\"lazy\" decoding=\"async\" class=\"alignnone wp-image-3190\" src=\"\/eps\/wp-content\/uploads\/sites\/13\/2020\/06\/LogoWord.png\" sizes=\"auto, (max-width: 20px) 100vw, 20px\" srcset=\"\/eps\/wp-content\/uploads\/sites\/13\/2020\/06\/LogoWord.png 175w, \/eps\/wp-content\/uploads\/sites\/13\/2020\/06\/LogoWord-150x150.png 150w\" alt=\"\" width=\"20\" height=\"19\" \/><\/a><\/li>\n<li>Cross Training (CAP La jet\u00e9e): <a href=\"https:\/\/site.ac-martinique.fr\/eps\/wp-content\/uploads\/sites\/13\/2022\/01\/Cross-training-CAP-La-jetee.pdf\" target=\"_blank\" rel=\"noopener\"><img loading=\"lazy\" decoding=\"async\" class=\"alignnone wp-image-3007\" src=\"\/eps\/wp-content\/uploads\/sites\/13\/2019\/03\/pdf.png\" alt=\"\" width=\"24\" height=\"24\" \/><\/a><\/li>\n<li>Cross Training (CAP Acajou 2): <a href=\"https:\/\/site.ac-martinique.fr\/eps\/wp-content\/uploads\/sites\/13\/2022\/01\/Cross-training-CAP-Acajou-2.pdf\" target=\"_blank\" rel=\"noopener\"><img loading=\"lazy\" decoding=\"async\" class=\"alignnone wp-image-3007\" src=\"\/eps\/wp-content\/uploads\/sites\/13\/2019\/03\/pdf.png\" alt=\"\" width=\"24\" height=\"24\" \/><\/a><\/li>\n<\/ul>\n<p style=\"text-align: center;\"><span style=\"color: #ff0000;\"><strong>Musculation<br \/>\n<\/strong><\/span><\/p>\n<ul>\n<li>Musculation (LP Dumas Jean-Joseph): <a href=\"\/eps\/wp-content\/uploads\/sites\/13\/2020\/10\/Musculation-CAP-LP-D.-Jean-Joseph.pdf\" target=\"_blank\" rel=\"noopener\"><img loading=\"lazy\" decoding=\"async\" class=\"alignnone wp-image-3007\" src=\"\/eps\/wp-content\/uploads\/sites\/13\/2019\/03\/pdf.png\" alt=\"\" width=\"24\" height=\"24\" \/><\/a><\/li>\n<li>Musculation (LP La Trinit\u00e9): <a href=\"https:\/\/site.ac-martinique.fr\/eps\/wp-content\/uploads\/sites\/13\/2021\/04\/Musculation-CAP-LP-Trinite.docx\" target=\"_blank\" rel=\"noopener\"><img loading=\"lazy\" decoding=\"async\" class=\"alignnone wp-image-3190\" src=\"\/eps\/wp-content\/uploads\/sites\/13\/2020\/06\/LogoWord.png\" sizes=\"auto, (max-width: 20px) 100vw, 20px\" srcset=\"\/eps\/wp-content\/uploads\/sites\/13\/2020\/06\/LogoWord.png 175w, \/eps\/wp-content\/uploads\/sites\/13\/2020\/06\/LogoWord-150x150.png 150w\" alt=\"\" width=\"20\" height=\"19\" \/><\/a><\/li>\n<li>Musculation (LP Chateauboeuf): <a href=\"https:\/\/site.ac-martinique.fr\/eps\/wp-content\/uploads\/sites\/13\/2021\/04\/Musculation-CAP-LP-Chateauboeuf.pdf\" target=\"_blank\" rel=\"noopener\"><img loading=\"lazy\" decoding=\"async\" class=\"alignnone wp-image-3007\" src=\"\/eps\/wp-content\/uploads\/sites\/13\/2019\/03\/pdf.png\" alt=\"\" width=\"24\" height=\"24\" \/><\/a><\/li>\n<li>Musculation (CAP Place d&rsquo;Armes): <img loading=\"lazy\" decoding=\"async\" class=\"alignnone wp-image-3007\" src=\"\/eps\/wp-content\/uploads\/sites\/13\/2019\/03\/pdf.png\" alt=\"\" width=\"24\" height=\"24\" \/><\/li>\n<\/ul>\n<p style=\"text-align: center;\"><span style=\"color: #ff0000;\"><strong>Natation en dur\u00e9e<br \/>\n<\/strong><\/span><\/p>\n<ul>\n<li>Natation en dur\u00e9e (Rama): <a href=\"\/eps\/wp-content\/uploads\/sites\/13\/2020\/10\/Natation-duree-Rama.docx\" target=\"_blank\" rel=\"noopener\"><img loading=\"lazy\" decoding=\"async\" class=\"alignnone wp-image-3190\" src=\"\/eps\/wp-content\/uploads\/sites\/13\/2020\/06\/LogoWord.png\" sizes=\"auto, (max-width: 20px) 100vw, 20px\" srcset=\"\/eps\/wp-content\/uploads\/sites\/13\/2020\/06\/LogoWord.png 175w, \/eps\/wp-content\/uploads\/sites\/13\/2020\/06\/LogoWord-150x150.png 150w\" alt=\"\" width=\"20\" height=\"19\" \/><\/a><\/li>\n<li>Natation en dur\u00e9e (): <a href=\"\/eps\/wp-content\/uploads\/sites\/13\/2020\/10\/Natation-en-duree-correction-R%C3%A9f-Adapt%C3%A9.docx\" target=\"_blank\" rel=\"noopener\"><img loading=\"lazy\" decoding=\"async\" class=\"alignnone wp-image-3190\" src=\"\/eps\/wp-content\/uploads\/sites\/13\/2020\/06\/LogoWord.png\" sizes=\"auto, (max-width: 20px) 100vw, 20px\" srcset=\"\/eps\/wp-content\/uploads\/sites\/13\/2020\/06\/LogoWord.png 175w, \/eps\/wp-content\/uploads\/sites\/13\/2020\/06\/LogoWord-150x150.png 150w\" alt=\"\" width=\"20\" height=\"19\" \/><\/a><\/li>\n<\/ul>\n","protected":false},"excerpt":{"rendered":"<p>CHAMP D\u2019APPRENTISSAGE n\u00b0 5: \u00ab R\u00e9aliser et orienter son activit\u00e9 physique pour d\u00e9velopper ses ressources et s\u2019entretenir \u00bb Cross Training Cross Training (LP J. Zobel): Cross Training (LP Bissol): Cross Training (LP Saint Jean Paul 2): Cross Training (LP Neris): &hellip; <a href=\"https:\/\/site.ac-martinique.fr\/eps\/?page_id=3526\">Continuer la lecture <span class=\"meta-nav\">&rarr;<\/span><\/a><\/p>\n","protected":false},"author":69,"featured_media":0,"parent":0,"menu_order":0,"comment_status":"closed","ping_status":"closed","template":"","meta":{"footnotes":""},"class_list":["post-3526","page","type-page","status-publish","hentry"],"_links":{"self":[{"href":"https:\/\/site.ac-martinique.fr\/eps\/index.php?rest_route=\/wp\/v2\/pages\/3526","targetHints":{"allow":["GET"]}}],"collection":[{"href":"https:\/\/site.ac-martinique.fr\/eps\/index.php?rest_route=\/wp\/v2\/pages"}],"about":[{"href":"https:\/\/site.ac-martinique.fr\/eps\/index.php?rest_route=\/wp\/v2\/types\/page"}],"author":[{"embeddable":true,"href":"https:\/\/site.ac-martinique.fr\/eps\/index.php?rest_route=\/wp\/v2\/users\/69"}],"replies":[{"embeddable":true,"href":"https:\/\/site.ac-martinique.fr\/eps\/index.php?rest_route=%2Fwp%2Fv2%2Fcomments&post=3526"}],"version-history":[{"count":4,"href":"https:\/\/site.ac-martinique.fr\/eps\/index.php?rest_route=\/wp\/v2\/pages\/3526\/revisions"}],"predecessor-version":[{"id":4096,"href":"https:\/\/site.ac-martinique.fr\/eps\/index.php?rest_route=\/wp\/v2\/pages\/3526\/revisions\/4096"}],"wp:attachment":[{"href":"https:\/\/site.ac-martinique.fr\/eps\/index.php?rest_route=%2Fwp%2Fv2%2Fmedia&parent=3526"}],"curies":[{"name":"wp","href":"https:\/\/api.w.org\/{rel}","templated":true}]}}