{"id":3668,"date":"2022-01-08T01:04:00","date_gmt":"2022-01-08T00:04:00","guid":{"rendered":"https:\/\/site.ac-martinique.fr\/eps\/?page_id=3668"},"modified":"2022-01-09T20:03:28","modified_gmt":"2022-01-09T19:03:28","slug":"ca1-adaptes","status":"publish","type":"page","link":"https:\/\/site.ac-martinique.fr\/eps\/?page_id=3668","title":{"rendered":"CA1-ADAPTES"},"content":{"rendered":"\n<p><strong>CHAMP D\u2019APPRENTISSAGE n\u00b0 1<\/strong>: \u00ab R\u00e9aliser une performance motrice maximale mesurable \u00e0 une \u00e9ch\u00e9ance donn\u00e9e \u00bb:&nbsp;Courses, sauts, lancers, natation vitesse<\/p>\n\n\n\n<p class=\"has-text-align-center\"><strong><span style=\"color:#f30909\" class=\"has-inline-color\">Biathlon Athl\u00e9tique<\/span><\/strong><\/p>\n\n\n\n<ul class=\"wp-block-list\"><li>BAC GT Biathlon athl\u00e9tique Surcharge pond\u00e9rale (LPO Bellefontaine): <a rel=\"noreferrer noopener\" href=\"https:\/\/site.ac-martinique.fr\/eps\/wp-content\/uploads\/sites\/13\/2021\/04\/BAC-Biathlon-athletique-Surcharge-Ponderale-LPO-Bellefontaine.docx\" data-type=\"URL\" data-id=\"https:\/\/site.ac-martinique.fr\/eps\/wp-content\/uploads\/sites\/13\/2021\/04\/BAC-Biathlon-athletique-Surcharge-Ponderale-LPO-Bellefontaine.docx\" target=\"_blank\"><img decoding=\"async\" class=\"wp-image-3190\" style=\"width: 22px;\" src=\"https:\/\/site.ac-martinique.fr\/eps\/wp-content\/uploads\/sites\/13\/2020\/06\/LogoWord.png\" alt=\"\"><\/a><\/li><li>CAP Biathlon athl\u00e9tique Surcharge pond\u00e9rale (LPR D. Jean-Joseph): <a rel=\"noreferrer noopener\" href=\"https:\/\/site.ac-martinique.fr\/eps\/wp-content\/uploads\/sites\/13\/2022\/01\/Biathlon-Adapte-Surcharge-Ponderale-CAP-LPR-D.JEAN-JOSEPH.pdf\" data-type=\"URL\" target=\"_blank\"><img decoding=\"async\" class=\"wp-image-3007\" style=\"width: 22px;\" src=\"https:\/\/site.ac-martinique.fr\/eps\/wp-content\/uploads\/sites\/13\/2019\/03\/pdf.png\" alt=\"\"><\/a><\/li><\/ul>\n\n\n\n<p class=\"has-text-align-center\"><strong><span style=\"color:#f30909\" class=\"has-inline-color\">Combi Athl\u00e9tique<\/span><\/strong><\/p>\n\n\n\n<ul class=\"wp-block-list\"><li>BAC GT Combi athl\u00e9tique Surcharge pond\u00e9rale (LGT F. Fanon): <a rel=\"noreferrer noopener\" href=\"https:\/\/site.ac-martinique.fr\/eps\/wp-content\/uploads\/sites\/13\/2021\/04\/BAC-Combi-athletique-Surcharge-Ponderale-LGT-F-Fanon.pdf\" data-type=\"URL\" data-id=\"https:\/\/site.ac-martinique.fr\/eps\/wp-content\/uploads\/sites\/13\/2021\/04\/BAC-Combi-athletique-Surcharge-Ponderale-LGT-F-Fanon.pdf\" target=\"_blank\"><img decoding=\"async\" class=\"wp-image-3007\" style=\"width: 22px;\" src=\"https:\/\/site.ac-martinique.fr\/eps\/wp-content\/uploads\/sites\/13\/2019\/03\/pdf.png\" alt=\"\"><\/a><\/li><li>CAP Combi Marche athl\u00e9tique Situation de Handicap (LP Neris): <a rel=\"noreferrer noopener\" href=\"https:\/\/site.ac-martinique.fr\/eps\/wp-content\/uploads\/sites\/13\/2022\/01\/COMBINE-MARCHE-ATHLETIQUE-2-CAP-2021-LP-NERIS-HANDICAP.docx\" data-type=\"URL\" target=\"_blank\"><img decoding=\"async\" class=\"wp-image-3190\" style=\"width: 22px;\" src=\"https:\/\/site.ac-martinique.fr\/eps\/wp-content\/uploads\/sites\/13\/2020\/06\/LogoWord.png\" alt=\"\"><\/a><\/li><\/ul>\n\n\n\n<p class=\"has-text-align-center\"><strong><span style=\"color:#f30909\" class=\"has-inline-color\">Athl\u00e9tisme<\/span><\/strong><\/p>\n\n\n\n<ul class=\"wp-block-list\"><li>BAC GT Athl\u00e9 Osgood-Shlatter (LGT La Jet\u00e9e): <a rel=\"noreferrer noopener\" href=\"https:\/\/site.ac-martinique.fr\/eps\/wp-content\/uploads\/sites\/13\/2021\/04\/BAC-Athle-Osgood-Shaltter-LGT-La-Jetee.xlsx\" data-type=\"URL\" data-id=\"https:\/\/site.ac-martinique.fr\/eps\/wp-content\/uploads\/sites\/13\/2021\/04\/BAC-Athle-Osgood-Shaltter-LGT-La-Jetee.xlsx\" target=\"_blank\"><img decoding=\"async\" class=\"wp-image-3340\" style=\"width: 22px;\" src=\"https:\/\/site.ac-martinique.fr\/eps\/wp-content\/uploads\/sites\/13\/2020\/09\/Icone-XLS.png\" alt=\"\"><\/a><\/li><li>CAP Athl\u00e9 Osgood-Shlatter et surcharge pond\u00e9rale (LGT P. Nardal): <a rel=\"noreferrer noopener\" href=\"https:\/\/site.ac-martinique.fr\/eps\/wp-content\/uploads\/sites\/13\/2021\/04\/BAC-ATHLE-Surcharge-Ponderale-Osgood-Shalatter-LGT-P-Nardal.docx\" data-type=\"URL\" data-id=\"https:\/\/site.ac-martinique.fr\/eps\/wp-content\/uploads\/sites\/13\/2021\/04\/BAC-ATHLE-Surcharge-Ponderale-Osgood-Shalatter-LGT-P-Nardal.docx\" target=\"_blank\"><img decoding=\"async\" class=\"wp-image-3190\" style=\"width: 22px;\" src=\"https:\/\/site.ac-martinique.fr\/eps\/wp-content\/uploads\/sites\/13\/2020\/06\/LogoWord.png\" alt=\"\"><\/a><\/li><\/ul>\n\n\n\n<p class=\"has-text-align-center\"><strong><span style=\"color:#f30909\" class=\"has-inline-color\">Javelot<\/span><\/strong><\/p>\n\n\n\n<ul class=\"wp-block-list\"><li>BAC GT Javelot Situation de Handicap (LPO J Pernock): <a rel=\"noreferrer noopener\" href=\"https:\/\/site.ac-martinique.fr\/eps\/wp-content\/uploads\/sites\/13\/2021\/04\/BAC-Javelot-Situation-de-Handicap-LPO-J-Pernock.docx\" data-type=\"URL\" data-id=\"https:\/\/site.ac-martinique.fr\/eps\/wp-content\/uploads\/sites\/13\/2021\/04\/BAC-Javelot-Situation-de-Handicap-LPO-J-Pernock.docx\" target=\"_blank\"><img decoding=\"async\" class=\"wp-image-3190\" style=\"width: 22px;\" src=\"https:\/\/site.ac-martinique.fr\/eps\/wp-content\/uploads\/sites\/13\/2020\/06\/LogoWord.png\" alt=\"\"><\/a><\/li><li>BAC PRO Javelot Situation de Handicap (LPO J Pernock): <a href=\"https:\/\/site.ac-martinique.fr\/eps\/wp-content\/uploads\/sites\/13\/2022\/01\/Javelot-Adapte-Bac-pro-LPO-J.-Pernock.pdf\" data-type=\"URL\" target=\"_blank\" rel=\"noreferrer noopener\"><img decoding=\"async\" class=\"wp-image-3007\" style=\"width: 22px;\" src=\"https:\/\/site.ac-martinique.fr\/eps\/wp-content\/uploads\/sites\/13\/2019\/03\/pdf.png\" alt=\"\"><\/a><\/li><li>CAP Javelot Situation de Handicap (LPO J Pernock): <a rel=\"noreferrer noopener\" href=\"https:\/\/site.ac-martinique.fr\/eps\/wp-content\/uploads\/sites\/13\/2022\/01\/JAVELOT-CAP-ADAPTE-LPO-PERNOCK.pdf\" data-type=\"URL\" target=\"_blank\"><img decoding=\"async\" class=\"wp-image-3007\" style=\"width: 22px;\" src=\"https:\/\/site.ac-martinique.fr\/eps\/wp-content\/uploads\/sites\/13\/2019\/03\/pdf.png\" alt=\"\"><\/a><\/li><li>CAP Javelot Situation de Handicap (LPO Lorrain): <a rel=\"noreferrer noopener\" href=\"https:\/\/site.ac-martinique.fr\/eps\/wp-content\/uploads\/sites\/13\/2022\/01\/JAVELOT-ADAPTE-CAP-LPO-LORRAIN.docx\" data-type=\"URL\" target=\"_blank\"><img decoding=\"async\" class=\"wp-image-3190\" style=\"width: 22px;\" src=\"https:\/\/site.ac-martinique.fr\/eps\/wp-content\/uploads\/sites\/13\/2020\/06\/LogoWord.png\" alt=\"\"><\/a><\/li><\/ul>\n\n\n\n<p class=\"has-text-align-center\"><strong><span style=\"color:#f30909\" class=\"has-inline-color\">Marche<\/span><\/strong><\/p>\n\n\n\n<ul class=\"wp-block-list\"><li>BAC GT Marche Surcharge Pond\u00e9rale (LGT Acajou 1): <a rel=\"noreferrer noopener\" href=\"https:\/\/site.ac-martinique.fr\/eps\/wp-content\/uploads\/sites\/13\/2021\/04\/BAC-Marche-Surcharge-Ponderale-LGT-Acajou-1.pdf\" data-type=\"URL\" data-id=\"https:\/\/site.ac-martinique.fr\/eps\/wp-content\/uploads\/sites\/13\/2021\/04\/BAC-Marche-Surcharge-Ponderale-LGT-Acajou-1.pdf\" target=\"_blank\"><img decoding=\"async\" class=\"wp-image-3007\" style=\"width: 22px;\" src=\"https:\/\/site.ac-martinique.fr\/eps\/wp-content\/uploads\/sites\/13\/2019\/03\/pdf.png\" alt=\"\"><\/a><\/li><li>BAC GT Marche Demi-fond Surcharge pond\u00e9rale: <a rel=\"noreferrer noopener\" href=\"https:\/\/site.ac-martinique.fr\/eps\/wp-content\/uploads\/sites\/13\/2021\/04\/BAC-Marche-Demi-fond-Surcharge-Ponderale.docx\" data-type=\"URL\" data-id=\"https:\/\/site.ac-martinique.fr\/eps\/wp-content\/uploads\/sites\/13\/2021\/04\/BAC-Marche-Demi-fond-Surcharge-Ponderale.docx\" target=\"_blank\"><img decoding=\"async\" class=\"wp-image-3190\" style=\"width: 22px;\" src=\"https:\/\/site.ac-martinique.fr\/eps\/wp-content\/uploads\/sites\/13\/2020\/06\/LogoWord.png\" alt=\"\"><\/a><\/li><\/ul>\n\n\n\n<p class=\"has-text-align-center\"><strong><span style=\"color:#f30909\" class=\"has-inline-color\">Vitesse-Relais<\/span><\/strong><\/p>\n\n\n\n<ul class=\"wp-block-list\"><li>BAC GT Vitesse-Relais Surcharge Pond\u00e9rale (LPO Acajou 2): <a rel=\"noreferrer noopener\" href=\"https:\/\/site.ac-martinique.fr\/eps\/wp-content\/uploads\/sites\/13\/2021\/04\/BAC-Vitesse-Relais-Surcharge-Ponderale-LPO-Acajou-2.docx\" data-type=\"URL\" data-id=\"https:\/\/site.ac-martinique.fr\/eps\/wp-content\/uploads\/sites\/13\/2021\/04\/BAC-Vitesse-Relais-Surcharge-Ponderale-LPO-Acajou-2.docx\" target=\"_blank\"><img decoding=\"async\" class=\"wp-image-3190\" style=\"width: 22px;\" src=\"https:\/\/site.ac-martinique.fr\/eps\/wp-content\/uploads\/sites\/13\/2020\/06\/LogoWord.png\" alt=\"\"><\/a><\/li><\/ul>\n\n\n\n<p class=\"has-text-align-center\"><strong><span style=\"color:#f30909\" class=\"has-inline-color\">Natation<\/span><\/strong><\/p>\n\n\n\n<ul class=\"wp-block-list\"><li>BAC GT Natation Situation de Handicap (LGT St Joseph de Cluny): <a rel=\"noreferrer noopener\" href=\"https:\/\/site.ac-martinique.fr\/eps\/wp-content\/uploads\/sites\/13\/2021\/04\/BAC-Natation-Situation-de-Handicap-LGT-St-Joseph-de-Cluny.docx\" data-type=\"URL\" data-id=\"https:\/\/site.ac-martinique.fr\/eps\/wp-content\/uploads\/sites\/13\/2021\/04\/BAC-Natation-Situation-de-Handicap-LGT-St-Joseph-de-Cluny.docx\" target=\"_blank\"><img decoding=\"async\" class=\"wp-image-3190\" style=\"width: 22px;\" src=\"https:\/\/site.ac-martinique.fr\/eps\/wp-content\/uploads\/sites\/13\/2020\/06\/LogoWord.png\" alt=\"\"><\/a><\/li><li>BAC PRO Natation, probl\u00e8mes de dos (LP St Jean-Paul II): <a rel=\"noreferrer noopener\" href=\"https:\/\/site.ac-martinique.fr\/eps\/wp-content\/uploads\/sites\/13\/2022\/01\/Natation-de-Vitesse-adapte-Bac-Pro-Saint-Jean-Paul-II-Pbm-de-DOS.docx\" data-type=\"URL\" target=\"_blank\"><img decoding=\"async\" class=\"wp-image-3190\" style=\"width: 22px;\" src=\"https:\/\/site.ac-martinique.fr\/eps\/wp-content\/uploads\/sites\/13\/2020\/06\/LogoWord.png\" alt=\"\"><\/a><\/li><li>CAP Natation Situation de Handicap (CAP St Jean-Paul II): <a rel=\"noreferrer noopener\" href=\"https:\/\/site.ac-martinique.fr\/eps\/wp-content\/uploads\/sites\/13\/2022\/01\/Natation-DYS-Surpoids-Incapacite-partielle-orthopedique-CAP-saint-Jean-Paul-2-.pdf\" data-type=\"URL\" target=\"_blank\"><img decoding=\"async\" class=\"wp-image-3007\" style=\"width: 22px;\" src=\"https:\/\/site.ac-martinique.fr\/eps\/wp-content\/uploads\/sites\/13\/2019\/03\/pdf.png\" alt=\"\"><\/a><a rel=\"noreferrer noopener\" href=\"https:\/\/site.ac-martinique.fr\/eps\/wp-content\/uploads\/sites\/13\/2021\/04\/BAC-Natation-Situation-de-Handicap-LGT-St-Joseph-de-Cluny.docx\" data-type=\"URL\" data-id=\"https:\/\/site.ac-martinique.fr\/eps\/wp-content\/uploads\/sites\/13\/2021\/04\/BAC-Natation-Situation-de-Handicap-LGT-St-Joseph-de-Cluny.docx\" target=\"_blank\"><\/a><\/li><\/ul>\n\n\n\n<p><\/p>\n","protected":false},"excerpt":{"rendered":"<p>CHAMP D\u2019APPRENTISSAGE n\u00b0 1: \u00ab R\u00e9aliser une performance motrice maximale mesurable \u00e0 une \u00e9ch\u00e9ance donn\u00e9e \u00bb:&nbsp;Courses, sauts, lancers, natation vitesse Biathlon Athl\u00e9tique BAC GT Biathlon athl\u00e9tique Surcharge pond\u00e9rale (LPO Bellefontaine): CAP Biathlon athl\u00e9tique Surcharge pond\u00e9rale (LPR D. Jean-Joseph): Combi Athl\u00e9tique &hellip; <a href=\"https:\/\/site.ac-martinique.fr\/eps\/?page_id=3668\">Continuer la lecture <span class=\"meta-nav\">&rarr;<\/span><\/a><\/p>\n","protected":false},"author":69,"featured_media":0,"parent":0,"menu_order":0,"comment_status":"closed","ping_status":"closed","template":"","meta":{"footnotes":""},"class_list":["post-3668","page","type-page","status-publish","hentry"],"_links":{"self":[{"href":"https:\/\/site.ac-martinique.fr\/eps\/index.php?rest_route=\/wp\/v2\/pages\/3668","targetHints":{"allow":["GET"]}}],"collection":[{"href":"https:\/\/site.ac-martinique.fr\/eps\/index.php?rest_route=\/wp\/v2\/pages"}],"about":[{"href":"https:\/\/site.ac-martinique.fr\/eps\/index.php?rest_route=\/wp\/v2\/types\/page"}],"author":[{"embeddable":true,"href":"https:\/\/site.ac-martinique.fr\/eps\/index.php?rest_route=\/wp\/v2\/users\/69"}],"replies":[{"embeddable":true,"href":"https:\/\/site.ac-martinique.fr\/eps\/index.php?rest_route=%2Fwp%2Fv2%2Fcomments&post=3668"}],"version-history":[{"count":10,"href":"https:\/\/site.ac-martinique.fr\/eps\/index.php?rest_route=\/wp\/v2\/pages\/3668\/revisions"}],"predecessor-version":[{"id":4137,"href":"https:\/\/site.ac-martinique.fr\/eps\/index.php?rest_route=\/wp\/v2\/pages\/3668\/revisions\/4137"}],"wp:attachment":[{"href":"https:\/\/site.ac-martinique.fr\/eps\/index.php?rest_route=%2Fwp%2Fv2%2Fmedia&parent=3668"}],"curies":[{"name":"wp","href":"https:\/\/api.w.org\/{rel}","templated":true}]}}