{"id":3699,"date":"2022-01-08T02:28:00","date_gmt":"2022-01-08T01:28:00","guid":{"rendered":"https:\/\/site.ac-martinique.fr\/eps\/?page_id=3699"},"modified":"2022-01-09T20:12:42","modified_gmt":"2022-01-09T19:12:42","slug":"ca3-adaptes","status":"publish","type":"page","link":"https:\/\/site.ac-martinique.fr\/eps\/?page_id=3699","title":{"rendered":"CA3-ADAPTES"},"content":{"rendered":"\n<p><strong>CHAMP D\u2019APPRENTISSAGE n\u00b0 3<\/strong>: \u00ab R\u00e9aliser une prestation corporelle destin\u00e9e \u00e0 \u00eatre vue et appr\u00e9ci\u00e9e \u00bb: Danse(s), arts du cirque, acrosport, gymnastique sportive<\/p>\n\n\n\n<p class=\"has-text-align-center\"><strong><span style=\"color:#f30909\" class=\"has-inline-color\">Danse<\/span><\/strong><\/p>\n\n\n\n<ul class=\"wp-block-list\"><li>BAC GT Danse adapt\u00e9e Surpoids Osgood Schalter (LGT V. Schoelcher): <a rel=\"noreferrer noopener\" href=\"https:\/\/site.ac-martinique.fr\/eps\/wp-content\/uploads\/sites\/13\/2021\/04\/Bac-Danse-adaptee-Surpoids-Osgood-Schalter-LGT-V-Schoelcher.docx\" data-type=\"URL\" data-id=\"https:\/\/site.ac-martinique.fr\/eps\/wp-content\/uploads\/sites\/13\/2021\/04\/Bac-Danse-adaptee-Surpoids-Osgood-Schalter-LGT-V-Schoelcher.docx\" target=\"_blank\"><img decoding=\"async\" class=\"wp-image-3190\" style=\"width: 22px;\" src=\"https:\/\/site.ac-martinique.fr\/eps\/wp-content\/uploads\/sites\/13\/2020\/06\/LogoWord.png\" alt=\"\"><\/a><\/li><li>BAC GT Danse El\u00e8ve en Surpoids (LGT P Nardal): <a rel=\"noreferrer noopener\" href=\"https:\/\/site.ac-martinique.fr\/eps\/wp-content\/uploads\/sites\/13\/2021\/04\/Bac-Danse-Eleve-en-Surpoids-LGT-P-Nardal.docx\" data-type=\"URL\" data-id=\"https:\/\/site.ac-martinique.fr\/eps\/wp-content\/uploads\/sites\/13\/2021\/04\/Bac-Danse-Eleve-en-Surpoids-LGT-P-Nardal.docx\" target=\"_blank\"><img loading=\"lazy\" decoding=\"async\" width=\"22\" height=\"21\" class=\"wp-image-3190\" style=\"width: 22px;\" src=\"https:\/\/site.ac-martinique.fr\/eps\/wp-content\/uploads\/sites\/13\/2020\/06\/LogoWord-e1619139809953.png\" alt=\"\"><\/a><\/li><li>BAC GT Danse Insuffisance Respiratoire: <a rel=\"noreferrer noopener\" href=\"https:\/\/site.ac-martinique.fr\/eps\/wp-content\/uploads\/sites\/13\/2021\/04\/Bac-Danse-Insuffisance-Respiratoire.xlsx\" data-type=\"URL\" data-id=\"https:\/\/site.ac-martinique.fr\/eps\/wp-content\/uploads\/sites\/13\/2021\/04\/Bac-Danse-Insuffisance-Respiratoire.xlsx\" target=\"_blank\"><img loading=\"lazy\" decoding=\"async\" width=\"22\" height=\"20\" class=\"wp-image-3340\" style=\"width: 22px;\" src=\"https:\/\/site.ac-martinique.fr\/eps\/wp-content\/uploads\/sites\/13\/2020\/09\/Icone-XLS-e1619139677404.png\" alt=\"\"><\/a><\/li><\/ul>\n\n\n\n<p><\/p>\n\n\n\n<p class=\"has-text-align-center\"><strong><span style=\"color:#f30909\" class=\"has-inline-color\">B\u00e9l\u00e8<\/span><\/strong> <\/p>\n\n\n\n<p><li>BAC PRO B\u00e9l\u00e8, handicap auditif (Lyc\u00e9e Nord Caraibe): <a href=\"https:\/\/site.ac-martinique.fr\/eps\/wp-content\/uploads\/sites\/13\/2022\/01\/Be\u0300le\u0300-Bac-PRO-LNC-Handicap-Auditif.docx\" data-type=\"URL\" target=\"_blank\" rel=\"noreferrer noopener\"><img loading=\"lazy\" decoding=\"async\" width=\"22\" height=\"21\" class=\"wp-image-3190\" style=\"width: 22px;\" src=\"https:\/\/site.ac-martinique.fr\/eps\/wp-content\/uploads\/sites\/13\/2020\/06\/LogoWord-e1619139809953.png\" alt=\"\"><\/a><\/li> <\/p>\n\n\n\n<p class=\"has-text-align-center\"><strong><span style=\"color:#f30909\" class=\"has-inline-color\">Acrosport<\/span><\/strong><\/p>\n\n\n\n<ul class=\"wp-block-list\"><li>BAC GT Acrosport Fragilit\u00e9 du DOS (LGT Montgerald): <a rel=\"noreferrer noopener\" href=\"https:\/\/site.ac-martinique.fr\/eps\/wp-content\/uploads\/sites\/13\/2021\/04\/Bac-Acrosport-Fragilite-du-DOS-LGT-Montgerald.docx\" data-type=\"URL\" data-id=\"https:\/\/site.ac-martinique.fr\/eps\/wp-content\/uploads\/sites\/13\/2021\/04\/Bac-Acrosport-Fragilite-du-DOS-LGT-Montgerald.docx\" target=\"_blank\"><img decoding=\"async\" class=\"wp-image-3190\" style=\"width: 22px;\" src=\"https:\/\/site.ac-martinique.fr\/eps\/wp-content\/uploads\/sites\/13\/2020\/06\/LogoWord.png\" alt=\"\"><\/a><\/li><li>BAC GT Acrosport Situation de Handicap: <a rel=\"noreferrer noopener\" href=\"https:\/\/site.ac-martinique.fr\/eps\/wp-content\/uploads\/sites\/13\/2021\/04\/Bac-Acrosport-Situation-de-Handicap.pdf\" data-type=\"URL\" data-id=\"https:\/\/site.ac-martinique.fr\/eps\/wp-content\/uploads\/sites\/13\/2021\/04\/Bac-Acrosport-Situation-de-Handicap.pdf\" target=\"_blank\"><img loading=\"lazy\" decoding=\"async\" width=\"22\" height=\"22\" class=\"wp-image-3007\" style=\"width: 22px;\" src=\"https:\/\/site.ac-martinique.fr\/eps\/wp-content\/uploads\/sites\/13\/2019\/03\/pdf-e1619139783204.png\" alt=\"\"><\/a><\/li><li>BAC PRO Acrosport Adaptation Surpoids (LP Cluny): <a href=\"https:\/\/site.ac-martinique.fr\/eps\/wp-content\/uploads\/sites\/13\/2022\/01\/Acrosport-Adapte-Surpoids-Bac-Pro-LP-Cluny.pdf\" data-type=\"URL\" target=\"_blank\" rel=\"noreferrer noopener\"><img loading=\"lazy\" decoding=\"async\" width=\"22\" height=\"22\" class=\"wp-image-3007\" style=\"width: 22px;\" src=\"https:\/\/site.ac-martinique.fr\/eps\/wp-content\/uploads\/sites\/13\/2019\/03\/pdf-e1619139783204.png\" alt=\"\"><\/a><\/li><\/ul>\n","protected":false},"excerpt":{"rendered":"<p>CHAMP D\u2019APPRENTISSAGE n\u00b0 3: \u00ab R\u00e9aliser une prestation corporelle destin\u00e9e \u00e0 \u00eatre vue et appr\u00e9ci\u00e9e \u00bb: Danse(s), arts du cirque, acrosport, gymnastique sportive Danse BAC GT Danse adapt\u00e9e Surpoids Osgood Schalter (LGT V. Schoelcher): BAC GT Danse El\u00e8ve en Surpoids &hellip; <a href=\"https:\/\/site.ac-martinique.fr\/eps\/?page_id=3699\">Continuer la lecture <span class=\"meta-nav\">&rarr;<\/span><\/a><\/p>\n","protected":false},"author":69,"featured_media":0,"parent":0,"menu_order":0,"comment_status":"closed","ping_status":"closed","template":"","meta":{"footnotes":""},"class_list":["post-3699","page","type-page","status-publish","hentry"],"_links":{"self":[{"href":"https:\/\/site.ac-martinique.fr\/eps\/index.php?rest_route=\/wp\/v2\/pages\/3699","targetHints":{"allow":["GET"]}}],"collection":[{"href":"https:\/\/site.ac-martinique.fr\/eps\/index.php?rest_route=\/wp\/v2\/pages"}],"about":[{"href":"https:\/\/site.ac-martinique.fr\/eps\/index.php?rest_route=\/wp\/v2\/types\/page"}],"author":[{"embeddable":true,"href":"https:\/\/site.ac-martinique.fr\/eps\/index.php?rest_route=\/wp\/v2\/users\/69"}],"replies":[{"embeddable":true,"href":"https:\/\/site.ac-martinique.fr\/eps\/index.php?rest_route=%2Fwp%2Fv2%2Fcomments&post=3699"}],"version-history":[{"count":5,"href":"https:\/\/site.ac-martinique.fr\/eps\/index.php?rest_route=\/wp\/v2\/pages\/3699\/revisions"}],"predecessor-version":[{"id":4152,"href":"https:\/\/site.ac-martinique.fr\/eps\/index.php?rest_route=\/wp\/v2\/pages\/3699\/revisions\/4152"}],"wp:attachment":[{"href":"https:\/\/site.ac-martinique.fr\/eps\/index.php?rest_route=%2Fwp%2Fv2%2Fmedia&parent=3699"}],"curies":[{"name":"wp","href":"https:\/\/api.w.org\/{rel}","templated":true}]}}