{"id":3709,"date":"2022-03-27T18:48:00","date_gmt":"2022-03-27T17:48:00","guid":{"rendered":"https:\/\/site.ac-martinique.fr\/eps\/?page_id=3709"},"modified":"2022-03-27T23:52:00","modified_gmt":"2022-03-27T22:52:00","slug":"ca4-adaptes","status":"publish","type":"page","link":"https:\/\/site.ac-martinique.fr\/eps\/?page_id=3709","title":{"rendered":"CA4-ADAPTES"},"content":{"rendered":"\n<p><strong><strong>CHAMP D\u2019APPRENTISSAGE n\u00b0 <\/strong>4 : <\/strong>\u00ab Conduire et ma\u00eetriser un affrontement collectif ou interindividuel pour gagner \u00bb: Badminton, tennis de table, boxe fran\u00e7aise, judo, basket-ball, football, handball, rugby, volley-ball<\/p>\n\n\n\n<p class=\"has-text-align-center\"><strong><span style=\"color:#f30909\" class=\"has-inline-color\">Handball<\/span><\/strong><\/p>\n\n\n\n<ul class=\"wp-block-list\"><li>BAC GT Hand Surcharge Pond\u00e9rale (LGT F. Fanon): <a rel=\"noreferrer noopener\" href=\"https:\/\/site.ac-martinique.fr\/eps\/wp-content\/uploads\/sites\/13\/2021\/04\/BAC-Hand-Surcharge-Ponderale-LGT-F-fanon.pdf\" data-type=\"URL\" data-id=\"https:\/\/site.ac-martinique.fr\/eps\/wp-content\/uploads\/sites\/13\/2021\/04\/BAC-Hand-Surcharge-Ponderale-LGT-F-fanon.pdf\" target=\"_blank\"><img decoding=\"async\" class=\"wp-image-3007\" style=\"width: 22px;\" src=\"https:\/\/site.ac-martinique.fr\/eps\/wp-content\/uploads\/sites\/13\/2019\/03\/pdf.png\" alt=\"\" height=\"19\"><\/a><\/li><li>BAC GT Hand Situation Drepanocytaire (LGT P. Nardal): <a rel=\"noreferrer noopener\" href=\"https:\/\/site.ac-martinique.fr\/eps\/wp-content\/uploads\/sites\/13\/2021\/04\/BAC-Hand-Situation-Drepanocytaire-LGT-P-Nardal.docx\" data-type=\"URL\" data-id=\"https:\/\/site.ac-martinique.fr\/eps\/wp-content\/uploads\/sites\/13\/2021\/04\/BAC-Hand-Situation-Drepanocytaire-LGT-P-Nardal.docx\" target=\"_blank\"><img loading=\"lazy\" decoding=\"async\" width=\"22\" height=\"21\" class=\"wp-image-3190\" style=\"width: 22px;\" src=\"https:\/\/site.ac-martinique.fr\/eps\/wp-content\/uploads\/sites\/13\/2020\/06\/LogoWord-e1619139809953.png\" alt=\"\"><\/a><\/li><li>BAC GT Hand Surcharge Pond\u00e9rale: <a rel=\"noreferrer noopener\" href=\"https:\/\/site.ac-martinique.fr\/eps\/wp-content\/uploads\/sites\/13\/2021\/04\/BAC-Hand-Surcharge-Ponderale.xlsx\" data-type=\"URL\" data-id=\"https:\/\/site.ac-martinique.fr\/eps\/wp-content\/uploads\/sites\/13\/2021\/04\/BAC-Hand-Surcharge-Ponderale.xlsx\" target=\"_blank\"><img loading=\"lazy\" decoding=\"async\" width=\"22\" height=\"20\" class=\"wp-image-3340\" style=\"width: 22px;\" src=\"https:\/\/site.ac-martinique.fr\/eps\/wp-content\/uploads\/sites\/13\/2020\/09\/Icone-XLS-e1619139677404.png\" alt=\"\"><\/a><\/li><li>CAP Hand Surcharge Pond\u00e9rale (LP D. Jean-Joseph): <a rel=\"noreferrer noopener\" href=\"https:\/\/site.ac-martinique.fr\/eps\/wp-content\/uploads\/sites\/13\/2022\/01\/Hand-Ball-adapte-CAP-LP-D.-JEAN-JOSEPH-Surpoids.pdf\" data-type=\"URL\" target=\"_blank\"><img decoding=\"async\" class=\"wp-image-3007\" style=\"width: 22px;\" src=\"https:\/\/site.ac-martinique.fr\/eps\/wp-content\/uploads\/sites\/13\/2019\/03\/pdf.png\" alt=\"\" height=\"19\"><\/a><\/li><\/ul>\n\n\n\n<p class=\"has-text-align-center\"><strong><span style=\"color:#f30909\" class=\"has-inline-color\">Basket-ball<\/span><\/strong><\/p>\n\n\n\n<ul class=\"wp-block-list\"><li>BAC GT Basket Asthme Surcharge Pond\u00e9rale (LGT P. Nardal): <a rel=\"noreferrer noopener\" href=\"https:\/\/site.ac-martinique.fr\/eps\/wp-content\/uploads\/sites\/13\/2021\/04\/BAC-Basket-Asthme-Surcharge-Ponderale-LGT-P-Nardal.docx\" data-type=\"URL\" data-id=\"https:\/\/site.ac-martinique.fr\/eps\/wp-content\/uploads\/sites\/13\/2021\/04\/BAC-Basket-Asthme-Surcharge-Ponderale-LGT-P-Nardal.docx\" target=\"_blank\"><img loading=\"lazy\" decoding=\"async\" width=\"22\" height=\"21\" class=\"wp-image-3190\" style=\"width: 22px;\" src=\"https:\/\/site.ac-martinique.fr\/eps\/wp-content\/uploads\/sites\/13\/2020\/06\/LogoWord-e1619139809953.png\" alt=\"\"><\/a><\/li><li>BAC GT Basket Austisme (LGT Montgerald): <a rel=\"noreferrer noopener\" href=\"https:\/\/site.ac-martinique.fr\/eps\/wp-content\/uploads\/sites\/13\/2021\/04\/BAC-Basket-Austisme-LGT-Montgerald.docx\" data-type=\"URL\" data-id=\"https:\/\/site.ac-martinique.fr\/eps\/wp-content\/uploads\/sites\/13\/2021\/04\/BAC-Basket-Austisme-LGT-Montgerald.docx\" target=\"_blank\"><img decoding=\"async\" class=\"wp-image-3190\" style=\"width: 22px;\" src=\"https:\/\/site.ac-martinique.fr\/eps\/wp-content\/uploads\/sites\/13\/2020\/06\/LogoWord.png\" alt=\"\"><\/a><\/li><li>BAC GT Basket ob\u00e9sit\u00e9 (LGT F. FANON): <a rel=\"noreferrer noopener\" href=\"https:\/\/site.ac-martinique.fr\/eps\/wp-content\/uploads\/sites\/13\/2021\/04\/BAC-Basket-obesite-LGT-F-FANON.pdf\" data-type=\"URL\" data-id=\"https:\/\/site.ac-martinique.fr\/eps\/wp-content\/uploads\/sites\/13\/2021\/04\/BAC-Basket-obesite-LGT-F-FANON.pdf\" target=\"_blank\"><img loading=\"lazy\" decoding=\"async\" width=\"22\" height=\"22\" class=\"wp-image-3007\" style=\"width: 22px;\" src=\"https:\/\/site.ac-martinique.fr\/eps\/wp-content\/uploads\/sites\/13\/2019\/03\/pdf-e1619139783204.png\" alt=\"\"><\/a><\/li><li>BAC GT Basket Situation de Handicap l\u00e9ger (LPO J. Zobel): <a rel=\"noreferrer noopener\" href=\"https:\/\/site.ac-martinique.fr\/eps\/wp-content\/uploads\/sites\/13\/2021\/04\/BAC-Basket-Situation-de-Handicap-leger-LPO-J-Zobel.pdf\" data-type=\"URL\" data-id=\"https:\/\/site.ac-martinique.fr\/eps\/wp-content\/uploads\/sites\/13\/2021\/04\/BAC-Basket-Situation-de-Handicap-leger-LPO-J-Zobel.pdf\" target=\"_blank\"><img loading=\"lazy\" decoding=\"async\" width=\"22\" height=\"22\" class=\"wp-image-3007\" style=\"width: 22px;\" src=\"https:\/\/site.ac-martinique.fr\/eps\/wp-content\/uploads\/sites\/13\/2019\/03\/pdf-e1619139783204.png\" alt=\"\"><\/a><\/li><li>BAC GT Basket Situation de handicap l\u00e9ger: <a rel=\"noreferrer noopener\" href=\"https:\/\/site.ac-martinique.fr\/eps\/wp-content\/uploads\/sites\/13\/2021\/04\/BAC-Basket-Situation-de-handicap-leger.docx\" data-type=\"URL\" data-id=\"https:\/\/site.ac-martinique.fr\/eps\/wp-content\/uploads\/sites\/13\/2021\/04\/BAC-Basket-Situation-de-handicap-leger.docx\" target=\"_blank\"><img loading=\"lazy\" decoding=\"async\" width=\"22\" height=\"21\" class=\"wp-image-3190\" style=\"width: 22px;\" src=\"https:\/\/site.ac-martinique.fr\/eps\/wp-content\/uploads\/sites\/13\/2020\/06\/LogoWord-e1619139809953.png\" alt=\"\"><\/a><\/li><li>CAP Basket surcharge pond\u00e9rale (LP Place d&rsquo;Armes): <a rel=\"noreferrer noopener\" href=\"https:\/\/site.ac-martinique.fr\/eps\/wp-content\/uploads\/sites\/13\/2022\/01\/basket-Adapte-Surcharge-Ponderale-CAP-BAC-Pro-Place-dArmes.pdf\" data-type=\"URL\" target=\"_blank\"><img loading=\"lazy\" decoding=\"async\" width=\"22\" height=\"22\" class=\"wp-image-3007\" style=\"width: 22px;\" src=\"https:\/\/site.ac-martinique.fr\/eps\/wp-content\/uploads\/sites\/13\/2019\/03\/pdf-e1619139783204.png\" alt=\"\"><\/a><\/li><\/ul>\n\n\n\n<p class=\"has-text-align-center\"><strong><span style=\"color:#f30909\" class=\"has-inline-color\">Volleyball<\/span><\/strong><\/p>\n\n\n\n<ul class=\"wp-block-list\"><li>BAC GT Volley Surcharge Ponderale (LGT Montgerald): <a rel=\"noreferrer noopener\" href=\"https:\/\/site.ac-martinique.fr\/eps\/wp-content\/uploads\/sites\/13\/2021\/04\/BAC-Volley-Surcharge-Ponderale-LGT-Montgerald.docx\" data-type=\"URL\" data-id=\"https:\/\/site.ac-martinique.fr\/eps\/wp-content\/uploads\/sites\/13\/2021\/04\/BAC-Volley-Surcharge-Ponderale-LGT-Montgerald.docx\" target=\"_blank\"><img loading=\"lazy\" decoding=\"async\" width=\"22\" height=\"21\" class=\"wp-image-3190\" style=\"width: 22px;\" src=\"https:\/\/site.ac-martinique.fr\/eps\/wp-content\/uploads\/sites\/13\/2020\/06\/LogoWord-e1619139809953.png\" alt=\"\"><\/a><\/li><\/ul>\n\n\n\n<p class=\"has-text-align-center\"> <strong><span style=\"color:#f30909\" class=\"has-inline-color\">Rugby<\/span><\/strong><\/p>\n\n\n\n<ul class=\"wp-block-list\"><li>BAC PRO Rugby Asthme Ob\u00e9sit\u00e9 Dys (LPO J. Pernock): <a rel=\"noreferrer noopener\" href=\"https:\/\/site.ac-martinique.fr\/eps\/wp-content\/uploads\/sites\/13\/2022\/01\/Rugby-adapte-Bac-PRO-LPO-J.-PERNOCK-.docx\" data-type=\"URL\" target=\"_blank\"><img loading=\"lazy\" decoding=\"async\" width=\"22\" height=\"21\" class=\"wp-image-3190\" style=\"width: 22px;\" src=\"https:\/\/site.ac-martinique.fr\/eps\/wp-content\/uploads\/sites\/13\/2020\/06\/LogoWord-e1619139809953.png\" alt=\"\"><\/a><\/li><\/ul>\n\n\n\n<p class=\"has-text-align-center\"><strong><span style=\"color:#f30909\" class=\"has-inline-color\">Badminton<\/span><\/strong><\/p>\n\n\n\n<ul class=\"wp-block-list\"><li>BAC GT Badminton adapt\u00e9 (LGT F. FANON): <a rel=\"noreferrer noopener\" href=\"https:\/\/site.ac-martinique.fr\/eps\/wp-content\/uploads\/sites\/13\/2021\/04\/BAC-Badminton-ADAPTE-LGT-F-FANON.pdf\" data-type=\"URL\" data-id=\"https:\/\/site.ac-martinique.fr\/eps\/wp-content\/uploads\/sites\/13\/2021\/04\/BAC-Badminton-ADAPTE-LGT-F-FANON.pdf\" target=\"_blank\"><img decoding=\"async\" class=\"wp-image-3007\" style=\"width: 22px;\" src=\"https:\/\/site.ac-martinique.fr\/eps\/wp-content\/uploads\/sites\/13\/2019\/03\/pdf.png\" alt=\"\"><\/a><\/li><li>BAC GT Badminton Asthme ob\u00e9sit\u00e9 (LPO J. Pernock): <a rel=\"noreferrer noopener\" href=\"https:\/\/site.ac-martinique.fr\/eps\/wp-content\/uploads\/sites\/13\/2021\/04\/BAC-Badminton-Asthme-obesite-LPO-J-Pernock.pdf\" data-type=\"URL\" data-id=\"https:\/\/site.ac-martinique.fr\/eps\/wp-content\/uploads\/sites\/13\/2021\/04\/BAC-Badminton-Asthme-obesite-LPO-J-Pernock.pdf\" target=\"_blank\"><img loading=\"lazy\" decoding=\"async\" width=\"22\" height=\"22\" class=\"wp-image-3007\" style=\"width: 22px;\" src=\"https:\/\/site.ac-martinique.fr\/eps\/wp-content\/uploads\/sites\/13\/2019\/03\/pdf-e1619139783204.png\" alt=\"\"><\/a><\/li><li>BAC GT Badminton Dyspraxie (LP A. Aliker): <a rel=\"noreferrer noopener\" href=\"https:\/\/site.ac-martinique.fr\/eps\/wp-content\/uploads\/sites\/13\/2021\/04\/BAC-Badminton-Dyspraxie-LP-A-Aliker.xlsx\" data-type=\"URL\" data-id=\"https:\/\/site.ac-martinique.fr\/eps\/wp-content\/uploads\/sites\/13\/2021\/04\/BAC-Badminton-Dyspraxie-LP-A-Aliker.xlsx\" target=\"_blank\"><img loading=\"lazy\" decoding=\"async\" width=\"22\" height=\"20\" class=\"wp-image-3340\" style=\"width: 22px;\" src=\"https:\/\/site.ac-martinique.fr\/eps\/wp-content\/uploads\/sites\/13\/2020\/09\/Icone-XLS-e1619139677404.png\" alt=\"\"><\/a><\/li><li>BAC GT Badminton Surcharge Pond\u00e9rale (LGT Union): <a rel=\"noreferrer noopener\" href=\"https:\/\/site.ac-martinique.fr\/eps\/wp-content\/uploads\/sites\/13\/2021\/04\/BAC-Badminton-Surcharge-Ponderale-LGT-Union.pdf\" data-type=\"URL\" data-id=\"https:\/\/site.ac-martinique.fr\/eps\/wp-content\/uploads\/sites\/13\/2021\/04\/BAC-Badminton-Surcharge-Ponderale-LGT-Union.pdf\" target=\"_blank\"><img loading=\"lazy\" decoding=\"async\" width=\"22\" height=\"22\" class=\"wp-image-3007\" style=\"width: 22px;\" src=\"https:\/\/site.ac-martinique.fr\/eps\/wp-content\/uploads\/sites\/13\/2019\/03\/pdf-e1619139783204.png\" alt=\"\"><\/a><\/li><li>BAC PRO Badminton Asthme Ob\u00e9sit\u00e9 Dys (LPO J. Pernock): <a rel=\"noreferrer noopener\" href=\"https:\/\/site.ac-martinique.fr\/eps\/wp-content\/uploads\/sites\/13\/2022\/01\/BADMINTON-EPREUVE-ADAPTEE-BAC-PRO-LPO-J.-Pernock.pdf\" data-type=\"URL\" target=\"_blank\"><img loading=\"lazy\" decoding=\"async\" width=\"22\" height=\"22\" class=\"wp-image-3007\" style=\"width: 22px;\" src=\"https:\/\/site.ac-martinique.fr\/eps\/wp-content\/uploads\/sites\/13\/2019\/03\/pdf-e1619139783204.png\" alt=\"\"><\/a><\/li><li>BAC PRO Badminton Dyspraxie (LP A. Aliker): <a rel=\"noreferrer noopener\" href=\"https:\/\/site.ac-martinique.fr\/eps\/wp-content\/uploads\/sites\/13\/2022\/01\/Badminton-Adapte-DYS-Bac-PRO-LP-A.-ALIKER.xlsx\" data-type=\"URL\" target=\"_blank\"><img loading=\"lazy\" decoding=\"async\" width=\"22\" height=\"20\" class=\"wp-image-3340\" style=\"width: 22px;\" src=\"https:\/\/site.ac-martinique.fr\/eps\/wp-content\/uploads\/sites\/13\/2020\/09\/Icone-XLS-e1619139677404.png\" alt=\"\"><\/a><\/li><li>BAC PRO Badminton Adaptation Handicap (Lyc\u00e9e Nord Atlantique): <a rel=\"noreferrer noopener\" href=\"https:\/\/site.ac-martinique.fr\/eps\/wp-content\/uploads\/sites\/13\/2022\/01\/Badminton-Adapte-Bac-Pro-LNA.pdf\" data-type=\"URL\" target=\"_blank\"><img loading=\"lazy\" decoding=\"async\" width=\"22\" height=\"22\" class=\"wp-image-3007\" style=\"width: 22px;\" src=\"https:\/\/site.ac-martinique.fr\/eps\/wp-content\/uploads\/sites\/13\/2019\/03\/pdf-e1619139783204.png\" alt=\"\"><\/a><\/li><li>CAP Badminton Surdit\u00e9 (LP Place d&rsquo;Armes): <a rel=\"noreferrer noopener\" href=\"https:\/\/site.ac-martinique.fr\/eps\/wp-content\/uploads\/sites\/13\/2021\/04\/CAP-Badminton-Surdite-LP-Place-dArmes.pdf\" data-type=\"URL\" data-id=\"https:\/\/site.ac-martinique.fr\/eps\/wp-content\/uploads\/sites\/13\/2021\/04\/CAP-Badminton-Surdite-LP-Place-dArmes.pdf\" target=\"_blank\"><img loading=\"lazy\" decoding=\"async\" width=\"22\" height=\"22\" class=\"wp-image-3007\" style=\"width: 22px;\" src=\"https:\/\/site.ac-martinique.fr\/eps\/wp-content\/uploads\/sites\/13\/2019\/03\/pdf-e1619139783204.png\" alt=\"\"><\/a><\/li><li>CAP Badminton Surcharge Pond\u00e9rale (Lyc\u00e9e D. Jean-Joseph): <a rel=\"noreferrer noopener\" href=\"https:\/\/site.ac-martinique.fr\/eps\/wp-content\/uploads\/sites\/13\/2022\/01\/Badminton-CAP-Surcharge-ponderale-D.-JEAN-JOSEPH.docx.pdf\" data-type=\"URL\" target=\"_blank\"><img loading=\"lazy\" decoding=\"async\" width=\"22\" height=\"22\" class=\"wp-image-3007\" style=\"width: 22px;\" src=\"https:\/\/site.ac-martinique.fr\/eps\/wp-content\/uploads\/sites\/13\/2019\/03\/pdf-e1619139783204.png\" alt=\"\"><\/a><\/li><\/ul>\n\n\n\n<p><\/p>\n\n\n\n<p class=\"has-text-align-center\"><strong><span style=\"color:#f30909\" class=\"has-inline-color\">Tennis de table<\/span><\/strong><\/p>\n\n\n\n<ul class=\"wp-block-list\"><li>BAC GT Tennis de Table Situation de handicap (LGT F. Fanon): <a rel=\"noreferrer noopener\" href=\"https:\/\/site.ac-martinique.fr\/eps\/wp-content\/uploads\/sites\/13\/2021\/04\/BAC-Tennis-de-Table-Situation-de-handicap-LGT-F-fanon.pdf\" data-type=\"URL\" data-id=\"https:\/\/site.ac-martinique.fr\/eps\/wp-content\/uploads\/sites\/13\/2021\/04\/BAC-Tennis-de-Table-Situation-de-handicap-LGT-F-fanon.pdf\" target=\"_blank\"><img loading=\"lazy\" decoding=\"async\" width=\"22\" height=\"22\" class=\"wp-image-3007\" style=\"width: 22px;\" src=\"https:\/\/site.ac-martinique.fr\/eps\/wp-content\/uploads\/sites\/13\/2019\/03\/pdf-e1619139783204.png\" alt=\"\"><\/a><\/li><li>BAC GT Tennis de table Surcharge Pond\u00e9rale (LGT Acajou 1): <a rel=\"noreferrer noopener\" href=\"https:\/\/site.ac-martinique.fr\/eps\/wp-content\/uploads\/sites\/13\/2021\/04\/BAC-Tennis-de-table-Surcharge-Ponderale-LGT-Acajou-1.pdf\" data-type=\"URL\" data-id=\"https:\/\/site.ac-martinique.fr\/eps\/wp-content\/uploads\/sites\/13\/2021\/04\/BAC-Tennis-de-table-Surcharge-Ponderale-LGT-Acajou-1.pdf\" target=\"_blank\"><img loading=\"lazy\" decoding=\"async\" width=\"22\" height=\"22\" class=\"wp-image-3007\" style=\"width: 22px;\" src=\"https:\/\/site.ac-martinique.fr\/eps\/wp-content\/uploads\/sites\/13\/2019\/03\/pdf-e1619139783204.png\" alt=\"\"><\/a><\/li><li>BAC PRO Tennis de table, Adaptation probl\u00e8me de dos (LP St Jean-Paul II): <a rel=\"noreferrer noopener\" href=\"https:\/\/site.ac-martinique.fr\/eps\/wp-content\/uploads\/sites\/13\/2022\/01\/Tennis-de-table-adapte-Bac-pro-Saint-Jean-Paul-II-pbm-de-DOS.docx\" data-type=\"URL\" target=\"_blank\"><img loading=\"lazy\" decoding=\"async\" width=\"22\" height=\"21\" class=\"wp-image-3190\" style=\"width: 22px;\" src=\"https:\/\/site.ac-martinique.fr\/eps\/wp-content\/uploads\/sites\/13\/2020\/06\/LogoWord-e1619139809953.png\" alt=\"\"><\/a><\/li><li>BAC PRO Tennis de table, Surcharge pond\u00e9rale (LP Bissol): <a rel=\"noreferrer noopener\" href=\"https:\/\/site.ac-martinique.fr\/eps\/wp-content\/uploads\/sites\/13\/2022\/01\/Tennis-de-table-Adapte-Surcharge-Ponderale-Bac-Pro-LP-BISSOL.docx\" data-type=\"URL\" target=\"_blank\"><img loading=\"lazy\" decoding=\"async\" width=\"22\" height=\"21\" class=\"wp-image-3190\" style=\"width: 22px;\" src=\"https:\/\/site.ac-martinique.fr\/eps\/wp-content\/uploads\/sites\/13\/2020\/06\/LogoWord-e1619139809953.png\" alt=\"\"><\/a><\/li><li>BAC PRO Tennis de Table Situation de handicap (LPO V. Anicet): <a rel=\"noreferrer noopener\" href=\"https:\/\/site.ac-martinique.fr\/eps\/wp-content\/uploads\/sites\/13\/2022\/01\/Tennis-de-table-BPRO-Asthme-Dyspraxie-Handicap-Ortopedique-Lpo-V.ANICET.pdf\" data-type=\"URL\" target=\"_blank\"><img loading=\"lazy\" decoding=\"async\" width=\"22\" height=\"22\" class=\"wp-image-3007\" style=\"width: 22px;\" src=\"https:\/\/site.ac-martinique.fr\/eps\/wp-content\/uploads\/sites\/13\/2019\/03\/pdf-e1619139783204.png\" alt=\"\"><\/a><\/li><li>BAC PRO Tennis de table \u00c9preuve Adapt\u00e9e (LPO J. Pernock): <a rel=\"noreferrer noopener\" href=\"https:\/\/site.ac-martinique.fr\/eps\/wp-content\/uploads\/sites\/13\/2022\/01\/TENNIS-DE-TABLE-EPREUVE-ADAPTEE-BAC-PRO-LPO-J.-Pernock.pdf\" data-type=\"URL\" target=\"_blank\"><img loading=\"lazy\" decoding=\"async\" width=\"22\" height=\"22\" class=\"wp-image-3007\" style=\"width: 22px;\" src=\"https:\/\/site.ac-martinique.fr\/eps\/wp-content\/uploads\/sites\/13\/2019\/03\/pdf-e1619139783204.png\" alt=\"\"><\/a><\/li><li>BAC PRO Tennis de table, Ob\u00e9sit\u00e9 (Lyc\u00e9e Nord Cara\u00efbe): <a rel=\"noreferrer noopener\" href=\"https:\/\/site.ac-martinique.fr\/eps\/wp-content\/uploads\/sites\/13\/2022\/01\/Tennis-de-table-Situation-dObesite-Bac-Pro-LNC.docx\" data-type=\"URL\" target=\"_blank\"><img loading=\"lazy\" decoding=\"async\" width=\"22\" height=\"21\" class=\"wp-image-3190\" style=\"width: 22px;\" src=\"https:\/\/site.ac-martinique.fr\/eps\/wp-content\/uploads\/sites\/13\/2020\/06\/LogoWord-e1619139809953.png\" alt=\"\"><\/a><\/li><li>CAP Tennis de table Situation de Handicap (LPO V. Anicet): <a rel=\"noreferrer noopener\" href=\"https:\/\/site.ac-martinique.fr\/eps\/wp-content\/uploads\/sites\/13\/2021\/04\/CAP-Tennis-de-table-Situation-de-Handicap-LPO-V-Anicet.docx\" data-type=\"URL\" target=\"_blank\" data-id=\"https:\/\/site.ac-martinique.fr\/eps\/wp-content\/uploads\/sites\/13\/2021\/04\/CAP-Tennis-de-table-Situation-de-Handicap-LPO-V-Anicet.docx\"><img loading=\"lazy\" decoding=\"async\" width=\"22\" height=\"21\" class=\"wp-image-3190\" style=\"width: 22px;\" src=\"https:\/\/site.ac-martinique.fr\/eps\/wp-content\/uploads\/sites\/13\/2020\/06\/LogoWord-e1619139809953.png\" alt=\"\"><\/a><\/li><li>CAP Tennis de table Surpoids, Dys, Incapacit\u00e9 Tronc Inf\u00e9rieur (LP St Jean-Paul II): <a rel=\"noreferrer noopener\" href=\"https:\/\/site.ac-martinique.fr\/eps\/wp-content\/uploads\/sites\/13\/2022\/01\/Tennis-de-table-CAP-Saint-Jean-Paul-2-DYS-Surpoids-Incapacite-Partielle-Tronc-inferieure.pdf\" data-type=\"URL\" target=\"_blank\"><img loading=\"lazy\" decoding=\"async\" width=\"22\" height=\"22\" class=\"wp-image-3007\" style=\"width: 22px;\" src=\"https:\/\/site.ac-martinique.fr\/eps\/wp-content\/uploads\/sites\/13\/2019\/03\/pdf-e1619139783204.png\" alt=\"\"><\/a><\/li><\/ul>\n\n\n\n<p class=\"has-text-align-center\"><strong><span style=\"color:#f30909\" class=\"has-inline-color\">Boxe<\/span><\/strong><\/p>\n\n\n\n<ul class=\"wp-block-list\"><li>BAC GT Boxe Fran\u00e7aise Situation de Handicap (LGT F. Fanon): <a rel=\"noreferrer noopener\" href=\"https:\/\/site.ac-martinique.fr\/eps\/wp-content\/uploads\/sites\/13\/2021\/04\/BAC-Voile-Surcharge-Ponderale-LGT-St-Joseph-de-Cluny.docx\" data-type=\"URL\" data-id=\"https:\/\/site.ac-martinique.fr\/eps\/wp-content\/uploads\/sites\/13\/2021\/04\/BAC-Voile-Surcharge-Ponderale-LGT-St-Joseph-de-Cluny.docx\" target=\"_blank\"><\/a><a rel=\"noreferrer noopener\" href=\"https:\/\/site.ac-martinique.fr\/eps\/wp-content\/uploads\/sites\/13\/2021\/04\/BAC-Boxe-Francaise-Situation-de-Handicap-LGT-F-Fanon.pdf\" data-type=\"URL\" data-id=\"https:\/\/site.ac-martinique.fr\/eps\/wp-content\/uploads\/sites\/13\/2021\/04\/BAC-Boxe-Francaise-Situation-de-Handicap-LGT-F-Fanon.pdf\" target=\"_blank\"><img loading=\"lazy\" decoding=\"async\" width=\"22\" height=\"22\" class=\"wp-image-3007\" style=\"width: 22px;\" src=\"https:\/\/site.ac-martinique.fr\/eps\/wp-content\/uploads\/sites\/13\/2019\/03\/pdf-e1619139783204.png\" alt=\"\"><\/a><\/li><\/ul>\n\n\n\n<p><\/p>\n","protected":false},"excerpt":{"rendered":"<p>CHAMP D\u2019APPRENTISSAGE n\u00b0 4 : \u00ab Conduire et ma\u00eetriser un affrontement collectif ou interindividuel pour gagner \u00bb: Badminton, tennis de table, boxe fran\u00e7aise, judo, basket-ball, football, handball, rugby, volley-ball Handball BAC GT Hand Surcharge Pond\u00e9rale (LGT F. Fanon): BAC GT &hellip; <a href=\"https:\/\/site.ac-martinique.fr\/eps\/?page_id=3709\">Continuer la lecture <span class=\"meta-nav\">&rarr;<\/span><\/a><\/p>\n","protected":false},"author":69,"featured_media":0,"parent":0,"menu_order":0,"comment_status":"closed","ping_status":"closed","template":"","meta":{"footnotes":""},"class_list":["post-3709","page","type-page","status-publish","hentry"],"_links":{"self":[{"href":"https:\/\/site.ac-martinique.fr\/eps\/index.php?rest_route=\/wp\/v2\/pages\/3709","targetHints":{"allow":["GET"]}}],"collection":[{"href":"https:\/\/site.ac-martinique.fr\/eps\/index.php?rest_route=\/wp\/v2\/pages"}],"about":[{"href":"https:\/\/site.ac-martinique.fr\/eps\/index.php?rest_route=\/wp\/v2\/types\/page"}],"author":[{"embeddable":true,"href":"https:\/\/site.ac-martinique.fr\/eps\/index.php?rest_route=\/wp\/v2\/users\/69"}],"replies":[{"embeddable":true,"href":"https:\/\/site.ac-martinique.fr\/eps\/index.php?rest_route=%2Fwp%2Fv2%2Fcomments&post=3709"}],"version-history":[{"count":18,"href":"https:\/\/site.ac-martinique.fr\/eps\/index.php?rest_route=\/wp\/v2\/pages\/3709\/revisions"}],"predecessor-version":[{"id":4243,"href":"https:\/\/site.ac-martinique.fr\/eps\/index.php?rest_route=\/wp\/v2\/pages\/3709\/revisions\/4243"}],"wp:attachment":[{"href":"https:\/\/site.ac-martinique.fr\/eps\/index.php?rest_route=%2Fwp%2Fv2%2Fmedia&parent=3709"}],"curies":[{"name":"wp","href":"https:\/\/api.w.org\/{rel}","templated":true}]}}