{"id":3995,"date":"2022-03-27T16:57:00","date_gmt":"2022-03-27T15:57:00","guid":{"rendered":"https:\/\/site.ac-martinique.fr\/eps\/?page_id=3995"},"modified":"2022-03-27T23:43:51","modified_gmt":"2022-03-27T22:43:51","slug":"ca4-bac-pro","status":"publish","type":"page","link":"https:\/\/site.ac-martinique.fr\/eps\/?page_id=3995","title":{"rendered":"CA4-BAC PRO"},"content":{"rendered":"<p style=\"text-align: center;\"><strong>CHAMP D\u2019APPRENTISSAGE n\u00b0 4<\/strong> : \u00ab Conduire et ma\u00eetriser un affrontement collectif ou interindividuel pour gagner \u00bb: Badminton, tennis de table, boxe fran\u00e7aise, judo, basket-ball, football, handball, rugby, volley-ball<\/p>\n<p style=\"text-align: center;\"><span style=\"color: #ff0000;\"><strong>Handball<\/strong><\/span><\/p>\n<ul>\n<li>Handball (Lyc\u00e9e Bissol): <a href=\"https:\/\/site.ac-martinique.fr\/eps\/wp-content\/uploads\/sites\/13\/2022\/01\/Hand-bac-Pro-Bissol.docx\" target=\"_blank\" rel=\"noopener\"><img loading=\"lazy\" decoding=\"async\" class=\"alignnone wp-image-3190\" src=\"\/eps\/wp-content\/uploads\/sites\/13\/2020\/06\/LogoWord.png\" alt=\"\" width=\"24\" height=\"23\" \/><\/a><\/li>\n<li>Handball (LP Trinit\u00e9): <a href=\"https:\/\/site.ac-martinique.fr\/eps\/wp-content\/uploads\/sites\/13\/2022\/01\/HANDBALL-Referentiel-BAC-PRO-LP-TRINITE.docx\" target=\"_blank\" rel=\"noopener\"><img loading=\"lazy\" decoding=\"async\" class=\"alignnone wp-image-3190\" src=\"\/eps\/wp-content\/uploads\/sites\/13\/2020\/06\/LogoWord.png\" alt=\"\" width=\"24\" height=\"23\" \/><\/a><\/li>\n<li>Handball (Lyc\u00e9e J. Zobel): <a href=\"https:\/\/site.ac-martinique.fr\/eps\/wp-content\/uploads\/sites\/13\/2022\/01\/Handball-Referentiel-devaluation-bac-pro-LPO-Zobel.pdf\" target=\"_blank\" rel=\"noopener\"><img loading=\"lazy\" decoding=\"async\" class=\"alignnone wp-image-3007\" src=\"\/eps\/wp-content\/uploads\/sites\/13\/2019\/03\/pdf.png\" alt=\"\" width=\"22\" height=\"22\" \/><\/a><\/li>\n<\/ul>\n<p style=\"text-align: center;\"><span style=\"color: #ff0000;\"><strong>Basketball<\/strong><\/span><\/p>\n<ul>\n<li>Basketball (LPA Robert): <a href=\"https:\/\/site.ac-martinique.fr\/eps\/wp-content\/uploads\/sites\/13\/2022\/01\/Basket-Bac-Pro-2021-LPA-Robert.docx\" target=\"_blank\" rel=\"noopener\"><img loading=\"lazy\" decoding=\"async\" class=\"alignnone wp-image-3190\" src=\"\/eps\/wp-content\/uploads\/sites\/13\/2020\/06\/LogoWord.png\" alt=\"\" width=\"24\" height=\"23\" \/><\/a><\/li>\n<li>Basketball (AMEP): <a href=\"https:\/\/site.ac-martinique.fr\/eps\/wp-content\/uploads\/sites\/13\/2022\/01\/Basket-BAC-PRO-Amep.docx\" target=\"_blank\" rel=\"noopener\"><img loading=\"lazy\" decoding=\"async\" class=\"alignnone wp-image-3190\" src=\"\/eps\/wp-content\/uploads\/sites\/13\/2020\/06\/LogoWord.png\" alt=\"\" width=\"24\" height=\"23\" \/><\/a><\/li>\n<li>Basketball (Lyc\u00e9e Nord Caraibes): <a href=\"https:\/\/site.ac-martinique.fr\/eps\/wp-content\/uploads\/sites\/13\/2022\/01\/Basket-ball-Bac-Pro-LNC.docx\" target=\"_blank\" rel=\"noopener\"><img loading=\"lazy\" decoding=\"async\" class=\"alignnone wp-image-3190\" src=\"\/eps\/wp-content\/uploads\/sites\/13\/2020\/06\/LogoWord.png\" alt=\"\" width=\"24\" height=\"23\" \/><\/a><\/li>\n<li>Basketball (Lyc\u00e9e Chateauboeuf): <a href=\"https:\/\/site.ac-martinique.fr\/eps\/wp-content\/uploads\/sites\/13\/2022\/01\/Basket-Ball-Bac-Pro-LP-Chateauboeuf-Feuille-1.pdf\" target=\"_blank\" rel=\"noopener\"><img loading=\"lazy\" decoding=\"async\" class=\"alignnone wp-image-3007\" src=\"\/eps\/wp-content\/uploads\/sites\/13\/2019\/03\/pdf.png\" alt=\"\" width=\"22\" height=\"22\" \/><\/a><\/li>\n<li>Basketball (LPO J. Zobel): <a href=\"https:\/\/site.ac-martinique.fr\/eps\/wp-content\/uploads\/sites\/13\/2022\/01\/Basket-ball-Referentiel-devaluation-Bac-pro-LPO-J-Zobel.pdf\" target=\"_blank\" rel=\"noopener\"><img loading=\"lazy\" decoding=\"async\" class=\"alignnone wp-image-3007\" src=\"\/eps\/wp-content\/uploads\/sites\/13\/2019\/03\/pdf.png\" alt=\"\" width=\"22\" height=\"22\" \/><\/a><\/li>\n<\/ul>\n<p style=\"text-align: center;\"><span style=\"color: #ff0000;\"><strong>Futsal<\/strong><\/span><\/p>\n<ul>\n<li>Futsal (LPO J. Zobel): <a href=\"https:\/\/site.ac-martinique.fr\/eps\/wp-content\/uploads\/sites\/13\/2022\/01\/Futsal-Referentiel-devaluation-bac-pro-LPO-Zobel.pdf\" target=\"_blank\" rel=\"noopener\"><img loading=\"lazy\" decoding=\"async\" class=\"alignnone wp-image-3007\" src=\"\/eps\/wp-content\/uploads\/sites\/13\/2019\/03\/pdf.png\" alt=\"\" width=\"22\" height=\"22\" \/><\/a><\/li>\n<\/ul>\n<p style=\"text-align: center;\"><span style=\"color: #ff0000;\"><strong>Volleyball<\/strong><\/span><\/p>\n<ul>\n<li>Volleyball (LPO J. Zobel): <a href=\"https:\/\/site.ac-martinique.fr\/eps\/wp-content\/uploads\/sites\/13\/2022\/01\/Volley-Bac-Pro-Zobel.docx\" target=\"_blank\" rel=\"noopener\"><img loading=\"lazy\" decoding=\"async\" class=\"alignnone wp-image-3190\" src=\"\/eps\/wp-content\/uploads\/sites\/13\/2020\/06\/LogoWord.png\" alt=\"\" width=\"24\" height=\"23\" \/><\/a><\/li>\n<\/ul>\n<p style=\"text-align: center;\"><span style=\"color: #ff0000;\"><strong>Rugby<\/strong><\/span><\/p>\n<ul>\n<li>Rugby (LPO J. Pernock): <a href=\"https:\/\/site.ac-martinique.fr\/eps\/wp-content\/uploads\/sites\/13\/2022\/03\/RUGBY-Bac-PRO-LPO-J.-PERNOCK.docx\" target=\"_blank\" rel=\"noopener\"><img loading=\"lazy\" decoding=\"async\" class=\"alignnone wp-image-3190\" src=\"\/eps\/wp-content\/uploads\/sites\/13\/2020\/06\/LogoWord.png\" alt=\"\" width=\"24\" height=\"23\" \/><\/a><\/li>\n<\/ul>\n<p style=\"text-align: center;\"><span style=\"color: #ff0000;\"><strong>Badminton<\/strong><\/span><\/p>\n<ul>\n<li>Badminton (Lyc\u00e9e A. Aliker 1): <a href=\"https:\/\/site.ac-martinique.fr\/eps\/wp-content\/uploads\/sites\/13\/2022\/01\/Badminton-Bac-PRO-ALIKER.xlsx\" target=\"_blank\" rel=\"noopener\"><img loading=\"lazy\" decoding=\"async\" class=\"alignnone wp-image-3340\" src=\"\/eps\/wp-content\/uploads\/sites\/13\/2020\/09\/Icone-XLS.png\" alt=\"\" width=\"28\" height=\"25\" \/><\/a><\/li>\n<li>Badminton (Lyc\u00e9 A. Aliker 2): <a href=\"https:\/\/site.ac-martinique.fr\/eps\/wp-content\/uploads\/sites\/13\/2022\/01\/Badminton-Bac-Pro-LP-AALIKER.xlsx\" target=\"_blank\" rel=\"noopener\"><img loading=\"lazy\" decoding=\"async\" class=\"alignnone wp-image-3340\" src=\"\/eps\/wp-content\/uploads\/sites\/13\/2020\/09\/Icone-XLS.png\" alt=\"\" width=\"28\" height=\"25\" \/><\/a><\/li>\n<li>Badminton (Lyc\u00e9e LNA): <a href=\"https:\/\/site.ac-martinique.fr\/eps\/wp-content\/uploads\/sites\/13\/2022\/01\/Badminton-Bac-Pro-LNA.pdf\" target=\"_blank\" rel=\"noopener\"><img loading=\"lazy\" decoding=\"async\" class=\"alignnone wp-image-3007\" src=\"\/eps\/wp-content\/uploads\/sites\/13\/2019\/03\/pdf.png\" alt=\"\" width=\"22\" height=\"22\" \/><\/a><\/li>\n<li>Badminton (Lyc\u00e9e Chateauboeuf): <a href=\"https:\/\/site.ac-martinique.fr\/eps\/wp-content\/uploads\/sites\/13\/2022\/01\/Badminton-Bac-Pro-LP-Chateauboeuf-Feuille-1.pdf\" target=\"_blank\" rel=\"noopener\"><img loading=\"lazy\" decoding=\"async\" class=\"alignnone wp-image-3007\" src=\"\/eps\/wp-content\/uploads\/sites\/13\/2019\/03\/pdf.png\" alt=\"\" width=\"22\" height=\"22\" \/><\/a><\/li>\n<li>Badminton (LPR D. Jean-Joseph): <a href=\"https:\/\/site.ac-martinique.fr\/eps\/wp-content\/uploads\/sites\/13\/2022\/01\/Badminton-Bac-Pro-LPR-D.-JEAN-JOSEPH.pdf\" target=\"_blank\" rel=\"noopener\"><img loading=\"lazy\" decoding=\"async\" class=\"alignnone wp-image-3007\" src=\"\/eps\/wp-content\/uploads\/sites\/13\/2019\/03\/pdf.png\" alt=\"\" width=\"22\" height=\"22\" \/><\/a><\/li>\n<li>Badminton (LP Trinit\u00e9): <a href=\"https:\/\/site.ac-martinique.fr\/eps\/wp-content\/uploads\/sites\/13\/2022\/01\/BADMINTON-Referentiel-BAC-PRO-LP-TRINITE.docx\" target=\"_blank\" rel=\"noopener\"><img loading=\"lazy\" decoding=\"async\" class=\"alignnone wp-image-3190\" src=\"\/eps\/wp-content\/uploads\/sites\/13\/2020\/06\/LogoWord.png\" alt=\"\" width=\"24\" height=\"23\" \/><\/a><\/li>\n<li>Badminton (LPO J. Zobel): <a href=\"https:\/\/site.ac-martinique.fr\/eps\/wp-content\/uploads\/sites\/13\/2022\/01\/Badminton-Referentiel-devaluation-bac-pro-LPO-Zobel.pdf\" target=\"_blank\" rel=\"noopener\"><img loading=\"lazy\" decoding=\"async\" class=\"alignnone wp-image-3007\" src=\"\/eps\/wp-content\/uploads\/sites\/13\/2019\/03\/pdf.png\" alt=\"\" width=\"22\" height=\"22\" \/><\/a><\/li>\n<li>Badminton (LPO J. Pernock): <a href=\"https:\/\/site.ac-martinique.fr\/eps\/wp-content\/uploads\/sites\/13\/2022\/03\/BADMINTON-BAC-PRO-LPO-J.-PERNOCK-972.pdf\" target=\"_blank\" rel=\"noopener\"><img loading=\"lazy\" decoding=\"async\" class=\"alignnone wp-image-3007\" src=\"\/eps\/wp-content\/uploads\/sites\/13\/2019\/03\/pdf.png\" alt=\"\" width=\"22\" height=\"22\" \/><\/a><\/li>\n<\/ul>\n<p style=\"text-align: center;\"><span style=\"color: #ff0000;\"><strong>Tennis de Table<br \/><\/strong><\/span><\/p>\n<ul>\n<li>Tennis de table (Lyc\u00e9e Bissol): <a href=\"https:\/\/site.ac-martinique.fr\/eps\/wp-content\/uploads\/sites\/13\/2022\/01\/Tennis-de-table-Bac-Pro-Bissol.docx\" target=\"_blank\" rel=\"noopener\"><img loading=\"lazy\" decoding=\"async\" class=\"alignnone wp-image-3190\" src=\"\/eps\/wp-content\/uploads\/sites\/13\/2020\/06\/LogoWord.png\" alt=\"\" width=\"24\" height=\"23\" \/><\/a><\/li>\n<li>Tennis de table (Lyc\u00e9e Cultier): <a href=\"https:\/\/site.ac-martinique.fr\/eps\/wp-content\/uploads\/sites\/13\/2022\/01\/Tennis-de-Table-Bac-pro-CULTIER.xlsx\" target=\"_blank\" rel=\"noopener\"><img loading=\"lazy\" decoding=\"async\" class=\"alignnone wp-image-3340\" src=\"\/eps\/wp-content\/uploads\/sites\/13\/2020\/09\/Icone-XLS.png\" alt=\"\" width=\"28\" height=\"25\" \/><\/a><\/li>\n<li>Tennis de table (LP La Jet\u00e9e, Le Fran\u00e7ois): <a href=\"https:\/\/site.ac-martinique.fr\/eps\/wp-content\/uploads\/sites\/13\/2022\/01\/TENNIS-DE-TABLE-BAC-PRO-La-jetee.pdf\" target=\"_blank\" rel=\"noopener\"><img loading=\"lazy\" decoding=\"async\" class=\"alignnone wp-image-3007\" src=\"\/eps\/wp-content\/uploads\/sites\/13\/2019\/03\/pdf.png\" alt=\"\" width=\"22\" height=\"22\" \/><\/a><\/li>\n<li>Tennis de table (Lyc\u00e9e Nord caraibes): <a href=\"https:\/\/site.ac-martinique.fr\/eps\/wp-content\/uploads\/sites\/13\/2022\/01\/Tennis-de-table-Bac-Pro-LNC.docx\" target=\"_blank\" rel=\"noopener\"><img loading=\"lazy\" decoding=\"async\" class=\"alignnone wp-image-3190\" src=\"\/eps\/wp-content\/uploads\/sites\/13\/2020\/06\/LogoWord.png\" alt=\"\" width=\"24\" height=\"23\" \/><\/a><\/li>\n<li>Tennis de table (LPO V. Anicet): <a href=\"https:\/\/site.ac-martinique.fr\/eps\/wp-content\/uploads\/sites\/13\/2022\/01\/Tennis-de-table-BAC-PRO-LPO-V.-ANICET.pdf\" target=\"_blank\" rel=\"noopener\"><img loading=\"lazy\" decoding=\"async\" class=\"alignnone wp-image-3007\" src=\"\/eps\/wp-content\/uploads\/sites\/13\/2019\/03\/pdf.png\" alt=\"\" width=\"22\" height=\"22\" \/><\/a><\/li>\n<li>Tennis de table (Lyc\u00e9e Lumina): <a href=\"https:\/\/site.ac-martinique.fr\/eps\/wp-content\/uploads\/sites\/13\/2022\/01\/Tennis-de-table-Bac-Pro-Lumina.docx\" target=\"_blank\" rel=\"noopener\"><img loading=\"lazy\" decoding=\"async\" class=\"alignnone wp-image-3190\" src=\"\/eps\/wp-content\/uploads\/sites\/13\/2020\/06\/LogoWord.png\" alt=\"\" width=\"24\" height=\"23\" \/><\/a><\/li>\n<li>Tennis de table (Lyc\u00e9e R. Neris): <a href=\"https:\/\/site.ac-martinique.fr\/eps\/wp-content\/uploads\/sites\/13\/2022\/01\/TENNIS-DE-TABLE-BAC-PRO-R.NERIS_.docx\" target=\"_blank\" rel=\"noopener\"><img loading=\"lazy\" decoding=\"async\" class=\"alignnone wp-image-3190\" src=\"\/eps\/wp-content\/uploads\/sites\/13\/2020\/06\/LogoWord.png\" alt=\"\" width=\"24\" height=\"23\" \/><\/a><\/li>\n<li>Tennis de table (Lyc\u00e9e Saint Jean-Paul II): <a href=\"https:\/\/site.ac-martinique.fr\/eps\/wp-content\/uploads\/sites\/13\/2022\/01\/Tennis-de-table-Bac-pro-Saint-Jean-Paul-II.docx\" target=\"_blank\" rel=\"noopener\"><img loading=\"lazy\" decoding=\"async\" class=\"alignnone wp-image-3190\" src=\"\/eps\/wp-content\/uploads\/sites\/13\/2020\/06\/LogoWord.png\" alt=\"\" width=\"24\" height=\"23\" \/><\/a><\/li>\n<li>Tennis de table (LP Trinit\u00e9): <a href=\"https:\/\/site.ac-martinique.fr\/eps\/wp-content\/uploads\/sites\/13\/2022\/01\/TENNIS-DE-TABLE-Referentiel-BAC-PRO-LP-TRINITE.docx\" target=\"_blank\" rel=\"noopener\"><img loading=\"lazy\" decoding=\"async\" class=\"alignnone wp-image-3190\" src=\"\/eps\/wp-content\/uploads\/sites\/13\/2020\/06\/LogoWord.png\" alt=\"\" width=\"24\" height=\"23\" \/><\/a><\/li>\n<\/ul>\n\n\n<p><\/p>\n","protected":false},"excerpt":{"rendered":"<p>CHAMP D\u2019APPRENTISSAGE n\u00b0 4 : \u00ab Conduire et ma\u00eetriser un affrontement collectif ou interindividuel pour gagner \u00bb: Badminton, tennis de table, boxe fran\u00e7aise, judo, basket-ball, football, handball, rugby, volley-ball Handball Handball (Lyc\u00e9e Bissol): Handball (LP Trinit\u00e9): Handball (Lyc\u00e9e J. Zobel): &hellip; <a href=\"https:\/\/site.ac-martinique.fr\/eps\/?page_id=3995\">Continuer la lecture <span class=\"meta-nav\">&rarr;<\/span><\/a><\/p>\n","protected":false},"author":69,"featured_media":0,"parent":0,"menu_order":0,"comment_status":"closed","ping_status":"closed","template":"","meta":{"footnotes":""},"class_list":["post-3995","page","type-page","status-publish","hentry"],"_links":{"self":[{"href":"https:\/\/site.ac-martinique.fr\/eps\/index.php?rest_route=\/wp\/v2\/pages\/3995","targetHints":{"allow":["GET"]}}],"collection":[{"href":"https:\/\/site.ac-martinique.fr\/eps\/index.php?rest_route=\/wp\/v2\/pages"}],"about":[{"href":"https:\/\/site.ac-martinique.fr\/eps\/index.php?rest_route=\/wp\/v2\/types\/page"}],"author":[{"embeddable":true,"href":"https:\/\/site.ac-martinique.fr\/eps\/index.php?rest_route=\/wp\/v2\/users\/69"}],"replies":[{"embeddable":true,"href":"https:\/\/site.ac-martinique.fr\/eps\/index.php?rest_route=%2Fwp%2Fv2%2Fcomments&post=3995"}],"version-history":[{"count":12,"href":"https:\/\/site.ac-martinique.fr\/eps\/index.php?rest_route=\/wp\/v2\/pages\/3995\/revisions"}],"predecessor-version":[{"id":4240,"href":"https:\/\/site.ac-martinique.fr\/eps\/index.php?rest_route=\/wp\/v2\/pages\/3995\/revisions\/4240"}],"wp:attachment":[{"href":"https:\/\/site.ac-martinique.fr\/eps\/index.php?rest_route=%2Fwp%2Fv2%2Fmedia&parent=3995"}],"curies":[{"name":"wp","href":"https:\/\/api.w.org\/{rel}","templated":true}]}}