{"id":4036,"date":"2022-01-08T21:54:03","date_gmt":"2022-01-08T20:54:03","guid":{"rendered":"https:\/\/site.ac-martinique.fr\/eps\/?page_id=4036"},"modified":"2022-01-08T23:16:11","modified_gmt":"2022-01-08T22:16:11","slug":"ca5-bac-pro","status":"publish","type":"page","link":"https:\/\/site.ac-martinique.fr\/eps\/?page_id=4036","title":{"rendered":"CA5-BAC PRO"},"content":{"rendered":"<p style=\"text-align: center;\"><strong>CHAMP D\u2019APPRENTISSAGE n\u00b0 5<\/strong> : \u00ab R\u00e9aliser une activit\u00e9 physique pour d\u00e9velopper ses ressources et s\u2019entretenir \u00bb: Course en dur\u00e9e, musculation, natation en dur\u00e9e, step, yoga<\/p>\n<p style=\"text-align: center;\"><span style=\"color: #ff0000;\"><strong>Cross Training<br \/>\n<\/strong><\/span><\/p>\n<ul>\n<li>Cross Training (Lyc\u00e9e Pro): <a href=\"https:\/\/site.ac-martinique.fr\/eps\/wp-content\/uploads\/sites\/13\/2022\/01\/Cross-training-Bac-pro-2022.docx\" target=\"_blank\" rel=\"noopener\"><img loading=\"lazy\" decoding=\"async\" class=\"alignnone wp-image-3190\" src=\"\/eps\/wp-content\/uploads\/sites\/13\/2020\/06\/LogoWord.png\" alt=\"\" width=\"24\" height=\"23\" \/><\/a><\/li>\n<li>Cross Training (Lyc\u00e9e Bissol): <a href=\"https:\/\/site.ac-martinique.fr\/eps\/wp-content\/uploads\/sites\/13\/2022\/01\/Cross-Training-Bac-Pro-Bissol.docx\" target=\"_blank\" rel=\"noopener\"><img loading=\"lazy\" decoding=\"async\" class=\"alignnone wp-image-3190\" src=\"\/eps\/wp-content\/uploads\/sites\/13\/2020\/06\/LogoWord.png\" alt=\"\" width=\"24\" height=\"23\" \/><\/a><\/li>\n<li>Cross Training (Lyc\u00e9e Nord Caraibe):\u00a0<a href=\"https:\/\/site.ac-martinique.fr\/eps\/wp-content\/uploads\/sites\/13\/2022\/01\/Cross-training-Bac-pro-LNC.docx\" target=\"_blank\" rel=\"noopener\"><img loading=\"lazy\" decoding=\"async\" class=\"alignnone wp-image-3190\" src=\"\/eps\/wp-content\/uploads\/sites\/13\/2020\/06\/LogoWord.png\" alt=\"\" width=\"24\" height=\"23\" \/><\/a><\/li>\n<li>Cross Training (Lyc\u00e9e V. Anicet): <a href=\"https:\/\/site.ac-martinique.fr\/eps\/wp-content\/uploads\/sites\/13\/2022\/01\/Cross-Training-BAC-PRO-LPO-V.-ANICET.pdf\" target=\"_blank\" rel=\"noopener\"><img loading=\"lazy\" decoding=\"async\" class=\"alignnone wp-image-3007\" src=\"\/eps\/wp-content\/uploads\/sites\/13\/2019\/03\/pdf.png\" alt=\"\" width=\"27\" height=\"27\" \/><\/a><\/li>\n<li>Cross Training (Lyc\u00e9e R. Neris): <a href=\"https:\/\/site.ac-martinique.fr\/eps\/wp-content\/uploads\/sites\/13\/2022\/01\/Cross-TRAINING-BAC-PRO-R.NERIS_.docx\" target=\"_blank\" rel=\"noopener\"><img loading=\"lazy\" decoding=\"async\" class=\"alignnone wp-image-3190\" src=\"\/eps\/wp-content\/uploads\/sites\/13\/2020\/06\/LogoWord.png\" alt=\"\" width=\"24\" height=\"23\" \/><\/a><\/li>\n<li>Cross Training (Lyc\u00e9e St Jean-paul II): <a href=\"https:\/\/site.ac-martinique.fr\/eps\/wp-content\/uploads\/sites\/13\/2022\/01\/Cross-Training-Bac-Pro-Saint-Jean-Paul-II.docx\" target=\"_blank\" rel=\"noopener\"><img loading=\"lazy\" decoding=\"async\" class=\"alignnone wp-image-3190\" src=\"\/eps\/wp-content\/uploads\/sites\/13\/2020\/06\/LogoWord.png\" alt=\"\" width=\"24\" height=\"23\" \/><\/a><\/li>\n<li>Cross Training (Lyc\u00e9e La jet\u00e9e): <a href=\"https:\/\/site.ac-martinique.fr\/eps\/wp-content\/uploads\/sites\/13\/2022\/01\/Cross-training-evaluation-CAP-LPO-la-jetee.pdf\" target=\"_blank\" rel=\"noopener\"><img loading=\"lazy\" decoding=\"async\" class=\"alignnone wp-image-3007\" src=\"\/eps\/wp-content\/uploads\/sites\/13\/2019\/03\/pdf.png\" alt=\"\" width=\"27\" height=\"27\" \/><\/a><\/li>\n<li>Cross Training (Lyc\u00e9e Lumina Sophie): <a href=\"https:\/\/site.ac-martinique.fr\/eps\/wp-content\/uploads\/sites\/13\/2022\/01\/Cross-Traning-Bac-Pro-LUMINA-SOPHIE.docx\" target=\"_blank\" rel=\"noopener\"><img loading=\"lazy\" decoding=\"async\" class=\"alignnone wp-image-3190\" src=\"\/eps\/wp-content\/uploads\/sites\/13\/2020\/06\/LogoWord.png\" alt=\"\" width=\"24\" height=\"23\" \/><\/a><\/li>\n<li>Cross Training (LP trinit\u00e9): <a href=\"https:\/\/site.ac-martinique.fr\/eps\/wp-content\/uploads\/sites\/13\/2022\/01\/Cross-Traning-Referentiel-BAC-PRO-LP-TRINITE.docx\" target=\"_blank\" rel=\"noopener\"><img loading=\"lazy\" decoding=\"async\" class=\"alignnone wp-image-3190\" src=\"\/eps\/wp-content\/uploads\/sites\/13\/2020\/06\/LogoWord.png\" alt=\"\" width=\"24\" height=\"23\" \/><\/a><\/li>\n<\/ul>\n<p style=\"text-align: center;\"><span style=\"color: #ff0000;\"><strong>Yoga<br \/>\n<\/strong><\/span><\/p>\n<ul>\n<li>Yoga (LPR D. Jean-Joseph): <a href=\"https:\/\/site.ac-martinique.fr\/eps\/wp-content\/uploads\/sites\/13\/2022\/01\/Yoga-Bac-Pro-LPR-D.-JEAN-JOSEPH.pdf\" target=\"_blank\" rel=\"noopener\"><img loading=\"lazy\" decoding=\"async\" class=\"alignnone wp-image-3007\" src=\"\/eps\/wp-content\/uploads\/sites\/13\/2019\/03\/pdf.png\" alt=\"\" width=\"22\" height=\"22\" \/><\/a><\/li>\n<\/ul>\n<p style=\"text-align: center;\"><span style=\"color: #ff0000;\"><strong>Musculation<\/strong><\/span><\/p>\n<ul>\n<li>Musculation (Lyc\u00e9e Nord Atlantique): <a href=\"https:\/\/site.ac-martinique.fr\/eps\/wp-content\/uploads\/sites\/13\/2022\/01\/Musculation-Bac-Pro-LNA.pdf\" target=\"_blank\" rel=\"noopener\"><img loading=\"lazy\" decoding=\"async\" class=\"alignnone wp-image-3007\" src=\"\/eps\/wp-content\/uploads\/sites\/13\/2019\/03\/pdf.png\" alt=\"\" width=\"22\" height=\"22\" \/><\/a><\/li>\n<li>Musculation (LPR D. Jean-Joseph): <a href=\"https:\/\/site.ac-martinique.fr\/eps\/wp-content\/uploads\/sites\/13\/2022\/01\/Musculation-Bac-Pro-LPR-D.-JEAN-JOSEPH.pdf\" target=\"_blank\" rel=\"noopener\"><img loading=\"lazy\" decoding=\"async\" class=\"alignnone wp-image-3007\" src=\"\/eps\/wp-content\/uploads\/sites\/13\/2019\/03\/pdf.png\" alt=\"\" width=\"22\" height=\"22\" \/><\/a><\/li>\n<li>Musculation (Lyc\u00e9e Place d&rsquo;Armes): <a href=\"https:\/\/site.ac-martinique.fr\/eps\/wp-content\/uploads\/sites\/13\/2022\/01\/Musculation-Bac-pro-Place-dArmes.docx\" target=\"_blank\" rel=\"noopener\"><img loading=\"lazy\" decoding=\"async\" class=\"alignnone wp-image-3190\" src=\"\/eps\/wp-content\/uploads\/sites\/13\/2020\/06\/LogoWord.png\" alt=\"\" width=\"24\" height=\"23\" \/><\/a><\/li>\n<li>Musculation (Lyc\u00e9e Chateauboeuf): <a href=\"https:\/\/site.ac-martinique.fr\/eps\/wp-content\/uploads\/sites\/13\/2022\/01\/Musculation-Bac-Pro-LP-Chateauboeuf-Feuille-1.pdf\" target=\"_blank\" rel=\"noopener\"><img loading=\"lazy\" decoding=\"async\" class=\"alignnone wp-image-3007\" src=\"\/eps\/wp-content\/uploads\/sites\/13\/2019\/03\/pdf.png\" alt=\"\" width=\"22\" height=\"22\" \/><\/a><\/li>\n<li>Musculation (LP Trinit\u00e9): <a href=\"https:\/\/site.ac-martinique.fr\/eps\/wp-content\/uploads\/sites\/13\/2022\/01\/Musculation-Referentiel-BAC-PRO-LP-TRINITE.pdf\" target=\"_blank\" rel=\"noopener\"><img loading=\"lazy\" decoding=\"async\" class=\"alignnone wp-image-3007\" src=\"\/eps\/wp-content\/uploads\/sites\/13\/2019\/03\/pdf.png\" alt=\"\" width=\"27\" height=\"27\" \/><\/a><\/li>\n<li>Musculation (LPO J. Zobel): <a href=\"https:\/\/site.ac-martinique.fr\/eps\/wp-content\/uploads\/sites\/13\/2022\/01\/Musculation-Referentiel-devaluation-bac-pro-LPO-Zobel.pdf\" target=\"_blank\" rel=\"noopener\"><img loading=\"lazy\" decoding=\"async\" class=\"alignnone wp-image-3007\" src=\"\/eps\/wp-content\/uploads\/sites\/13\/2019\/03\/pdf.png\" alt=\"\" width=\"27\" height=\"27\" \/><\/a><\/li>\n<li>Musculation (Lyc\u00e9e Nord Caraibe): <a href=\"https:\/\/site.ac-martinique.fr\/eps\/wp-content\/uploads\/sites\/13\/2022\/01\/MUSCU-Bac-pro-LNC.docx\" target=\"_blank\" rel=\"noopener\"><img loading=\"lazy\" decoding=\"async\" class=\"alignnone wp-image-3190\" src=\"\/eps\/wp-content\/uploads\/sites\/13\/2020\/06\/LogoWord.png\" alt=\"\" width=\"24\" height=\"23\" \/><\/a><\/li>\n<li>Musculation (Lyc\u00e9e AMEP): <a href=\"https:\/\/site.ac-martinique.fr\/eps\/wp-content\/uploads\/sites\/13\/2022\/01\/Musculation-BAC-PRO-Amep.docx\" target=\"_blank\" rel=\"noopener\"><img loading=\"lazy\" decoding=\"async\" class=\"alignnone wp-image-3190\" src=\"\/eps\/wp-content\/uploads\/sites\/13\/2020\/06\/LogoWord.png\" alt=\"\" width=\"24\" height=\"23\" \/><\/a><\/li>\n<li>Musculation (Lyc\u00e9e Bissol): <a href=\"https:\/\/site.ac-martinique.fr\/eps\/wp-content\/uploads\/sites\/13\/2022\/01\/Musculation-Bac-Pro-Bissol.docx\" target=\"_blank\" rel=\"noopener\"><img loading=\"lazy\" decoding=\"async\" class=\"alignnone wp-image-3190\" src=\"\/eps\/wp-content\/uploads\/sites\/13\/2020\/06\/LogoWord.png\" alt=\"\" width=\"24\" height=\"23\" \/><\/a><\/li>\n<li>Musculation (Lyc\u00e9e La jet\u00e9e): <a href=\"https:\/\/site.ac-martinique.fr\/eps\/wp-content\/uploads\/sites\/13\/2022\/01\/Musculation-BAC-PRO-La-jetee.pdf\" target=\"_blank\" rel=\"noopener\"><img loading=\"lazy\" decoding=\"async\" class=\"alignnone wp-image-3007\" src=\"\/eps\/wp-content\/uploads\/sites\/13\/2019\/03\/pdf.png\" alt=\"\" width=\"27\" height=\"27\" \/><\/a><\/li>\n<\/ul>\n<p style=\"text-align: center;\"><span style=\"color: #ff0000;\"><strong>Step<\/strong><\/span><\/p>\n<ul>\n<li>Step (Lyc\u00e9e Cultier): <a href=\"https:\/\/site.ac-martinique.fr\/eps\/wp-content\/uploads\/sites\/13\/2022\/01\/Step-bacpro-Cultier.pdf\" target=\"_blank\" rel=\"noopener\"><img loading=\"lazy\" decoding=\"async\" class=\"alignnone wp-image-3007\" src=\"\/eps\/wp-content\/uploads\/sites\/13\/2019\/03\/pdf.png\" alt=\"\" width=\"22\" height=\"22\" \/><\/a><\/li>\n<\/ul>\n<p style=\"text-align: center;\"><span style=\"color: #ff0000;\"><strong>Fitness<\/strong><\/span><\/p>\n<ul>\n<li>Fitness (Lyc\u00e9e Pernock): <a href=\"https:\/\/site.ac-martinique.fr\/eps\/wp-content\/uploads\/sites\/13\/2022\/01\/Fitness-Bac-Pro-Pernock.docx\" target=\"_blank\" rel=\"noopener\"><img loading=\"lazy\" decoding=\"async\" class=\"alignnone wp-image-3190\" src=\"\/eps\/wp-content\/uploads\/sites\/13\/2020\/06\/LogoWord.png\" alt=\"\" width=\"24\" height=\"23\" \/><\/a><\/li>\n<\/ul>\n","protected":false},"excerpt":{"rendered":"<p>CHAMP D\u2019APPRENTISSAGE n\u00b0 5 : \u00ab R\u00e9aliser une activit\u00e9 physique pour d\u00e9velopper ses ressources et s\u2019entretenir \u00bb: Course en dur\u00e9e, musculation, natation en dur\u00e9e, step, yoga Cross Training Cross Training (Lyc\u00e9e Pro): Cross Training (Lyc\u00e9e Bissol): Cross Training (Lyc\u00e9e Nord &hellip; <a href=\"https:\/\/site.ac-martinique.fr\/eps\/?page_id=4036\">Continuer la lecture <span class=\"meta-nav\">&rarr;<\/span><\/a><\/p>\n","protected":false},"author":69,"featured_media":0,"parent":0,"menu_order":0,"comment_status":"closed","ping_status":"closed","template":"","meta":{"footnotes":""},"class_list":["post-4036","page","type-page","status-publish","hentry"],"_links":{"self":[{"href":"https:\/\/site.ac-martinique.fr\/eps\/index.php?rest_route=\/wp\/v2\/pages\/4036","targetHints":{"allow":["GET"]}}],"collection":[{"href":"https:\/\/site.ac-martinique.fr\/eps\/index.php?rest_route=\/wp\/v2\/pages"}],"about":[{"href":"https:\/\/site.ac-martinique.fr\/eps\/index.php?rest_route=\/wp\/v2\/types\/page"}],"author":[{"embeddable":true,"href":"https:\/\/site.ac-martinique.fr\/eps\/index.php?rest_route=\/wp\/v2\/users\/69"}],"replies":[{"embeddable":true,"href":"https:\/\/site.ac-martinique.fr\/eps\/index.php?rest_route=%2Fwp%2Fv2%2Fcomments&post=4036"}],"version-history":[{"count":7,"href":"https:\/\/site.ac-martinique.fr\/eps\/index.php?rest_route=\/wp\/v2\/pages\/4036\/revisions"}],"predecessor-version":[{"id":4067,"href":"https:\/\/site.ac-martinique.fr\/eps\/index.php?rest_route=\/wp\/v2\/pages\/4036\/revisions\/4067"}],"wp:attachment":[{"href":"https:\/\/site.ac-martinique.fr\/eps\/index.php?rest_route=%2Fwp%2Fv2%2Fmedia&parent=4036"}],"curies":[{"name":"wp","href":"https:\/\/api.w.org\/{rel}","templated":true}]}}