{"id":716,"date":"2014-05-03T03:45:40","date_gmt":"2014-05-03T02:45:40","guid":{"rendered":"\/eps\/?page_id=716"},"modified":"2015-11-10T19:06:51","modified_gmt":"2015-11-10T18:06:51","slug":"epreuves-ponctuelles-obligatoires-bep-cap-2","status":"publish","type":"page","link":"https:\/\/site.ac-martinique.fr\/eps\/?page_id=716","title":{"rendered":"Epreuves Ponctuelles Obligatoires BEP-CAP"},"content":{"rendered":"<p>Les \u00e9preuves s&rsquo;adressent aux <strong>\u00e9l\u00e8ves non scolaris\u00e9s<\/strong> ou ne b\u00e9n\u00e9ficiant pas de cours d&rsquo;EPS au sein de leur \u00e9tablissement, et qui n&rsquo;ont pu \u00eatre soumis au contr\u00f4le en cours de formation (CCF).<\/p>\n<p align=\"justify\">Pour tous les candidats,l&rsquo;examen ponctuel terminal comporte <strong>deux \u00e9preuves<\/strong> qui se d\u00e9rouleront <strong>entre le 25 avril et le 3 mai 2016<\/strong><\/p>\n<p align=\"left\">Les candidats recevront leur convocation directement \u00e0 leur adresse.<\/p>\n<p style=\"text-align: center;\" align=\"left\">\u00a0 Cf:<a href=\"\/eps\/wp-content\/uploads\/sites\/13\/2014\/04\/Circulaire-Examens-Session-2016.pdf\" target=\"_blank\">Circulaire Examens Session 2016<\/a><\/p>\n<h3 style=\"text-align: center;\" align=\"left\"><strong>Protocole de l&rsquo;\u00e9preuve<\/strong><\/h3>\n<p align=\"left\">Les centres d&rsquo;examen sont sous la responsabilit\u00e9 d&rsquo;un enseignant d&rsquo;EPS, le pr\u00e9sident de jury.<\/p>\n<p align=\"left\">Lors de son inscription aux \u00e9preuves, le candidat choisit le <strong>couple d&rsquo;\u00e9preuves <\/strong>propos\u00e9 dans\u00a0 la liste nationale des \u00e9preuves.<\/p>\n<p align=\"left\">Le candidat doit se pr\u00e9senter au centre d&rsquo;examen <strong>15 minutes avant<\/strong> l&rsquo;heure pr\u00e9cis\u00e9e sur la convocation, muni de\u00a0sa carte d&rsquo;identit\u00e9\u00a0 et de sa convocation.<\/p>\n<p align=\"left\">Un candidat qui se pr\u00e9sente sans pi\u00e8ce d&rsquo;identit\u00e9, ni convocation ne peut \u00eatre admis par le centre d&rsquo;examen.<\/p>\n<p align=\"left\">Une <strong>tenue adapt\u00e9e<\/strong> (basket,short ou surv\u00eatement,-tee-shirt) est exig\u00e9e afin de r\u00e9pondre aux consignes de s\u00e9curit\u00e9 et d&rsquo;hygi\u00e8ne.<\/p>\n<p align=\"left\">Le candidat doit fournir le mat\u00e9riel n\u00e9cessaire pour sa prestation physique selon l&rsquo;activit\u00e9\u00a0.<\/p>\n<p align=\"left\">La note obtenue lors de l&rsquo;\u00e9preuve ne peut \u00eatre transmise .<\/p>\n<p align=\"left\">\u00a0En cas de perturbation du fonctionnement de l&rsquo;\u00e9preuve, le jury peut prendre la responsabilit\u00e9 d&rsquo;exclure le candidat.<\/p>\n<p align=\"left\"><strong>En cas d&rsquo;inaptitude,<\/strong> le candidat doit apporter une copie du\u00a0certificat m\u00e9dical couvrant la date des \u00e9preuves\u00a0 au centre d&rsquo;examen ou au rectorat (division des examens).<\/p>\n<p align=\"left\"><strong>En cas d&rsquo;absence<\/strong>, la note z\u00e9ro est attribu\u00e9e au candidat.<\/p>\n<p style=\"text-align: center;\">\u00a0Cf\u00a0: <a href=\"\/eps\/wp-content\/uploads\/sites\/13\/2014\/04\/BO_19_07_2012.pdf\">Note de service n\u00b02013 du BO du 19 juillet 2012<\/a><\/p>\n<h3 style=\"text-align: center;\"><span style=\"color: #000000;\"><strong>Couples d\u2019\u00e9preuves BEP-CAP<\/strong><\/span><\/h3>\n<h5 style=\"text-align: center;\"><span style=\"color: #0000ff;\"><em><strong><span style=\"color: #ff0000;\">Pour voir\u00a0 la grille d&rsquo;\u00e9valuation, CLIQUEZ sur l&rsquo;activit\u00e9<\/span><\/strong><\/em><\/span><\/h5>\n<p style=\"text-align: center;\"><strong><a href=\"\/eps\/wp-content\/uploads\/sites\/13\/2014\/06\/PONCTUELLE_OBLIG_CAP_BEP_Demi_fond.pdf\" target=\"_blank\">Demi Fond<\/a>\u00a0\/\u00a0<a href=\"\/eps\/wp-content\/uploads\/sites\/13\/2014\/06\/PONCTUELLE_OBLIG_CAP_BEP_Badminton.pdf\" target=\"_blank\">Badminton<\/a><\/strong><\/p>\n<p style=\"text-align: center;\"><strong><a href=\"\/eps\/wp-content\/uploads\/sites\/13\/2014\/06\/PONCTUELLE_OBLIG_CAP_BEP_Demi_fond.pdf\" target=\"_blank\">Demi Fond<\/a>\u00a0\/\u00a0<a href=\"\/eps\/wp-content\/uploads\/sites\/13\/2014\/06\/PONCTUELLE_OBLIG_BAC_TENNIS_TABLE.pdf\" target=\"_blank\">Tennis de table<\/a><\/strong><\/p>\n<p style=\"text-align: center;\"><strong><a href=\"\/eps\/wp-content\/uploads\/sites\/13\/2014\/06\/PONCTUELLE_OBLIG_CAP_BEP_Gym_sol.pdf\" target=\"_blank\">Gymnastique<\/a>\u00a0\/\u00a0<a href=\"\/eps\/wp-content\/uploads\/sites\/13\/2014\/06\/PONCTUELLE_OBLIG_CAP_BEP_Badminton.pdf\" target=\"_blank\">Badminton<\/a><\/strong><\/p>\n<p style=\"text-align: center;\"><strong><a href=\"\/eps\/wp-content\/uploads\/sites\/13\/2014\/06\/PONCTUELLE_OBLIG_CAP_BEP_Gym_sol.pdf\" target=\"_blank\">Gymnastique<\/a>\u00a0\/\u00a0<a href=\"\/eps\/wp-content\/uploads\/sites\/13\/2014\/06\/PONCTUELLE_OBLIG_BACPRO_tennis_table.pdf\" target=\"_blank\">Tennis de table<\/a><\/strong><\/p>\n<p style=\"text-align: center;\"><strong><a href=\"\/eps\/wp-content\/uploads\/sites\/13\/2014\/06\/PONCTUELLE_OBLIG_CAP_BEP_Badminton.pdf\" target=\"_blank\">Badminton<\/a>\u00a0\/<a href=\"\/eps\/wp-content\/uploads\/sites\/13\/2014\/06\/PONCTUELLE_OBLIG_CAP_BEP_Sauvetage.pdf\" target=\"_blank\">Sauvetage<\/a><\/strong><\/p>\n","protected":false},"excerpt":{"rendered":"<p>Les \u00e9preuves s&rsquo;adressent aux \u00e9l\u00e8ves non scolaris\u00e9s ou ne b\u00e9n\u00e9ficiant pas de cours d&rsquo;EPS au sein de leur \u00e9tablissement, et qui n&rsquo;ont pu \u00eatre soumis au contr\u00f4le en cours de formation (CCF). Pour tous les candidats,l&rsquo;examen ponctuel terminal comporte deux &hellip; <a href=\"https:\/\/site.ac-martinique.fr\/eps\/?page_id=716\">Continuer la lecture <span class=\"meta-nav\">&rarr;<\/span><\/a><\/p>\n","protected":false},"author":69,"featured_media":0,"parent":115,"menu_order":0,"comment_status":"closed","ping_status":"open","template":"","meta":{"footnotes":""},"class_list":["post-716","page","type-page","status-publish","hentry"],"_links":{"self":[{"href":"https:\/\/site.ac-martinique.fr\/eps\/index.php?rest_route=\/wp\/v2\/pages\/716","targetHints":{"allow":["GET"]}}],"collection":[{"href":"https:\/\/site.ac-martinique.fr\/eps\/index.php?rest_route=\/wp\/v2\/pages"}],"about":[{"href":"https:\/\/site.ac-martinique.fr\/eps\/index.php?rest_route=\/wp\/v2\/types\/page"}],"author":[{"embeddable":true,"href":"https:\/\/site.ac-martinique.fr\/eps\/index.php?rest_route=\/wp\/v2\/users\/69"}],"replies":[{"embeddable":true,"href":"https:\/\/site.ac-martinique.fr\/eps\/index.php?rest_route=%2Fwp%2Fv2%2Fcomments&post=716"}],"version-history":[{"count":22,"href":"https:\/\/site.ac-martinique.fr\/eps\/index.php?rest_route=\/wp\/v2\/pages\/716\/revisions"}],"predecessor-version":[{"id":2453,"href":"https:\/\/site.ac-martinique.fr\/eps\/index.php?rest_route=\/wp\/v2\/pages\/716\/revisions\/2453"}],"up":[{"embeddable":true,"href":"https:\/\/site.ac-martinique.fr\/eps\/index.php?rest_route=\/wp\/v2\/pages\/115"}],"wp:attachment":[{"href":"https:\/\/site.ac-martinique.fr\/eps\/index.php?rest_route=%2Fwp%2Fv2%2Fmedia&parent=716"}],"curies":[{"name":"wp","href":"https:\/\/api.w.org\/{rel}","templated":true}]}}