{"id":770,"date":"2014-05-03T05:05:18","date_gmt":"2014-05-03T04:05:18","guid":{"rendered":"\/eps\/?page_id=770"},"modified":"2014-06-15T00:54:17","modified_gmt":"2014-06-14T23:54:17","slug":"cp2","status":"publish","type":"page","link":"https:\/\/site.ac-martinique.fr\/eps\/?page_id=770","title":{"rendered":"CP2"},"content":{"rendered":"<h3 style=\"text-align: center;\"><span style=\"color: #800000;\"><strong>\u00a0<\/strong>\u00a0Se d\u00e9placer en s&rsquo;adaptant \u00e0 des environnements vari\u00e9s et incertains.<\/span><\/h3>\n<p style=\"text-align: center;\"><a href=\"\/eps\/wp-content\/uploads\/sites\/13\/2014\/05\/appn.jpg\"><img loading=\"lazy\" decoding=\"async\" class=\"alignnone size-medium wp-image-942\" src=\"\/eps\/wp-content\/uploads\/sites\/13\/2014\/05\/appn-300x82.jpg\" alt=\"appn\" width=\"300\" height=\"82\" srcset=\"https:\/\/site.ac-martinique.fr\/eps\/wp-content\/uploads\/sites\/13\/2014\/05\/appn-300x82.jpg 300w, https:\/\/site.ac-martinique.fr\/eps\/wp-content\/uploads\/sites\/13\/2014\/05\/appn.jpg 400w\" sizes=\"auto, (max-width: 300px) 100vw, 300px\" \/><\/a><\/p>\n<p style=\"text-align: center;\"><span style=\"color: #0000ff;\"><strong>COURSE D&rsquo;ORIENTATION<\/strong><\/span><\/p>\n<p style=\"text-align: left;\"><a href=\"\/eps\/wp-content\/uploads\/sites\/13\/2014\/05\/001.gif\"><img loading=\"lazy\" decoding=\"async\" class=\"alignnone size-full wp-image-998\" src=\"\/eps\/wp-content\/uploads\/sites\/13\/2014\/05\/001.gif\" alt=\"001\" width=\"16\" height=\"16\" \/><\/a>\u00a0 \u00a0\u00ab\u00a0<a title=\"Evaluation du socle commun en course d\u2019orientation\" href=\"\/eps\/?page_id=1027\" target=\"_blank\">Evaluation du socle commun en course d&rsquo;orientation<\/a>\u00a0\u00bb\u00a0Rapport de stage Pierre LELEU et Didier COUCOULIS. Stage de formation 2011)<\/p>\n<p style=\"text-align: left;\"><a href=\"\/eps\/wp-content\/uploads\/sites\/13\/2014\/05\/001.gif\"><img loading=\"lazy\" decoding=\"async\" class=\"alignnone size-full wp-image-998\" src=\"\/eps\/wp-content\/uploads\/sites\/13\/2014\/05\/001.gif\" alt=\"001\" width=\"16\" height=\"16\" \/><\/a>\u00a0 <a href=\"\/eps\/wp-content\/uploads\/sites\/13\/2014\/05\/CO-_S.LEGRAND_2006.pdf\" target=\"_blank\">Propositions didactiques<\/a>. (Samuel LEGRAND. Lyc\u00e9e J.Pernock.Stage de formation 2007.)<\/p>\n<p style=\"text-align: left;\"><a href=\"\/eps\/wp-content\/uploads\/sites\/13\/2014\/05\/001.gif\"><img loading=\"lazy\" decoding=\"async\" class=\"alignnone size-full wp-image-998\" src=\"\/eps\/wp-content\/uploads\/sites\/13\/2014\/05\/001.gif\" alt=\"001\" width=\"16\" height=\"16\" \/><\/a>\u00a0<a href=\"\/eps\/wp-content\/uploads\/sites\/13\/2014\/05\/Bilan_CO_07.doc\" target=\"_blank\">Rapport de stage<\/a>. (Samuel LEGRAND et P.Brault.2007)<\/p>\n<p style=\"text-align: center;\"><span style=\"color: #0000ff;\"><strong>ESCALADE<\/strong><strong>\u00a0<\/strong><\/span><\/p>\n<p style=\"text-align: left;\"><img loading=\"lazy\" decoding=\"async\" class=\"alignnone size-full wp-image-998\" src=\"\/eps\/wp-content\/uploads\/sites\/13\/2014\/05\/001.gif\" alt=\"001\" width=\"16\" height=\"16\" \/>\u00a0 <a href=\"\/eps\/wp-content\/uploads\/sites\/13\/2014\/05\/bilanstageescaladePAF2009.pdf\" target=\"_blank\">Atelier de pratique.Niveau d\u00e9butant. <\/a>(Samuel LEGRAND et Pierre GASTELAIS. Stage de formation 2009)<\/p>\n<p style=\"text-align: center;\"><span style=\"color: #0000ff;\"><strong>KAYAK<\/strong><\/span><\/p>\n<p style=\"text-align: left;\"><img loading=\"lazy\" decoding=\"async\" class=\"alignnone size-full wp-image-998\" src=\"\/eps\/wp-content\/uploads\/sites\/13\/2014\/05\/001.gif\" alt=\"001\" width=\"16\" height=\"16\" \/>\u00a0 <a href=\"\/eps\/wp-content\/uploads\/sites\/13\/2014\/05\/LE-CANOE.pdf\" target=\"_blank\">Traitement didactique, \u00e9l\u00e9ments techniques et exemples de situations<\/a>\u00a0(Samuel LEGRAND. Lyc\u00e9e J.Pernock.2007)<\/p>\n<p style=\"text-align: left;\"><a href=\"\/eps\/wp-content\/uploads\/sites\/13\/2014\/05\/001.gif\"><img loading=\"lazy\" decoding=\"async\" class=\"alignnone size-full wp-image-998\" src=\"\/eps\/wp-content\/uploads\/sites\/13\/2014\/05\/001.gif\" alt=\"001\" width=\"16\" height=\"16\" \/><\/a>\u00a0 <a href=\"http:\/\/alexandre.gerussi.free.fr\/ROLL\/roll.html\" target=\"_blank\">El\u00e8ments pour l&rsquo;esquimautage<\/a> (Site A.GERUSSI)<\/p>\n<p style=\"text-align: center;\"><span style=\"color: #0000ff;\"><strong>VTT<\/strong><\/span><\/p>\n<p style=\"text-align: left;\"><img loading=\"lazy\" decoding=\"async\" class=\"alignnone size-full wp-image-998\" src=\"\/eps\/wp-content\/uploads\/sites\/13\/2014\/05\/001.gif\" alt=\"001\" width=\"16\" height=\"16\" \/>\u00a0 <a href=\"\/eps\/wp-content\/uploads\/sites\/13\/2014\/05\/STAGE-VTT.pdf\" target=\"_blank\">El\u00e8ments techniques<\/a>\u00a0 ET \u00a0exemples de situations. (Sophie FRANCOIS et Emmanuel FRANCOIS.Rapport de stage interbassin. F\u00e9vrier 2007)<\/p>\n<p style=\"text-align: center;\"><span style=\"color: #0000ff;\"><strong>NATATION en MER<\/strong><\/span><\/p>\n<p style=\"text-align: left;\"><a href=\"\/eps\/wp-content\/uploads\/sites\/13\/2014\/05\/001.gif\"><img loading=\"lazy\" decoding=\"async\" class=\"alignnone size-full wp-image-998\" src=\"\/eps\/wp-content\/uploads\/sites\/13\/2014\/05\/001.gif\" alt=\"001\" width=\"16\" height=\"16\" \/><\/a>\u00a0<a href=\"\/eps\/wp-content\/uploads\/sites\/13\/2014\/05\/natation_en_mer_dec_07.pdf\" target=\"_blank\">Situations p\u00e9dagogiques.<\/a> (Pascal RENVIER. LP Petit Manoir.Stage de bassin. D\u00e9cembre 2007.)<\/p>\n<p style=\"text-align: center;\"><strong><span style=\"color: #0000ff;\">AVIRON<\/span><\/strong><\/p>\n<p style=\"text-align: left;\"><a href=\"\/eps\/wp-content\/uploads\/sites\/13\/2014\/05\/001.gif\"><img loading=\"lazy\" decoding=\"async\" class=\"alignnone size-full wp-image-998\" src=\"\/eps\/wp-content\/uploads\/sites\/13\/2014\/05\/001.gif\" alt=\"001\" width=\"16\" height=\"16\" \/><\/a><a href=\"\/eps\/wp-content\/uploads\/sites\/13\/2014\/05\/Aviron-07.pdf\" target=\"_blank\"> Technique et \u00e9l\u00e9ments pour des situations p\u00e9dagogiques.<\/a><a href=\"\/eps\/wp-content\/uploads\/sites\/13\/2014\/05\/Aviron-07.pdf\">.<\/a> (Ivan BAOUSSON. Coll\u00e8ge V.Placoly. Stage de formation 2007)<\/p>\n<p style=\"text-align: center;\"><strong><span style=\"color: #0000ff;\">RAID<\/span><\/strong><\/p>\n<p style=\"text-align: left;\"><a href=\"\/eps\/wp-content\/uploads\/sites\/13\/2014\/05\/001.gif\"><img loading=\"lazy\" decoding=\"async\" class=\"alignnone size-full wp-image-998\" src=\"\/eps\/wp-content\/uploads\/sites\/13\/2014\/05\/001.gif\" alt=\"001\" width=\"16\" height=\"16\" \/><\/a>\u00a0<a href=\"\/eps\/wp-content\/uploads\/sites\/13\/2014\/05\/Formation_raid_interbassin_08.pdf\" target=\"_blank\">Stage Interbassin<\/a> (Leopold BENSE- Pierre BRAULT et Samuel LEGRAND. Stage de formation 2008)<\/p>\n","protected":false},"excerpt":{"rendered":"<p>\u00a0\u00a0Se d\u00e9placer en s&rsquo;adaptant \u00e0 des environnements vari\u00e9s et incertains. COURSE D&rsquo;ORIENTATION \u00a0 \u00a0\u00ab\u00a0Evaluation du socle commun en course d&rsquo;orientation\u00a0\u00bb\u00a0Rapport de stage Pierre LELEU et Didier COUCOULIS. Stage de formation 2011) \u00a0 Propositions didactiques. (Samuel LEGRAND. Lyc\u00e9e J.Pernock.Stage de formation &hellip; <a href=\"https:\/\/site.ac-martinique.fr\/eps\/?page_id=770\">Continuer la lecture <span class=\"meta-nav\">&rarr;<\/span><\/a><\/p>\n","protected":false},"author":69,"featured_media":0,"parent":0,"menu_order":0,"comment_status":"closed","ping_status":"open","template":"","meta":{"footnotes":""},"class_list":["post-770","page","type-page","status-publish","hentry"],"_links":{"self":[{"href":"https:\/\/site.ac-martinique.fr\/eps\/index.php?rest_route=\/wp\/v2\/pages\/770","targetHints":{"allow":["GET"]}}],"collection":[{"href":"https:\/\/site.ac-martinique.fr\/eps\/index.php?rest_route=\/wp\/v2\/pages"}],"about":[{"href":"https:\/\/site.ac-martinique.fr\/eps\/index.php?rest_route=\/wp\/v2\/types\/page"}],"author":[{"embeddable":true,"href":"https:\/\/site.ac-martinique.fr\/eps\/index.php?rest_route=\/wp\/v2\/users\/69"}],"replies":[{"embeddable":true,"href":"https:\/\/site.ac-martinique.fr\/eps\/index.php?rest_route=%2Fwp%2Fv2%2Fcomments&post=770"}],"version-history":[{"count":23,"href":"https:\/\/site.ac-martinique.fr\/eps\/index.php?rest_route=\/wp\/v2\/pages\/770\/revisions"}],"predecessor-version":[{"id":1692,"href":"https:\/\/site.ac-martinique.fr\/eps\/index.php?rest_route=\/wp\/v2\/pages\/770\/revisions\/1692"}],"wp:attachment":[{"href":"https:\/\/site.ac-martinique.fr\/eps\/index.php?rest_route=%2Fwp%2Fv2%2Fmedia&parent=770"}],"curies":[{"name":"wp","href":"https:\/\/api.w.org\/{rel}","templated":true}]}}