{"id":773,"date":"2014-05-03T05:05:33","date_gmt":"2014-05-03T04:05:33","guid":{"rendered":"\/eps\/?page_id=773"},"modified":"2014-06-15T00:54:34","modified_gmt":"2014-06-14T23:54:34","slug":"cp3","status":"publish","type":"page","link":"https:\/\/site.ac-martinique.fr\/eps\/?page_id=773","title":{"rendered":"CP3"},"content":{"rendered":"<h3 style=\"text-align: center;\"><span style=\"color: #800000;\">\u00a0R\u00e9aliser une prestation corporelle \u00e0 vis\u00e9e esth\u00e9tique ou acrobatique.<\/span><\/h3>\n<p><a href=\"\/eps\/wp-content\/uploads\/sites\/13\/2014\/05\/gymniques.jpg\"><img loading=\"lazy\" decoding=\"async\" class=\"size-medium wp-image-941 aligncenter\" src=\"\/eps\/wp-content\/uploads\/sites\/13\/2014\/05\/gymniques-300x82.jpg\" alt=\"gymniques\" width=\"300\" height=\"82\" srcset=\"https:\/\/site.ac-martinique.fr\/eps\/wp-content\/uploads\/sites\/13\/2014\/05\/gymniques-300x82.jpg 300w, https:\/\/site.ac-martinique.fr\/eps\/wp-content\/uploads\/sites\/13\/2014\/05\/gymniques.jpg 400w\" sizes=\"auto, (max-width: 300px) 100vw, 300px\" \/><\/a><\/p>\n<p style=\"text-align: center;\"><strong><span style=\"color: #0000ff;\">ACROSPORT<\/span><\/strong><\/p>\n<p style=\"text-align: left;\"><a href=\"\/eps\/wp-content\/uploads\/sites\/13\/2014\/05\/001.gif\"><img loading=\"lazy\" decoding=\"async\" class=\"alignnone size-full wp-image-998\" src=\"\/eps\/wp-content\/uploads\/sites\/13\/2014\/05\/001.gif\" alt=\"001\" width=\"16\" height=\"16\" \/><\/a><a href=\"\/eps\/wp-content\/uploads\/sites\/13\/2014\/05\/Acrosportstage2010.ppt\"> Observer, juger \u00e9valuer<\/a>\u00a0&#8211; <a href=\"\/eps\/wp-content\/uploads\/sites\/13\/2014\/05\/Code_de_pointage_Gym_Acro_2008_2012.pdf\" target=\"_blank\">Code de Pointage<\/a>\u00a0&#8211; Difficult\u00e9s &#8211; <a href=\"\/eps\/wp-content\/uploads\/sites\/13\/2014\/05\/sitewebacro.doc\">Liens<\/a>\u00a0 (Yves HUGUET. Lyc\u00e9e Bellevue Fort de France. D\u00e9cembre 2009)<\/p>\n<p style=\"text-align: center;\"><a href=\"\/eps\/wp-content\/uploads\/sites\/13\/2014\/05\/artistiques.jpg\"><img loading=\"lazy\" decoding=\"async\" class=\"alignnone size-medium wp-image-940\" src=\"\/eps\/wp-content\/uploads\/sites\/13\/2014\/05\/artistiques-300x82.jpg\" alt=\"artistiques\" width=\"300\" height=\"82\" srcset=\"https:\/\/site.ac-martinique.fr\/eps\/wp-content\/uploads\/sites\/13\/2014\/05\/artistiques-300x82.jpg 300w, https:\/\/site.ac-martinique.fr\/eps\/wp-content\/uploads\/sites\/13\/2014\/05\/artistiques.jpg 400w\" sizes=\"auto, (max-width: 300px) 100vw, 300px\" \/><\/a><\/p>\n","protected":false},"excerpt":{"rendered":"<p>\u00a0R\u00e9aliser une prestation corporelle \u00e0 vis\u00e9e esth\u00e9tique ou acrobatique. ACROSPORT Observer, juger \u00e9valuer\u00a0&#8211; Code de Pointage\u00a0&#8211; Difficult\u00e9s &#8211; Liens\u00a0 (Yves HUGUET. Lyc\u00e9e Bellevue Fort de France. D\u00e9cembre 2009)<\/p>\n","protected":false},"author":69,"featured_media":0,"parent":0,"menu_order":0,"comment_status":"closed","ping_status":"open","template":"","meta":{"footnotes":""},"class_list":["post-773","page","type-page","status-publish","hentry"],"_links":{"self":[{"href":"https:\/\/site.ac-martinique.fr\/eps\/index.php?rest_route=\/wp\/v2\/pages\/773","targetHints":{"allow":["GET"]}}],"collection":[{"href":"https:\/\/site.ac-martinique.fr\/eps\/index.php?rest_route=\/wp\/v2\/pages"}],"about":[{"href":"https:\/\/site.ac-martinique.fr\/eps\/index.php?rest_route=\/wp\/v2\/types\/page"}],"author":[{"embeddable":true,"href":"https:\/\/site.ac-martinique.fr\/eps\/index.php?rest_route=\/wp\/v2\/users\/69"}],"replies":[{"embeddable":true,"href":"https:\/\/site.ac-martinique.fr\/eps\/index.php?rest_route=%2Fwp%2Fv2%2Fcomments&post=773"}],"version-history":[{"count":13,"href":"https:\/\/site.ac-martinique.fr\/eps\/index.php?rest_route=\/wp\/v2\/pages\/773\/revisions"}],"predecessor-version":[{"id":1693,"href":"https:\/\/site.ac-martinique.fr\/eps\/index.php?rest_route=\/wp\/v2\/pages\/773\/revisions\/1693"}],"wp:attachment":[{"href":"https:\/\/site.ac-martinique.fr\/eps\/index.php?rest_route=%2Fwp%2Fv2%2Fmedia&parent=773"}],"curies":[{"name":"wp","href":"https:\/\/api.w.org\/{rel}","templated":true}]}}