{"id":776,"date":"2014-05-03T05:05:44","date_gmt":"2014-05-03T04:05:44","guid":{"rendered":"\/eps\/?page_id=776"},"modified":"2014-07-07T00:52:23","modified_gmt":"2014-07-06T23:52:23","slug":"cp4","status":"publish","type":"page","link":"https:\/\/site.ac-martinique.fr\/eps\/?page_id=776","title":{"rendered":"CP4"},"content":{"rendered":"<h3 style=\"text-align: center;\"><span style=\"color: #800000;\">\u00a0Conduire et ma\u00eetriser un affrontement individuel ou collectif.<\/span><\/h3>\n<p><a href=\"\/eps\/wp-content\/uploads\/sites\/13\/2014\/05\/sport-collectifs.jpg\"><img loading=\"lazy\" decoding=\"async\" class=\"size-medium wp-image-949 aligncenter\" src=\"\/eps\/wp-content\/uploads\/sites\/13\/2014\/05\/sport-collectifs-300x82.jpg\" alt=\"sport collectifs\" width=\"300\" height=\"82\" srcset=\"https:\/\/site.ac-martinique.fr\/eps\/wp-content\/uploads\/sites\/13\/2014\/05\/sport-collectifs-300x82.jpg 300w, https:\/\/site.ac-martinique.fr\/eps\/wp-content\/uploads\/sites\/13\/2014\/05\/sport-collectifs.jpg 400w\" sizes=\"auto, (max-width: 300px) 100vw, 300px\" \/><\/a><\/p>\n<p style=\"text-align: center;\"><strong><span style=\"color: #0000ff;\">FOOTBALL<\/span><\/strong><\/p>\n<p style=\"text-align: left;\"><a href=\"\/eps\/wp-content\/uploads\/sites\/13\/2014\/05\/heteroniveaupratique.pdf\">Traitement didactique <\/a>\u00a0&#8211; \u00a0<a href=\"\/eps\/wp-content\/uploads\/sites\/13\/2014\/05\/FOOT_contenusd\u00e9butants_GUILLET.pdf\" target=\"_blank\">Contenus.<\/a> (Mario BOCALY.Coll\u00e8ge E.Glissant. et David GUILLET. Coll\u00e8ge de Basse Pointe. 2004)<\/p>\n<p style=\"text-align: center;\"><strong><span style=\"color: #0000ff;\">RUGBY<\/span><\/strong><\/p>\n<p style=\"text-align: left;\"><a href=\"\/eps\/wp-content\/uploads\/sites\/13\/2014\/05\/001.gif\"><img loading=\"lazy\" decoding=\"async\" class=\"alignnone size-full wp-image-998\" src=\"\/eps\/wp-content\/uploads\/sites\/13\/2014\/05\/001.gif\" alt=\"001\" width=\"16\" height=\"16\" \/><\/a><a href=\"\/eps\/wp-content\/uploads\/sites\/13\/2014\/05\/situations-rugby-Mandou.pdf\" target=\"_blank\"> Situations p\u00e9dagogiques<\/a>. ( Julien MANDOU .Coll\u00e8ge Beaus\u00e9jour.Novembre 2007.)<\/p>\n<p style=\"text-align: left;\"><a href=\"\/eps\/wp-content\/uploads\/sites\/13\/2014\/05\/Peda_RUGBY.pdf\" target=\"_blank\">Traitement didactique et Mises en oeuvre p\u00e9dagogiques<\/a>.(Patrick SOURISSEAU.Coll\u00e8ge Rose St Just.2007)<\/p>\n<p style=\"text-align: left;\"><a href=\"\/eps\/wp-content\/uploads\/sites\/13\/2014\/05\/001.gif\"><img loading=\"lazy\" decoding=\"async\" class=\"alignnone size-full wp-image-998\" src=\"\/eps\/wp-content\/uploads\/sites\/13\/2014\/05\/001.gif\" alt=\"001\" width=\"16\" height=\"16\" \/><\/a>\u00a0<a href=\"\/eps\/wp-content\/uploads\/sites\/13\/2014\/05\/Fiches_observation.pdf\" target=\"_blank\">Observation<\/a>\u00a0&#8211;\u00a0<a href=\"\/eps\/wp-content\/uploads\/sites\/13\/2014\/05\/Evaluation.pdf\" target=\"_blank\">Evaluation<\/a>\u00a0&#8211; <a href=\"\/eps\/wp-content\/uploads\/sites\/13\/2014\/05\/Liens.pdf\" target=\"_blank\">Liens<\/a>\u00a0(Stephane LAGACHE. CRT Ligue de Rugby de la Martinique .2008)<\/p>\n<p style=\"text-align: left;\"><a href=\"\/eps\/wp-content\/uploads\/sites\/13\/2014\/05\/001.gif\"><img loading=\"lazy\" decoding=\"async\" class=\"alignnone size-full wp-image-998\" src=\"\/eps\/wp-content\/uploads\/sites\/13\/2014\/05\/001.gif\" alt=\"001\" width=\"16\" height=\"16\" \/><\/a>\u00a0<a href=\"\/eps\/wp-content\/uploads\/sites\/13\/2014\/05\/Analyse_rugby.pdf\" target=\"_blank\">\u00a0Le rugby cl\u00e9s en mains: Analyse<\/a>\u00a0&#8211;\u00a0<a href=\"\/eps\/wp-content\/uploads\/sites\/13\/2014\/05\/sCLEENMAINituations_classees__copy_right_Depose_sous_le_numero_WA36179-2.ppt\">Situations d&rsquo;apprentissage<\/a>. (S\u00e9bastien COHENDY. Coll\u00e8ge Morne des Esses)<\/p>\n<p>&nbsp;<\/p>\n<p><a href=\"\/eps\/wp-content\/uploads\/sites\/13\/2014\/05\/raquettes.jpg\"><img loading=\"lazy\" decoding=\"async\" class=\"size-medium wp-image-948 aligncenter\" src=\"\/eps\/wp-content\/uploads\/sites\/13\/2014\/05\/raquettes-300x82.jpg\" alt=\"raquettes\" width=\"300\" height=\"82\" srcset=\"https:\/\/site.ac-martinique.fr\/eps\/wp-content\/uploads\/sites\/13\/2014\/05\/raquettes-300x82.jpg 300w, https:\/\/site.ac-martinique.fr\/eps\/wp-content\/uploads\/sites\/13\/2014\/05\/raquettes.jpg 400w\" sizes=\"auto, (max-width: 300px) 100vw, 300px\" \/><\/a><\/p>\n<p style=\"text-align: center;\"><strong><span style=\"color: #0000ff;\">BADMINTON<\/span><\/strong><\/p>\n<p style=\"text-align: left;\"><a href=\"\/eps\/wp-content\/uploads\/sites\/13\/2014\/05\/001.gif\"><img loading=\"lazy\" decoding=\"async\" class=\"alignnone size-full wp-image-998\" src=\"\/eps\/wp-content\/uploads\/sites\/13\/2014\/05\/001.gif\" alt=\"001\" width=\"16\" height=\"16\" \/><\/a>\u00a0<a href=\"\/eps\/wp-content\/uploads\/sites\/13\/2014\/05\/Badminton_LATTERRIERE2012.pdf\" target=\"_blank\">Fiches d&rsquo;observation Niveaux 3 et 4.<\/a>\u00a0(Dominique LATERRIERE.Lyc\u00e9e Bellevue. Stage de formation 2012)<\/p>\n<p style=\"text-align: left;\"><a href=\"\/eps\/wp-content\/uploads\/sites\/13\/2014\/05\/001.gif\"><img loading=\"lazy\" decoding=\"async\" class=\"alignnone size-full wp-image-998\" src=\"\/eps\/wp-content\/uploads\/sites\/13\/2014\/05\/001.gif\" alt=\"001\" width=\"16\" height=\"16\" \/><\/a>\u00a0<a href=\"\/eps\/wp-content\/uploads\/sites\/13\/2014\/05\/Situations_p\u00e9da_ALLENDER.pdf\" target=\"_blank\">Badminton au coll\u00e8ge-Situations p\u00e9dagogiques<\/a>\u00a0(Herv\u00e9 ALLENDER.Coll\u00e8ge A.Stellio. Stage de formation. 2006)<\/p>\n<p style=\"text-align: left;\"><a href=\"\/eps\/wp-content\/uploads\/sites\/13\/2014\/05\/001.gif\"><img loading=\"lazy\" decoding=\"async\" class=\"alignnone size-full wp-image-998\" src=\"\/eps\/wp-content\/uploads\/sites\/13\/2014\/05\/001.gif\" alt=\"001\" width=\"16\" height=\"16\" \/><\/a>\u00a0<a href=\"\/eps\/wp-content\/uploads\/sites\/13\/2014\/05\/BAD_LATERRIERE.pdf\" target=\"_blank\">Propositions didactique et p\u00e9dagogique coll\u00e8ge<\/a>. (Dominique LATERRIERE.Lyc\u00e9e Bellevue. 2008)<\/p>\n<p style=\"text-align: left;\"><a href=\"\/eps\/wp-content\/uploads\/sites\/13\/2014\/05\/001.gif\"><img loading=\"lazy\" decoding=\"async\" class=\"alignnone size-full wp-image-998\" src=\"\/eps\/wp-content\/uploads\/sites\/13\/2014\/05\/001.gif\" alt=\"001\" width=\"16\" height=\"16\" \/><\/a>\u00a0<a href=\"\/eps\/wp-content\/uploads\/sites\/13\/2014\/05\/Badminton_ALLENDER_2007.pdf\" target=\"_blank\">El\u00e8ments techniques et didactiques.<\/a> (Herve ALLENDER. Stage de formation 2007)<\/p>\n<p style=\"text-align: center;\"><strong><span style=\"color: #0000ff;\">TENNIS de TABLE<\/span><\/strong><\/p>\n<p style=\"text-align: left;\"><a href=\"\/eps\/wp-content\/uploads\/sites\/13\/2014\/05\/001.gif\"><img loading=\"lazy\" decoding=\"async\" class=\"alignnone size-full wp-image-998\" src=\"\/eps\/wp-content\/uploads\/sites\/13\/2014\/05\/001.gif\" alt=\"001\" width=\"16\" height=\"16\" \/><\/a>\u00a0<a href=\"\/eps\/wp-content\/uploads\/sites\/13\/2014\/05\/Conducteur_T_de_T_Sumbo08.pdf\" target=\"_blank\">Proposition d&rsquo; une trame p\u00e9dagogique<\/a>.(Germain SOUMBO.ST Joseph de Cluny.Stage de formation 2008.)<\/p>\n<p style=\"text-align: center;\"><a href=\"\/eps\/wp-content\/uploads\/sites\/13\/2014\/05\/combat.jpg\"><img loading=\"lazy\" decoding=\"async\" class=\"alignnone size-medium wp-image-939\" src=\"\/eps\/wp-content\/uploads\/sites\/13\/2014\/05\/combat-300x82.jpg\" alt=\"combat\" width=\"300\" height=\"82\" srcset=\"https:\/\/site.ac-martinique.fr\/eps\/wp-content\/uploads\/sites\/13\/2014\/05\/combat-300x82.jpg 300w, https:\/\/site.ac-martinique.fr\/eps\/wp-content\/uploads\/sites\/13\/2014\/05\/combat.jpg 400w\" sizes=\"auto, (max-width: 300px) 100vw, 300px\" \/><\/a><\/p>\n<p style=\"text-align: center;\"><span style=\"color: #0000ff;\"><strong>BOXE FRANCAISE<\/strong><\/span><\/p>\n<p style=\"text-align: left;\"><a href=\"\/eps\/wp-content\/uploads\/sites\/13\/2014\/05\/001.gif\"><img loading=\"lazy\" decoding=\"async\" class=\"alignnone size-full wp-image-998\" src=\"\/eps\/wp-content\/uploads\/sites\/13\/2014\/05\/001.gif\" alt=\"001\" width=\"16\" height=\"16\" \/><\/a>\u00a0<a href=\"\/eps\/wp-content\/uploads\/sites\/13\/2014\/05\/BOXE_FRANCAISE_COUCOULIS.pdf\" target=\"_blank\">Technique BF<\/a> (Alexandra DEMOGEOT et Didier COUCOULIS. Stage bassin 2012)<\/p>\n<p style=\"text-align: center;\"><strong><span style=\"color: #0000ff;\">DANMYE<\/span><\/strong><\/p>\n<p style=\"text-align: left;\"><a href=\"\/eps\/wp-content\/uploads\/sites\/13\/2014\/05\/001.gif\"><img loading=\"lazy\" decoding=\"async\" class=\"alignnone size-full wp-image-998\" src=\"\/eps\/wp-content\/uploads\/sites\/13\/2014\/05\/001.gif\" alt=\"001\" width=\"16\" height=\"16\" \/><\/a>\u00a0<a href=\"\/eps\/wp-content\/uploads\/sites\/13\/2014\/05\/Dossier_Damnye.pdf\" target=\"_blank\">Traitement didactique et situations p\u00e9dagogiques.<\/a>\u00a0&#8211; <a href=\"\/eps\/wp-content\/uploads\/sites\/13\/2014\/05\/tableaudespoulesdanmye.pdf\" target=\"_blank\">Tableau des poules<\/a>\u00a0 (Henri GROSDESORMEAUX .Coll\u00e8ge A.Stellio et Moise MARCELLIN. Lyc\u00e9e J.Gaillard. 2005.)<\/p>\n<p style=\"text-align: left;\"><a href=\"\/eps\/wp-content\/uploads\/sites\/13\/2014\/05\/001.gif\"><img loading=\"lazy\" decoding=\"async\" class=\"alignnone size-full wp-image-998\" src=\"\/eps\/wp-content\/uploads\/sites\/13\/2014\/05\/001.gif\" alt=\"001\" width=\"16\" height=\"16\" \/><\/a>\u00a0<a href=\"\/eps\/wp-content\/uploads\/sites\/13\/2014\/05\/DAMNYE_Rapport-Atelier-de-pratique-2003.pdf\" target=\"_blank\">Ateliers de pratique<\/a> (Rapport de stage d\u00e9cembre 2003)<\/p>\n","protected":false},"excerpt":{"rendered":"<p>\u00a0Conduire et ma\u00eetriser un affrontement individuel ou collectif. FOOTBALL Traitement didactique \u00a0&#8211; \u00a0Contenus. (Mario BOCALY.Coll\u00e8ge E.Glissant. et David GUILLET. Coll\u00e8ge de Basse Pointe. 2004) RUGBY Situations p\u00e9dagogiques. ( Julien MANDOU .Coll\u00e8ge Beaus\u00e9jour.Novembre 2007.) Traitement didactique et Mises en oeuvre p\u00e9dagogiques.(Patrick &hellip; <a href=\"https:\/\/site.ac-martinique.fr\/eps\/?page_id=776\">Continuer la lecture <span class=\"meta-nav\">&rarr;<\/span><\/a><\/p>\n","protected":false},"author":69,"featured_media":0,"parent":0,"menu_order":0,"comment_status":"closed","ping_status":"open","template":"","meta":{"footnotes":""},"class_list":["post-776","page","type-page","status-publish","hentry"],"_links":{"self":[{"href":"https:\/\/site.ac-martinique.fr\/eps\/index.php?rest_route=\/wp\/v2\/pages\/776","targetHints":{"allow":["GET"]}}],"collection":[{"href":"https:\/\/site.ac-martinique.fr\/eps\/index.php?rest_route=\/wp\/v2\/pages"}],"about":[{"href":"https:\/\/site.ac-martinique.fr\/eps\/index.php?rest_route=\/wp\/v2\/types\/page"}],"author":[{"embeddable":true,"href":"https:\/\/site.ac-martinique.fr\/eps\/index.php?rest_route=\/wp\/v2\/users\/69"}],"replies":[{"embeddable":true,"href":"https:\/\/site.ac-martinique.fr\/eps\/index.php?rest_route=%2Fwp%2Fv2%2Fcomments&post=776"}],"version-history":[{"count":32,"href":"https:\/\/site.ac-martinique.fr\/eps\/index.php?rest_route=\/wp\/v2\/pages\/776\/revisions"}],"predecessor-version":[{"id":1988,"href":"https:\/\/site.ac-martinique.fr\/eps\/index.php?rest_route=\/wp\/v2\/pages\/776\/revisions\/1988"}],"wp:attachment":[{"href":"https:\/\/site.ac-martinique.fr\/eps\/index.php?rest_route=%2Fwp%2Fv2%2Fmedia&parent=776"}],"curies":[{"name":"wp","href":"https:\/\/api.w.org\/{rel}","templated":true}]}}