{"id":785,"date":"2014-05-03T05:07:46","date_gmt":"2014-05-03T04:07:46","guid":{"rendered":"\/eps\/?page_id=785"},"modified":"2014-06-19T00:02:05","modified_gmt":"2014-06-18T23:02:05","slug":"articles","status":"publish","type":"page","link":"https:\/\/site.ac-martinique.fr\/eps\/?page_id=785","title":{"rendered":"Articles"},"content":{"rendered":"<p style=\"text-align: center;\"><a href=\"\/eps\/wp-content\/uploads\/sites\/13\/2014\/05\/Construire_cycle_comp\u00e9tences.pdf\" target=\"_blank\">Construire un cycle en termes de comp\u00e9tences<\/a>\u00a0(Nicolas DOMBROWSKI)<\/p>\n<p style=\"text-align: center;\"><a href=\"\/eps\/wp-content\/uploads\/sites\/13\/2014\/05\/memento_apprentissage.pdf\" target=\"_blank\">M\u00e9mento apprentissage pour \u00e9tudiants et enseignants<\/a>\u00a0(Nicolas DOMBROWSKI)<\/p>\n<p style=\"text-align: center;\"><a href=\"\/eps\/wp-content\/uploads\/sites\/13\/2014\/05\/S\u00e9minaire-Martinique.pdf\" target=\"_blank\">L&rsquo;apprentissage coop\u00e9ratif<\/a>\u00a0 (F.V.TOCHON,\u00a0professeur des Universit\u00e9s Madison Wisconsin S\u00e9minaire Martinique- d\u00e9cembre 2003)<\/p>\n<p style=\"text-align: center;\"><a href=\"\/eps\/wp-content\/uploads\/sites\/13\/2014\/05\/Les-risques-du-m\u00e9tier.pdf\" target=\"_blank\">Les risques du m\u00e9tier: le cas de l&rsquo;EPS<\/a><\/p>\n<p style=\"text-align: center;\"><a href=\"\/eps\/wp-content\/uploads\/sites\/13\/2014\/05\/intervention-forum-22-oct-05.pdf\" target=\"_blank\">Comment l&rsquo;EPS peut elle \u00eatre une mati\u00e8re enseign\u00e9e \u00e0 l&rsquo;\u00e9cole? <\/a>\u00a0(Intervention IPR- Forum social de l&rsquo;EPS- 22 octobre 2005 Lamentin)<\/p>\n<p style=\"text-align: center;\"><a href=\"\/eps\/wp-content\/uploads\/sites\/13\/2014\/05\/ECHAUFFEMENT-EN-EPS.pdf\" target=\"_blank\">L&rsquo;\u00e9chauffement en EPS<\/a>\u00a0(Fran\u00e7ois BEAUBRUN)<\/p>\n<p style=\"text-align: center;\">\n","protected":false},"excerpt":{"rendered":"<p>Construire un cycle en termes de comp\u00e9tences\u00a0(Nicolas DOMBROWSKI) M\u00e9mento apprentissage pour \u00e9tudiants et enseignants\u00a0(Nicolas DOMBROWSKI) L&rsquo;apprentissage coop\u00e9ratif\u00a0 (F.V.TOCHON,\u00a0professeur des Universit\u00e9s Madison Wisconsin S\u00e9minaire Martinique- d\u00e9cembre 2003) Les risques du m\u00e9tier: le cas de l&rsquo;EPS Comment l&rsquo;EPS peut elle \u00eatre une &hellip; <a href=\"https:\/\/site.ac-martinique.fr\/eps\/?page_id=785\">Continuer la lecture <span class=\"meta-nav\">&rarr;<\/span><\/a><\/p>\n","protected":false},"author":69,"featured_media":0,"parent":0,"menu_order":0,"comment_status":"closed","ping_status":"open","template":"","meta":{"footnotes":""},"class_list":["post-785","page","type-page","status-publish","hentry"],"_links":{"self":[{"href":"https:\/\/site.ac-martinique.fr\/eps\/index.php?rest_route=\/wp\/v2\/pages\/785","targetHints":{"allow":["GET"]}}],"collection":[{"href":"https:\/\/site.ac-martinique.fr\/eps\/index.php?rest_route=\/wp\/v2\/pages"}],"about":[{"href":"https:\/\/site.ac-martinique.fr\/eps\/index.php?rest_route=\/wp\/v2\/types\/page"}],"author":[{"embeddable":true,"href":"https:\/\/site.ac-martinique.fr\/eps\/index.php?rest_route=\/wp\/v2\/users\/69"}],"replies":[{"embeddable":true,"href":"https:\/\/site.ac-martinique.fr\/eps\/index.php?rest_route=%2Fwp%2Fv2%2Fcomments&post=785"}],"version-history":[{"count":8,"href":"https:\/\/site.ac-martinique.fr\/eps\/index.php?rest_route=\/wp\/v2\/pages\/785\/revisions"}],"predecessor-version":[{"id":1972,"href":"https:\/\/site.ac-martinique.fr\/eps\/index.php?rest_route=\/wp\/v2\/pages\/785\/revisions\/1972"}],"wp:attachment":[{"href":"https:\/\/site.ac-martinique.fr\/eps\/index.php?rest_route=%2Fwp%2Fv2%2Fmedia&parent=785"}],"curies":[{"name":"wp","href":"https:\/\/api.w.org\/{rel}","templated":true}]}}