{"id":791,"date":"2014-05-03T05:12:50","date_gmt":"2014-05-03T04:12:50","guid":{"rendered":"\/eps\/?page_id=791"},"modified":"2014-05-10T23:36:23","modified_gmt":"2014-05-10T22:36:23","slug":"articles-special-concours","status":"publish","type":"page","link":"https:\/\/site.ac-martinique.fr\/eps\/?page_id=791","title":{"rendered":"Articles Sp\u00e9cial concours"},"content":{"rendered":"<p style=\"text-align: center;\"><a title=\"Approche_mentale_preparation_concours.pdf\" href=\"http:\/\/cms.ac-martinique.fr\/discipline\/eps\/file\/RubriqueARTICLESpecialconcours\/Approche_mentale_preparation_concours.pdf\" target=\"_blank\">Approche mentale de la pr\u00e9paration aux concours<\/a>\u00a0(Nicolas DOMBROWSKI)<\/p>\n<p style=\"text-align: center;\"><a href=\"\/eps\/wp-content\/uploads\/sites\/13\/2014\/05\/Concours_EPS_decrire_situation.pdf\" target=\"_blank\">Concours EPS, savoir d\u00e9crire une situation <\/a> (Nicolas DOMBROWSKI)<\/p>\n<p style=\"text-align: center;\"><a href=\"\/eps\/wp-content\/uploads\/sites\/13\/2014\/05\/developpement_adolescents_et_eps.pdf\" target=\"_blank\">D\u00e9veloppement des adolescents et EPS<\/a>\u00a0(Nicolas DOMBROWSKI)<\/p>\n<p style=\"text-align: center;\"><a href=\"\/eps\/wp-content\/uploads\/sites\/13\/2014\/05\/Eps_cadre_intervention_reussite.pdf\" target=\"_blank\">EPS, un cadre d&rsquo;intervention \u00e0 maitriser pour r\u00e9ussir ses concours<\/a>\u00a0(Nicolas DOMBROWSKI)<\/p>\n<p style=\"text-align: center;\"><a href=\"\/eps\/wp-content\/uploads\/sites\/13\/2014\/05\/Guidage_analyse_pratiques.pdf\" target=\"_blank\">Guidage dans l&rsquo;analyse des pratiques pour exploiter son exp\u00e9rience professionnelle<\/a>\u00a0(Nicolas DOMBROWSKI)<\/p>\n<p style=\"text-align: center;\"><a href=\"\/eps\/wp-content\/uploads\/sites\/13\/2014\/05\/Incidents_critiques.pdf\" target=\"_blank\">Incidents critiques, r\u00e9pondre aux questions professionnelles des concours EPS<\/a>\u00a0(Nicolas DOMBROWSKI)<\/p>\n<p style=\"text-align: center;\"><a href=\"\/eps\/wp-content\/uploads\/sites\/13\/2014\/05\/Savoir_exploiter_experience.pdf\" target=\"_blank\">Savoir exploiter son exp\u00e9rience dans un concours <\/a>(Nicolas DOMBROWSKI)<\/p>\n<p style=\"text-align: center;\"><a href=\"\/eps\/wp-content\/uploads\/sites\/13\/2014\/05\/Ecrit1_enjeux.pdf\" target=\"_blank\">Ecrit 1, des enjeux oui, mais lesquels? <\/a>(Nicolas DOMBROWSKI)<\/p>\n<p style=\"text-align: center;\"><a href=\"\/eps\/wp-content\/uploads\/sites\/13\/2014\/05\/CAPEPS_activites_de_lenseignant_et_apprentissages_des__eleves.pdf\" target=\"_blank\">CAPEPS: activit\u00e9s de l&rsquo;enseignant et apprentissage des \u00e9l\u00e8ves<\/a>\u00a0(Nicolas DOMBROWSKI)<\/p>\n<p style=\"text-align: center;\"><a href=\"\/eps\/wp-content\/uploads\/sites\/13\/2014\/05\/interventions_peda_de_lenseignant_Robert_Lopez_dossier_eps12.pdf\" target=\"_blank\">Interventions p\u00e9dagogiques de l&rsquo;enseignant<\/a>\u00a0(Dossier EPS 12. Robert LOPEZ)<\/p>\n","protected":false},"excerpt":{"rendered":"<p>Approche mentale de la pr\u00e9paration aux concours\u00a0(Nicolas DOMBROWSKI) Concours EPS, savoir d\u00e9crire une situation (Nicolas DOMBROWSKI) D\u00e9veloppement des adolescents et EPS\u00a0(Nicolas DOMBROWSKI) EPS, un cadre d&rsquo;intervention \u00e0 maitriser pour r\u00e9ussir ses concours\u00a0(Nicolas DOMBROWSKI) Guidage dans l&rsquo;analyse des pratiques pour exploiter &hellip; <a href=\"https:\/\/site.ac-martinique.fr\/eps\/?page_id=791\">Continuer la lecture <span class=\"meta-nav\">&rarr;<\/span><\/a><\/p>\n","protected":false},"author":69,"featured_media":0,"parent":0,"menu_order":0,"comment_status":"closed","ping_status":"open","template":"","meta":{"footnotes":""},"class_list":["post-791","page","type-page","status-publish","hentry"],"_links":{"self":[{"href":"https:\/\/site.ac-martinique.fr\/eps\/index.php?rest_route=\/wp\/v2\/pages\/791","targetHints":{"allow":["GET"]}}],"collection":[{"href":"https:\/\/site.ac-martinique.fr\/eps\/index.php?rest_route=\/wp\/v2\/pages"}],"about":[{"href":"https:\/\/site.ac-martinique.fr\/eps\/index.php?rest_route=\/wp\/v2\/types\/page"}],"author":[{"embeddable":true,"href":"https:\/\/site.ac-martinique.fr\/eps\/index.php?rest_route=\/wp\/v2\/users\/69"}],"replies":[{"embeddable":true,"href":"https:\/\/site.ac-martinique.fr\/eps\/index.php?rest_route=%2Fwp%2Fv2%2Fcomments&post=791"}],"version-history":[{"count":8,"href":"https:\/\/site.ac-martinique.fr\/eps\/index.php?rest_route=\/wp\/v2\/pages\/791\/revisions"}],"predecessor-version":[{"id":1443,"href":"https:\/\/site.ac-martinique.fr\/eps\/index.php?rest_route=\/wp\/v2\/pages\/791\/revisions\/1443"}],"wp:attachment":[{"href":"https:\/\/site.ac-martinique.fr\/eps\/index.php?rest_route=%2Fwp%2Fv2%2Fmedia&parent=791"}],"curies":[{"name":"wp","href":"https:\/\/api.w.org\/{rel}","templated":true}]}}