{"id":941,"date":"2024-03-14T07:25:23","date_gmt":"2024-03-14T11:25:23","guid":{"rendered":"https:\/\/site.ac-martinique.fr\/eps1d\/?page_id=941"},"modified":"2024-03-14T07:32:44","modified_gmt":"2024-03-14T11:32:44","slug":"contacts","status":"publish","type":"page","link":"https:\/\/site.ac-martinique.fr\/eps1d\/?page_id=941","title":{"rendered":"Contacts"},"content":{"rendered":"\n<p>Inspecteur mission EPS : Monsieur MARIN Lionel<br><br>Conseill\u00e8re P\u00e9dagogique D\u00e9partementale : Madame BOUDY Christelle<\/p>\n\n\n\n<p>Conseillers p\u00e9dagogiques de circonscription : <\/p>\n\n\n\n<figure class=\"wp-block-image size-full\"><img loading=\"lazy\" decoding=\"async\" width=\"1024\" height=\"524\" src=\"https:\/\/site.ac-martinique.fr\/eps1d\/wp-content\/uploads\/sites\/99\/2024\/03\/image.png\" alt=\"\" class=\"wp-image-951\" srcset=\"https:\/\/site.ac-martinique.fr\/eps1d\/wp-content\/uploads\/sites\/99\/2024\/03\/image.png 1024w, https:\/\/site.ac-martinique.fr\/eps1d\/wp-content\/uploads\/sites\/99\/2024\/03\/image-300x154.png 300w, https:\/\/site.ac-martinique.fr\/eps1d\/wp-content\/uploads\/sites\/99\/2024\/03\/image-768x393.png 768w\" sizes=\"auto, (max-width: 1024px) 100vw, 1024px\" \/><\/figure>\n","protected":false},"excerpt":{"rendered":"<p>Inspecteur mission EPS : Monsieur MARIN Lionel Conseill\u00e8re P\u00e9dagogique D\u00e9partementale : Madame BOUDY Christelle Conseillers p\u00e9dagogiques de circonscription :<\/p>\n","protected":false},"author":444,"featured_media":0,"parent":0,"menu_order":0,"comment_status":"closed","ping_status":"closed","template":"","meta":{"footnotes":""},"class_list":["post-941","page","type-page","status-publish","hentry"],"_links":{"self":[{"href":"https:\/\/site.ac-martinique.fr\/eps1d\/index.php?rest_route=\/wp\/v2\/pages\/941","targetHints":{"allow":["GET"]}}],"collection":[{"href":"https:\/\/site.ac-martinique.fr\/eps1d\/index.php?rest_route=\/wp\/v2\/pages"}],"about":[{"href":"https:\/\/site.ac-martinique.fr\/eps1d\/index.php?rest_route=\/wp\/v2\/types\/page"}],"author":[{"embeddable":true,"href":"https:\/\/site.ac-martinique.fr\/eps1d\/index.php?rest_route=\/wp\/v2\/users\/444"}],"replies":[{"embeddable":true,"href":"https:\/\/site.ac-martinique.fr\/eps1d\/index.php?rest_route=%2Fwp%2Fv2%2Fcomments&post=941"}],"version-history":[{"count":3,"href":"https:\/\/site.ac-martinique.fr\/eps1d\/index.php?rest_route=\/wp\/v2\/pages\/941\/revisions"}],"predecessor-version":[{"id":952,"href":"https:\/\/site.ac-martinique.fr\/eps1d\/index.php?rest_route=\/wp\/v2\/pages\/941\/revisions\/952"}],"wp:attachment":[{"href":"https:\/\/site.ac-martinique.fr\/eps1d\/index.php?rest_route=%2Fwp%2Fv2%2Fmedia&parent=941"}],"curies":[{"name":"wp","href":"https:\/\/api.w.org\/{rel}","templated":true}]}}