{"id":1359,"date":"2020-01-13T00:43:06","date_gmt":"2020-01-12T23:43:06","guid":{"rendered":"\/espagnol\/?page_id=1359"},"modified":"2021-04-21T02:06:19","modified_gmt":"2021-04-21T01:06:19","slug":"lart-de-vivre-ensemble","status":"publish","type":"page","link":"https:\/\/site.ac-martinique.fr\/espagnol\/?page_id=1359","title":{"rendered":"Classe de 2nde : L\u2019art de vivre ensemble"},"content":{"rendered":"<p><a href=\"https:\/\/cache.media.education.gouv.fr\/file\/SP1-MEN-22-1-2019\/95\/2\/spe585_annexe1_1062952.pdf\"><strong>PROGRAMME EN LANGUES VIVANTES en classe de 2<sup>nde\u00a0\u00a0<\/sup>Rentr\u00e9e 2019\u00a0<\/strong><\/a>(pdf),<a href=\"https:\/\/www.education.gouv.fr\/pid285\/bulletin_officiel.html?cid_bo=138130\">BO sp\u00e9cial n\u00b01 du 22 janvier 2019<\/a><\/p>\n<p>En classe de 2nde, il s\u2019agit d\u2019aller au del\u00e0 du th\u00e8me du cycle 4 \u00e9tudi\u00e9 au coll\u00e8ge,\u00a0<em>la rencontre avec d\u2019autres cultures,\u00a0<\/em>et de probl\u00e9matiser davantage les questions de coh\u00e9sion sociale et culturelle.<\/p>\n<p><strong>Th\u00e9matique\u00a0:<em>\u00a0L\u2019art de vivre ensemble<\/em><\/strong><\/p>\n<ul>\n<li>d\u00e9clin\u00e9e autours\u00a0<strong>de 8 axes<\/strong><\/li>\n<li>\u00e9tude de 6 axes\u00a0au moins au cours de l\u2019ann\u00e9e<\/li>\n<li>une \u00e0 trois s\u00e9quences\u00a0par axe portant sur les probl\u00e9matiques qui y sont reli\u00e9es, en miroir avec l\u2019aire linguistique en question<\/li>\n<\/ul>\n<p><strong>Axes<\/strong><\/p>\n<ol>\n<li><strong>Vivre entre g\u00e9n\u00e9rations\u00a0<\/strong>\/<a href=\"\/espagnol\/wp-content\/uploads\/sites\/14\/2019\/06\/vivre-entre-generations.jpg\">\u00a0probl\u00e9matiques<\/a><strong><br \/>\n<\/strong><\/li>\n<li><strong>Les univers professionnels, le monde du travail\u00a0<\/strong>\/\u00a0<a href=\"\/espagnol\/wp-content\/uploads\/sites\/14\/2019\/06\/univers-prof.jpg\">probl\u00e9matiques<\/a><strong><br \/>\n<\/strong><\/li>\n<li><strong>Le village, le quartier, la ville<\/strong>\u00a0\/\u00a0<a href=\"\/espagnol\/wp-content\/uploads\/sites\/14\/2019\/06\/village-quartier.jpg\">probl\u00e9matiques<\/a><strong><br \/>\n<\/strong><\/li>\n<li><strong>\u00a0Repr\u00e9sentation de soi et rapport \u00e0 autrui\u00a0<\/strong>\/<a href=\"\/espagnol\/wp-content\/uploads\/sites\/14\/2019\/06\/representation-de-soi-autrui.jpg\">\u00a0probl\u00e9matiques<\/a><strong><br \/>\n<\/strong><\/li>\n<li><strong>Sports et soci\u00e9t\u00e9 \/<\/strong>\u00a0<a href=\"\/espagnol\/wp-content\/uploads\/sites\/14\/2019\/06\/sport-soci%C3%A9t%C3%A9-1.jpg\">probl\u00e9matiques<\/a><strong><br \/>\n<\/strong><\/li>\n<li><strong>La cr\u00e9ation et le rapport aux arts\u00a0<\/strong>\/\u00a0<a href=\"\/espagnol\/wp-content\/uploads\/sites\/14\/2019\/06\/creation-art.jpg\">probl\u00e9matiques<\/a><strong><br \/>\n<\/strong><\/li>\n<li><strong>Sauver la plan\u00e8te, penser les futurs possibles \/\u00a0<\/strong><a href=\"\/espagnol\/wp-content\/uploads\/sites\/14\/2019\/06\/futurs-possibles.jpg\">probl\u00e9matiques<\/a><strong><br \/>\n<\/strong><\/li>\n<li><strong>Le pass\u00e9 dans le pr\u00e9sent\u00a0<\/strong>\/\u00a0<a href=\"\/espagnol\/wp-content\/uploads\/sites\/14\/2019\/06\/passe-dans-present.jpg\">probl\u00e9matiques<\/a><\/li>\n<\/ol>\n","protected":false},"excerpt":{"rendered":"<p>PROGRAMME EN LANGUES VIVANTES en classe de 2nde\u00a0\u00a0Rentr\u00e9e 2019\u00a0(pdf),BO sp\u00e9cial n\u00b01 du 22 janvier 2019 En classe de 2nde, il s\u2019agit d\u2019aller au del\u00e0 du th\u00e8me du cycle 4 \u00e9tudi\u00e9 [&hellip;]<\/p>\n","protected":false},"author":70,"featured_media":0,"parent":2055,"menu_order":2,"comment_status":"closed","ping_status":"closed","template":"","meta":{"footnotes":""},"class_list":["post-1359","page","type-page","status-publish","hentry"],"_links":{"self":[{"href":"https:\/\/site.ac-martinique.fr\/espagnol\/index.php?rest_route=\/wp\/v2\/pages\/1359","targetHints":{"allow":["GET"]}}],"collection":[{"href":"https:\/\/site.ac-martinique.fr\/espagnol\/index.php?rest_route=\/wp\/v2\/pages"}],"about":[{"href":"https:\/\/site.ac-martinique.fr\/espagnol\/index.php?rest_route=\/wp\/v2\/types\/page"}],"author":[{"embeddable":true,"href":"https:\/\/site.ac-martinique.fr\/espagnol\/index.php?rest_route=\/wp\/v2\/users\/70"}],"replies":[{"embeddable":true,"href":"https:\/\/site.ac-martinique.fr\/espagnol\/index.php?rest_route=%2Fwp%2Fv2%2Fcomments&post=1359"}],"version-history":[{"count":3,"href":"https:\/\/site.ac-martinique.fr\/espagnol\/index.php?rest_route=\/wp\/v2\/pages\/1359\/revisions"}],"predecessor-version":[{"id":1379,"href":"https:\/\/site.ac-martinique.fr\/espagnol\/index.php?rest_route=\/wp\/v2\/pages\/1359\/revisions\/1379"}],"up":[{"embeddable":true,"href":"https:\/\/site.ac-martinique.fr\/espagnol\/index.php?rest_route=\/wp\/v2\/pages\/2055"}],"wp:attachment":[{"href":"https:\/\/site.ac-martinique.fr\/espagnol\/index.php?rest_route=%2Fwp%2Fv2%2Fmedia&parent=1359"}],"curies":[{"name":"wp","href":"https:\/\/api.w.org\/{rel}","templated":true}]}}