{"id":1820,"date":"2020-11-10T05:04:56","date_gmt":"2020-11-10T04:04:56","guid":{"rendered":"\/espagnol\/?page_id=1820"},"modified":"2026-02-02T14:25:34","modified_gmt":"2026-02-02T13:25:34","slug":"ressources-2","status":"publish","type":"page","link":"https:\/\/site.ac-martinique.fr\/espagnol\/?page_id=1820","title":{"rendered":"RESSOURCES"},"content":{"rendered":"\n<div class=\"wp-block-buttons is-content-justification-center is-layout-flex wp-container-core-buttons-is-layout-16018d1d wp-block-buttons-is-layout-flex\">\n<div class=\"wp-block-button has-custom-width wp-block-button__width-50\"><a class=\"wp-block-button__link has-text-align-center wp-element-button\" href=\"https:\/\/eduscol.education.fr\/2326\/langues-vivantes\" style=\"border-radius:29px\" target=\"_blank\" rel=\"noreferrer noopener\">EDUSCOL<\/a><\/div>\n\n\n\n<div class=\"wp-block-button has-custom-width wp-block-button__width-50\"><a class=\"wp-block-button__link wp-element-button\" href=\"http:\/\/cle.ens-lyon.fr\/espagnol\" style=\"border-radius:21px\" target=\"_blank\" rel=\"noreferrer noopener\">La cl\u00e9 des langues &#8211; Espagnol<\/a><\/div>\n\n\n\n<div class=\"wp-block-button has-custom-width wp-block-button__width-50\"><a class=\"wp-block-button__link wp-element-button\" href=\"http:\/\/cle.ens-lyon.fr\/espagnol\/se-former\/programmes-denseignement\/programmes-d-enseignement-des-langues-documents-declinaison-des-thematiques-et-ressources-pour-l-espagnol#section-1\" style=\"border-radius:17px\" target=\"_blank\" rel=\"noreferrer noopener\">Tous les programmes officiels &#8211; Espagnol<\/a><\/div>\n\n\n\n<div class=\"wp-block-button has-custom-width wp-block-button__width-50\"><a class=\"wp-block-button__link wp-element-button\" href=\"https:\/\/eduscol.education.fr\/2541\/les-reseaux-academiques-en-langues-vivantes#summary-item-1\" style=\"border-radius:24px\" target=\"_blank\" rel=\"noreferrer noopener\">Tous les sites acad\u00e9miques d&rsquo;Espagnol<\/a><\/div>\n<\/div>\n\n\n\n<hr class=\"wp-block-separator has-text-color has-black-color has-css-opacity has-black-background-color has-background\"\/>\n\n\n\n<h3 class=\"wp-block-heading\">Le Cadre europ\u00e9en commun de r\u00e9f\u00e9rence pour les langues (CECRL)<\/h3>\n\n\n\n<p><a href=\"https:\/\/rm.coe.int\/16802fc3a8\" target=\"_blank\" rel=\"noreferrer noopener\">A consulter ici<\/a><\/p>\n\n\n\n<h3 class=\"wp-block-heading\">Volume compl\u00e9mentaire du CECRL<\/h3>\n\n\n\n<p><a href=\"https:\/\/rm.coe.int\/cecr-volume-complementaire-avec-de-nouveaux-descripteurs\/16807875d5\" target=\"_blank\" rel=\"noreferrer noopener\">A consulter ici<\/a><\/p>\n\n\n\n<h3 class=\"wp-block-heading\">Pr\u00e9sentation du CECRL sur Eduscol<\/h3>\n\n\n\n<p><a href=\"https:\/\/eduscol.education.fr\/1971\/cadre-europeen-commun-de-reference-pour-les-langues-cecrl\" target=\"_blank\" rel=\"noreferrer noopener\">A consulter ici<\/a><\/p>\n\n\n\n<hr class=\"wp-block-separator has-alpha-channel-opacity\"\/>\n\n\n\n<hr class=\"wp-block-separator has-css-opacity is-style-wide\"\/>\n\n\n\n<h3 class=\"wp-block-heading has-text-align-center\">MEDIAS<\/h3>\n\n\n\n<h3 class=\"wp-block-heading\">Portail tube Espagnol ac martinique<\/h3>\n\n\n\n<p>Pour r\u00e9pondre aux besoins de publication et de diffusion de vid\u00e9os en streaming dans un contexte \u00e9ducatif, le minist\u00e8re de l\u2019\u00e9ducation nationale d\u00e9ploie Portail Tube qui permet \u00e0 tous les agents de cr\u00e9er leurs cha\u00eenes et de partager du contenu de mani\u00e8re s\u00e9curis\u00e9e. En r\u00e9sum\u00e9, c\u2019est un \u00ab youtube \u00bb de l\u2019Education Nationale mais sans les publicit\u00e9s et s\u00e9curis\u00e9!<\/p>\n\n\n\n<div class=\"wp-block-buttons is-content-justification-center is-layout-flex wp-container-core-buttons-is-layout-16018d1d wp-block-buttons-is-layout-flex\">\n<div class=\"wp-block-button\"><a class=\"wp-block-button__link wp-element-button\" href=\"https:\/\/tube-langues-vivantes.apps.education.fr\/c\/espagnol_ac_mq\/videos\" target=\"_blank\" rel=\"noreferrer noopener\">ESPAGNOL Ac Martinique &#8211; Portail Tube<\/a><\/div>\n<\/div>\n\n\n\n<hr class=\"wp-block-separator has-alpha-channel-opacity\"\/>\n\n\n\n<div class=\"wp-block-buttons is-content-justification-center is-layout-flex wp-container-core-buttons-is-layout-16018d1d wp-block-buttons-is-layout-flex\">\n<div class=\"wp-block-button has-custom-width wp-block-button__width-100\"><a class=\"wp-block-button__link wp-element-button\" href=\"http:\/\/www.cinespagne.com\/\" style=\"border-radius:24px\" target=\"_blank\" rel=\"noreferrer noopener\">L&rsquo;actualit\u00e9 du cin\u00e9ma espagnol<\/a><\/div>\n\n\n\n<div class=\"wp-block-button has-custom-width wp-block-button__width-50 is-style-fill\"><a class=\"wp-block-button__link wp-element-button\" style=\"border-radius:33px\">Toda la prensa en l\u00ednea &#8211; Espa\u00f1a y Am\u00e9rica<\/a><\/div>\n\n\n\n<div class=\"wp-block-button has-custom-width wp-block-button__width-50 is-style-fill\"><a class=\"wp-block-button__link wp-element-button\" href=\"https:\/\/es.kiosko.net\/es\/\" style=\"border-radius:23px\" target=\"_blank\" rel=\"noreferrer noopener\">Las portadas de hoy<\/a><\/div>\n\n\n\n<div class=\"wp-block-button has-custom-width wp-block-button__width-50 is-style-fill\"><a class=\"wp-block-button__link wp-element-button\" style=\"border-radius:23px\">Emisoras de Radio de Espa\u00f1a<\/a><\/div>\n\n\n\n<div class=\"wp-block-button has-custom-width wp-block-button__width-50 is-style-fill\"><a class=\"wp-block-button__link wp-element-button\" href=\"https:\/\/onlineradiobox.com\/South-America\/?cs=ar.universal955\" style=\"border-radius:28px\" target=\"_blank\" rel=\"noreferrer noopener\">Emisoras de Radio de Am\u00e9rica Latina<\/a><\/div>\n\n\n\n<div class=\"wp-block-button has-custom-width wp-block-button__width-50 is-style-fill\"><a class=\"wp-block-button__link wp-element-button\" href=\"https:\/\/elpais.com\/elpais\/videos.html\" style=\"border-radius:25px\" target=\"_blank\" rel=\"noreferrer noopener\">V\u00eddeos &#8211; El Pa\u00eds<\/a><\/div>\n\n\n\n<div class=\"wp-block-button has-custom-width wp-block-button__width-50 is-style-fill\"><a class=\"wp-block-button__link wp-element-button\" href=\"https:\/\/www.rtve.es\/\" style=\"border-radius:27px\" target=\"_blank\" rel=\"noreferrer noopener\">V\u00eddeos &#8211; RTVE<\/a><\/div>\n\n\n\n<div class=\"wp-block-button has-custom-width wp-block-button__width-50 is-style-fill\"><a class=\"wp-block-button__link wp-element-button\" href=\"https:\/\/www.audio-lingua.eu\/spip.php?rubrique4\" style=\"border-radius:27px\" target=\"_blank\" rel=\"noreferrer noopener\">Audio-lingua<\/a><\/div>\n<\/div>\n\n\n\n<div class=\"wp-block-columns is-layout-flex wp-container-core-columns-is-layout-abceabcf wp-block-columns-is-layout-flex\">\n<div class=\"wp-block-column is-layout-flow wp-block-column-is-layout-flow\">\n<h1 class=\"wp-block-heading\">Podcasts<\/h1>\n\n\n\n<p>&#x2666;&nbsp;<a href=\"http:\/\/eduscol.education.fr\/langues\/ressources\/banques-son-aca\/?searchterm=podcast%20espagnol\">Eduscol : Banques-son et enregistrements acad\u00e9miques&nbsp;<\/a><\/p>\n\n\n\n<p>&#x2666;&nbsp;<a href=\"http:\/\/www.audiria.com\/\">Audiria<\/a><br>&#x2666;&nbsp;<a rel=\"noreferrer noopener\" href=\"http:\/\/www.netvibes.com\/ecolangues#Espagnol_Podcast_Audio\" target=\"_blank\">Eco-langues<\/a><br>&#x2666;&nbsp;<a rel=\"noreferrer noopener\" href=\"http:\/\/formespa.rediris.es\/audios\/index.html\" target=\"_blank\">Formespa (ELE)<\/a><br>&#x2666;&nbsp;<a rel=\"noreferrer noopener\" href=\"http:\/\/recursostic.educacion.es\/bancoimagenes\/web\/\" target=\"_blank\">ITE<\/a><br>&#x2666;&nbsp;<a rel=\"noreferrer noopener\" href=\"http:\/\/www.radialistas.net\/\" target=\"_blank\">Radialistas<\/a><br>&#x2666;&nbsp;<a rel=\"noreferrer noopener\" href=\"http:\/\/www.radioteca.net\/\" target=\"_blank\">Radioteca<\/a><br>&#x2666;&nbsp;<a rel=\"noreferrer noopener\" href=\"http:\/\/www.rtve.es\/podcast\/\" target=\"_blank\">RTVE<\/a><br>&#x2666;&nbsp;<a rel=\"noreferrer noopener\" href=\"http:\/\/www.educnet.education.fr\/langues\/ressources\/baladodiffus\/banques-son\" target=\"_blank\">SSL4YOU<\/a><br>&#x2666;&nbsp;<a rel=\"noreferrer noopener\" href=\"http:\/\/recursostic.educacion.es\/bancoimagenes\/web\/\" target=\"_blank\">ITE<\/a><br>&#x2666;&nbsp;<a rel=\"noreferrer noopener\" href=\"http:\/\/www.radialistas.net\/\" target=\"_blank\">Radialistas<\/a><br>&#x2666;&nbsp;<a rel=\"noreferrer noopener\" href=\"http:\/\/www.radioteca.net\/\" target=\"_blank\">Radioteca<\/a><br>&#x2666;&nbsp;<a rel=\"noreferrer noopener\" href=\"http:\/\/www.rtve.es\/podcast\/\" target=\"_blank\">RTVE<\/a><\/p>\n<\/div>\n\n\n\n<div class=\"wp-block-column is-layout-flow wp-block-column-is-layout-flow\">\n<p><strong>E-RADIOS<br><\/strong>&nbsp;&#x2666;&nbsp;<a href=\"http:\/\/www.rtve.es\/radio\/endirecto\/\"><strong>RNE<\/strong>&nbsp;en vivo<\/a><br>&nbsp;&nbsp;&nbsp;&#x2666;&nbsp;<a href=\"http:\/\/www.bbc.co.uk\/mundo\/\" target=\"_blank\" rel=\"noreferrer noopener\">BBC<\/a><\/p>\n\n\n\n<p><strong>\u25ba E-TV&nbsp;&nbsp;&nbsp;&nbsp;&nbsp;&nbsp;&nbsp;&nbsp;&nbsp;<\/strong><strong>&#x2666;<\/strong>&nbsp;<a href=\"http:\/\/www.rtve.es\/noticias\/directo-la-1\/\" target=\"_blank\" rel=\"noreferrer noopener\"><strong>RTVE<\/strong><\/a><strong>&#x2666;<\/strong>&nbsp;<a href=\"http:\/\/www.antena3.com\/programacion\/\" target=\"_blank\" rel=\"noreferrer noopener\">Antena 3<\/a><\/p>\n\n\n\n<p>\u25ba E-PRESSE, E-REVUES<br>&#x2666;&nbsp;<a href=\"http:\/\/www.elpais.com\/\" target=\"_blank\" rel=\"noreferrer noopener\"><strong>El pa\u00eds<\/strong><\/a><br>&#x2666;&nbsp;<a href=\"http:\/\/www.elmundo.es\/\" target=\"_blank\" rel=\"noreferrer noopener\">El Mundo<\/a><br>&#x2666;&nbsp;<a href=\"http:\/\/www.cambio16.es\/index.php\" target=\"_blank\" rel=\"noreferrer noopener\">Cambio16<\/a><br>&#x2666;&nbsp;<a href=\"http:\/\/www.abacq.org\/\" target=\"_blank\" rel=\"noreferrer noopener\">Abacq.org<\/a><br>&#x2666;&nbsp;<a href=\"http:\/\/europapress.es\/\" target=\"_blank\" rel=\"noreferrer noopener\">Europa press&nbsp;<\/a><br>&#x2666;&nbsp;<a href=\"http:\/\/www.veintemundos.com\/fr\/bibliotheque\/\" target=\"_blank\" rel=\"noreferrer noopener\">Veinte mundos<\/a><br>&#x2666;&nbsp;<a href=\"http:\/\/nuevomundo.revues.org\/\" target=\"_blank\" rel=\"noreferrer noopener\">Nuevo Mundo Mundos Nuevos<\/a><\/p>\n\n\n\n<p>\u25ba E-<strong>PRESSE MONDIALE<\/strong>&nbsp;sur&nbsp;<a href=\"http:\/\/newspapermap.com\/\" target=\"_blank\" rel=\"noreferrer noopener\"><strong>Newspaper map<\/strong><\/a><\/p>\n<\/div>\n<\/div>\n\n\n\n<hr class=\"wp-block-separator has-css-opacity is-style-wide\"\/>\n\n\n\n<h1 class=\"wp-block-heading\">e-biblioth\u00e8ques<\/h1>\n\n\n\n<p><strong>SITOGRAPHIES<\/strong><br>\u25ba&nbsp;<a rel=\"noreferrer noopener\" href=\"http:\/\/parnaseo.uv.es\/Webs\/Bibliotecas.htm\" target=\"_blank\">Parnaseo<\/a><br>\u25ba&nbsp;<a rel=\"noreferrer noopener\" href=\"http:\/\/www.ciudadseva.com\/enlaces\/bibelec.htm\" target=\"_blank\">Ciudad seva<\/a><\/p>\n\n\n\n<p><strong>LIVRES&nbsp;AUDIO&nbsp;MP3<\/strong><br>\u25ba&nbsp;<a rel=\"noreferrer noopener\" href=\"https:\/\/www.ivoox.com\/\" target=\"_blank\">iVoox<\/a><br>\u25ba&nbsp;<a rel=\"noreferrer noopener\" href=\"http:\/\/audio-libro.com\/\" target=\"_blank\">Audio-libro<\/a><\/p>\n\n\n\n<div class=\"wp-block-buttons is-layout-flex wp-block-buttons-is-layout-flex\"><\/div>\n\n\n\n<p><\/p>\n","protected":false},"excerpt":{"rendered":"<p>Le Cadre europ\u00e9en commun de r\u00e9f\u00e9rence pour les langues (CECRL) A consulter ici Volume compl\u00e9mentaire du CECRL A consulter ici Pr\u00e9sentation du CECRL sur Eduscol A consulter ici MEDIAS Portail [&hellip;]<\/p>\n","protected":false},"author":70,"featured_media":0,"parent":0,"menu_order":0,"comment_status":"closed","ping_status":"closed","template":"","meta":{"footnotes":""},"class_list":["post-1820","page","type-page","status-publish","hentry"],"_links":{"self":[{"href":"https:\/\/site.ac-martinique.fr\/espagnol\/index.php?rest_route=\/wp\/v2\/pages\/1820","targetHints":{"allow":["GET"]}}],"collection":[{"href":"https:\/\/site.ac-martinique.fr\/espagnol\/index.php?rest_route=\/wp\/v2\/pages"}],"about":[{"href":"https:\/\/site.ac-martinique.fr\/espagnol\/index.php?rest_route=\/wp\/v2\/types\/page"}],"author":[{"embeddable":true,"href":"https:\/\/site.ac-martinique.fr\/espagnol\/index.php?rest_route=\/wp\/v2\/users\/70"}],"replies":[{"embeddable":true,"href":"https:\/\/site.ac-martinique.fr\/espagnol\/index.php?rest_route=%2Fwp%2Fv2%2Fcomments&post=1820"}],"version-history":[{"count":17,"href":"https:\/\/site.ac-martinique.fr\/espagnol\/index.php?rest_route=\/wp\/v2\/pages\/1820\/revisions"}],"predecessor-version":[{"id":3529,"href":"https:\/\/site.ac-martinique.fr\/espagnol\/index.php?rest_route=\/wp\/v2\/pages\/1820\/revisions\/3529"}],"wp:attachment":[{"href":"https:\/\/site.ac-martinique.fr\/espagnol\/index.php?rest_route=%2Fwp%2Fv2%2Fmedia&parent=1820"}],"curies":[{"name":"wp","href":"https:\/\/api.w.org\/{rel}","templated":true}]}}