{"id":1826,"date":"2020-11-10T05:07:35","date_gmt":"2020-11-10T04:07:35","guid":{"rendered":"\/espagnol\/?page_id=1826"},"modified":"2023-09-28T18:06:25","modified_gmt":"2023-09-28T17:06:25","slug":"numerique","status":"publish","type":"page","link":"https:\/\/site.ac-martinique.fr\/espagnol\/?page_id=1826","title":{"rendered":"NUMERIQUE"},"content":{"rendered":"\n<div class=\"wp-block-buttons is-layout-flex wp-block-buttons-is-layout-flex\">\n<div class=\"wp-block-button has-custom-width wp-block-button__width-50\"><a class=\"wp-block-button__link wp-element-button\" href=\"https:\/\/colibri.ac-martinique.fr\/auth\/saml\/wayf?callBack=https%3A\/\/colibri.ac-martinique.fr\/\" style=\"border-radius:25px\" target=\"_blank\" rel=\"noreferrer noopener\">Colibri<\/a><\/div>\n\n\n\n<div class=\"wp-block-button has-custom-width wp-block-button__width-50 is-style-fill\"><a class=\"wp-block-button__link wp-element-button\" href=\"https:\/\/authentification.ac-martinique.fr\/login?service=https%3A\/\/portail.ac-martinique.fr\/eportail\/login.php\" style=\"border-radius:22px\" target=\"_blank\" rel=\"noreferrer noopener\">PIA (Portail interne acad\u00e9mique)<\/a><\/div>\n<\/div>\n\n\n\n<div class=\"wp-block-buttons is-layout-flex wp-block-buttons-is-layout-flex\">\n<div class=\"wp-block-button has-custom-width wp-block-button__width-50\"><a class=\"wp-block-button__link wp-element-button\" href=\"https:\/\/authentification.ac-martinique.fr\/login?service=https%3A%2F%2Fsogomar-ng.ac-martinique.fr%2FSOGo%2Fso%2Findex\" style=\"border-radius:22px\" target=\"_blank\" rel=\"noreferrer noopener\">Webmail &#8211; SOGO<\/a><\/div>\n\n\n\n<div class=\"wp-block-button has-custom-width wp-block-button__width-50 is-style-fill\"><a class=\"wp-block-button__link wp-element-button\" href=\"https:\/\/extranet.ac-martinique.fr\/login\/ct_logon_mixte.jsp?CT_ORIG_URL=https%3A%2F%2Fextranet.ac-martinique.fr%2Fiprof%2Fservletiprofe&amp;ct_orig_uri=%2Fiprof%2Fservletiprofe\" style=\"border-radius:28px\" target=\"_blank\" rel=\"noreferrer noopener\">Iprof<\/a><\/div>\n<\/div>\n\n\n\n<hr class=\"wp-block-separator has-css-opacity is-style-wide\"\/>\n\n\n\n<h2 class=\"wp-block-heading has-text-align-center\" id=\"les-equipiers-disciplinaires-pour-le-numerique-ednum\">Les \u00e9quipiers disciplinaires pour le num\u00e9rique (EDNUM)<\/h2>\n\n\n\n<p class=\"has-text-align-center\">Les <strong>EDNUM<\/strong> sont des professeurs d&rsquo;Espagnol de l&rsquo;acad\u00e9mie qui travaillent en lien avec l&rsquo;IA-IPR, la <strong>DRANE<\/strong> (D\u00e9l\u00e9gation r\u00e9gionale acad\u00e9mique pour le num\u00e9rique \u00e0 l&rsquo;\u00e9cole) et le <strong>IAN LV<\/strong> (interlocuteur acad\u00e9mique pour le num\u00e9rique). Ils ont pour mission de <strong>concevoir<\/strong> et <strong>d&rsquo;exp\u00e9rimenter<\/strong> des s\u00e9quences, sc\u00e9narios ou ressources \u00e9ducatives dans la discipline avec l&rsquo;objectif de formation des \u00e9l\u00e8ves aux comp\u00e9tences num\u00e9riques. Ils doivent par la suite <strong>partager<\/strong> ces exp\u00e9rimentations, par le biais de webinaires notamment.<\/p>\n\n\n\n<h3 class=\"wp-block-heading has-text-align-center\" id=\"2020-2021\">2020\/2021<\/h3>\n\n\n\n<div class=\"wp-block-buttons is-layout-flex wp-block-buttons-is-layout-flex\">\n<div class=\"wp-block-button has-custom-width wp-block-button__width-25\"><a class=\"wp-block-button__link wp-element-button\" href=\"https:\/\/site.ac-martinique.fr\/espagnol\/?p=2658\" style=\"border-radius:26px\">Utilisation de Genially dans et hors la classe d&rsquo;Espagnol<\/a><\/div>\n\n\n\n<div class=\"wp-block-button has-custom-width wp-block-button__width-25 is-style-fill\"><a class=\"wp-block-button__link wp-element-button\" href=\"https:\/\/site.ac-martinique.fr\/espagnol\/?p=2651\" style=\"border-radius:21px\">Pearltrees Education en classe d&rsquo;Espagnol : travail collaboratif<\/a><\/div>\n\n\n\n<div class=\"wp-block-button has-custom-width wp-block-button__width-25 is-style-fill\"><a class=\"wp-block-button__link wp-element-button\" href=\"https:\/\/site.ac-martinique.fr\/espagnol\/?p=2651\" style=\"border-radius:22px\">Live worksheets pour concevoir une activit\u00e9 interactive en ligne<\/a><\/div>\n<\/div>\n\n\n\n<h3 class=\"wp-block-heading has-text-align-center\" id=\"2021-2022\">2021\/2022<\/h3>\n\n\n\n<div class=\"wp-block-buttons is-layout-flex wp-block-buttons-is-layout-flex\">\n<div class=\"wp-block-button has-custom-width wp-block-button__width-25\"><a class=\"wp-block-button__link wp-element-button\" href=\"https:\/\/tube-outremer.beta.education.fr\/videos\/watch\/e2c0be5e-d110-453f-b21a-ba8df5d4ad57\" style=\"border-radius:21px\" target=\"_blank\" rel=\"noreferrer noopener\">Cr\u00e9er et partager un cahier multim\u00e9dia avec Colibri<\/a><\/div>\n\n\n\n<div class=\"wp-block-button has-custom-width wp-block-button__width-25\"><a class=\"wp-block-button__link wp-element-button\" href=\"https:\/\/site.ac-martinique.fr\/espagnol\/?p=2870\" style=\"border-radius:40px\" target=\"_blank\" rel=\"noreferrer noopener\">Cr\u00e9er un espace en ligne de d\u00e9p\u00f4t de productions d&rsquo;\u00e9l\u00e8ves avec Nextcloud<\/a><\/div>\n<\/div>\n\n\n\n<hr class=\"wp-block-separator has-css-opacity is-style-wide\"\/>\n\n\n\n<figure class=\"wp-block-embed aligncenter is-type-wp-embed is-provider-espagnol wp-block-embed-espagnol\"><div class=\"wp-block-embed__wrapper\">\n<blockquote class=\"wp-embedded-content\" data-secret=\"sMShe3r6Yt\"><a href=\"https:\/\/site.ac-martinique.fr\/espagnol\/?p=3156\">L&rsquo;expression orale : entra\u00eener et \u00e9valuer avec \u00ab\u00a0Mon-oral.net\u00a0\u00bb<\/a><\/blockquote><iframe loading=\"lazy\" class=\"wp-embedded-content\" sandbox=\"allow-scripts\" security=\"restricted\" style=\"position: absolute; visibility: hidden;\" title=\"\u00ab\u00a0L&rsquo;expression orale : entra\u00eener et \u00e9valuer avec \u00ab\u00a0Mon-oral.net\u00a0\u00bb\u00a0\u00bb &#8212; ESPAGNOL\" src=\"https:\/\/site.ac-martinique.fr\/espagnol\/?p=3156&#038;embed=true#?secret=UgxkEq3Vez#?secret=sMShe3r6Yt\" data-secret=\"sMShe3r6Yt\" width=\"500\" height=\"282\" frameborder=\"0\" marginwidth=\"0\" marginheight=\"0\" scrolling=\"no\"><\/iframe>\n<\/div><\/figure>\n\n\n\n<figure class=\"wp-block-embed aligncenter is-type-wp-embed is-provider-espagnol wp-block-embed-espagnol\"><div class=\"wp-block-embed__wrapper\">\n<blockquote class=\"wp-embedded-content\" data-secret=\"G0h3OBNdwK\"><a href=\"https:\/\/site.ac-martinique.fr\/espagnol\/?p=3077\">Cr\u00e9ation d&rsquo;une cha\u00eene pour l&rsquo;Espagnol sur Portail Tube<\/a><\/blockquote><iframe loading=\"lazy\" class=\"wp-embedded-content\" sandbox=\"allow-scripts\" security=\"restricted\" style=\"position: absolute; visibility: hidden;\" title=\"\u00ab\u00a0Cr\u00e9ation d&rsquo;une cha\u00eene pour l&rsquo;Espagnol sur Portail Tube\u00a0\u00bb &#8212; ESPAGNOL\" src=\"https:\/\/site.ac-martinique.fr\/espagnol\/?p=3077&#038;embed=true#?secret=Yl0sEJZw4X#?secret=G0h3OBNdwK\" data-secret=\"G0h3OBNdwK\" width=\"500\" height=\"282\" frameborder=\"0\" marginwidth=\"0\" marginheight=\"0\" scrolling=\"no\"><\/iframe>\n<\/div><\/figure>\n\n\n\n<h4 class=\"wp-block-heading has-text-align-center\" id=\"l-outil-numerique-du-moment-a-decouvrir-la-digitale\">L&rsquo;outil num\u00e9rique du moment \u00e0 d\u00e9couvrir : La Digitale<\/h4>\n\n\n\n<p class=\"has-text-align-center\"><a rel=\"noreferrer noopener\" href=\"https:\/\/ladigitale.dev\/\" target=\"_blank\">La Digitale<\/a> propose des outils num\u00e9riques responsables et gratuits en ligne pour accompagner les processus d&rsquo;enseignement et d&rsquo;apprentissage en pr\u00e9sence et \u00e0 distance. La digitale c&rsquo;est : <\/p>\n\n\n\n<ul class=\"wp-block-list\">\n<li><strong>Digiscreen<\/strong> : un fond d&rsquo;\u00e9cran int\u00e9ractif pour animer le cours en pr\u00e9sentiel (une alternative \u00e0 classroom screen) ; <\/li>\n\n\n\n<li><strong>Digipad<\/strong> : pour cr\u00e9er des murs collaboratifs multim\u00e9dias (une alternative \u00e0 Padlet); <\/li>\n\n\n\n<li><strong>Digidoc<\/strong> : pour cr\u00e9er des documents collaboratifs simples; <\/li>\n\n\n\n<li><strong>Digibunch<\/strong> : pour cr\u00e9er des bouquets de liens; <\/li>\n\n\n\n<li><strong>Digilink<\/strong> : pour g\u00e9n\u00e9r\u00e9rer des liens raccourcis; <\/li>\n\n\n\n<li><strong>Digiplay<\/strong> : pour visionner des vid\u00e9os YouTube sans distraction (pas de pub, pas d&rsquo;acc\u00e8s \u00e0 d&rsquo;autres vid\u00e9os);<\/li>\n\n\n\n<li><strong>Digitools<\/strong> : une s\u00e9rie d&rsquo;outils simples et utiles (roue de la fortune, cartes (flashcards), tirage au sort (texte, nombre, image), chronom\u00e8tre, compte \u00e0 rebours, d\u00e9s, groupes, feu tricolore, g\u00e9n\u00e9rateur, coffre-fort;<\/li>\n\n\n\n<li><strong>Digistorm<\/strong> : pour cr\u00e9er des sondages et des remue-m\u00e9ninges (brainstorming); <\/li>\n\n\n\n<li><strong>Digicard<\/strong> : pour cr\u00e9er des compositions graphiques simples; <\/li>\n\n\n\n<li><strong>Digiwords<\/strong> : pour cr\u00e9er des nuages de mots; <\/li>\n\n\n\n<li><strong>Digiquiz<\/strong> : pour lire et partager des contenus H5P en ligne; <\/li>\n\n\n\n<li><strong>Logiquiz<\/strong> : pour cr\u00e9\u00e9er et lire des contenus H5P hors ligne; <\/li>\n\n\n\n<li><strong>Logimix<\/strong> : pour r\u00e9aliser des mixages audio simples; <\/li>\n\n\n\n<li><strong>Logeykey<\/strong> : pour travailler avec des logiciels libres protables sur cl\u00e9 USB ou disque dur externe<\/li>\n<\/ul>\n\n\n\n<hr class=\"wp-block-separator has-css-opacity is-style-wide\"\/>\n\n\n\n<h4 class=\"wp-block-heading has-text-align-center\" id=\"quelques-outils-numeriques-en-ligne\">Quelques outils num\u00e9riques en ligne :<\/h4>\n\n\n\n<div class=\"wp-block-buttons is-layout-flex wp-block-buttons-is-layout-flex\">\n<div class=\"wp-block-button has-custom-width wp-block-button__width-25\"><a class=\"wp-block-button__link wp-element-button\" href=\"https:\/\/www.quiziniere.com\/\" style=\"border-radius:19px\" target=\"_blank\" rel=\"noreferrer noopener\">Quizini\u00e8re<\/a><\/div>\n\n\n\n<div class=\"wp-block-button has-custom-width wp-block-button__width-25 is-style-fill\"><a class=\"wp-block-button__link wp-element-button\" href=\"https:\/\/learningapps.org\/\" style=\"border-radius:25px\" target=\"_blank\" rel=\"noreferrer noopener\">LearningApps<\/a><\/div>\n\n\n\n<div class=\"wp-block-button has-custom-width wp-block-button__width-25 is-style-fill\"><a class=\"wp-block-button__link wp-element-button\" href=\"https:\/\/www.genial.ly\/\" style=\"border-radius:20px\" target=\"_blank\" rel=\"noreferrer noopener\">Genially<\/a><\/div>\n\n\n\n<div class=\"wp-block-button has-custom-width wp-block-button__width-25 is-style-fill\"><a class=\"wp-block-button__link wp-element-button\" href=\"https:\/\/edpuzzle.com\/\" style=\"border-radius:29px\" target=\"_blank\" rel=\"noreferrer noopener\">Edpuzzle<\/a><\/div>\n<\/div>\n\n\n\n<hr class=\"wp-block-separator has-css-opacity is-style-wide\"\/>\n\n\n\n<div class=\"wp-block-columns is-layout-flex wp-container-core-columns-is-layout-abceabcf wp-block-columns-is-layout-flex\">\n<div class=\"wp-block-column is-layout-flow wp-block-column-is-layout-flow\">\n<h4 class=\"wp-block-heading has-text-align-center\" id=\"drane\">DRANE<\/h4>\n\n\n\n<figure class=\"wp-block-image size-large\"><a href=\"http:\/\/www.ac-martinique.fr\/pid36619\/numerique-a-l-ecole.html\" target=\"_blank\" rel=\"noopener\"><img decoding=\"async\" src=\"https:\/\/site.ac-martinique.fr\/espagnol\/wp-content\/uploads\/sites\/14\/2021\/04\/Capture-d\u00e9cran-2021-04-26-\u00e0-17.18.13.jpg\" alt=\"\" class=\"wp-image-2281\"\/><\/a><\/figure>\n\n\n\n<p class=\"has-text-align-left\">La D\u00e9l\u00e9gation Acad\u00e9mique pour le Num\u00e9rique \u00e0 l&rsquo;Ecole (DANE) est charg\u00e9e de favoriser et d&rsquo;accompagner le d\u00e9veloppement des usages du num\u00e9rique au service de la p\u00e9dagogie. <a href=\"http:\/\/www.ac-martinique.fr\/pid36619\/numerique-a-l-ecole.html\" target=\"_blank\" rel=\"noreferrer noopener\">Plus d&rsquo;infos ici.<\/a><\/p>\n<\/div>\n\n\n\n<div class=\"wp-block-column is-layout-flow wp-block-column-is-layout-flow\">\n<h4 class=\"wp-block-heading has-text-align-center\" id=\"outils-numeriques\">Outils num\u00e9riques<\/h4>\n\n\n<div class=\"wp-block-image is-style-rounded\">\n<figure class=\"aligncenter size-large is-resized\"><a href=\"https:\/\/www.pearltrees.com\/t\/continuite-pedagogique\/outils-numeriques\/id31004156\" target=\"_blank\" rel=\"noopener\"><img loading=\"lazy\" decoding=\"async\" src=\"https:\/\/site.ac-martinique.fr\/espagnol\/wp-content\/uploads\/sites\/14\/2021\/04\/unnamed.jpeg\" alt=\"\" class=\"wp-image-2290\" style=\"width:98px;height:98px\" width=\"98\" height=\"98\" srcset=\"https:\/\/site.ac-martinique.fr\/espagnol\/wp-content\/uploads\/sites\/14\/2021\/04\/unnamed.jpeg 900w, https:\/\/site.ac-martinique.fr\/espagnol\/wp-content\/uploads\/sites\/14\/2021\/04\/unnamed-300x300.jpeg 300w, https:\/\/site.ac-martinique.fr\/espagnol\/wp-content\/uploads\/sites\/14\/2021\/04\/unnamed-150x150.jpeg 150w, https:\/\/site.ac-martinique.fr\/espagnol\/wp-content\/uploads\/sites\/14\/2021\/04\/unnamed-768x768.jpeg 768w, https:\/\/site.ac-martinique.fr\/espagnol\/wp-content\/uploads\/sites\/14\/2021\/04\/unnamed-750x750.jpeg 750w\" sizes=\"auto, (max-width: 98px) 100vw, 98px\" \/><\/a><\/figure>\n<\/div>\n\n\n<p>Retrouvez des outils et des tutoriels sur le Pearltrees d&rsquo;Espagnol de l&rsquo;Acad\u00e9mie de Martinique <a href=\"https:\/\/www.pearltrees.com\/t\/continuite-pedagogique\/outils-numeriques\/id31004156\" target=\"_blank\" rel=\"noreferrer noopener\">ici<\/a><\/p>\n<\/div>\n\n\n\n<div class=\"wp-block-column is-layout-flow wp-block-column-is-layout-flow\">\n<h4 class=\"wp-block-heading has-text-align-center\" id=\"canope-972\">CANOPE 972<\/h4>\n\n\n\n<figure class=\"wp-block-image size-large\"><a href=\"https:\/\/www.reseau-canope.fr\/academie-de-la-martinique\/atelier-canope-972-fort-de-france\" target=\"_blank\" rel=\"noopener\"><img decoding=\"async\" src=\"https:\/\/site.ac-martinique.fr\/espagnol\/wp-content\/uploads\/sites\/14\/2021\/04\/Capture-d\u00e9cran-2021-04-26-\u00e0-17.33.26.jpg\" alt=\"\" class=\"wp-image-2294\"\/><\/a><\/figure>\n\n\n\n<p>Ressources et formations <a href=\"https:\/\/www.reseau-canope.fr\/academie-de-la-martinique\/atelier-canope-972-fort-de-france\" target=\"_blank\" rel=\"noreferrer noopener\">ici<\/a><\/p>\n<\/div>\n<\/div>\n\n\n\n<div class=\"wp-block-columns is-layout-flex wp-container-core-columns-is-layout-abceabcf wp-block-columns-is-layout-flex\">\n<div class=\"wp-block-column is-layout-flow wp-block-column-is-layout-flow\">\n<h4 class=\"wp-block-heading has-text-align-center\" id=\"cartoun\">CARTOUN<\/h4>\n\n\n\n<figure class=\"wp-block-image size-large\"><a href=\"https:\/\/cartoun.education.fr\/portail\" target=\"_blank\" rel=\"noopener\"><img loading=\"lazy\" decoding=\"async\" width=\"313\" height=\"200\" src=\"https:\/\/site.ac-martinique.fr\/espagnol\/wp-content\/uploads\/sites\/14\/2021\/04\/cartoun.png\" alt=\"\" class=\"wp-image-2282\" srcset=\"https:\/\/site.ac-martinique.fr\/espagnol\/wp-content\/uploads\/sites\/14\/2021\/04\/cartoun.png 313w, https:\/\/site.ac-martinique.fr\/espagnol\/wp-content\/uploads\/sites\/14\/2021\/04\/cartoun-300x192.png 300w\" sizes=\"auto, (max-width: 313px) 100vw, 313px\" \/><\/a><\/figure>\n\n\n\n<p>Cartoun est un service d\u2019apprentissage entre pairs. Il a pour but de faciliter les \u00e9changes et les rencontres entre des enseignants souhaitant partager leurs exp\u00e9riences ou d\u00e9couvrir de nouvelles pratiques p\u00e9dagogiques et de nouveaux usages num\u00e9riques. <a rel=\"noreferrer noopener\" href=\"https:\/\/cartoun.education.fr\/portail\" target=\"_blank\">Plus d&rsquo;infos.<\/a><\/p>\n<\/div>\n\n\n\n<div class=\"wp-block-column is-layout-flow wp-block-column-is-layout-flow\">\n<h4 class=\"wp-block-heading has-text-align-center\" id=\"edutheque\">EDUTHEQUE<\/h4>\n\n\n\n<figure class=\"wp-block-image size-large\"><a href=\"https:\/\/www.edutheque.fr\/connaitre\/presentation.html\" target=\"_blank\" rel=\"noopener\"><img loading=\"lazy\" decoding=\"async\" width=\"379\" height=\"158\" src=\"https:\/\/site.ac-martinique.fr\/espagnol\/wp-content\/uploads\/sites\/14\/2021\/04\/e760b7d2-c15e-4a77-972c-786cdb22ec0e.png\" alt=\"\" class=\"wp-image-2284\" srcset=\"https:\/\/site.ac-martinique.fr\/espagnol\/wp-content\/uploads\/sites\/14\/2021\/04\/e760b7d2-c15e-4a77-972c-786cdb22ec0e.png 379w, https:\/\/site.ac-martinique.fr\/espagnol\/wp-content\/uploads\/sites\/14\/2021\/04\/e760b7d2-c15e-4a77-972c-786cdb22ec0e-300x125.png 300w\" sizes=\"auto, (max-width: 379px) 100vw, 379px\" \/><\/a><\/figure>\n\n\n\n<p>Une offre du service public du num\u00e9rique \u00e9ducatif qui s\u2019adresse \u00e0 tous les enseignants du premier et du second degr\u00e9 et leurs \u00e9l\u00e8ves. Il rassemble des ressources p\u00e9dagogiques structur\u00e9es. <a href=\"https:\/\/www.edutheque.fr\/connaitre\/presentation.html\" target=\"_blank\" rel=\"noreferrer noopener\">Plus d&rsquo;infos.<\/a><\/p>\n<\/div>\n\n\n\n<div class=\"wp-block-column is-layout-flow wp-block-column-is-layout-flow\">\n<h4 class=\"wp-block-heading has-text-align-center\" id=\"edubase\">EDUBASE<\/h4>\n\n\n\n<figure class=\"wp-block-image size-large\"><a href=\"https:\/\/edubase.eduscol.education.fr\/\" target=\"_blank\" rel=\"noopener\"><img loading=\"lazy\" decoding=\"async\" width=\"500\" height=\"370\" src=\"https:\/\/site.ac-martinique.fr\/espagnol\/wp-content\/uploads\/sites\/14\/2021\/04\/edubase_logo_1045949.95.png\" alt=\"\" class=\"wp-image-2283\" srcset=\"https:\/\/site.ac-martinique.fr\/espagnol\/wp-content\/uploads\/sites\/14\/2021\/04\/edubase_logo_1045949.95.png 500w, https:\/\/site.ac-martinique.fr\/espagnol\/wp-content\/uploads\/sites\/14\/2021\/04\/edubase_logo_1045949.95-300x222.png 300w\" sizes=\"auto, (max-width: 500px) 100vw, 500px\" \/><\/a><\/figure>\n\n\n\n<p>\u00c9dubase recense les pratiques p\u00e9dagogiques valoris\u00e9es par les acad\u00e9mies, en lien avec le num\u00e9rique \u00e9ducatif et en relation avec les programmes. <a href=\"https:\/\/edubase.eduscol.education.fr\/\" target=\"_blank\" rel=\"noreferrer noopener\">Plus d&rsquo;infos.<\/a><\/p>\n<\/div>\n<\/div>\n\n\n\n<hr class=\"wp-block-separator has-css-opacity is-style-wide\"\/>\n\n\n\n<h4 class=\"wp-block-heading\" id=\"lettre-d-information-edu-num-langues-vivantes\"><a href=\"https:\/\/contrib.eduscol.education.fr\/langues-vivantes\/edunum\" target=\"_blank\" rel=\"noreferrer noopener\">Lettre d&rsquo;information Edu_Num Langues vivantes<\/a><\/h4>\n\n\n\n<hr class=\"wp-block-separator has-css-opacity is-style-wide\"\/>\n\n\n\n<h4 class=\"wp-block-heading\" id=\"toute-l-actualite-du-numerique-educatif-sur-twitter\">Toute l&rsquo;actualit\u00e9 du num\u00e9rique \u00e9ducatif sur Twitter<\/h4>\n\n\n\n<a href=\"https:\/\/twitter.com\/ticeeducation?ref_src=twsrc%5Etfw\" class=\"twitter-follow-button\" data-show-count=\"false\">Follow @ticeeducation<\/a>\n\n\n\n<hr class=\"wp-block-separator has-css-opacity is-style-wide\"\/>\n\n\n\n<h4 class=\"wp-block-heading\" id=\"edmodo\">EDMODO<\/h4>\n\n\n\n<p>Espace Edmodo de l\u2019Acad\u00e9mie de la Martinique (\u00ab&nbsp;District&nbsp;\u00bb)&nbsp;&nbsp;<a href=\"http:\/\/ac-martinique.edmodo.com\/\" target=\"_blank\" rel=\"noreferrer noopener\">http:\/\/ac-martinique.edmodo.com\/<\/a><\/p>\n\n\n\n<p>Objectifs : espace d\u00e9di\u00e9&nbsp; aux enseignants de l\u2019acad\u00e9mie ;&nbsp; cr\u00e9ation de comptes pour travailler avec les classes ; \u00e9change de pratiques et de projets.<\/p>\n","protected":false},"excerpt":{"rendered":"<p>Les \u00e9quipiers disciplinaires pour le num\u00e9rique (EDNUM) Les EDNUM sont des professeurs d&rsquo;Espagnol de l&rsquo;acad\u00e9mie qui travaillent en lien avec l&rsquo;IA-IPR, la DRANE (D\u00e9l\u00e9gation r\u00e9gionale acad\u00e9mique pour le num\u00e9rique \u00e0 [&hellip;]<\/p>\n","protected":false},"author":70,"featured_media":0,"parent":0,"menu_order":0,"comment_status":"closed","ping_status":"closed","template":"","meta":{"footnotes":""},"class_list":["post-1826","page","type-page","status-publish","hentry"],"_links":{"self":[{"href":"https:\/\/site.ac-martinique.fr\/espagnol\/index.php?rest_route=\/wp\/v2\/pages\/1826","targetHints":{"allow":["GET"]}}],"collection":[{"href":"https:\/\/site.ac-martinique.fr\/espagnol\/index.php?rest_route=\/wp\/v2\/pages"}],"about":[{"href":"https:\/\/site.ac-martinique.fr\/espagnol\/index.php?rest_route=\/wp\/v2\/types\/page"}],"author":[{"embeddable":true,"href":"https:\/\/site.ac-martinique.fr\/espagnol\/index.php?rest_route=\/wp\/v2\/users\/70"}],"replies":[{"embeddable":true,"href":"https:\/\/site.ac-martinique.fr\/espagnol\/index.php?rest_route=%2Fwp%2Fv2%2Fcomments&post=1826"}],"version-history":[{"count":24,"href":"https:\/\/site.ac-martinique.fr\/espagnol\/index.php?rest_route=\/wp\/v2\/pages\/1826\/revisions"}],"predecessor-version":[{"id":3172,"href":"https:\/\/site.ac-martinique.fr\/espagnol\/index.php?rest_route=\/wp\/v2\/pages\/1826\/revisions\/3172"}],"wp:attachment":[{"href":"https:\/\/site.ac-martinique.fr\/espagnol\/index.php?rest_route=%2Fwp%2Fv2%2Fmedia&parent=1826"}],"curies":[{"name":"wp","href":"https:\/\/api.w.org\/{rel}","templated":true}]}}