{"id":2159,"date":"2021-04-24T01:35:35","date_gmt":"2021-04-24T00:35:35","guid":{"rendered":"https:\/\/site.ac-martinique.fr\/espagnol\/?page_id=2159"},"modified":"2026-03-23T21:32:39","modified_gmt":"2026-03-23T20:32:39","slug":"premier-degre","status":"publish","type":"page","link":"https:\/\/site.ac-martinique.fr\/espagnol\/?page_id=2159","title":{"rendered":"Premier degr\u00e9"},"content":{"rendered":"\n<h3 class=\"wp-block-heading\">Programmes officielles<\/h3>\n\n\n\n<h5 class=\"wp-block-heading\">Programme de LVE au Cycle 2<\/h5>\n\n\n\n<div data-wp-interactive=\"core\/file\" class=\"wp-block-file\"><object data-wp-bind--hidden=\"!state.hasPdfPreview\" hidden class=\"wp-block-file__embed\" data=\"https:\/\/site.ac-martinique.fr\/espagnol\/wp-content\/uploads\/sites\/14\/2026\/03\/Pgm-LVE-Cycle2-mars-2026.pdf\" type=\"application\/pdf\" style=\"width:100%;height:200px\" aria-label=\"Contenu embarqu\u00e9 Pgm LVE Cycle2 mars 2026.\"><\/object><a id=\"wp-block-file--media-93426361-e958-466d-976a-27cf5f89a513\" href=\"https:\/\/site.ac-martinique.fr\/espagnol\/wp-content\/uploads\/sites\/14\/2026\/03\/Pgm-LVE-Cycle2-mars-2026.pdf\">Pgm LVE Cycle2 mars 2026<span class=\"fr-link__detail\">PDF \u2013 788 Ko<\/span><\/a><a href=\"https:\/\/site.ac-martinique.fr\/espagnol\/wp-content\/uploads\/sites\/14\/2026\/03\/Pgm-LVE-Cycle2-mars-2026.pdf\" class=\"wp-block-file__button wp-element-button\" download aria-describedby=\"wp-block-file--media-93426361-e958-466d-976a-27cf5f89a513\">T\u00e9l\u00e9charger<\/a><\/div>\n\n\n\n<h5 class=\"wp-block-heading\">Programme de LVE au Cycle 3<\/h5>\n\n\n\n<div data-wp-interactive=\"core\/file\" class=\"wp-block-file\"><object data-wp-bind--hidden=\"!state.hasPdfPreview\" hidden class=\"wp-block-file__embed\" data=\"https:\/\/site.ac-martinique.fr\/espagnol\/wp-content\/uploads\/sites\/14\/2026\/03\/Pgm-LVE-Cycle3-mars-2026.pdf\" type=\"application\/pdf\" style=\"width:100%;height:200px\" aria-label=\"Contenu embarqu\u00e9 Pgm LVE Cycle3 mars 2026.\"><\/object><a id=\"wp-block-file--media-58b8d47d-8be7-46ca-a28e-df846714d5d5\" href=\"https:\/\/site.ac-martinique.fr\/espagnol\/wp-content\/uploads\/sites\/14\/2026\/03\/Pgm-LVE-Cycle3-mars-2026.pdf\">Pgm LVE Cycle3 mars 2026<span class=\"fr-link__detail\">PDF \u2013 305 Ko<\/span><\/a><a href=\"https:\/\/site.ac-martinique.fr\/espagnol\/wp-content\/uploads\/sites\/14\/2026\/03\/Pgm-LVE-Cycle3-mars-2026.pdf\" class=\"wp-block-file__button wp-element-button\" download aria-describedby=\"wp-block-file--media-58b8d47d-8be7-46ca-a28e-df846714d5d5\">T\u00e9l\u00e9charger<\/a><\/div>\n\n\n\n<p><a href=\"https:\/\/site.ac-martinique.fr\/espagnol\/wp-content\/uploads\/sites\/14\/2021\/04\/guide-pour-l-enseignement-des-langues-vivantes-trang-res-347-1.pdf\" target=\"_blank\" rel=\"noreferrer noopener\">Guide pour l&rsquo;enseignement des langues vivantes (Cycles 2 et 3)<\/a><\/p>\n\n\n\n<p><a href=\"https:\/\/cache.media.eduscol.education.fr\/file\/Multi_cycles_\/68\/2\/ExempleMiseEnOeuvre_Espagnol_1151682.pdf\" target=\"_blank\" rel=\"noreferrer noopener\">Exemple de mise en oeuvre dans la classe <\/a><\/p>\n\n\n\n<hr class=\"wp-block-separator has-text-color has-vivid-red-color has-css-opacity has-vivid-red-background-color has-background is-style-wide\"\/>\n\n\n\n<h3 class=\"wp-block-heading\">Primlangues<\/h3>\n\n\n\n<p>Les langues \u00e0 l&rsquo;\u00e9cole primaire : s\u00e9quences p\u00e9dagogiques, m\u00e9diath\u00e8que polyglotte, conseils pour les activit\u00e9s, etc. <a href=\"https:\/\/primlangues.education.fr\/\" target=\"_blank\" rel=\"noreferrer noopener\">Cliquer ici<\/a><\/p>\n\n\n\n<hr class=\"wp-block-separator has-text-color has-vivid-red-color has-css-opacity has-vivid-red-background-color has-background is-style-wide\"\/>\n\n\n\n<h3 class=\"wp-block-heading\">Mundo Primaria<\/h3>\n\n\n\n<p>En los \u00faltimos a\u00f1os, Internet se ha convertido en una herramienta imprescindible. Con las TIC\u2019s cada vez m\u00e1s integradas en la educaci\u00f3n, Mundo Primaria surge como una fuente de&nbsp;<strong>juegos y otros recursos did\u00e1cticos gratuitos<\/strong>&nbsp;de gran calidad para ni\u00f1os de entre tres y doce a\u00f1os. <a href=\"https:\/\/www.mundoprimaria.com\/\" target=\"_blank\" rel=\"noreferrer noopener\">Acceder aqu\u00ed<\/a><\/p>\n","protected":false},"excerpt":{"rendered":"<p>Programmes officielles Programme de LVE au Cycle 2 Programme de LVE au Cycle 3 Guide pour l&rsquo;enseignement des langues vivantes (Cycles 2 et 3) Exemple de mise en oeuvre dans [&hellip;]<\/p>\n","protected":false},"author":70,"featured_media":0,"parent":0,"menu_order":0,"comment_status":"closed","ping_status":"closed","template":"","meta":{"footnotes":""},"class_list":["post-2159","page","type-page","status-publish","hentry"],"_links":{"self":[{"href":"https:\/\/site.ac-martinique.fr\/espagnol\/index.php?rest_route=\/wp\/v2\/pages\/2159","targetHints":{"allow":["GET"]}}],"collection":[{"href":"https:\/\/site.ac-martinique.fr\/espagnol\/index.php?rest_route=\/wp\/v2\/pages"}],"about":[{"href":"https:\/\/site.ac-martinique.fr\/espagnol\/index.php?rest_route=\/wp\/v2\/types\/page"}],"author":[{"embeddable":true,"href":"https:\/\/site.ac-martinique.fr\/espagnol\/index.php?rest_route=\/wp\/v2\/users\/70"}],"replies":[{"embeddable":true,"href":"https:\/\/site.ac-martinique.fr\/espagnol\/index.php?rest_route=%2Fwp%2Fv2%2Fcomments&post=2159"}],"version-history":[{"count":7,"href":"https:\/\/site.ac-martinique.fr\/espagnol\/index.php?rest_route=\/wp\/v2\/pages\/2159\/revisions"}],"predecessor-version":[{"id":3536,"href":"https:\/\/site.ac-martinique.fr\/espagnol\/index.php?rest_route=\/wp\/v2\/pages\/2159\/revisions\/3536"}],"wp:attachment":[{"href":"https:\/\/site.ac-martinique.fr\/espagnol\/index.php?rest_route=%2Fwp%2Fv2%2Fmedia&parent=2159"}],"curies":[{"name":"wp","href":"https:\/\/api.w.org\/{rel}","templated":true}]}}