{"id":2160,"date":"2021-04-24T01:35:35","date_gmt":"2021-04-24T00:35:35","guid":{"rendered":"https:\/\/site.ac-martinique.fr\/espagnol\/?page_id=2160"},"modified":"2025-06-03T14:32:20","modified_gmt":"2025-06-03T13:32:20","slug":"college","status":"publish","type":"page","link":"https:\/\/site.ac-martinique.fr\/espagnol\/?page_id=2160","title":{"rendered":"Coll\u00e8ge"},"content":{"rendered":"\n<h3 class=\"wp-block-heading\">Programmes en vigueur<\/h3>\n\n\n\n<p class=\"has-vivid-red-color has-luminous-vivid-amber-background-color has-text-color has-background has-link-color wp-elements-450c26249ccdf585ae0aa85dbfb61fe5\"><strong>Nouveau programme pour la 6\u00e8me \u00e0 la rentr\u00e9e 2025<\/strong>  > <a href=\"https:\/\/www.education.gouv.fr\/sites\/default\/files\/ensel621_annexe9.pdf\" target=\"_blank\" rel=\"noreferrer noopener\">cliquer ici <\/a><\/p>\n\n\n\n<p>5\u00e8me : rentr\u00e9e 2026 \/ 4\u00e8me : rentr\u00e9e 2027 \/ 3\u00e8me : rentr\u00e9e 2028<\/p>\n\n\n\n<p><\/p>\n\n\n\n<div class=\"wp-block-buttons is-layout-flex wp-block-buttons-is-layout-flex\">\n<div class=\"wp-block-button\"><a class=\"wp-block-button__link wp-element-button\" href=\"https:\/\/cache.media.eduscol.education.fr\/file\/A-Scolarite_obligatoire\/24\/5\/Programme2020_cycle_2_comparatif_1313245.pdf\" target=\"_blank\" rel=\"noreferrer noopener\">Cycle 2<\/a><\/div>\n\n\n\n<div class=\"wp-block-button\"><a class=\"wp-block-button__link wp-element-button\" href=\"https:\/\/cache.media.eduscol.education.fr\/file\/A-Scolarite_obligatoire\/37\/5\/Programme2020_cycle_3_comparatif_1313375.pdf\" target=\"_blank\" rel=\"noreferrer noopener\">Cycle 3<\/a><\/div>\n\n\n\n<div class=\"wp-block-button\"><a class=\"wp-block-button__link wp-element-button\" href=\"https:\/\/cache.media.eduscol.education.fr\/file\/A-Scolarite_obligatoire\/37\/7\/Programme2020_cycle_4_comparatif_1313377.pdf\" target=\"_blank\" rel=\"noreferrer noopener\">Cycle 4<\/a><\/div>\n<\/div>\n\n\n\n<hr class=\"wp-block-separator has-css-opacity is-style-wide\"\/>\n\n\n\n<h3 class=\"wp-block-heading\">Nouveaux rep\u00e8res de progressivit\u00e9 (janvier 2024)<\/h3>\n\n\n\n<div class=\"wp-block-buttons is-content-justification-center is-layout-flex wp-container-core-buttons-is-layout-16018d1d wp-block-buttons-is-layout-flex\">\n<div class=\"wp-block-button is-style-fill\"><a class=\"wp-block-button__link wp-element-button\">R\u00e9p\u00e8res annuels de progression  Cycle 3<\/a><\/div>\n\n\n\n<div class=\"wp-block-button is-style-fill\"><a class=\"wp-block-button__link wp-element-button\">Rep\u00e8res annuels de progression Cycle 4<\/a><\/div>\n\n\n\n<div class=\"wp-block-button is-style-fill\"><a class=\"wp-block-button__link wp-element-button\">Attendus fin de 5\u00e8me<\/a><\/div>\n\n\n\n<div class=\"wp-block-button is-style-fill\"><a class=\"wp-block-button__link wp-element-button\">Attendus fin de 4\u00e8me<\/a><\/div>\n\n\n\n<div class=\"wp-block-button is-style-fill\"><a class=\"wp-block-button__link has-text-align-center wp-element-button\">Attendus fin de 3\u00e8me<\/a><\/div>\n<\/div>\n\n\n\n<div class=\"wp-block-columns tw-gutter-no is-layout-flex wp-container-core-columns-is-layout-abceabcf wp-block-columns-is-layout-flex\">\n<div class=\"wp-block-column is-layout-flow wp-block-column-is-layout-flow\" style=\"--col-width:100%;flex-basis:100%\">\n<div data-wp-interactive=\"core\/file\" class=\"wp-block-file\"><object data-wp-bind--hidden=\"!state.hasPdfPreview\" hidden class=\"wp-block-file__embed\" data=\"https:\/\/site.ac-martinique.fr\/espagnol\/wp-content\/uploads\/sites\/14\/2024\/03\/Reperes-annuels-de-progression_Cycle-3.pdf\" type=\"application\/pdf\" style=\"width:100%;height:200px\" aria-label=\"Contenu embarqu\u00e9 Rep\u00e8res annuels de progression_Cycle 3.\"><\/object><a id=\"wp-block-file--media-7b005ec0-e317-4eb0-994f-673a1c0b2d48\" href=\"https:\/\/site.ac-martinique.fr\/espagnol\/wp-content\/uploads\/sites\/14\/2024\/03\/Reperes-annuels-de-progression_Cycle-3.pdf\" target=\"_blank\" rel=\"noreferrer noopener\">Rep\u00e8res annuels de progression_Cycle 3<span class=\"fr-link__detail\">PDF \u2013 2 Mo<\/span><\/a><\/div>\n<\/div>\n<\/div>\n\n\n\n<div data-wp-interactive=\"core\/file\" class=\"wp-block-file\"><object data-wp-bind--hidden=\"!state.hasPdfPreview\" hidden class=\"wp-block-file__embed\" data=\"https:\/\/site.ac-martinique.fr\/espagnol\/wp-content\/uploads\/sites\/14\/2024\/03\/Reperes-annuels-de-progression_Cycle-4.pdf\" type=\"application\/pdf\" style=\"width:100%;height:200px\" aria-label=\"Contenu embarqu\u00e9 Rep\u00e8res annuels de progression_Cycle 4.\"><\/object><a id=\"wp-block-file--media-80c24ce2-ec59-452c-bf50-4a6739b09ae1\" href=\"https:\/\/site.ac-martinique.fr\/espagnol\/wp-content\/uploads\/sites\/14\/2024\/03\/Reperes-annuels-de-progression_Cycle-4.pdf\" target=\"_blank\" rel=\"noreferrer noopener\">Rep\u00e8res annuels de progression_Cycle 4<span class=\"fr-link__detail\">PDF \u2013 3 Mo<\/span><\/a><\/div>\n\n\n\n<div data-wp-interactive=\"core\/file\" class=\"wp-block-file\"><object data-wp-bind--hidden=\"!state.hasPdfPreview\" hidden class=\"wp-block-file__embed\" data=\"https:\/\/site.ac-martinique.fr\/espagnol\/wp-content\/uploads\/sites\/14\/2024\/03\/Attendus-de-fin-dannee-5eme_Espagnol.pdf\" type=\"application\/pdf\" style=\"width:100%;height:200px\" aria-label=\"Contenu embarqu\u00e9 Attendus de fin d&apos;ann\u00e9e 5\u00e8me_Espagnol.\"><\/object><a id=\"wp-block-file--media-613745a3-c75b-4be4-ae9a-80adec23087c\" href=\"https:\/\/site.ac-martinique.fr\/espagnol\/wp-content\/uploads\/sites\/14\/2024\/03\/Attendus-de-fin-dannee-5eme_Espagnol.pdf\" target=\"_blank\" rel=\"noreferrer noopener\">Attendus de fin d&rsquo;ann\u00e9e 5\u00e8me_Espagnol<span class=\"fr-link__detail\">PDF \u2013 3 Mo<\/span><\/a><\/div>\n\n\n\n<div data-wp-interactive=\"core\/file\" class=\"wp-block-file\"><object data-wp-bind--hidden=\"!state.hasPdfPreview\" hidden class=\"wp-block-file__embed\" data=\"https:\/\/site.ac-martinique.fr\/espagnol\/wp-content\/uploads\/sites\/14\/2024\/03\/Attendus-de-fin-dannee-4eme_Espagnol.pdf\" type=\"application\/pdf\" style=\"width:100%;height:200px\" aria-label=\"Contenu embarqu\u00e9 Attendus de fin d&apos;ann\u00e9e 4\u00e8me_Espagnol.\"><\/object><a id=\"wp-block-file--media-22217076-e227-4317-a4d6-864d0e42407a\" href=\"https:\/\/site.ac-martinique.fr\/espagnol\/wp-content\/uploads\/sites\/14\/2024\/03\/Attendus-de-fin-dannee-4eme_Espagnol.pdf\" target=\"_blank\" rel=\"noreferrer noopener\">Attendus de fin d&rsquo;ann\u00e9e 4\u00e8me_Espagnol<span class=\"fr-link__detail\">PDF \u2013 1 Mo<\/span><\/a><\/div>\n\n\n\n<div data-wp-interactive=\"core\/file\" class=\"wp-block-file\"><object data-wp-bind--hidden=\"!state.hasPdfPreview\" hidden class=\"wp-block-file__embed\" data=\"https:\/\/site.ac-martinique.fr\/espagnol\/wp-content\/uploads\/sites\/14\/2024\/03\/Attendus-de-fin-dannee-3eme_Espagnol.pdf\" type=\"application\/pdf\" style=\"width:100%;height:200px\" aria-label=\"Contenu embarqu\u00e9 Attendus de fin d&apos;ann\u00e9e 3\u00e8me_Espagnol.\"><\/object><a id=\"wp-block-file--media-90bcb878-19ad-4d58-8d39-51eb4c8caf12\" href=\"https:\/\/site.ac-martinique.fr\/espagnol\/?attachment_id=3236\" target=\"_blank\" rel=\"noreferrer noopener\">Attendus de fin d&rsquo;ann\u00e9e 3\u00e8me_Espagnol<span class=\"fr-link__detail\">PDF \u2013 2 Mo<\/span><\/a><\/div>\n\n\n\n<hr class=\"wp-block-separator has-css-opacity is-style-wide\"\/>\n\n\n\n<h3 class=\"wp-block-heading\">D\u00e9clinaisons culturelles<\/h3>\n\n\n\n<div class=\"wp-block-buttons is-layout-flex wp-block-buttons-is-layout-flex\">\n<div class=\"wp-block-button\"><a class=\"wp-block-button__link wp-element-button\" href=\"https:\/\/cache.media.eduscol.education.fr\/file\/Espagnol\/03\/6\/RA16_C2_LV_esp_declinaison_culturelle_572036.pdf\" target=\"_blank\" rel=\"noreferrer noopener\">Cycle 2<\/a><\/div>\n\n\n\n<div class=\"wp-block-button\"><a class=\"wp-block-button__link wp-element-button\" href=\"https:\/\/cache.media.eduscol.education.fr\/file\/Espagnol\/87\/6\/RA16_C3_LV_esp_declinaison_culturelle_574876.pdf\" target=\"_blank\" rel=\"noreferrer noopener\">Cycle 3<\/a><\/div>\n\n\n\n<div class=\"wp-block-button\"><a class=\"wp-block-button__link wp-element-button\" href=\"https:\/\/cache.media.eduscol.education.fr\/file\/Espagnol\/75\/3\/RA16_C4_LV_esp_declinaison_culturelle_585753.pdf\" target=\"_blank\" rel=\"noreferrer noopener\">Cycle 4<\/a><\/div>\n<\/div>\n\n\n\n<hr class=\"wp-block-separator has-css-opacity is-style-wide\"\/>\n\n\n\n<h3 class=\"wp-block-heading\">Ressources d&rsquo;accompagnement pour les langues vivantes \u00e9trang\u00e8res et r\u00e9gionales aux cycles 2, 3 et 4<\/h3>\n\n\n\n<div class=\"wp-block-buttons is-layout-flex wp-block-buttons-is-layout-flex\">\n<div class=\"wp-block-button\"><a class=\"wp-block-button__link wp-element-button\" href=\"https:\/\/eduscol.education.fr\/164\/langues-vivantes-cycles-2-3-et-4\" target=\"_blank\" rel=\"noreferrer noopener\">Eduscol<\/a><\/div>\n<\/div>\n\n\n\n<h3 class=\"wp-block-heading\">Archives 2016 &gt; Rep\u00e8res de progressivit\u00e9 linguistique<\/h3>\n\n\n\n<div class=\"wp-block-buttons is-layout-flex wp-block-buttons-is-layout-flex\">\n<div class=\"wp-block-button\"><a class=\"wp-block-button__link wp-element-button\" href=\"https:\/\/cache.media.eduscol.education.fr\/file\/Espagnol\/99\/1\/RA16_C2_LV_repere_progressivite_esp_564991.pdf\" target=\"_blank\" rel=\"noreferrer noopener\">Cycle 2<\/a><\/div>\n\n\n\n<div class=\"wp-block-button\"><a class=\"wp-block-button__link wp-element-button\" href=\"https:\/\/cache.media.eduscol.education.fr\/file\/Espagnol\/99\/7\/RA16_C3_LV_repere_progressivite_esp_564997.pdf\" target=\"_blank\" rel=\"noreferrer noopener\">Cycle 3<\/a><\/div>\n\n\n\n<div class=\"wp-block-button\"><a class=\"wp-block-button__link wp-element-button\" href=\"https:\/\/cache.media.eduscol.education.fr\/file\/Espagnol\/44\/6\/RA16_C4_LV_repere_progressivite_esp_VF_567446.pdf\" target=\"_blank\" rel=\"noreferrer noopener\">Cycle 4<\/a><\/div>\n<\/div>\n\n\n\n<hr class=\"wp-block-separator has-css-opacity is-style-wide\"\/>\n","protected":false},"excerpt":{"rendered":"<p>Programmes en vigueur Nouveau programme pour la 6\u00e8me \u00e0 la rentr\u00e9e 2025 > cliquer ici 5\u00e8me : rentr\u00e9e 2026 \/ 4\u00e8me : rentr\u00e9e 2027 \/ 3\u00e8me : rentr\u00e9e 2028 Nouveaux [&hellip;]<\/p>\n","protected":false},"author":70,"featured_media":0,"parent":0,"menu_order":0,"comment_status":"closed","ping_status":"closed","template":"","meta":{"footnotes":""},"class_list":["post-2160","page","type-page","status-publish","hentry"],"_links":{"self":[{"href":"https:\/\/site.ac-martinique.fr\/espagnol\/index.php?rest_route=\/wp\/v2\/pages\/2160","targetHints":{"allow":["GET"]}}],"collection":[{"href":"https:\/\/site.ac-martinique.fr\/espagnol\/index.php?rest_route=\/wp\/v2\/pages"}],"about":[{"href":"https:\/\/site.ac-martinique.fr\/espagnol\/index.php?rest_route=\/wp\/v2\/types\/page"}],"author":[{"embeddable":true,"href":"https:\/\/site.ac-martinique.fr\/espagnol\/index.php?rest_route=\/wp\/v2\/users\/70"}],"replies":[{"embeddable":true,"href":"https:\/\/site.ac-martinique.fr\/espagnol\/index.php?rest_route=%2Fwp%2Fv2%2Fcomments&post=2160"}],"version-history":[{"count":6,"href":"https:\/\/site.ac-martinique.fr\/espagnol\/index.php?rest_route=\/wp\/v2\/pages\/2160\/revisions"}],"predecessor-version":[{"id":3449,"href":"https:\/\/site.ac-martinique.fr\/espagnol\/index.php?rest_route=\/wp\/v2\/pages\/2160\/revisions\/3449"}],"wp:attachment":[{"href":"https:\/\/site.ac-martinique.fr\/espagnol\/index.php?rest_route=%2Fwp%2Fv2%2Fmedia&parent=2160"}],"curies":[{"name":"wp","href":"https:\/\/api.w.org\/{rel}","templated":true}]}}