{"id":2163,"date":"2021-04-24T01:35:35","date_gmt":"2021-04-24T00:35:35","guid":{"rendered":"https:\/\/site.ac-martinique.fr\/espagnol\/?page_id=2163"},"modified":"2023-10-27T15:07:56","modified_gmt":"2023-10-27T14:07:56","slug":"post-bac","status":"publish","type":"page","link":"https:\/\/site.ac-martinique.fr\/espagnol\/?page_id=2163","title":{"rendered":"Post-bac"},"content":{"rendered":"\n<div class=\"wp-block-columns is-layout-flex wp-container-core-columns-is-layout-abceabcf wp-block-columns-is-layout-flex\">\n<div class=\"wp-block-column is-layout-flow wp-block-column-is-layout-flow\" style=\"--col-width:33.33%;flex-basis:33.33%\">\n<h2 class=\"wp-block-heading\">Les BTS en Martinique<\/h2>\n\n\n\n<p>De nombreux \u00e9tablissements (LGT, LP, LPO, Priv\u00e9s sous contrat) proposent des BTS tertiaires et industriels.<\/p>\n<\/div>\n\n\n\n<div class=\"wp-block-column is-layout-flow wp-block-column-is-layout-flow\" style=\"--col-width:66.66%;flex-basis:66.66%\">\n<figure class=\"wp-block-image size-large\"><a href=\"https:\/\/site.ac-martinique.fr\/espagnol\/wp-content\/uploads\/sites\/14\/2021\/06\/Capture-de\u0301cran-2021-06-02-a\u0300-20.52.01-1.jpg\"><img loading=\"lazy\" decoding=\"async\" width=\"598\" height=\"580\" src=\"https:\/\/site.ac-martinique.fr\/espagnol\/wp-content\/uploads\/sites\/14\/2021\/06\/Capture-de\u0301cran-2021-06-02-a\u0300-20.52.01-1.jpg\" alt=\"\" class=\"wp-image-2562\" srcset=\"https:\/\/site.ac-martinique.fr\/espagnol\/wp-content\/uploads\/sites\/14\/2021\/06\/Capture-de\u0301cran-2021-06-02-a\u0300-20.52.01-1.jpg 598w, https:\/\/site.ac-martinique.fr\/espagnol\/wp-content\/uploads\/sites\/14\/2021\/06\/Capture-de\u0301cran-2021-06-02-a\u0300-20.52.01-1-300x291.jpg 300w\" sizes=\"auto, (max-width: 598px) 100vw, 598px\" \/><\/a><\/figure>\n<\/div>\n<\/div>\n\n\n\n<div class=\"wp-block-buttons is-layout-flex wp-block-buttons-is-layout-flex\">\n<div class=\"wp-block-button has-custom-width wp-block-button__width-100\"><a class=\"wp-block-button__link wp-element-button\" href=\"https:\/\/enqdip.sup.adc.education.fr\/bts\/index.htm\" style=\"border-radius:23px\" target=\"_blank\" rel=\"noreferrer noopener\">Tous les r\u00e9f\u00e9rentiels &#8211; cliquez ici<\/a><\/div>\n<\/div>\n\n\n\n<div class=\"wp-block-file aligncenter\"><a id=\"wp-block-file--media-8596af5e-f2b1-41a8-84ec-e0989ee1713c\" href=\"https:\/\/site.ac-martinique.fr\/espagnol\/wp-content\/uploads\/sites\/14\/2021\/06\/LES-EPREUVES-DE-LVE-EN-BTS.pdf\" target=\"_blank\" rel=\"noreferrer noopener\"><strong>LES EPREUVES DE LVE EN BTS<\/strong> Cliquez ici<span class=\"fr-link__detail\">PDF \u2013 744 Ko<\/span><\/a><\/div>\n\n\n\n<div class=\"wp-block-buttons is-layout-flex wp-block-buttons-is-layout-flex\">\n<div class=\"wp-block-button has-custom-width wp-block-button__width-50\"><a class=\"wp-block-button__link wp-element-button\" href=\"https:\/\/eduscol.education.fr\/sti\/concours_examens#?vp=false&amp;vst=false&amp;prb=false&amp;pob=false&amp;fe=false\" style=\"border-radius:36px\" target=\"_blank\" rel=\"noreferrer noopener\">Base nationale de sujets<\/a><\/div>\n<\/div>\n\n\n\n<hr class=\"wp-block-separator has-alpha-channel-opacity\"\/>\n\n\n\n<p><strong><mark style=\"background-color:rgba(0, 0, 0, 0)\" class=\"has-inline-color has-vivid-red-color\">Calendrier des \u00e9preuves &#8211; Session 2024<\/mark><\/strong><\/p>\n\n\n\n<p><a href=\"https:\/\/www.education.gouv.fr\/bo\/2023\/Hebdo40\/ESRS2325801A\">https:\/\/www.education.gouv.fr\/bo\/2023\/Hebdo40\/ESRS2325801A<\/a><\/p>\n","protected":false},"excerpt":{"rendered":"<p>Les BTS en Martinique De nombreux \u00e9tablissements (LGT, LP, LPO, Priv\u00e9s sous contrat) proposent des BTS tertiaires et industriels. Calendrier des \u00e9preuves &#8211; Session 2024 https:\/\/www.education.gouv.fr\/bo\/2023\/Hebdo40\/ESRS2325801A<\/p>\n","protected":false},"author":70,"featured_media":0,"parent":0,"menu_order":0,"comment_status":"closed","ping_status":"closed","template":"","meta":{"footnotes":""},"class_list":["post-2163","page","type-page","status-publish","hentry"],"_links":{"self":[{"href":"https:\/\/site.ac-martinique.fr\/espagnol\/index.php?rest_route=\/wp\/v2\/pages\/2163","targetHints":{"allow":["GET"]}}],"collection":[{"href":"https:\/\/site.ac-martinique.fr\/espagnol\/index.php?rest_route=\/wp\/v2\/pages"}],"about":[{"href":"https:\/\/site.ac-martinique.fr\/espagnol\/index.php?rest_route=\/wp\/v2\/types\/page"}],"author":[{"embeddable":true,"href":"https:\/\/site.ac-martinique.fr\/espagnol\/index.php?rest_route=\/wp\/v2\/users\/70"}],"replies":[{"embeddable":true,"href":"https:\/\/site.ac-martinique.fr\/espagnol\/index.php?rest_route=%2Fwp%2Fv2%2Fcomments&post=2163"}],"version-history":[{"count":6,"href":"https:\/\/site.ac-martinique.fr\/espagnol\/index.php?rest_route=\/wp\/v2\/pages\/2163\/revisions"}],"predecessor-version":[{"id":3207,"href":"https:\/\/site.ac-martinique.fr\/espagnol\/index.php?rest_route=\/wp\/v2\/pages\/2163\/revisions\/3207"}],"wp:attachment":[{"href":"https:\/\/site.ac-martinique.fr\/espagnol\/index.php?rest_route=%2Fwp%2Fv2%2Fmedia&parent=2163"}],"curies":[{"name":"wp","href":"https:\/\/api.w.org\/{rel}","templated":true}]}}