{"id":2164,"date":"2021-04-24T01:35:35","date_gmt":"2021-04-24T00:35:35","guid":{"rendered":"https:\/\/site.ac-martinique.fr\/espagnol\/?page_id=2164"},"modified":"2023-09-28T18:01:01","modified_gmt":"2023-09-28T17:01:01","slug":"assistant-de-langue-vivante","status":"publish","type":"page","link":"https:\/\/site.ac-martinique.fr\/espagnol\/?page_id=2164","title":{"rendered":"Assistant de langue vivante"},"content":{"rendered":"\n<figure class=\"wp-block-pullquote\"><blockquote><p>Programme des assistants de langue <a href=\"https:\/\/site.ac-martinique.fr\/espagnol\/?p=3167\">ici<\/a><br>Publication en septembre 2023<\/p><\/blockquote><\/figure>\n\n\n\n<figure class=\"wp-block-pullquote\"><blockquote><p>Ressources sur Eduscol <a href=\"https:\/\/eduscol.education.fr\/1252\/programme-d-assistants-de-langues-vivantes-etrangeres\" target=\"_blank\" rel=\"noreferrer noopener\">ici<\/a><\/p><\/blockquote><\/figure>\n\n\n\n<h4 class=\"wp-block-heading\">DAREIC Martinique<\/h4>\n\n\n\n<p>D\u00e9l\u00e9gation Acad\u00e9mique aux Relations Europ\u00e9ennes et Internationales et \u00e0 la Coop\u00e9ration. <a href=\"https:\/\/site.ac-martinique.fr\/dareic\/?page_id=3796\" data-type=\"post\" target=\"_blank\" rel=\"noreferrer noopener\">Ici<\/a><\/p>\n\n\n\n<h3 class=\"wp-block-heading\">Le guide de l&rsquo;assistant de langue<\/h3>\n\n\n\n<p class=\"has-text-align-center\">La mission principale de l&rsquo;ALVE est d\u2019encourager les \u00e9l\u00e8ves \u00e0 oser s\u2019exprimer dans un<br>climat de confiance en s&rsquo;appuyant sur ses connaissances personnelles,<br>ses talents, ses points forts pour faire d\u00e9couvrir sa langue et sa culture.<\/p>\n\n\n\n<p><a href=\"https:\/\/www.france-education-international.fr\/sites\/default\/files\/medias\/flipping\/le-guide-de-lassistant\/36\/\" target=\"_blank\" rel=\"noreferrer noopener\">Consulter ici le Guide complet<\/a><\/p>\n\n\n\n<hr class=\"wp-block-separator has-css-opacity\"\/>\n\n\n\n<h4 class=\"wp-block-heading\">Propositions d&rsquo;activit\u00e9s de la promotion 2019\/2020 des Assistants de langue vivante<\/h4>\n\n\n\n<p>Lors de la formation qui est propos\u00e9e chaque ann\u00e9e aux ALVE, la promotion 2019\/2020 a propos\u00e9 3 activit\u00e9s que vous pourrez retrouver ci-dessous.<\/p>\n\n\n\n<div class=\"wp-block-file\"><a id=\"wp-block-file--media-4b19c0c1-fd07-4199-856c-c0beb8219c85\" href=\"https:\/\/site.ac-martinique.fr\/espagnol\/wp-content\/uploads\/sites\/14\/2021\/05\/Propositions-Activites-ALVE-19-20.pdf\" target=\"_blank\" rel=\"noreferrer noopener\">Propositions-Activites-ALVE-19-20<span class=\"fr-link__detail\">PDF \u2013 158 Ko<\/span><\/a><\/div>\n","protected":false},"excerpt":{"rendered":"<p>Programme des assistants de langue iciPublication en septembre 2023 Ressources sur Eduscol ici DAREIC Martinique D\u00e9l\u00e9gation Acad\u00e9mique aux Relations Europ\u00e9ennes et Internationales et \u00e0 la Coop\u00e9ration. Ici Le guide de [&hellip;]<\/p>\n","protected":false},"author":70,"featured_media":0,"parent":0,"menu_order":0,"comment_status":"closed","ping_status":"closed","template":"","meta":{"footnotes":""},"class_list":["post-2164","page","type-page","status-publish","hentry"],"_links":{"self":[{"href":"https:\/\/site.ac-martinique.fr\/espagnol\/index.php?rest_route=\/wp\/v2\/pages\/2164","targetHints":{"allow":["GET"]}}],"collection":[{"href":"https:\/\/site.ac-martinique.fr\/espagnol\/index.php?rest_route=\/wp\/v2\/pages"}],"about":[{"href":"https:\/\/site.ac-martinique.fr\/espagnol\/index.php?rest_route=\/wp\/v2\/types\/page"}],"author":[{"embeddable":true,"href":"https:\/\/site.ac-martinique.fr\/espagnol\/index.php?rest_route=\/wp\/v2\/users\/70"}],"replies":[{"embeddable":true,"href":"https:\/\/site.ac-martinique.fr\/espagnol\/index.php?rest_route=%2Fwp%2Fv2%2Fcomments&post=2164"}],"version-history":[{"count":7,"href":"https:\/\/site.ac-martinique.fr\/espagnol\/index.php?rest_route=\/wp\/v2\/pages\/2164\/revisions"}],"predecessor-version":[{"id":3170,"href":"https:\/\/site.ac-martinique.fr\/espagnol\/index.php?rest_route=\/wp\/v2\/pages\/2164\/revisions\/3170"}],"wp:attachment":[{"href":"https:\/\/site.ac-martinique.fr\/espagnol\/index.php?rest_route=%2Fwp%2Fv2%2Fmedia&parent=2164"}],"curies":[{"name":"wp","href":"https:\/\/api.w.org\/{rel}","templated":true}]}}