{"id":2169,"date":"2021-04-24T01:35:35","date_gmt":"2021-04-24T00:35:35","guid":{"rendered":"https:\/\/site.ac-martinique.fr\/espagnol\/?page_id=2169"},"modified":"2023-10-23T15:20:51","modified_gmt":"2023-10-23T14:20:51","slug":"professionnel","status":"publish","type":"page","link":"https:\/\/site.ac-martinique.fr\/espagnol\/?page_id=2169","title":{"rendered":"Professionnel"},"content":{"rendered":"\n<h4 class=\"wp-block-heading\"><a rel=\"noreferrer noopener\" href=\"https:\/\/eduscol.education.fr\/2224\/transformer-le-lycee-professionnel\" target=\"_blank\">Transformation de la voie pro<\/a><\/h4>\n\n\n\n<p>La r\u00e9forme des lyc\u00e9es professionnels se d\u00e9ploiera progressivement \u00e0 partir de la rentr\u00e9e scolaire 2023. Elle vise \u00e0 assurer l\u2019avenir de tous les \u00e9l\u00e8ves, au plus pr\u00e8s de leurs besoins et de leurs aspirations, et \u00e0 r\u00e9pondre \u00e0 la promesse r\u00e9publicaine d\u2019\u00e9galit\u00e9 des chances.<\/p>\n\n\n\n<p>(Cliquer sur le titre pour acc\u00e9der \u00e0 la ressource) <\/p>\n\n\n\n<hr class=\"wp-block-separator has-alpha-channel-opacity\"\/>\n\n\n\n<h4 class=\"wp-block-heading\"><a rel=\"noreferrer noopener\" href=\"https:\/\/eduscol.education.fr\/1773\/programmes-et-ressources-en-langues-vivantes-voie-professionnelle\" target=\"_blank\">Programmes et ressources &#8211; Langues vivantes Bac Pro et CAP<\/a><\/h4>\n\n\n\n<p>Cliquer le titre pour acc\u00e9der aux ressources sur Eduscol<\/p>\n\n\n\n<hr class=\"wp-block-separator has-alpha-channel-opacity\"\/>\n\n\n\n<h3 class=\"wp-block-heading\">R\u00e9union de rentr\u00e9e 2023<\/h3>\n\n\n\n<p>La mardi 10 octobre 2023, les professeurs d&rsquo;Espagnol en Lyc\u00e9e Professionnel se sont r\u00e9unis avec l&rsquo;IPR. <\/p>\n\n\n\n<p>Ci-apr\u00e8s le diaporama utilis\u00e9 lors de cette r\u00e9union.<\/p>\n\n\n\n<div data-wp-interactive=\"core\/file\" class=\"wp-block-file\"><object data-wp-bind--hidden=\"!state.hasPdfPreview\" hidden class=\"wp-block-file__embed\" data=\"https:\/\/site.ac-martinique.fr\/espagnol\/wp-content\/uploads\/sites\/14\/2023\/10\/Reunion-de-rentree-plp-lettres-espagnol-site.pdf\" type=\"application\/pdf\" style=\"width:100%;height:434px\" aria-label=\"Contenu embarqu\u00e9 Reunion de rentree plp lettres-espagnol site.\"><\/object><a id=\"wp-block-file--media-c3d1ea2c-b2b5-4deb-971b-3532c29d9b27\" href=\"https:\/\/site.ac-martinique.fr\/espagnol\/wp-content\/uploads\/sites\/14\/2023\/10\/Reunion-de-rentree-plp-lettres-espagnol-site.pdf\">Reunion de rentree plp lettres-espagnol site<span class=\"fr-link__detail\">PDF \u2013 952 Ko<\/span><\/a><\/div>\n\n\n\n<hr class=\"wp-block-separator has-alpha-channel-opacity\"\/>\n\n\n\n<h3 class=\"wp-block-heading\"><mark style=\"background-color:rgba(0, 0, 0, 0)\" class=\"has-inline-color has-vivid-red-color\">Modalit\u00e9s des \u00e9preuves Bac Pro<\/mark><\/h3>\n\n\n\n<div data-wp-interactive=\"core\/file\" class=\"wp-block-file\"><object data-wp-bind--hidden=\"!state.hasPdfPreview\" hidden class=\"wp-block-file__embed\" data=\"https:\/\/site.ac-martinique.fr\/espagnol\/wp-content\/uploads\/sites\/14\/2023\/10\/Modalites-epreuves-BAC-PRO-LV-Espagnol-Ac-Martinique.pdf\" type=\"application\/pdf\" style=\"width:100%;height:400px\" aria-label=\"Contenu embarqu\u00e9 Modalit\u00e9s-\u00e9preuves-BAC-PRO-LV-Espagnol-Ac-Martinique.\"><\/object><a id=\"wp-block-file--media-863a7d4d-5e52-479f-be5d-da11fb90799d\" href=\"https:\/\/site.ac-martinique.fr\/espagnol\/wp-content\/uploads\/sites\/14\/2023\/10\/Modalites-epreuves-BAC-PRO-LV-Espagnol-Ac-Martinique.pdf\" target=\"_blank\" rel=\"noreferrer noopener\">Modalit\u00e9s-\u00e9preuves-BAC-PRO-LV-Espagnol-Ac-Martinique<span class=\"fr-link__detail\">PDF \u2013 885 Ko<\/span><\/a><\/div>\n\n\n\n<hr class=\"wp-block-separator has-alpha-channel-opacity\"\/>\n\n\n\n<h3 class=\"wp-block-heading\"><mark style=\"background-color:rgba(0, 0, 0, 0)\" class=\"has-inline-color has-vivid-red-color\">Modalit\u00e9s des \u00e9preuves CAP<\/mark><\/h3>\n\n\n\n<div data-wp-interactive=\"core\/file\" class=\"wp-block-file\"><object data-wp-bind--hidden=\"!state.hasPdfPreview\" hidden class=\"wp-block-file__embed\" data=\"https:\/\/site.ac-martinique.fr\/espagnol\/wp-content\/uploads\/sites\/14\/2023\/10\/Modalites-epreuves-CAP-LV-Espagnol-Ac-Martinique.pdf\" type=\"application\/pdf\" style=\"width:100%;height:400px\" aria-label=\"Contenu embarqu\u00e9 Modalit\u00e9s-\u00e9preuves-CAP-LV-Espagnol-Ac-Martinique.\"><\/object><a id=\"wp-block-file--media-d8d2480d-4619-4177-8559-4807cd3c8d88\" href=\"https:\/\/site.ac-martinique.fr\/espagnol\/wp-content\/uploads\/sites\/14\/2023\/10\/Modalites-epreuves-CAP-LV-Espagnol-Ac-Martinique.pdf\">Modalit\u00e9s-\u00e9preuves-CAP-LV-Espagnol-Ac-Martinique<span class=\"fr-link__detail\">PDF \u2013 720 Ko<\/span><\/a><a href=\"https:\/\/site.ac-martinique.fr\/espagnol\/wp-content\/uploads\/sites\/14\/2023\/10\/Modalites-epreuves-CAP-LV-Espagnol-Ac-Martinique.pdf\" class=\"wp-block-file__button wp-element-button\" download aria-describedby=\"wp-block-file--media-d8d2480d-4619-4177-8559-4807cd3c8d88\">T\u00e9l\u00e9charger<\/a><\/div>\n\n\n\n<hr class=\"wp-block-separator has-alpha-channel-opacity\"\/>\n\n\n\n<h3 class=\"wp-block-heading\"><mark style=\"background-color:rgba(0, 0, 0, 0)\" class=\"has-inline-color has-vivid-red-color\">P\u00e9dagogie de la mise en situation active &#8211; CAP<\/mark><\/h3>\n\n\n\n<figure class=\"wp-block-image size-large\"><a href=\"https:\/\/site.ac-martinique.fr\/espagnol\/wp-content\/uploads\/sites\/14\/2023\/10\/mise-en-situation-active.png\"><img loading=\"lazy\" decoding=\"async\" width=\"1024\" height=\"678\" src=\"https:\/\/site.ac-martinique.fr\/espagnol\/wp-content\/uploads\/sites\/14\/2023\/10\/mise-en-situation-active-1024x678.png\" alt=\"\" class=\"wp-image-3194\" srcset=\"https:\/\/site.ac-martinique.fr\/espagnol\/wp-content\/uploads\/sites\/14\/2023\/10\/mise-en-situation-active-1024x678.png 1024w, https:\/\/site.ac-martinique.fr\/espagnol\/wp-content\/uploads\/sites\/14\/2023\/10\/mise-en-situation-active-300x199.png 300w, https:\/\/site.ac-martinique.fr\/espagnol\/wp-content\/uploads\/sites\/14\/2023\/10\/mise-en-situation-active-768x509.png 768w, https:\/\/site.ac-martinique.fr\/espagnol\/wp-content\/uploads\/sites\/14\/2023\/10\/mise-en-situation-active-1536x1018.png 1536w, https:\/\/site.ac-martinique.fr\/espagnol\/wp-content\/uploads\/sites\/14\/2023\/10\/mise-en-situation-active-750x497.png 750w, https:\/\/site.ac-martinique.fr\/espagnol\/wp-content\/uploads\/sites\/14\/2023\/10\/mise-en-situation-active.png 1796w\" sizes=\"auto, (max-width: 1024px) 100vw, 1024px\" \/><\/a><\/figure>\n\n\n\n<div class=\"wp-block-file\"><a id=\"wp-block-file--media-a560503b-e59e-492b-9b2d-d6bd6a74efa3\" href=\"https:\/\/site.ac-martinique.fr\/espagnol\/wp-content\/uploads\/sites\/14\/2023\/10\/mise-en-situation-active.png\">mise en situation active<span class=\"fr-link__detail\">PNG \u2013 196 Ko<\/span><\/a><a href=\"https:\/\/site.ac-martinique.fr\/espagnol\/wp-content\/uploads\/sites\/14\/2023\/10\/mise-en-situation-active.png\" class=\"wp-block-file__button wp-element-button\" download aria-describedby=\"wp-block-file--media-a560503b-e59e-492b-9b2d-d6bd6a74efa3\">T\u00e9l\u00e9charger<\/a><\/div>\n","protected":false},"excerpt":{"rendered":"<p>Transformation de la voie pro La r\u00e9forme des lyc\u00e9es professionnels se d\u00e9ploiera progressivement \u00e0 partir de la rentr\u00e9e scolaire 2023. Elle vise \u00e0 assurer l\u2019avenir de tous les \u00e9l\u00e8ves, au [&hellip;]<\/p>\n","protected":false},"author":70,"featured_media":0,"parent":0,"menu_order":0,"comment_status":"closed","ping_status":"closed","template":"","meta":{"footnotes":""},"class_list":["post-2169","page","type-page","status-publish","hentry"],"_links":{"self":[{"href":"https:\/\/site.ac-martinique.fr\/espagnol\/index.php?rest_route=\/wp\/v2\/pages\/2169","targetHints":{"allow":["GET"]}}],"collection":[{"href":"https:\/\/site.ac-martinique.fr\/espagnol\/index.php?rest_route=\/wp\/v2\/pages"}],"about":[{"href":"https:\/\/site.ac-martinique.fr\/espagnol\/index.php?rest_route=\/wp\/v2\/types\/page"}],"author":[{"embeddable":true,"href":"https:\/\/site.ac-martinique.fr\/espagnol\/index.php?rest_route=\/wp\/v2\/users\/70"}],"replies":[{"embeddable":true,"href":"https:\/\/site.ac-martinique.fr\/espagnol\/index.php?rest_route=%2Fwp%2Fv2%2Fcomments&post=2169"}],"version-history":[{"count":7,"href":"https:\/\/site.ac-martinique.fr\/espagnol\/index.php?rest_route=\/wp\/v2\/pages\/2169\/revisions"}],"predecessor-version":[{"id":3205,"href":"https:\/\/site.ac-martinique.fr\/espagnol\/index.php?rest_route=\/wp\/v2\/pages\/2169\/revisions\/3205"}],"wp:attachment":[{"href":"https:\/\/site.ac-martinique.fr\/espagnol\/index.php?rest_route=%2Fwp%2Fv2%2Fmedia&parent=2169"}],"curies":[{"name":"wp","href":"https:\/\/api.w.org\/{rel}","templated":true}]}}