{"id":2170,"date":"2021-04-24T01:35:35","date_gmt":"2021-04-24T00:35:35","guid":{"rendered":"https:\/\/site.ac-martinique.fr\/espagnol\/?page_id=2170"},"modified":"2023-10-16T02:49:43","modified_gmt":"2023-10-16T01:49:43","slug":"dnb","status":"publish","type":"page","link":"https:\/\/site.ac-martinique.fr\/espagnol\/?page_id=2170","title":{"rendered":"DNB"},"content":{"rendered":"\n<p>Pour les candidats scolaires, l&rsquo;obtention du dipl\u00f4me national du brevet (DNB) est li\u00e9e \u00e0 la ma\u00eetrise du socle commun de connaissances, de comp\u00e9tences et de culture et aux r\u00e9sultats obtenus aux \u00e9preuves de l&rsquo;examen terminal. Les candidats individuels sont \u00e9valu\u00e9s par un examen \u00e9crit.<\/p>\n\n\n\n<p><a rel=\"noreferrer noopener\" href=\"https:\/\/eduscol.education.fr\/713\/modalites-d-attribution-du-diplome-national-du-brevet\" target=\"_blank\">Tout sur le DNB en cliquant ici<\/a><\/p>\n\n\n\n<p>Nouveaut\u00e9 rentr\u00e9e 2023 &#8211; Nouveau calendrier du Brevet > <a rel=\"noreferrer noopener\" href=\"https:\/\/www.education.gouv.fr\/bo\/2023\/Hebdo36\/MENE2324950N\" target=\"_blank\">B.O. n\u00b036 du 28 septembre 2023<\/a><\/p>\n\n\n<div class=\"wp-block-image\">\n<figure class=\"aligncenter size-large is-resized\"><a href=\"https:\/\/site.ac-martinique.fr\/espagnol\/wp-content\/uploads\/sites\/14\/2021\/04\/dnb-infograph2018-epreuves-862770-png-933.png\"><img loading=\"lazy\" decoding=\"async\" width=\"344\" height=\"654\" src=\"https:\/\/site.ac-martinique.fr\/espagnol\/wp-content\/uploads\/sites\/14\/2021\/04\/dnb-infograph2018-epreuves-862770-png-933.png\" alt=\"\" class=\"wp-image-2259\" style=\"width:438px;height:832px\" srcset=\"https:\/\/site.ac-martinique.fr\/espagnol\/wp-content\/uploads\/sites\/14\/2021\/04\/dnb-infograph2018-epreuves-862770-png-933.png 344w, https:\/\/site.ac-martinique.fr\/espagnol\/wp-content\/uploads\/sites\/14\/2021\/04\/dnb-infograph2018-epreuves-862770-png-933-158x300.png 158w\" sizes=\"auto, (max-width: 344px) 100vw, 344px\" \/><\/a><\/figure>\n<\/div>\n\n\n<p><a href=\"http:\/\/www.education.gouv.fr\/pid285\/bulletin_officiel.html?cid_bo=97260\" target=\"_blank\" rel=\"noreferrer noopener\">D\u00e9cret n\u00b0 2015-1929 du 31-12-2015<\/a>&nbsp;relatif \u00e0 l&rsquo;\u00e9valuation des acquis scolaires des \u00e9l\u00e8ves.<\/p>\n\n\n\n<p><a href=\"https:\/\/www.legifrance.gouv.fr\/affichTexte.do?cidTexte=JORFTEXT000031742288&amp;dateTexte=20180104\" target=\"_blank\" rel=\"noreferrer noopener\">Arr\u00eat\u00e9 du 31 d\u00e9cembre 2015 modifi\u00e9&nbsp;<\/a>relatif aux modalit\u00e9s d&rsquo;attribution du&nbsp;DNB<\/p>\n\n\n\n<p><a href=\"https:\/\/www.legifrance.gouv.fr\/affichTexte.do?cidTexte=JORFTEXT000032672978&amp;fastPos=1&amp;fastReqId=1389128463&amp;categorieLien=cid&amp;oldAction=rechTexte\">Arr\u00eat\u00e9 du 23 mai 2016 modifi\u00e9<\/a>&nbsp;relatif aux modalit\u00e9s d&rsquo;attribution du&nbsp;DNB&nbsp;pour les candidats de l&rsquo;enseignement agricole<\/p>\n\n\n\n<p><a href=\"http:\/\/www.education.gouv.fr\/pid285\/bulletin_officiel.html?cid_bo=127102\" target=\"_blank\" rel=\"noreferrer noopener\">Note de service n\u00b0 2018-035 du 27 f\u00e9vrier 2018<\/a>&nbsp;relative aux modalit\u00e9s d&rsquo;attribution pour les candidats de l&rsquo;enseignement agricole \u00e0 compter de la session 2018<\/p>\n\n\n\n<p><a href=\"http:\/\/www.education.gouv.fr\/pid285\/bulletin_officiel.html?cid_bo=106020\" target=\"_blank\" rel=\"noreferrer noopener\">Arr\u00eat\u00e9 du 19 juillet 2016<\/a>&nbsp;relatif \u00e0 l&rsquo;\u00e9preuve de langue vivante pour les candidats individuels<\/p>\n\n\n\n<p><a href=\"http:\/\/www.education.gouv.fr\/pid285\/bulletin_officiel.html?cid_bo=109563\" target=\"_blank\" rel=\"noreferrer noopener\">Arr\u00eat\u00e9 du 10 octobre 2016<\/a>&nbsp;relatif \u00e0 l&rsquo;adaptation et dispense de certaines \u00e9preuves ou parties d&rsquo;\u00e9preuves \u00e0 l&rsquo;examen du DNB pour les candidats pr\u00e9sentant un handicap ou b\u00e9n\u00e9ficiant d&rsquo;un&nbsp;PAP<\/p>\n\n\n\n<p><a href=\"http:\/\/www.education.gouv.fr\/pid285\/bulletin_officiel.html?cid_bo=103178\" target=\"_blank\" rel=\"noreferrer noopener\">Note de service n\u00b0 2016-090 du 22 juin 2016<\/a>&nbsp;relative \u00e0 la c\u00e9r\u00e9monie r\u00e9publicaine de remise des dipl\u00f4mes.<\/p>\n","protected":false},"excerpt":{"rendered":"<p>Pour les candidats scolaires, l&rsquo;obtention du dipl\u00f4me national du brevet (DNB) est li\u00e9e \u00e0 la ma\u00eetrise du socle commun de connaissances, de comp\u00e9tences et de culture et aux r\u00e9sultats obtenus [&hellip;]<\/p>\n","protected":false},"author":70,"featured_media":0,"parent":0,"menu_order":0,"comment_status":"closed","ping_status":"closed","template":"","meta":{"footnotes":""},"class_list":["post-2170","page","type-page","status-publish","hentry"],"_links":{"self":[{"href":"https:\/\/site.ac-martinique.fr\/espagnol\/index.php?rest_route=\/wp\/v2\/pages\/2170","targetHints":{"allow":["GET"]}}],"collection":[{"href":"https:\/\/site.ac-martinique.fr\/espagnol\/index.php?rest_route=\/wp\/v2\/pages"}],"about":[{"href":"https:\/\/site.ac-martinique.fr\/espagnol\/index.php?rest_route=\/wp\/v2\/types\/page"}],"author":[{"embeddable":true,"href":"https:\/\/site.ac-martinique.fr\/espagnol\/index.php?rest_route=\/wp\/v2\/users\/70"}],"replies":[{"embeddable":true,"href":"https:\/\/site.ac-martinique.fr\/espagnol\/index.php?rest_route=%2Fwp%2Fv2%2Fcomments&post=2170"}],"version-history":[{"count":6,"href":"https:\/\/site.ac-martinique.fr\/espagnol\/index.php?rest_route=\/wp\/v2\/pages\/2170\/revisions"}],"predecessor-version":[{"id":3183,"href":"https:\/\/site.ac-martinique.fr\/espagnol\/index.php?rest_route=\/wp\/v2\/pages\/2170\/revisions\/3183"}],"wp:attachment":[{"href":"https:\/\/site.ac-martinique.fr\/espagnol\/index.php?rest_route=%2Fwp%2Fv2%2Fmedia&parent=2170"}],"curies":[{"name":"wp","href":"https:\/\/api.w.org\/{rel}","templated":true}]}}