{"id":2176,"date":"2021-04-24T01:35:35","date_gmt":"2021-04-24T00:35:35","guid":{"rendered":"https:\/\/site.ac-martinique.fr\/espagnol\/?page_id=2176"},"modified":"2021-07-12T17:08:55","modified_gmt":"2021-07-12T16:08:55","slug":"ppcr","status":"publish","type":"page","link":"https:\/\/site.ac-martinique.fr\/espagnol\/?page_id=2176","title":{"rendered":"PPCR"},"content":{"rendered":"\n<p>Le PPCR &#8211; \u00ab Parcours professionnels, carri\u00e8res et r\u00e9mun\u00e9rations \u00bb \u2013 a pour objectif de mieux reconna\u00eetre l\u2019engagement des fonctionnaires civils et des militaires en revalorisant leurs grilles indiciaires et en am\u00e9liorant leurs perspectives de carri\u00e8re.<\/p>\n\n\n\n<h4 class=\"wp-block-heading\"><a rel=\"noreferrer noopener\" href=\"https:\/\/www.education.gouv.fr\/rendez-vous-de-carriere-mode-d-emploi-41627\" target=\"_blank\">Rendez-vous de carri\u00e8re : mode d&#8217;emploi<\/a><\/h4>\n\n\n\n<figure class=\"wp-block-image size-large\"><a href=\"https:\/\/site.ac-martinique.fr\/espagnol\/wp-content\/uploads\/sites\/14\/2021\/05\/Capture-de\u0301cran-2021-05-10-a\u0300-20.15.07.jpg\"><img loading=\"lazy\" decoding=\"async\" width=\"631\" height=\"152\" src=\"https:\/\/site.ac-martinique.fr\/espagnol\/wp-content\/uploads\/sites\/14\/2021\/05\/Capture-de\u0301cran-2021-05-10-a\u0300-20.15.07.jpg\" alt=\"\" class=\"wp-image-2473\" srcset=\"https:\/\/site.ac-martinique.fr\/espagnol\/wp-content\/uploads\/sites\/14\/2021\/05\/Capture-de\u0301cran-2021-05-10-a\u0300-20.15.07.jpg 631w, https:\/\/site.ac-martinique.fr\/espagnol\/wp-content\/uploads\/sites\/14\/2021\/05\/Capture-de\u0301cran-2021-05-10-a\u0300-20.15.07-300x72.jpg 300w\" sizes=\"auto, (max-width: 631px) 100vw, 631px\" \/><\/a><\/figure>\n\n\n\n<figure class=\"wp-block-image size-large\"><a href=\"https:\/\/site.ac-martinique.fr\/espagnol\/wp-content\/uploads\/sites\/14\/2021\/05\/Capture-de\u0301cran-2021-05-10-a\u0300-20.15.15-1.jpg\"><img loading=\"lazy\" decoding=\"async\" width=\"524\" height=\"80\" src=\"https:\/\/site.ac-martinique.fr\/espagnol\/wp-content\/uploads\/sites\/14\/2021\/05\/Capture-de\u0301cran-2021-05-10-a\u0300-20.15.15-1.jpg\" alt=\"\" class=\"wp-image-2476\" srcset=\"https:\/\/site.ac-martinique.fr\/espagnol\/wp-content\/uploads\/sites\/14\/2021\/05\/Capture-de\u0301cran-2021-05-10-a\u0300-20.15.15-1.jpg 524w, https:\/\/site.ac-martinique.fr\/espagnol\/wp-content\/uploads\/sites\/14\/2021\/05\/Capture-de\u0301cran-2021-05-10-a\u0300-20.15.15-1-300x46.jpg 300w\" sizes=\"auto, (max-width: 524px) 100vw, 524px\" \/><\/a><\/figure>\n\n\n\n<div class=\"wp-block-file\"><a href=\"https:\/\/site.ac-martinique.fr\/espagnol\/wp-content\/uploads\/sites\/14\/2021\/05\/document-de-r-f-rence-de-l-entretien-rendez-vous-de-carri-re-70412.pdf\">Document de r\u00e9f\u00e9rence de l&rsquo;entretien<span class=\"fr-link__detail\">PDF \u2013 97 Ko<\/span><\/a><a href=\"https:\/\/site.ac-martinique.fr\/espagnol\/wp-content\/uploads\/sites\/14\/2021\/05\/document-de-r-f-rence-de-l-entretien-rendez-vous-de-carri-re-70412.pdf\" class=\"wp-block-file__button\" download>T\u00e9l\u00e9charger<\/a><\/div>\n\n\n\n<div class=\"wp-block-image\"><figure class=\"aligncenter size-large\"><a href=\"https:\/\/site.ac-martinique.fr\/espagnol\/wp-content\/uploads\/sites\/14\/2021\/05\/Capture-de\u0301cran-2021-05-10-a\u0300-20.06.25.jpg\"><img loading=\"lazy\" decoding=\"async\" width=\"458\" height=\"638\" src=\"https:\/\/site.ac-martinique.fr\/espagnol\/wp-content\/uploads\/sites\/14\/2021\/05\/Capture-de\u0301cran-2021-05-10-a\u0300-20.06.25.jpg\" alt=\"\" class=\"wp-image-2470\" srcset=\"https:\/\/site.ac-martinique.fr\/espagnol\/wp-content\/uploads\/sites\/14\/2021\/05\/Capture-de\u0301cran-2021-05-10-a\u0300-20.06.25.jpg 458w, https:\/\/site.ac-martinique.fr\/espagnol\/wp-content\/uploads\/sites\/14\/2021\/05\/Capture-de\u0301cran-2021-05-10-a\u0300-20.06.25-215x300.jpg 215w\" sizes=\"auto, (max-width: 458px) 100vw, 458px\" \/><\/a><\/figure><\/div>\n","protected":false},"excerpt":{"rendered":"<p>Le PPCR &#8211; \u00ab Parcours professionnels, carri\u00e8res et r\u00e9mun\u00e9rations \u00bb \u2013 a pour objectif de mieux reconna\u00eetre l\u2019engagement des fonctionnaires civils et des militaires en revalorisant leurs grilles indiciaires et [&hellip;]<\/p>\n","protected":false},"author":70,"featured_media":0,"parent":0,"menu_order":0,"comment_status":"closed","ping_status":"closed","template":"","meta":{"footnotes":""},"class_list":["post-2176","page","type-page","status-publish","hentry"],"_links":{"self":[{"href":"https:\/\/site.ac-martinique.fr\/espagnol\/index.php?rest_route=\/wp\/v2\/pages\/2176","targetHints":{"allow":["GET"]}}],"collection":[{"href":"https:\/\/site.ac-martinique.fr\/espagnol\/index.php?rest_route=\/wp\/v2\/pages"}],"about":[{"href":"https:\/\/site.ac-martinique.fr\/espagnol\/index.php?rest_route=\/wp\/v2\/types\/page"}],"author":[{"embeddable":true,"href":"https:\/\/site.ac-martinique.fr\/espagnol\/index.php?rest_route=\/wp\/v2\/users\/70"}],"replies":[{"embeddable":true,"href":"https:\/\/site.ac-martinique.fr\/espagnol\/index.php?rest_route=%2Fwp%2Fv2%2Fcomments&post=2176"}],"version-history":[{"count":6,"href":"https:\/\/site.ac-martinique.fr\/espagnol\/index.php?rest_route=\/wp\/v2\/pages\/2176\/revisions"}],"predecessor-version":[{"id":2774,"href":"https:\/\/site.ac-martinique.fr\/espagnol\/index.php?rest_route=\/wp\/v2\/pages\/2176\/revisions\/2774"}],"wp:attachment":[{"href":"https:\/\/site.ac-martinique.fr\/espagnol\/index.php?rest_route=%2Fwp%2Fv2%2Fmedia&parent=2176"}],"curies":[{"name":"wp","href":"https:\/\/api.w.org\/{rel}","templated":true}]}}