{"id":2367,"date":"2021-05-07T03:47:38","date_gmt":"2021-05-07T02:47:38","guid":{"rendered":"https:\/\/site.ac-martinique.fr\/espagnol\/?page_id=2367"},"modified":"2021-12-09T02:38:11","modified_gmt":"2021-12-09T01:38:11","slug":"cest-officiel","status":"publish","type":"page","link":"https:\/\/site.ac-martinique.fr\/espagnol\/?page_id=2367","title":{"rendered":"C&rsquo;est officiel"},"content":{"rendered":"\n<div class=\"wp-block-buttons is-layout-flex wp-block-buttons-is-layout-flex\">\n<div class=\"wp-block-button has-custom-width wp-block-button__width-50\"><a class=\"wp-block-button__link\" href=\"https:\/\/eduscol.education.fr\/2326\/langues-vivantes\" style=\"border-radius:36px\" target=\"_blank\" rel=\"noreferrer noopener\">Actualit\u00e9s des Langues Vivantes<\/a><\/div>\n\n\n\n<div class=\"wp-block-button has-custom-width wp-block-button__width-50\"><a class=\"wp-block-button__link\" href=\"https:\/\/www.education.gouv.fr\/le-bulletin-officiel-de-l-education-nationale-de-la-jeunesse-et-des-sports-89558\" style=\"border-radius:25px\" target=\"_blank\" rel=\"noreferrer noopener\">Bulletins officiels<\/a><\/div>\n<\/div>\n\n\n\n<hr class=\"wp-block-separator is-style-wide\"\/>\n\n\n\n<p>Note de service du 16-8-2021<\/p>\n\n\n\n<p><strong>Certifications Espagnol. Calendrier des \u00e9preuves orales et \u00e9crites &#8211; session 2022 <\/strong><a rel=\"noreferrer noopener\" href=\"https:\/\/www.education.gouv.fr\/bo\/21\/Hebdo33\/MEN2123724N.htm\" target=\"_blank\">ici<\/a><\/p>\n\n\n\n<hr class=\"wp-block-separator is-style-wide\"\/>\n\n\n\n<p>Note de service du 28-7-2021<\/p>\n\n\n\n<p><strong>Modalit\u00e9s d&rsquo;\u00e9valuation des candidats \u00e0 compter de la session 2022<\/strong> <a rel=\"noreferrer noopener\" href=\"https:\/\/www.education.gouv.fr\/bo\/21\/Hebdo30\/MENE2121270N.htm\" target=\"_blank\">ici<\/a><\/p>\n\n\n\n<hr class=\"wp-block-separator is-style-default\"\/>\n\n\n\n<p>Note de service du 13-7-2021<\/p>\n\n\n\n<p><strong>Adaptation de l&rsquo;\u00e9preuve de l&rsquo;enseignement de sp\u00e9cialit\u00e9 langues, litt\u00e9ratures et cultures \u00e9trang\u00e8res et r\u00e9gionales de la classe de terminale \u00e0 compter de la session 2022<\/strong> <a rel=\"noreferrer noopener\" href=\"https:\/\/www.education.gouv.fr\/bo\/21\/Hebdo30\/MENE2121272N.htm\" target=\"_blank\">ici<\/a><\/p>\n\n\n\n<hr class=\"wp-block-separator is-style-default\"\/>\n\n\n\n<p>Note de service du 2-6-2021<\/p>\n\n\n\n<p><strong>Programme limitatif pour l&rsquo;enseignement de sp\u00e9cialit\u00e9 de langues, litt\u00e9ratures et cultures \u00e9trang\u00e8res et r\u00e9gionales en classe de premi\u00e8re pour les ann\u00e9es scolaires 2021-2022 et 2022-2023 &#8211; Espagnol<\/strong> <a rel=\"noreferrer noopener\" href=\"https:\/\/www.education.gouv.fr\/bo\/21\/Hebdo25\/MENE2113660N.htm\" target=\"_blank\">ici<\/a><\/p>\n\n\n\n<hr class=\"wp-block-separator is-style-wide\"\/>\n\n\n\n<h3 class=\"wp-block-heading\">Calendrier scolaire<\/h3>\n\n\n\n<p><a href=\"https:\/\/www.ac-martinique.fr\/le-calendrier-scolaire-121727\" target=\"_blank\" rel=\"noreferrer noopener\">Cliquer ici<\/a> pour voir le calendrier scolaire 2020\/2021 et 2021\/2022<\/p>\n","protected":false},"excerpt":{"rendered":"<p>Note de service du 16-8-2021 Certifications Espagnol. Calendrier des \u00e9preuves orales et \u00e9crites &#8211; session 2022 ici Note de service du 28-7-2021 Modalit\u00e9s d&rsquo;\u00e9valuation des candidats \u00e0 compter de la [&hellip;]<\/p>\n","protected":false},"author":70,"featured_media":0,"parent":0,"menu_order":0,"comment_status":"closed","ping_status":"closed","template":"","meta":{"footnotes":""},"class_list":["post-2367","page","type-page","status-publish","hentry"],"_links":{"self":[{"href":"https:\/\/site.ac-martinique.fr\/espagnol\/index.php?rest_route=\/wp\/v2\/pages\/2367","targetHints":{"allow":["GET"]}}],"collection":[{"href":"https:\/\/site.ac-martinique.fr\/espagnol\/index.php?rest_route=\/wp\/v2\/pages"}],"about":[{"href":"https:\/\/site.ac-martinique.fr\/espagnol\/index.php?rest_route=\/wp\/v2\/types\/page"}],"author":[{"embeddable":true,"href":"https:\/\/site.ac-martinique.fr\/espagnol\/index.php?rest_route=\/wp\/v2\/users\/70"}],"replies":[{"embeddable":true,"href":"https:\/\/site.ac-martinique.fr\/espagnol\/index.php?rest_route=%2Fwp%2Fv2%2Fcomments&post=2367"}],"version-history":[{"count":8,"href":"https:\/\/site.ac-martinique.fr\/espagnol\/index.php?rest_route=\/wp\/v2\/pages\/2367\/revisions"}],"predecessor-version":[{"id":2850,"href":"https:\/\/site.ac-martinique.fr\/espagnol\/index.php?rest_route=\/wp\/v2\/pages\/2367\/revisions\/2850"}],"wp:attachment":[{"href":"https:\/\/site.ac-martinique.fr\/espagnol\/index.php?rest_route=%2Fwp%2Fv2%2Fmedia&parent=2367"}],"curies":[{"name":"wp","href":"https:\/\/api.w.org\/{rel}","templated":true}]}}