{"id":2598,"date":"2021-06-08T01:23:03","date_gmt":"2021-06-08T00:23:03","guid":{"rendered":"https:\/\/site.ac-martinique.fr\/espagnol\/?page_id=2598"},"modified":"2021-06-08T01:23:04","modified_gmt":"2021-06-08T00:23:04","slug":"etwinning","status":"publish","type":"page","link":"https:\/\/site.ac-martinique.fr\/espagnol\/?page_id=2598","title":{"rendered":"eTwinning"},"content":{"rendered":"\n<p>En se connectant sur la plate-forme\u00a0<a rel=\"noreferrer noopener\" href=\"https:\/\/www.etwinning.net\/fr\/pub\/about.htm\" target=\"_blank\">eTwinning<\/a>, des acteurs de l\u2019\u00e9ducation des pays europ\u00e9ens &#8211; enseignants, chefs d\u2019\u00e9tablissement, \u00e9ducateurs, etc. \u2013 communiquent, coop\u00e8rent, d\u00e9veloppent des projets, partagent. Ils font ainsi partie de la communaut\u00e9 d\u2019apprentissage la plus passionnante d\u2019Europe.\u00a0eTwinning est cofinanc\u00e9 par\u00a0<a rel=\"noreferrer noopener\" href=\"https:\/\/ec.europa.eu\/programmes\/erasmus-plus\/node_fr\" target=\"_blank\">Erasmus+<\/a>, le programme europ\u00e9en pour l\u2019\u00e9ducation, la formation, la jeunesse et le sport.<\/p>\n\n\n\n<p><a rel=\"noreferrer noopener\" href=\"https:\/\/www.etwinning.net\/fr\/pub\/get-inspired\/kits.cfm\" target=\"_blank\">KIT PROJET<\/a> &#8211; Les kits pr\u00eats \u00e0 l\u2019emploi sont des guides d\u00e9taill\u00e9s qui vous aident \u00e0 mettre en \u0153uvre des projets efficaces. Les kits sont utilis\u00e9s comme r\u00e9f\u00e9rence par les enseignants qui souhaitent mettre en place des projets similaires ou en tant qu\u2019outils pour inspirer de nouvelles id\u00e9es.<\/p>\n\n\n\n<p><a rel=\"noreferrer noopener\" href=\"https:\/\/www.etwinning.net\/fr\/pub\/get-inspired\/projects.cfm\" target=\"_blank\">PROJETS<\/a> &#8211; La galerie pr\u00e9sente une s\u00e9lection d\u2019exemples de meilleures pratiques afin de stimuler votre cr\u00e9ativit\u00e9 lorsque vous concevez et menez votre propre projet eTwinning. Pour en savoir plus, inscrivez-vous ici.<\/p>\n\n\n\n<p><a href=\"https:\/\/www.etwinning.net\/fr\/pub\/get-inspired\/testimonials.htm\" target=\"_blank\" rel=\"noreferrer noopener\">TEMOIGNAGES<\/a> &#8211; les T\u00e9moignages eTwinning permettent d\u2019\u00e9loigner les projecteurs du projet lui-m\u00eame pour les braquer sur vous, les enseignants. D\u00e9couvrez les r\u00e9flexions, les actions et les r\u00e9sultats des enseignants, et prenez conscience de tous les avantages d\u2019appartenir \u00e0 la plus grande communaut\u00e9 d\u2019enseignants en Europe.<\/p>\n","protected":false},"excerpt":{"rendered":"<p>En se connectant sur la plate-forme\u00a0eTwinning, des acteurs de l\u2019\u00e9ducation des pays europ\u00e9ens &#8211; enseignants, chefs d\u2019\u00e9tablissement, \u00e9ducateurs, etc. \u2013 communiquent, coop\u00e8rent, d\u00e9veloppent des projets, partagent. Ils font ainsi partie [&hellip;]<\/p>\n","protected":false},"author":70,"featured_media":0,"parent":0,"menu_order":0,"comment_status":"closed","ping_status":"closed","template":"","meta":{"footnotes":""},"class_list":["post-2598","page","type-page","status-publish","hentry"],"_links":{"self":[{"href":"https:\/\/site.ac-martinique.fr\/espagnol\/index.php?rest_route=\/wp\/v2\/pages\/2598","targetHints":{"allow":["GET"]}}],"collection":[{"href":"https:\/\/site.ac-martinique.fr\/espagnol\/index.php?rest_route=\/wp\/v2\/pages"}],"about":[{"href":"https:\/\/site.ac-martinique.fr\/espagnol\/index.php?rest_route=\/wp\/v2\/types\/page"}],"author":[{"embeddable":true,"href":"https:\/\/site.ac-martinique.fr\/espagnol\/index.php?rest_route=\/wp\/v2\/users\/70"}],"replies":[{"embeddable":true,"href":"https:\/\/site.ac-martinique.fr\/espagnol\/index.php?rest_route=%2Fwp%2Fv2%2Fcomments&post=2598"}],"version-history":[{"count":1,"href":"https:\/\/site.ac-martinique.fr\/espagnol\/index.php?rest_route=\/wp\/v2\/pages\/2598\/revisions"}],"predecessor-version":[{"id":2599,"href":"https:\/\/site.ac-martinique.fr\/espagnol\/index.php?rest_route=\/wp\/v2\/pages\/2598\/revisions\/2599"}],"wp:attachment":[{"href":"https:\/\/site.ac-martinique.fr\/espagnol\/index.php?rest_route=%2Fwp%2Fv2%2Fmedia&parent=2598"}],"curies":[{"name":"wp","href":"https:\/\/api.w.org\/{rel}","templated":true}]}}