{"id":3144,"date":"2023-09-04T15:44:52","date_gmt":"2023-09-04T14:44:52","guid":{"rendered":"https:\/\/site.ac-martinique.fr\/espagnol\/?page_id=3144"},"modified":"2023-09-04T15:48:41","modified_gmt":"2023-09-04T14:48:41","slug":"focus-2","status":"publish","type":"page","link":"https:\/\/site.ac-martinique.fr\/espagnol\/?page_id=3144","title":{"rendered":"Focus"},"content":{"rendered":"\n<p><a href=\"https:\/\/site.ac-martinique.fr\/espagnol\/?page_id=2135\" target=\"_blank\" rel=\"noreferrer noopener\">L&rsquo;article ici<\/a><\/p>\n\n\n\n<p>Le GRF Espagnol, sous la direction de l\u2019IA-IPR Monsieur Alain Lacaze, a\u00a0con\u00e7u\u00a0des fiches synth\u00e9tiques, des m\u00e9mentos \u00e0 destination de tous les profs d\u2019Espagnol. Ces m\u00e9mentos rappellent les grandes lignes de la conception de s\u00e9quences et de s\u00e9ances ainsi que des\u00a0conseils pour le \u00ab\u00a0repaso\u00a0\u00bb et la \u00ab\u00a0trace \u00e9crite\u00a0\u00bb en classe d\u2019Espagnol.<\/p>\n\n\n\n<p>Ces m\u00e9mentos sont consultables<strong>&nbsp;<a rel=\"noreferrer noopener\" href=\"https:\/\/view.genial.ly\/601b68480089700d0273f42f\/presentation-mementos-profs-despagnol\" target=\"_blank\">ici<\/a><\/strong> ou en cliquant sur les liens ci-dessous :<\/p>\n\n\n\n<p><a href=\"\/espagnol\/wp-content\/uploads\/sites\/14\/2021\/02\/M\u00e9mento_S\u00e9quence_GRF_Espagnol.pdf\" target=\"_blank\" rel=\"noreferrer noopener\">M\u00e9mento_S\u00e9quence_GRF_Espagnol<\/a><\/p>\n\n\n\n<p><a href=\"\/espagnol\/wp-content\/uploads\/sites\/14\/2021\/02\/M\u00e9mento_S\u00e9ance_GRF_Espagnol.pdf\" target=\"_blank\" rel=\"noreferrer noopener\">M\u00e9mento_S\u00e9ance_GRF_Espagnol<\/a><\/p>\n\n\n\n<p><a href=\"\/espagnol\/wp-content\/uploads\/sites\/14\/2021\/02\/M\u00e9mento_Repaso_GRF_Espagnol.pdf\" target=\"_blank\" rel=\"noreferrer noopener\">M\u00e9mento_Repaso_GRF_Espagnol<\/a><\/p>\n\n\n\n<p><a rel=\"noreferrer noopener\" href=\"\/espagnol\/wp-content\/uploads\/sites\/14\/2021\/02\/M\u00e9mento_Trace_\u00e9crite_GRF_Espagnol.pdf\" target=\"_blank\">M\u00e9mento_Trace_\u00e9crite_GRF_Espagnol<\/a><\/p>\n\n\n\n<p>Lien vers la pr\u00e9sentation Genially <a href=\"https:\/\/view.genial.ly\/601b68480089700d0273f42f\" target=\"_blank\" rel=\"noreferrer noopener\">ici<\/a><\/p>\n","protected":false},"excerpt":{"rendered":"<p>L&rsquo;article ici Le GRF Espagnol, sous la direction de l\u2019IA-IPR Monsieur Alain Lacaze, a\u00a0con\u00e7u\u00a0des fiches synth\u00e9tiques, des m\u00e9mentos \u00e0 destination de tous les profs d\u2019Espagnol. Ces m\u00e9mentos rappellent les grandes [&hellip;]<\/p>\n","protected":false},"author":70,"featured_media":0,"parent":0,"menu_order":0,"comment_status":"closed","ping_status":"closed","template":"","meta":{"footnotes":""},"class_list":["post-3144","page","type-page","status-publish","hentry"],"_links":{"self":[{"href":"https:\/\/site.ac-martinique.fr\/espagnol\/index.php?rest_route=\/wp\/v2\/pages\/3144","targetHints":{"allow":["GET"]}}],"collection":[{"href":"https:\/\/site.ac-martinique.fr\/espagnol\/index.php?rest_route=\/wp\/v2\/pages"}],"about":[{"href":"https:\/\/site.ac-martinique.fr\/espagnol\/index.php?rest_route=\/wp\/v2\/types\/page"}],"author":[{"embeddable":true,"href":"https:\/\/site.ac-martinique.fr\/espagnol\/index.php?rest_route=\/wp\/v2\/users\/70"}],"replies":[{"embeddable":true,"href":"https:\/\/site.ac-martinique.fr\/espagnol\/index.php?rest_route=%2Fwp%2Fv2%2Fcomments&post=3144"}],"version-history":[{"count":3,"href":"https:\/\/site.ac-martinique.fr\/espagnol\/index.php?rest_route=\/wp\/v2\/pages\/3144\/revisions"}],"predecessor-version":[{"id":3150,"href":"https:\/\/site.ac-martinique.fr\/espagnol\/index.php?rest_route=\/wp\/v2\/pages\/3144\/revisions\/3150"}],"wp:attachment":[{"href":"https:\/\/site.ac-martinique.fr\/espagnol\/index.php?rest_route=%2Fwp%2Fv2%2Fmedia&parent=3144"}],"curies":[{"name":"wp","href":"https:\/\/api.w.org\/{rel}","templated":true}]}}