{"id":317,"date":"2014-05-30T08:20:48","date_gmt":"2014-05-30T07:20:48","guid":{"rendered":"\/espagnol\/?page_id=317"},"modified":"2021-03-25T17:38:35","modified_gmt":"2021-03-25T16:38:35","slug":"casa-de-america","status":"publish","type":"page","link":"https:\/\/site.ac-martinique.fr\/espagnol\/?page_id=317","title":{"rendered":"Casa de Am\u00e9rica"},"content":{"rendered":"<p><a href=\"http:\/\/www.casamerica.es\/\" target=\"_blank\" rel=\"noopener noreferrer\">Casa de Am\u00e9rica (Madrid)<\/a> :<\/p>\n<p>Opiniones, noticias, entrevistas, convocatorias, eventos latinoamericanos promovidos por <em>La Casa<\/em> de <em>Am\u00e9rica<\/em> con el objetivo de fomentar el mejor conocimiento entre los pueblos iberoamericanos y Espa\u00f1a.<\/p>\n<p><a href=\"http:\/\/www.casadelasamericas.com\/\" target=\"_blank\" rel=\"noopener noreferrer\">Casa de las Am\u00e9ricas (La Habana)<\/a><\/p>\n<p>La Casa de las Am\u00e9ricas divulga, investiga, auspicia, premia y publica la labor de escritores, artistas pl\u00e1sticos, m\u00fasicos, teatristas y estudiosos de la literatura y las artes; cuya comunicaci\u00f3n fomenta el intercambio con instituciones y personas de todo el mundo.<\/p>\n<div><a href=\"http:\/\/mal217.org\/\" target=\"_blank\" rel=\"noopener noreferrer\">Maison de l&rsquo;Am\u00e9rique latine<\/a><\/div>\n<p>La Maison de l&rsquo;Am\u00e9rique latine a pour vocation de servir, renforcer et d\u00e9velopper les relations et les \u00e9changes de toute nature entre la France et les vingt R\u00e9publiques d&rsquo;Am\u00e9rique latine.<\/p>\n","protected":false},"excerpt":{"rendered":"<p>Casa de Am\u00e9rica (Madrid) : Opiniones, noticias, entrevistas, convocatorias, eventos latinoamericanos promovidos por La Casa de Am\u00e9rica con el objetivo de fomentar el mejor conocimiento entre los pueblos iberoamericanos y [&hellip;]<\/p>\n","protected":false},"author":70,"featured_media":0,"parent":1820,"menu_order":0,"comment_status":"closed","ping_status":"closed","template":"","meta":{"footnotes":""},"class_list":["post-317","page","type-page","status-publish","hentry"],"_links":{"self":[{"href":"https:\/\/site.ac-martinique.fr\/espagnol\/index.php?rest_route=\/wp\/v2\/pages\/317","targetHints":{"allow":["GET"]}}],"collection":[{"href":"https:\/\/site.ac-martinique.fr\/espagnol\/index.php?rest_route=\/wp\/v2\/pages"}],"about":[{"href":"https:\/\/site.ac-martinique.fr\/espagnol\/index.php?rest_route=\/wp\/v2\/types\/page"}],"author":[{"embeddable":true,"href":"https:\/\/site.ac-martinique.fr\/espagnol\/index.php?rest_route=\/wp\/v2\/users\/70"}],"replies":[{"embeddable":true,"href":"https:\/\/site.ac-martinique.fr\/espagnol\/index.php?rest_route=%2Fwp%2Fv2%2Fcomments&post=317"}],"version-history":[{"count":2,"href":"https:\/\/site.ac-martinique.fr\/espagnol\/index.php?rest_route=\/wp\/v2\/pages\/317\/revisions"}],"predecessor-version":[{"id":2007,"href":"https:\/\/site.ac-martinique.fr\/espagnol\/index.php?rest_route=\/wp\/v2\/pages\/317\/revisions\/2007"}],"up":[{"embeddable":true,"href":"https:\/\/site.ac-martinique.fr\/espagnol\/index.php?rest_route=\/wp\/v2\/pages\/1820"}],"wp:attachment":[{"href":"https:\/\/site.ac-martinique.fr\/espagnol\/index.php?rest_route=%2Fwp%2Fv2%2Fmedia&parent=317"}],"curies":[{"name":"wp","href":"https:\/\/api.w.org\/{rel}","templated":true}]}}