{"id":323,"date":"2014-05-30T09:28:26","date_gmt":"2014-05-30T08:28:26","guid":{"rendered":"\/espagnol\/?page_id=323"},"modified":"2021-03-25T17:38:35","modified_gmt":"2021-03-25T16:38:35","slug":"instituto-cervantes","status":"publish","type":"page","link":"https:\/\/site.ac-martinique.fr\/espagnol\/?page_id=323","title":{"rendered":"Instituto Cervantes"},"content":{"rendered":"<p>L&rsquo;Institut Cervantes est la premi\u00e8re institution mondiale consacr\u00e9e \u00e0 l&rsquo;enseignement de l&rsquo;espagnol. Elle a re\u00e7u le Prix Prince des Asturies 2005 dans la cat\u00e9gorie Communications et Humanit\u00e9s.<\/p>\n<p><a href=\"http:\/\/www.cervantes.es\/default.htm\" target=\"_blank\" rel=\"noopener noreferrer\">\u00a0<strong>Sitio<\/strong> del instituto<\/a><\/p>\n<p><a href=\"http:\/\/paris.cervantes.es\/fr\/default.shtm\" target=\"_blank\" rel=\"noopener noreferrer\">Site parisien de l&rsquo;Institut Cervantes <\/a><\/p>\n<p><a href=\"http:\/\/hispanismo.cervantes.es\/\" target=\"_blank\" rel=\"noopener noreferrer\">Portal del hispanismo<\/a><\/p>\n<p>Estas p\u00e1ginas proporcionan informaci\u00f3n de actualidad sobre los <b>estudios hisp\u00e1nicos<\/b> en el mundo. Contienen, adem\u00e1s, tres grandes bases de datos del hispanismo: hispanistas, departamentos de espa\u00f1ol y asociaciones.<\/p>\n<p>&nbsp;<\/p>\n<h2><strong>\u00a0<\/strong><\/h2>\n","protected":false},"excerpt":{"rendered":"<p>L&rsquo;Institut Cervantes est la premi\u00e8re institution mondiale consacr\u00e9e \u00e0 l&rsquo;enseignement de l&rsquo;espagnol. Elle a re\u00e7u le Prix Prince des Asturies 2005 dans la cat\u00e9gorie Communications et Humanit\u00e9s. \u00a0Sitio del instituto [&hellip;]<\/p>\n","protected":false},"author":70,"featured_media":0,"parent":1820,"menu_order":0,"comment_status":"closed","ping_status":"closed","template":"","meta":{"footnotes":""},"class_list":["post-323","page","type-page","status-publish","hentry"],"_links":{"self":[{"href":"https:\/\/site.ac-martinique.fr\/espagnol\/index.php?rest_route=\/wp\/v2\/pages\/323","targetHints":{"allow":["GET"]}}],"collection":[{"href":"https:\/\/site.ac-martinique.fr\/espagnol\/index.php?rest_route=\/wp\/v2\/pages"}],"about":[{"href":"https:\/\/site.ac-martinique.fr\/espagnol\/index.php?rest_route=\/wp\/v2\/types\/page"}],"author":[{"embeddable":true,"href":"https:\/\/site.ac-martinique.fr\/espagnol\/index.php?rest_route=\/wp\/v2\/users\/70"}],"replies":[{"embeddable":true,"href":"https:\/\/site.ac-martinique.fr\/espagnol\/index.php?rest_route=%2Fwp%2Fv2%2Fcomments&post=323"}],"version-history":[{"count":2,"href":"https:\/\/site.ac-martinique.fr\/espagnol\/index.php?rest_route=\/wp\/v2\/pages\/323\/revisions"}],"predecessor-version":[{"id":2010,"href":"https:\/\/site.ac-martinique.fr\/espagnol\/index.php?rest_route=\/wp\/v2\/pages\/323\/revisions\/2010"}],"up":[{"embeddable":true,"href":"https:\/\/site.ac-martinique.fr\/espagnol\/index.php?rest_route=\/wp\/v2\/pages\/1820"}],"wp:attachment":[{"href":"https:\/\/site.ac-martinique.fr\/espagnol\/index.php?rest_route=%2Fwp%2Fv2%2Fmedia&parent=323"}],"curies":[{"name":"wp","href":"https:\/\/api.w.org\/{rel}","templated":true}]}}