{"id":42,"date":"2014-05-28T21:29:50","date_gmt":"2014-05-28T20:29:50","guid":{"rendered":"\/espagnol\/?page_id=42"},"modified":"2021-03-25T17:38:35","modified_gmt":"2021-03-25T16:38:35","slug":"baladodiffusion","status":"publish","type":"page","link":"https:\/\/site.ac-martinique.fr\/espagnol\/?page_id=42","title":{"rendered":"Baladodiffusion"},"content":{"rendered":"<ul>\n<li><a href=\"http:\/\/pedagogie2.ac-reunion.fr\/cyberprofLV\/index_fichiers\/formation_balado.htm\" target=\"_blank\" rel=\"noopener noreferrer\">Auto-formation : Ac-R\u00e9union <\/a><\/li>\n<\/ul>\n<ul>\n<li><a href=\"http:\/\/eduscol.education.fr\/numerique\/dossier\/archives\/baladodiffusion\">Dossier Eduscol sp\u00e9cial baladodiffusion<strong><\/strong><\/a><\/li>\n<\/ul>\n<ul>\n<li><a href=\"http:\/\/ww2.ac-poitiers.fr\/langues\/spip.php?article231\">S\u00e9quence : Ac-Poitiers<\/a><\/li>\n<\/ul>\n","protected":false},"excerpt":{"rendered":"<p>Auto-formation : Ac-R\u00e9union Dossier Eduscol sp\u00e9cial baladodiffusion S\u00e9quence : Ac-Poitiers<\/p>\n","protected":false},"author":70,"featured_media":0,"parent":33,"menu_order":0,"comment_status":"closed","ping_status":"closed","template":"","meta":{"footnotes":""},"class_list":["post-42","page","type-page","status-publish","hentry"],"_links":{"self":[{"href":"https:\/\/site.ac-martinique.fr\/espagnol\/index.php?rest_route=\/wp\/v2\/pages\/42","targetHints":{"allow":["GET"]}}],"collection":[{"href":"https:\/\/site.ac-martinique.fr\/espagnol\/index.php?rest_route=\/wp\/v2\/pages"}],"about":[{"href":"https:\/\/site.ac-martinique.fr\/espagnol\/index.php?rest_route=\/wp\/v2\/types\/page"}],"author":[{"embeddable":true,"href":"https:\/\/site.ac-martinique.fr\/espagnol\/index.php?rest_route=\/wp\/v2\/users\/70"}],"replies":[{"embeddable":true,"href":"https:\/\/site.ac-martinique.fr\/espagnol\/index.php?rest_route=%2Fwp%2Fv2%2Fcomments&post=42"}],"version-history":[{"count":10,"href":"https:\/\/site.ac-martinique.fr\/espagnol\/index.php?rest_route=\/wp\/v2\/pages\/42\/revisions"}],"predecessor-version":[{"id":1988,"href":"https:\/\/site.ac-martinique.fr\/espagnol\/index.php?rest_route=\/wp\/v2\/pages\/42\/revisions\/1988"}],"up":[{"embeddable":true,"href":"https:\/\/site.ac-martinique.fr\/espagnol\/index.php?rest_route=\/wp\/v2\/pages\/33"}],"wp:attachment":[{"href":"https:\/\/site.ac-martinique.fr\/espagnol\/index.php?rest_route=%2Fwp%2Fv2%2Fmedia&parent=42"}],"curies":[{"name":"wp","href":"https:\/\/api.w.org\/{rel}","templated":true}]}}