{"id":77,"date":"2014-05-29T14:21:12","date_gmt":"2014-05-29T13:21:12","guid":{"rendered":"\/espagnol\/?page_id=77"},"modified":"2021-03-25T17:38:35","modified_gmt":"2021-03-25T16:38:35","slug":"ressources-college","status":"publish","type":"page","link":"https:\/\/site.ac-martinique.fr\/espagnol\/?page_id=77","title":{"rendered":"Coll\u00e8ge 2016"},"content":{"rendered":"<h2><strong>1. La r\u00e9forme du coll\u00e8ge en\u00a0 10 points<\/strong>\u00a0 :<strong> <a href=\"https:\/\/readymag.com\/edugouv\/college-2016\/2\/\">ici<\/a>.<\/strong><\/h2>\n<p><strong>2.<a href=\"https:\/\/readymag.com\/edugouv\/college-2016\/13\/\"> Priorit\u00e9 aux langues vivantes <\/a>: \u00a0<\/strong>De m\u00eame que la premi\u00e8re langue vivante fait d\u00e9sormais son entr\u00e9e \u00e0 l&rsquo;\u00e9cole d\u00e8s le CP, <strong><a href=\"https:\/\/vimeo.com\/139472900\">l&rsquo;enseignement de la seconde langue vivante est avanc\u00e9 \u00e0 la classe de 5\u1d49<\/a><\/strong> afin de permettre un apprentissage plus pr\u00e9coce et, ainsi, pour tous les \u00e9l\u00e8ves, d&rsquo;am\u00e9liorer le niveau de ma\u00eetrise des langues vivantes \u00e0 la fin de la scolarit\u00e9 obligatoire.<\/p>\n<p><strong>3.\u00a0 Les EPI \u00a0\u00a0\u00a0\u00a0\u00a0\u00a0\u00a0\u00a0\u00a0\u00a0\u00a0\u00a0\u00a0\u00a0\u00a0\u00a0\u00a0\u00a0\u00a0\u00a0\u00a0\u00a0\u00a0\u00a0\u00a0\u00a0\u00a0\u00a0\u00a0\u00a0\u00a0\u00a0\u00a0\u00a0\u00a0\u00a0\u00a0\u00a0\u00a0\u00a0\u00a0\u00a0\u00a0\u00a0\u00a0\u00a0\u00a0\u00a0\u00a0\u00a0\u00a0\u00a0\u00a0\u00a0\u00a0\u00a0\u00a0\u00a0\u00a0\u00a0\u00a0\u00a0\u00a0\u00a0\u00a0\u00a0\u00a0\u00a0\u00a0\u00a0\u00a0\u00a0\u00a0\u00a0\u00a0 \u00a0 \u00a0 \u00a0 \u00a0 \u00a0 \u00a0 \u00a0 \u00a0 \u00a0 \u00a0 \u00a0 \u00a0 \u00a0 \u00a0 \u00a0 \u00a0 \u00a0 a) \u00a0\u00a0 <a href=\"http:\/\/www.reformeducollege.fr\/cours-et-options\/epi\">EPI et REFORME DU COLLEGE<br \/>\n<\/a>b)\u00a0<\/strong> <strong>Exemples \u00a0\u00a0 d&rsquo;EPI avec les LV\u00a0\u00a0\u00a0\u00a0\u00a0\u00a0\u00a0\u00a0\u00a0\u00a0\u00a0\u00a0\u00a0\u00a0\u00a0\u00a0\u00a0\u00a0\u00a0\u00a0\u00a0\u00a0\u00a0\u00a0\u00a0\u00a0\u00a0\u00a0\u00a0\u00a0\u00a0\u00a0\u00a0\u00a0\u00a0\u00a0\u00a0\u00a0\u00a0\u00a0\u00a0\u00a0\u00a0\u00a0\u00a0\u00a0\u00a0\u00a0\u00a0\u00a0\u00a0\u00a0\u00a0\u00a0\u00a0\u00a0\u00a0\u00a0\u00a0\u00a0\u00a0\u00a0\u00a0\u00a0\u00a0\u00a0\u00a0\u00a0\u00a0\u00a0\u00a0\u00a0 &#8211; <\/strong>Gilbert Guinez, IA-IPR, Acad\u00e9mie de Strasbourg\u00a0 <a href=\"https:\/\/www.ac-strasbourg.fr\/fileadmin\/pedagogie\/lettres\/Pistes_EPI_LCA_01.pdf\">Pistes p\u00e9dagogiques pour concevoir un EPI \u00ab Langues et cultures de l\u2019Antiquit\u00e9 \u00bb \u00a0 \u00a0 \u00a0 \u00a0 \u00a0 \u00a0 \u00a0 \u00a0 \u00a0 \u00a0 \u00a0 \u00a0 \u00a0 \u00a0 \u00a0 \u00a0 \u00a0 \u00a0 \u00a0 \u00a0 \u00a0 <\/a>&#8211;\u00a0 Acad\u00e9mie de Dijon :<a href=\"http:\/\/langues.ac-dijon.fr\/IMG\/pdf\/exemple_epi_lv_musique_et_lv_lettres.pdf\"> LV, Musique et lettres\u00a0\u00a0\u00a0\u00a0\u00a0\u00a0\u00a0\u00a0\u00a0\u00a0\u00a0\u00a0\u00a0\u00a0\u00a0\u00a0\u00a0\u00a0\u00a0\u00a0\u00a0\u00a0\u00a0\u00a0\u00a0\u00a0\u00a0\u00a0\u00a0\u00a0\u00a0\u00a0\u00a0\u00a0\u00a0\u00a0\u00a0\u00a0\u00a0\u00a0\u00a0\u00a0\u00a0\u00a0\u00a0\u00a0\u00a0\u00a0\u00a0\u00a0\u00a0\u00a0\u00a0\u00a0\u00a0\u00a0 <\/a>&#8211;\u00a0 Acad\u00e9mie de Nice : <a href=\"http:\/\/www.ac-nice.fr\/dane\/epi-enseignements-pratiques-interdisciplinaires\/des-exemples-de-sujet-d-etude\">Plusieurs sujets d&rsquo;\u00e9tude<\/a><\/p>\n<p>\u25ba <a href=\"http:\/\/www.eduscol.education.fr\/cid52432\/outils-pour-evaluation-des-competences.html\" target=\"_blank\" rel=\"noopener noreferrer\">Outils pour \u00e9valuer les comp\u00e9tences du socle<\/a>.<\/p>\n<p>\u25ba<a href=\"http:\/\/eduscol.education.fr\/pid23410\/le-socle-commun-et-l-evaluation-des-acquis.html\">Le socle commun : modalit\u00e9 d&rsquo;\u00e9valuation \u00e0 compter de la rentr\u00e9e 2016<\/a><\/p>\n<p>\u25ba<a href=\"http:\/\/eduscol.education.fr\/cid104511\/le-livret-scolaire.html\">Le\u00a0 livret scolaire unique du CP \u00e0 la 3e<\/a><\/p>\n","protected":false},"excerpt":{"rendered":"<p>1. La r\u00e9forme du coll\u00e8ge en\u00a0 10 points\u00a0 : ici. 2. Priorit\u00e9 aux langues vivantes : \u00a0De m\u00eame que la premi\u00e8re langue vivante fait d\u00e9sormais son entr\u00e9e \u00e0 l&rsquo;\u00e9cole d\u00e8s [&hellip;]<\/p>\n","protected":false},"author":70,"featured_media":0,"parent":1820,"menu_order":4,"comment_status":"closed","ping_status":"closed","template":"","meta":{"footnotes":""},"class_list":["post-77","page","type-page","status-publish","hentry"],"_links":{"self":[{"href":"https:\/\/site.ac-martinique.fr\/espagnol\/index.php?rest_route=\/wp\/v2\/pages\/77","targetHints":{"allow":["GET"]}}],"collection":[{"href":"https:\/\/site.ac-martinique.fr\/espagnol\/index.php?rest_route=\/wp\/v2\/pages"}],"about":[{"href":"https:\/\/site.ac-martinique.fr\/espagnol\/index.php?rest_route=\/wp\/v2\/types\/page"}],"author":[{"embeddable":true,"href":"https:\/\/site.ac-martinique.fr\/espagnol\/index.php?rest_route=\/wp\/v2\/users\/70"}],"replies":[{"embeddable":true,"href":"https:\/\/site.ac-martinique.fr\/espagnol\/index.php?rest_route=%2Fwp%2Fv2%2Fcomments&post=77"}],"version-history":[{"count":9,"href":"https:\/\/site.ac-martinique.fr\/espagnol\/index.php?rest_route=\/wp\/v2\/pages\/77\/revisions"}],"predecessor-version":[{"id":2018,"href":"https:\/\/site.ac-martinique.fr\/espagnol\/index.php?rest_route=\/wp\/v2\/pages\/77\/revisions\/2018"}],"up":[{"embeddable":true,"href":"https:\/\/site.ac-martinique.fr\/espagnol\/index.php?rest_route=\/wp\/v2\/pages\/1820"}],"wp:attachment":[{"href":"https:\/\/site.ac-martinique.fr\/espagnol\/index.php?rest_route=%2Fwp%2Fv2%2Fmedia&parent=77"}],"curies":[{"name":"wp","href":"https:\/\/api.w.org\/{rel}","templated":true}]}}