{"id":4194,"date":"2021-08-22T22:32:18","date_gmt":"2021-08-22T21:32:18","guid":{"rendered":"https:\/\/site.ac-martinique.fr\/histoire-geographie\/?page_id=4194"},"modified":"2024-06-18T11:25:48","modified_gmt":"2024-06-18T15:25:48","slug":"programmes","status":"publish","type":"page","link":"https:\/\/site.ac-martinique.fr\/histoire-geographie\/?page_id=4194","title":{"rendered":"PROGRAMMES"},"content":{"rendered":"\n<div class=\"wp-block-columns is-layout-flex wp-container-core-columns-is-layout-d0b3c9c8 wp-block-columns-is-layout-flex\">\n<div class=\"wp-block-column is-layout-flow wp-block-column-is-layout-flow\" style=\"--col-width:100%;flex-basis:100%\">\n<div class=\"wp-block-columns is-layout-flex wp-container-core-columns-is-layout-d0b3c9c8 wp-block-columns-is-layout-flex\">\n<div class=\"wp-block-column is-layout-flow wp-block-column-is-layout-flow\">\n<figure class=\"wp-block-pullquote\"><blockquote><p>Les programmes<\/p><cite>textes officiels<\/cite><\/blockquote><\/figure>\n<\/div>\n<\/div>\n<\/div>\n<\/div>\n\n\n\n<div class=\"wp-block-columns is-layout-flex wp-container-core-columns-is-layout-d0b3c9c8 wp-block-columns-is-layout-flex\">\n<div class=\"wp-block-column is-layout-flow wp-block-column-is-layout-flow\">\n<div class=\"wp-block-group has-transparent-background-color has-background tw-shadow\"><div class=\"wp-block-group__inner-container is-layout-flow wp-block-group-is-layout-flow\">\n<figure class=\"wp-block-image size-large is-resized tw-mt-0 tw-mb-0\"><img loading=\"lazy\" decoding=\"async\" width=\"700\" height=\"509\" src=\"https:\/\/site.ac-martinique.fr\/histoire-geographie\/wp-content\/uploads\/sites\/15\/2021\/08\/travail-canne-plantation-esclavage.jpg\" alt=\"\" class=\"wp-image-4414\" style=\"width:208px;height:151px\" srcset=\"https:\/\/site.ac-martinique.fr\/histoire-geographie\/wp-content\/uploads\/sites\/15\/2021\/08\/travail-canne-plantation-esclavage.jpg 700w, https:\/\/site.ac-martinique.fr\/histoire-geographie\/wp-content\/uploads\/sites\/15\/2021\/08\/travail-canne-plantation-esclavage-300x218.jpg 300w\" sizes=\"auto, (max-width: 700px) 100vw, 700px\" \/><\/figure>\n\n\n\n<div class=\"wp-block-columns is-layout-flex wp-container-core-columns-is-layout-d0b3c9c8 wp-block-columns-is-layout-flex\">\n<div class=\"wp-block-column is-vertically-aligned-top is-layout-flow wp-block-column-is-layout-flow\">\n<p class=\"has-text-align-left tw-mb-0 tw-mt-0 has-small-font-size\"><strong>LYCEE- <\/strong>Adaptations des programmes d\u2019enseignement d\u2019histoire-g\u00e9ographie dans les DROM pour les classes de 2nde et de 1\u00e8res des lyc\u00e9es g\u00e9n\u00e9raux et technologiques parues au BO n\u00b030 du 23 juillet 2020 et pour les programmes de Terminale dans le BO du 29 juillet 2021<\/p>\n\n\n\n<p class=\"has-text-align-center has-text-color has-small-font-size\" style=\"color:#6c864b\"><strong><a href=\"https:\/\/site.ac-martinique.fr\/histoire-geographie\/?p=4395\" target=\"_blank\" rel=\"noreferrer noopener\">Acc\u00e9der aux programmes du lyc\u00e9e<\/a><\/strong><\/p>\n\n\n\n<div class=\"wp-block-buttons is-layout-flex wp-block-buttons-is-layout-flex\"><\/div>\n<\/div>\n<\/div>\n<\/div><\/div>\n<\/div>\n\n\n\n<div class=\"wp-block-column is-layout-flow wp-block-column-is-layout-flow\">\n<div class=\"wp-block-group has-transparent-background-color has-background tw-shadow\"><div class=\"wp-block-group__inner-container is-layout-flow wp-block-group-is-layout-flow\">\n<p class=\"has-text-align-left tw-mb-0 tw-mt-2 has-small-font-size\"><strong>HGGSP-<\/strong> Les programmes d&rsquo;enseignement de sp\u00e9cialit\u00e9 sont parus au BO sp\u00e9cial n\u00b08 du 25 juillet 2019, les adaptations en 2020 et 2021<\/p>\n\n\n<div class=\"wp-block-image\">\n<figure class=\"aligncenter size-large is-resized\"><img loading=\"lazy\" decoding=\"async\" width=\"894\" height=\"596\" src=\"https:\/\/site.ac-martinique.fr\/histoire-geographie\/wp-content\/uploads\/sites\/15\/2021\/08\/HGGSP_1ere-edited.png\" alt=\"\" class=\"wp-image-4415\" style=\"width:203px;height:135px\" srcset=\"https:\/\/site.ac-martinique.fr\/histoire-geographie\/wp-content\/uploads\/sites\/15\/2021\/08\/HGGSP_1ere-edited.png 894w, https:\/\/site.ac-martinique.fr\/histoire-geographie\/wp-content\/uploads\/sites\/15\/2021\/08\/HGGSP_1ere-edited-300x200.png 300w, https:\/\/site.ac-martinique.fr\/histoire-geographie\/wp-content\/uploads\/sites\/15\/2021\/08\/HGGSP_1ere-edited-768x512.png 768w\" sizes=\"auto, (max-width: 894px) 100vw, 894px\" \/><\/figure>\n<\/div>\n\n\n<p class=\"has-text-align-center has-text-color has-small-font-size\" style=\"color:#6c864b\"><a href=\"https:\/\/site.ac-martinique.fr\/histoire-geographie\/?p=4417\" target=\"_blank\" rel=\"noreferrer noopener\"><strong>Acc\u00e9der aux programmes<\/strong> <strong>de Sp\u00e9cialit\u00e9<\/strong><\/a><\/p>\n<\/div><\/div>\n\n\n\n<div class=\"wp-block-buttons is-layout-flex wp-block-buttons-is-layout-flex\"><\/div>\n<\/div>\n<\/div>\n\n\n\n<div class=\"wp-block-columns is-layout-flex wp-container-core-columns-is-layout-d0b3c9c8 wp-block-columns-is-layout-flex\">\n<div class=\"wp-block-column is-layout-flow wp-block-column-is-layout-flow\">\n<div class=\"wp-block-group has-transparent-background-color has-background tw-shadow\"><div class=\"wp-block-group__inner-container is-layout-flow wp-block-group-is-layout-flow\"><div class=\"wp-block-image\">\n<figure class=\"aligncenter size-thumbnail\"><img loading=\"lazy\" decoding=\"async\" width=\"150\" height=\"150\" src=\"https:\/\/site.ac-martinique.fr\/histoire-geographie\/wp-content\/uploads\/sites\/15\/2021\/08\/fort-saint-louis-150x150.jpg\" alt=\"\" class=\"wp-image-4598\" srcset=\"https:\/\/site.ac-martinique.fr\/histoire-geographie\/wp-content\/uploads\/sites\/15\/2021\/08\/fort-saint-louis-150x150.jpg 150w, https:\/\/site.ac-martinique.fr\/histoire-geographie\/wp-content\/uploads\/sites\/15\/2021\/08\/fort-saint-louis-75x75.jpg 75w\" sizes=\"auto, (max-width: 150px) 100vw, 150px\" \/><\/figure>\n<\/div>\n\n\n<p><\/p>\n\n\n\n<p class=\"has-text-align-right has-small-font-size\"><strong>COLLEGE-<\/strong> Les programmes et ressources d&rsquo;accompagnement concernant les classe de coll\u00e8ge depuis 2016<\/p>\n\n\n\n<p class=\"has-text-align-center has-small-font-size\"><strong><a href=\"https:\/\/site.ac-martinique.fr\/histoire-geographie\/?p=4367\" target=\"_blank\" rel=\"noreferrer noopener\">Acc\u00e9der aux programmes de coll\u00e8ge<\/a><\/strong><\/p>\n<\/div><\/div>\n\n\n\n<div class=\"wp-block-buttons is-layout-flex wp-block-buttons-is-layout-flex\"><\/div>\n<\/div>\n\n\n\n<div class=\"wp-block-column is-layout-flow wp-block-column-is-layout-flow\">\n<div class=\"wp-block-group has-transparent-background-color has-background tw-shadow\"><div class=\"wp-block-group__inner-container is-layout-flow wp-block-group-is-layout-flow\"><div class=\"wp-block-image\">\n<figure class=\"aligncenter size-large is-resized\"><a href=\"https:\/\/site.ac-martinique.fr\/histoire-geographie\/wp-content\/uploads\/sites\/15\/2021\/08\/anse-michel-1.jpg\"><img loading=\"lazy\" decoding=\"async\" width=\"1024\" height=\"576\" src=\"https:\/\/site.ac-martinique.fr\/histoire-geographie\/wp-content\/uploads\/sites\/15\/2021\/08\/anse-michel-1-1024x576.jpg\" alt=\"\" class=\"wp-image-4837\" style=\"width:197px;height:110px\" srcset=\"https:\/\/site.ac-martinique.fr\/histoire-geographie\/wp-content\/uploads\/sites\/15\/2021\/08\/anse-michel-1-1024x576.jpg 1024w, https:\/\/site.ac-martinique.fr\/histoire-geographie\/wp-content\/uploads\/sites\/15\/2021\/08\/anse-michel-1-300x169.jpg 300w, https:\/\/site.ac-martinique.fr\/histoire-geographie\/wp-content\/uploads\/sites\/15\/2021\/08\/anse-michel-1-768x432.jpg 768w, https:\/\/site.ac-martinique.fr\/histoire-geographie\/wp-content\/uploads\/sites\/15\/2021\/08\/anse-michel-1-1140x641.jpg 1140w, https:\/\/site.ac-martinique.fr\/histoire-geographie\/wp-content\/uploads\/sites\/15\/2021\/08\/anse-michel-1-1320x743.jpg 1320w, https:\/\/site.ac-martinique.fr\/histoire-geographie\/wp-content\/uploads\/sites\/15\/2021\/08\/anse-michel-1.jpg 1440w\" sizes=\"auto, (max-width: 1024px) 100vw, 1024px\" \/><\/a><\/figure>\n<\/div>\n\n\n<p class=\"has-small-font-size\"><strong>EMC-<\/strong> Les programmes d&rsquo;Enseignement moral et civique au lyc\u00e9e (programmes de 2019 et 2020)<\/p>\n\n\n\n<p class=\"has-small-font-size\"><a href=\"https:\/\/site.ac-martinique.fr\/histoire-geographie\/wp-content\/uploads\/sites\/15\/2021\/08\/Prog_2019_EMC_2nde.pdf\" target=\"_blank\" rel=\"noreferrer noopener\"><strong>Acc\u00e9der au programme de 2<sup>nde<\/sup><\/strong><\/a><\/p>\n\n\n\n<p class=\"has-small-font-size\"><a href=\"https:\/\/site.ac-martinique.fr\/histoire-geographie\/wp-content\/uploads\/sites\/15\/2021\/08\/Prog_2019_EMC_1ere.pdf\" target=\"_blank\" rel=\"noreferrer noopener\">A<strong>cc\u00e9der au programme de 1<sup>\u00e8re<\/sup> GT <\/strong><\/a><\/p>\n\n\n\n<p class=\"has-small-font-size\"><a href=\"https:\/\/site.ac-martinique.fr\/histoire-geographie\/wp-content\/uploads\/sites\/15\/2021\/08\/Prog_2020_EMC_Term.pdf\" target=\"_blank\" rel=\"noreferrer noopener\"><strong>Acc\u00e9der au programme de T<sup>ale<\/sup> GT<\/strong><\/a><\/p>\n\n\n<div class=\"wp-block-image\">\n<figure class=\"aligncenter size-large is-resized\"><a href=\"https:\/\/site.ac-martinique.fr\/histoire-geographie\/wp-content\/uploads\/sites\/15\/2024\/06\/attention.png\"><img loading=\"lazy\" decoding=\"async\" width=\"1024\" height=\"930\" src=\"https:\/\/site.ac-martinique.fr\/histoire-geographie\/wp-content\/uploads\/sites\/15\/2024\/06\/attention-1024x930.png\" alt=\"\" class=\"wp-image-6918\" style=\"width:54px;height:auto\" srcset=\"https:\/\/site.ac-martinique.fr\/histoire-geographie\/wp-content\/uploads\/sites\/15\/2024\/06\/attention-1024x930.png 1024w, https:\/\/site.ac-martinique.fr\/histoire-geographie\/wp-content\/uploads\/sites\/15\/2024\/06\/attention-300x272.png 300w, https:\/\/site.ac-martinique.fr\/histoire-geographie\/wp-content\/uploads\/sites\/15\/2024\/06\/attention-768x697.png 768w, https:\/\/site.ac-martinique.fr\/histoire-geographie\/wp-content\/uploads\/sites\/15\/2024\/06\/attention-1536x1395.png 1536w, https:\/\/site.ac-martinique.fr\/histoire-geographie\/wp-content\/uploads\/sites\/15\/2024\/06\/attention-1140x1035.png 1140w, https:\/\/site.ac-martinique.fr\/histoire-geographie\/wp-content\/uploads\/sites\/15\/2024\/06\/attention-1320x1199.png 1320w, https:\/\/site.ac-martinique.fr\/histoire-geographie\/wp-content\/uploads\/sites\/15\/2024\/06\/attention.png 2004w\" sizes=\"auto, (max-width: 1024px) 100vw, 1024px\" \/><\/a><\/figure>\n<\/div>\n\n\n<p>De nouveaux programmes d&rsquo;EMC ont \u00e9t\u00e9 publi\u00e9s au BO du 13 juin 2024. La mise en place de ces programmes sera progressive. <\/p>\n\n\n\n<p class=\"has-text-align-right has-text-color has-link-color wp-elements-306ae770446194b7851d25a86c4cfd64\" style=\"color:#6c864b\"><a href=\"https:\/\/site.ac-martinique.fr\/histoire-geographie\/?p=6921\"><em>en savoir plus<\/em><\/a><\/p>\n<\/div><\/div>\n<\/div>\n<\/div>\n\n\n\n<p><\/p>\n","protected":false},"excerpt":{"rendered":"<p>Les programmes textes officiels LYCEE- Adaptations des programmes d\u2019enseignement d\u2019histoire-g\u00e9ographie dans les DROM pour les classes de 2nde et de 1\u00e8res des lyc\u00e9es g\u00e9n\u00e9raux et technologiques parues au BO n\u00b030 du 23 juillet 2020 et pour les programmes de Terminale dans le BO du 29 juillet 2021 Acc\u00e9der aux programmes du lyc\u00e9e HGGSP- Les programmes d&rsquo;enseignement de sp\u00e9cialit\u00e9 sont parus au BO sp\u00e9cial n\u00b08 du 25 juillet 2019, les adaptations en 2020 et 2021 Acc\u00e9der aux programmes de Sp\u00e9cialit\u00e9 COLLEGE- Les programmes et ressources d&rsquo;accompagnement concernant les classe de coll\u00e8ge depuis 2016 Acc\u00e9der aux programmes de coll\u00e8ge EMC- Les programmes d&rsquo;Enseignement moral et civique au lyc\u00e9e (programmes de 2019 et 2020) Acc\u00e9der au programme de 2nde Acc\u00e9der au programme de 1\u00e8re GT Acc\u00e9der au programme de Tale GT De nouveaux programmes d&rsquo;EMC ont \u00e9t\u00e9 publi\u00e9s au BO du 13 juin 2024. La mise en place de ces programmes sera progressive. en savoir plus<\/p>\n","protected":false},"author":71,"featured_media":0,"parent":0,"menu_order":0,"comment_status":"closed","ping_status":"closed","template":"","meta":{"footnotes":""},"class_list":["post-4194","page","type-page","status-publish","hentry"],"_links":{"self":[{"href":"https:\/\/site.ac-martinique.fr\/histoire-geographie\/index.php?rest_route=\/wp\/v2\/pages\/4194","targetHints":{"allow":["GET"]}}],"collection":[{"href":"https:\/\/site.ac-martinique.fr\/histoire-geographie\/index.php?rest_route=\/wp\/v2\/pages"}],"about":[{"href":"https:\/\/site.ac-martinique.fr\/histoire-geographie\/index.php?rest_route=\/wp\/v2\/types\/page"}],"author":[{"embeddable":true,"href":"https:\/\/site.ac-martinique.fr\/histoire-geographie\/index.php?rest_route=\/wp\/v2\/users\/71"}],"replies":[{"embeddable":true,"href":"https:\/\/site.ac-martinique.fr\/histoire-geographie\/index.php?rest_route=%2Fwp%2Fv2%2Fcomments&post=4194"}],"version-history":[{"count":29,"href":"https:\/\/site.ac-martinique.fr\/histoire-geographie\/index.php?rest_route=\/wp\/v2\/pages\/4194\/revisions"}],"predecessor-version":[{"id":6926,"href":"https:\/\/site.ac-martinique.fr\/histoire-geographie\/index.php?rest_route=\/wp\/v2\/pages\/4194\/revisions\/6926"}],"wp:attachment":[{"href":"https:\/\/site.ac-martinique.fr\/histoire-geographie\/index.php?rest_route=%2Fwp%2Fv2%2Fmedia&parent=4194"}],"curies":[{"name":"wp","href":"https:\/\/api.w.org\/{rel}","templated":true}]}}