{"id":4203,"date":"2021-08-22T22:32:18","date_gmt":"2021-08-22T21:32:18","guid":{"rendered":"https:\/\/site.ac-martinique.fr\/histoire-geographie\/?page_id=4203"},"modified":"2021-09-03T15:38:47","modified_gmt":"2021-09-03T14:38:47","slug":"continuite-pedagogique","status":"publish","type":"page","link":"https:\/\/site.ac-martinique.fr\/histoire-geographie\/?page_id=4203","title":{"rendered":"CONTINUITE PEDAGOGIQUE"},"content":{"rendered":"\n<figure class=\"wp-block-pullquote\"><blockquote><p>La continuit\u00e9 p\u00e9dagogique<\/p><cite>principes g\u00e9n\u00e9raux<\/cite><\/blockquote><\/figure>\n\n\n\n<p><\/p>\n\n\n\n<div class=\"wp-block-columns is-layout-flex wp-container-core-columns-is-layout-d0b3c9c8 wp-block-columns-is-layout-flex\">\n<div class=\"wp-block-column is-layout-flow wp-block-column-is-layout-flow\" style=\"--col-width:100%;flex-basis:100%\">\n<div class=\"wp-block-columns tw-cols-card tw-cols-card-border is-layout-flex wp-container-core-columns-is-layout-d0b3c9c8 wp-block-columns-is-layout-flex\">\n<div class=\"wp-block-column is-layout-flow wp-block-column-is-layout-flow\" style=\"--col-width:45%;flex-basis:45%\">\n<figure class=\"wp-block-image size-large is-resized\"><a href=\"https:\/\/site.ac-martinique.fr\/histoire-geographie\/wp-content\/uploads\/sites\/15\/2021\/08\/scaletowidth.jpg\"><img loading=\"lazy\" decoding=\"async\" src=\"https:\/\/site.ac-martinique.fr\/histoire-geographie\/wp-content\/uploads\/sites\/15\/2021\/08\/scaletowidth.jpg\" alt=\"\" class=\"wp-image-4445\" width=\"213\" height=\"142\" srcset=\"https:\/\/site.ac-martinique.fr\/histoire-geographie\/wp-content\/uploads\/sites\/15\/2021\/08\/scaletowidth.jpg 650w, https:\/\/site.ac-martinique.fr\/histoire-geographie\/wp-content\/uploads\/sites\/15\/2021\/08\/scaletowidth-300x200.jpg 300w\" sizes=\"auto, (max-width: 213px) 100vw, 213px\" \/><\/a><\/figure>\n\n\n\n<p class=\"has-text-align-left has-small-font-size\"><strong>HYBRIDATION<\/strong> &#8211; Dans le contexte de confinement adapt\u00e9, des adaptations du temps scolaire et de la pr\u00e9sence des \u00e9l\u00e8ves ont \u00e9t\u00e9 mises en place. Synchrone ou asynchrone? &#8230;<\/p>\n\n\n\n<p class=\"has-text-align-right tw-mb-0 tw-mt-0 has-small-font-size\"><a href=\"https:\/\/site.ac-martinique.fr\/histoire-geographie\/?p=4453\" target=\"_blank\" rel=\"noreferrer noopener\"> lire la suite<\/a><\/p>\n<\/div>\n<\/div>\n\n\n\n<div class=\"wp-block-columns is-layout-flex wp-container-core-columns-is-layout-d0b3c9c8 wp-block-columns-is-layout-flex\">\n<div class=\"wp-block-column is-layout-flow wp-block-column-is-layout-flow\"><\/div>\n\n\n\n<div class=\"wp-block-column is-layout-flow wp-block-column-is-layout-flow\"><\/div>\n<\/div>\n<\/div>\n<\/div>\n\n\n\n<div class=\"wp-block-columns are-vertically-aligned-top is-layout-flex wp-container-core-columns-is-layout-d0b3c9c8 wp-block-columns-is-layout-flex\">\n<div class=\"wp-block-column is-vertically-aligned-top is-layout-flow wp-block-column-is-layout-flow\" style=\"--col-width:49%;flex-basis:49%\">\n<div class=\"wp-block-columns is-layout-flex wp-container-core-columns-is-layout-d0b3c9c8 wp-block-columns-is-layout-flex\">\n<div class=\"wp-block-column is-layout-flow wp-block-column-is-layout-flow\" style=\"--col-width:100%;flex-basis:100%\">\n<div class=\"wp-block-group has-transparent-background-color has-background tw-border\"><div class=\"wp-block-group__inner-container is-layout-flow wp-block-group-is-layout-flow\">\n<div class=\"wp-block-group\"><div class=\"wp-block-group__inner-container is-layout-flow wp-block-group-is-layout-flow\">\n<div class=\"wp-block-group\"><div class=\"wp-block-group__inner-container is-layout-flow wp-block-group-is-layout-flow\">\n<figure class=\"wp-block-image size-large is-resized\"><a href=\"https:\/\/site.ac-martinique.fr\/histoire-geographie\/wp-content\/uploads\/sites\/15\/2021\/08\/bibliotheque-ancienne.jpg\"><img loading=\"lazy\" decoding=\"async\" src=\"https:\/\/site.ac-martinique.fr\/histoire-geographie\/wp-content\/uploads\/sites\/15\/2021\/08\/bibliotheque-ancienne.jpg\" alt=\"\" class=\"wp-image-4448\" width=\"170\" height=\"109\" srcset=\"https:\/\/site.ac-martinique.fr\/histoire-geographie\/wp-content\/uploads\/sites\/15\/2021\/08\/bibliotheque-ancienne.jpg 791w, https:\/\/site.ac-martinique.fr\/histoire-geographie\/wp-content\/uploads\/sites\/15\/2021\/08\/bibliotheque-ancienne-300x193.jpg 300w, https:\/\/site.ac-martinique.fr\/histoire-geographie\/wp-content\/uploads\/sites\/15\/2021\/08\/bibliotheque-ancienne-768x493.jpg 768w\" sizes=\"auto, (max-width: 170px) 100vw, 170px\" \/><\/a><\/figure>\n<\/div><\/div>\n\n\n\n<p class=\"has-small-font-size\"><strong>PRINCIPES &#8211; <\/strong>Pr\u00e9sentation des grands principes , \u00e9l\u00e9ments g\u00e9n\u00e9raux et quelques conseils pour mettre en \u0153uvre un enseignement \u00e0 distance ou hybride : mat\u00e9riels, supports, motivations<\/p>\n<\/div><\/div>\n\n\n\n<p class=\"has-text-align-right has-small-font-size\"><a href=\"https:\/\/site.ac-martinique.fr\/histoire-geographie\/?p=4536\" target=\"_blank\" rel=\"noreferrer noopener\">lire la suite<\/a><\/p>\n<\/div><\/div>\n<\/div>\n<\/div>\n<\/div>\n\n\n\n<div class=\"wp-block-column is-vertically-aligned-top is-layout-flow wp-block-column-is-layout-flow\" style=\"--col-width:1%;flex-basis:1%\">\n<div style=\"height:100px\" aria-hidden=\"true\" class=\"wp-block-spacer\"><\/div>\n<\/div>\n\n\n\n<div class=\"wp-block-column is-vertically-aligned-top is-layout-flow wp-block-column-is-layout-flow\" style=\"--col-width:48%;flex-basis:48%\">\n<div class=\"wp-block-group has-transparent-background-color has-background tw-border\"><div class=\"wp-block-group__inner-container is-layout-flow wp-block-group-is-layout-flow\">\n<p class=\"tw-mb-0 tw-mt-0 has-small-font-size\"><strong>OUTILS- <\/strong>Mettre en place la continuit\u00e9 p\u00e9dagogique est une opportunit\u00e9 pour mettre en place de nouvelles pratiques. Quelques pistes avec des outils, tutoriels vous sont propos\u00e9s&#8230; <\/p>\n\n\n\n<p class=\"has-text-align-right tw-mb-0 tw-mt-0 has-small-font-size\"><a href=\"https:\/\/site.ac-martinique.fr\/histoire-geographie\/?p=4543\" target=\"_blank\" rel=\"noreferrer noopener\">lire la suite<\/a><\/p>\n\n\n\n<div class=\"wp-block-image tw-mb-0 tw-mt-0\"><figure class=\"aligncenter size-large is-resized\"><a href=\"https:\/\/site.ac-martinique.fr\/histoire-geographie\/wp-content\/uploads\/sites\/15\/2021\/08\/icone-BoiteOutil.png\"><img loading=\"lazy\" decoding=\"async\" src=\"https:\/\/site.ac-martinique.fr\/histoire-geographie\/wp-content\/uploads\/sites\/15\/2021\/08\/icone-BoiteOutil.png\" alt=\"\" class=\"wp-image-4446\" width=\"97\" height=\"97\" srcset=\"https:\/\/site.ac-martinique.fr\/histoire-geographie\/wp-content\/uploads\/sites\/15\/2021\/08\/icone-BoiteOutil.png 294w, https:\/\/site.ac-martinique.fr\/histoire-geographie\/wp-content\/uploads\/sites\/15\/2021\/08\/icone-BoiteOutil-150x150.png 150w\" sizes=\"auto, (max-width: 97px) 100vw, 97px\" \/><\/a><\/figure><\/div>\n<\/div><\/div>\n<\/div>\n<\/div>\n\n\n\n<div class=\"wp-block-columns is-layout-flex wp-container-core-columns-is-layout-d0b3c9c8 wp-block-columns-is-layout-flex\">\n<div class=\"wp-block-column is-layout-flow wp-block-column-is-layout-flow\" style=\"--col-width:2%;flex-basis:2%\"><\/div>\n\n\n\n<div class=\"wp-block-column is-layout-flow wp-block-column-is-layout-flow\">\n<div class=\"wp-block-columns is-layout-flex wp-container-core-columns-is-layout-d0b3c9c8 wp-block-columns-is-layout-flex\">\n<div class=\"wp-block-column is-layout-flow wp-block-column-is-layout-flow\" style=\"--col-width:33.33%;flex-basis:33.33%\"><\/div>\n\n\n\n<div class=\"wp-block-column is-layout-flow wp-block-column-is-layout-flow\" style=\"--col-width:66.66%;flex-basis:66.66%\">\n<p> <\/p>\n\n\n\n<div class=\"wp-block-group has-transparent-background-color has-background tw-shadow\"><div class=\"wp-block-group__inner-container is-layout-flow wp-block-group-is-layout-flow\">\n<div class=\"wp-block-image\"><figure class=\"aligncenter size-full is-resized\"><img loading=\"lazy\" decoding=\"async\" src=\"https:\/\/site.ac-martinique.fr\/histoire-geographie\/wp-content\/uploads\/sites\/15\/2021\/09\/bibliotheque-interieure.jpg\" alt=\"\" class=\"wp-image-5264\" width=\"136\" height=\"90\" \/><\/figure><\/div>\n\n\n\n<p class=\"has-small-font-size\"><strong>RESSOURCES &#8211; <\/strong>L&rsquo;\u00e9quipe #TEAM HG972 vous propose des s\u00e9quences p\u00e9dagogiques adapt\u00e9es au contexte de continuit\u00e9 p\u00e9dagogique : enseignement \u00e0 distance, hybridation. <\/p>\n\n\n\n<p class=\"has-text-align-right has-text-color has-small-font-size\" style=\"color:#6c864b\"><a href=\"https:\/\/site.ac-martinique.fr\/histoire-geographie\/?p=5266\" target=\"_blank\" rel=\"noreferrer noopener\">lire la suite<\/a><\/p>\n<\/div><\/div>\n<\/div>\n<\/div>\n<\/div>\n<\/div>\n\n\n\n<div class=\"wp-block-columns is-layout-flex wp-container-core-columns-is-layout-d0b3c9c8 wp-block-columns-is-layout-flex\">\n<div class=\"wp-block-column is-layout-flow wp-block-column-is-layout-flow\">\n<p><\/p>\n<\/div>\n\n\n\n<div class=\"wp-block-column is-layout-flow wp-block-column-is-layout-flow\"><\/div>\n<\/div>\n\n\n\n<p><\/p>\n","protected":false},"excerpt":{"rendered":"<p>La continuit\u00e9 p\u00e9dagogique principes g\u00e9n\u00e9raux HYBRIDATION &#8211; Dans le contexte de confinement adapt\u00e9, des adaptations du temps scolaire et de la pr\u00e9sence des \u00e9l\u00e8ves ont \u00e9t\u00e9 mises en place. Synchrone ou asynchrone? &#8230; lire la suite PRINCIPES &#8211; Pr\u00e9sentation des grands principes , \u00e9l\u00e9ments g\u00e9n\u00e9raux et quelques conseils pour mettre en \u0153uvre un enseignement \u00e0 distance ou hybride : mat\u00e9riels, supports, motivations lire la suite OUTILS- Mettre en place la continuit\u00e9 p\u00e9dagogique est une opportunit\u00e9 pour mettre en place de nouvelles pratiques. Quelques pistes avec des outils, tutoriels vous sont propos\u00e9s&#8230; lire la suite RESSOURCES &#8211; L&rsquo;\u00e9quipe #TEAM HG972 vous propose des s\u00e9quences p\u00e9dagogiques adapt\u00e9es au contexte de continuit\u00e9 p\u00e9dagogique : enseignement \u00e0 distance, hybridation. lire la suite<\/p>\n","protected":false},"author":71,"featured_media":0,"parent":0,"menu_order":0,"comment_status":"closed","ping_status":"closed","template":"","meta":{"footnotes":""},"class_list":["post-4203","page","type-page","status-publish","hentry"],"_links":{"self":[{"href":"https:\/\/site.ac-martinique.fr\/histoire-geographie\/index.php?rest_route=\/wp\/v2\/pages\/4203","targetHints":{"allow":["GET"]}}],"collection":[{"href":"https:\/\/site.ac-martinique.fr\/histoire-geographie\/index.php?rest_route=\/wp\/v2\/pages"}],"about":[{"href":"https:\/\/site.ac-martinique.fr\/histoire-geographie\/index.php?rest_route=\/wp\/v2\/types\/page"}],"author":[{"embeddable":true,"href":"https:\/\/site.ac-martinique.fr\/histoire-geographie\/index.php?rest_route=\/wp\/v2\/users\/71"}],"replies":[{"embeddable":true,"href":"https:\/\/site.ac-martinique.fr\/histoire-geographie\/index.php?rest_route=%2Fwp%2Fv2%2Fcomments&post=4203"}],"version-history":[{"count":10,"href":"https:\/\/site.ac-martinique.fr\/histoire-geographie\/index.php?rest_route=\/wp\/v2\/pages\/4203\/revisions"}],"predecessor-version":[{"id":5279,"href":"https:\/\/site.ac-martinique.fr\/histoire-geographie\/index.php?rest_route=\/wp\/v2\/pages\/4203\/revisions\/5279"}],"wp:attachment":[{"href":"https:\/\/site.ac-martinique.fr\/histoire-geographie\/index.php?rest_route=%2Fwp%2Fv2%2Fmedia&parent=4203"}],"curies":[{"name":"wp","href":"https:\/\/api.w.org\/{rel}","templated":true}]}}