{"id":4320,"date":"2021-08-23T01:50:19","date_gmt":"2021-08-23T00:50:19","guid":{"rendered":"https:\/\/site.ac-martinique.fr\/histoire-geographie\/?page_id=4320"},"modified":"2021-08-30T21:05:40","modified_gmt":"2021-08-30T20:05:40","slug":"loral","status":"publish","type":"page","link":"https:\/\/site.ac-martinique.fr\/histoire-geographie\/?page_id=4320","title":{"rendered":"L&rsquo;ORAL"},"content":{"rendered":"\n<figure class=\"wp-block-pullquote\"><blockquote><p>UN ORAL, DES ORAUX<\/p><cite>REFLEXIONS, PRESENTATIONS, RESSOURCES<\/cite><\/blockquote><\/figure>\n\n\n\n<div class=\"wp-block-image\"><figure class=\"aligncenter size-full is-resized\"><img loading=\"lazy\" decoding=\"async\" src=\"https:\/\/site.ac-martinique.fr\/histoire-geographie\/wp-content\/uploads\/sites\/15\/2021\/08\/distillerie.jpg\" alt=\"\" class=\"wp-image-4905\" width=\"246\" height=\"115\" srcset=\"https:\/\/site.ac-martinique.fr\/histoire-geographie\/wp-content\/uploads\/sites\/15\/2021\/08\/distillerie.jpg 728w, https:\/\/site.ac-martinique.fr\/histoire-geographie\/wp-content\/uploads\/sites\/15\/2021\/08\/distillerie-300x140.jpg 300w\" sizes=\"auto, (max-width: 246px) 100vw, 246px\" \/><\/figure><\/div>\n\n\n\n<div style=\"height:100px\" aria-hidden=\"true\" class=\"wp-block-spacer\"><\/div>\n\n\n\n<div class=\"wp-block-group has-transparent-background-color has-background tw-shadow\"><div class=\"wp-block-group__inner-container is-layout-flow wp-block-group-is-layout-flow\">\n<p class=\"has-drop-cap\">Le&nbsp;travail de l\u2019expression orale&nbsp;dans nos disciplines prend une importance de plus en plus importante des classes de 6\u00e8me \u00e0 Terminale.<\/p>\n\n\n\n<p><\/p>\n\n\n\n<p><\/p>\n\n\n\n<p>Depuis 2019, au lyc\u00e9e,  les programmes d\u2019histoire et g\u00e9ographie en rappellent toute la place dans le tronc commun et surtout au sein de l\u2019enseignement de sp\u00e9cialit\u00e9 Histoire G\u00e9ographie G\u00e9opolitique Sciences Politiques. <\/p>\n\n\n\n<p>L&rsquo;\u00e9preuve de Grand Oral&nbsp;est une \u00e9preuve nouvelle qui, par son poids dans l\u2019obtention du baccalaur\u00e9at et par sa nouveaut\u00e9, ne manque pas de susciter de tr\u00e8s nombreuses questions de la part des \u00e9l\u00e8ves et des enseignants. <\/p>\n\n\n\n<p><\/p>\n\n\n\n<p>C&rsquo;est dans cette optique que nous vous proposons des r\u00e9flexions et des ressources sur la mise en pratique de l&rsquo;oral dans nos classes. D&rsquo;autre part, des pr\u00e9sentations et ressources sp\u00e9cifiques au Grand Oral (\u00e9preuve de Terminale d&rsquo;enseignement de sp\u00e9cialit\u00e9) sont \u00e9galement disponibles. <\/p>\n<\/div><\/div>\n\n\n\n<p><\/p>\n\n\n\n<div style=\"height:100px\" aria-hidden=\"true\" class=\"wp-block-spacer\"><\/div>\n\n\n\n<h3 class=\"has-text-align-center wp-block-heading\">L&rsquo;ORAL<\/h3>\n\n\n\n<div class=\"wp-block-group alignfull\"><div class=\"wp-block-group__inner-container is-layout-flow wp-block-group-is-layout-flow\">\n<div class=\"wp-block-columns alignwide are-vertically-aligned-top tw-cols-card tw-cols-card-shadow tw-stretched-media is-layout-flex wp-container-core-columns-is-layout-d0b3c9c8 wp-block-columns-is-layout-flex\">\n<div class=\"wp-block-column is-vertically-aligned-top is-layout-flow wp-block-column-is-layout-flow\">\n<div class=\"wp-block-image\"><figure class=\"aligncenter size-large is-resized\"><img loading=\"lazy\" decoding=\"async\" src=\"https:\/\/site.ac-martinique.fr\/histoire-geographie\/wp-content\/uploads\/sites\/15\/2021\/08\/bananeraie-1024x576.jpg\" alt=\"\" class=\"wp-image-4909\" width=\"221\" height=\"124\" srcset=\"https:\/\/site.ac-martinique.fr\/histoire-geographie\/wp-content\/uploads\/sites\/15\/2021\/08\/bananeraie-1024x576.jpg 1024w, https:\/\/site.ac-martinique.fr\/histoire-geographie\/wp-content\/uploads\/sites\/15\/2021\/08\/bananeraie-300x169.jpg 300w, https:\/\/site.ac-martinique.fr\/histoire-geographie\/wp-content\/uploads\/sites\/15\/2021\/08\/bananeraie-768x432.jpg 768w, https:\/\/site.ac-martinique.fr\/histoire-geographie\/wp-content\/uploads\/sites\/15\/2021\/08\/bananeraie-1536x863.jpg 1536w, https:\/\/site.ac-martinique.fr\/histoire-geographie\/wp-content\/uploads\/sites\/15\/2021\/08\/bananeraie-1140x641.jpg 1140w, https:\/\/site.ac-martinique.fr\/histoire-geographie\/wp-content\/uploads\/sites\/15\/2021\/08\/bananeraie-1320x742.jpg 1320w, https:\/\/site.ac-martinique.fr\/histoire-geographie\/wp-content\/uploads\/sites\/15\/2021\/08\/bananeraie.jpg 2048w\" sizes=\"auto, (max-width: 221px) 100vw, 221px\" \/><\/figure><\/div>\n\n\n\n<p class=\"has-small-font-size\"><strong>EXPOSES- <\/strong>A quoi sert un expos\u00e9? Pour quoi? Comment le pr\u00e9parer? &#8230; la fiche m\u00e9thode propos\u00e9e peut aider l&rsquo;\u00e9l\u00e8ve \u00e0 r\u00e9pondre \u00e0 ces questions&#8230;<\/p>\n\n\n\n<p class=\"has-text-align-right has-text-color has-small-font-size\" style=\"color:#6c864b\"><a href=\"https:\/\/site.ac-martinique.fr\/histoire-geographie\/?p=4937\" target=\"_blank\" rel=\"noreferrer noopener\">lire la suite<\/a><\/p>\n<\/div>\n\n\n\n<div class=\"wp-block-column is-vertically-aligned-top is-layout-flow wp-block-column-is-layout-flow\">\n<div class=\"wp-block-image\"><figure class=\"aligncenter size-full is-resized\"><img loading=\"lazy\" decoding=\"async\" src=\"https:\/\/site.ac-martinique.fr\/histoire-geographie\/wp-content\/uploads\/sites\/15\/2021\/08\/petroglyphes.jpg\" alt=\"\" class=\"wp-image-4921\" width=\"205\" height=\"132\" \/><\/figure><\/div>\n\n\n\n<p class=\"has-small-font-size\"><strong>FAIRE DES RECHERCHES-<\/strong> La qualit\u00e9 de l&rsquo;oral est li\u00e9e \u00e0 la qualit\u00e9 des recherches. Nous vous proposons une fiche m\u00e9thode \u00e0 destination des \u00e9l\u00e8ves<\/p>\n\n\n\n<p class=\"has-text-align-right has-text-color has-small-font-size\" style=\"color:#6c864b\"><a href=\"https:\/\/site.ac-martinique.fr\/histoire-geographie\/?p=4937\" target=\"_blank\" rel=\"noreferrer noopener\">lire la suite<\/a><\/p>\n<\/div>\n<\/div>\n<\/div><\/div>\n\n\n\n<div style=\"height:69px\" aria-hidden=\"true\" class=\"wp-block-spacer\"><\/div>\n\n\n\n<h3 class=\"has-text-align-center wp-block-heading\">LE GRAND ORAL<\/h3>\n\n\n\n<div class=\"wp-block-columns is-layout-flex wp-container-core-columns-is-layout-d0b3c9c8 wp-block-columns-is-layout-flex\">\n<div class=\"wp-block-column is-layout-flow wp-block-column-is-layout-flow\" style=\"--col-width:50%;flex-basis:50%\">\n<div class=\"wp-block-group alignfull\"><div class=\"wp-block-group__inner-container is-layout-flow wp-block-group-is-layout-flow\">\n<div class=\"wp-block-columns alignwide are-vertically-aligned-top tw-cols-card tw-cols-card-shadow tw-stretched-media is-layout-flex wp-container-core-columns-is-layout-d0b3c9c8 wp-block-columns-is-layout-flex\">\n<div class=\"wp-block-column is-vertically-aligned-top is-layout-flow wp-block-column-is-layout-flow\">\n<div class=\"wp-block-image\"><figure class=\"aligncenter size-large is-resized\"><a href=\"https:\/\/site.ac-martinique.fr\/histoire-geographie\/wp-content\/uploads\/sites\/15\/2021\/08\/grand-riviere.jpg\"><img loading=\"lazy\" decoding=\"async\" src=\"https:\/\/site.ac-martinique.fr\/histoire-geographie\/wp-content\/uploads\/sites\/15\/2021\/08\/grand-riviere-1024x576.jpg\" alt=\"\" class=\"wp-image-4922\" width=\"221\" height=\"124\" srcset=\"https:\/\/site.ac-martinique.fr\/histoire-geographie\/wp-content\/uploads\/sites\/15\/2021\/08\/grand-riviere-1024x576.jpg 1024w, https:\/\/site.ac-martinique.fr\/histoire-geographie\/wp-content\/uploads\/sites\/15\/2021\/08\/grand-riviere-300x169.jpg 300w, https:\/\/site.ac-martinique.fr\/histoire-geographie\/wp-content\/uploads\/sites\/15\/2021\/08\/grand-riviere-768x432.jpg 768w, https:\/\/site.ac-martinique.fr\/histoire-geographie\/wp-content\/uploads\/sites\/15\/2021\/08\/grand-riviere.jpg 1100w\" sizes=\"auto, (max-width: 221px) 100vw, 221px\" \/><\/a><\/figure><\/div>\n\n\n\n<p class=\"has-small-font-size\"><strong>FORMATION 2020- <\/strong>La pr\u00e9sentation support de la formation sur l&rsquo;\u00e9preuve du Grand Oral qui a eu lieu en 2020 est disponible.<\/p>\n\n\n\n<p class=\"has-text-align-right has-text-color has-small-font-size\" style=\"color:#6c864b\"><a href=\"https:\/\/site.ac-martinique.fr\/histoire-geographie\/?p=4951\" target=\"_blank\" rel=\"noreferrer noopener\">lire la suite<\/a><\/p>\n<\/div>\n<\/div>\n<\/div><\/div>\n<\/div>\n\n\n\n<div class=\"wp-block-column is-layout-flow wp-block-column-is-layout-flow\" style=\"--col-width:50%;flex-basis:50%\"><\/div>\n<\/div>\n\n\n\n<div class=\"wp-block-columns is-layout-flex wp-container-core-columns-is-layout-d0b3c9c8 wp-block-columns-is-layout-flex\">\n<div class=\"wp-block-column is-layout-flow wp-block-column-is-layout-flow\"><\/div>\n\n\n\n<div class=\"wp-block-column is-layout-flow wp-block-column-is-layout-flow\">\n<div class=\"wp-block-group has-transparent-background-color has-background tw-shadow\"><div class=\"wp-block-group__inner-container is-layout-flow wp-block-group-is-layout-flow\">\n<div class=\"wp-block-image\"><figure class=\"aligncenter size-full is-resized\"><a href=\"https:\/\/site.ac-martinique.fr\/histoire-geographie\/wp-content\/uploads\/sites\/15\/2021\/08\/logo-igesr-inspection_1180346.jpg\"><img loading=\"lazy\" decoding=\"async\" src=\"https:\/\/site.ac-martinique.fr\/histoire-geographie\/wp-content\/uploads\/sites\/15\/2021\/08\/logo-igesr-inspection_1180346.jpg\" alt=\"\" class=\"wp-image-4933\" width=\"222\" height=\"147\" srcset=\"https:\/\/site.ac-martinique.fr\/histoire-geographie\/wp-content\/uploads\/sites\/15\/2021\/08\/logo-igesr-inspection_1180346.jpg 600w, https:\/\/site.ac-martinique.fr\/histoire-geographie\/wp-content\/uploads\/sites\/15\/2021\/08\/logo-igesr-inspection_1180346-300x200.jpg 300w, https:\/\/site.ac-martinique.fr\/histoire-geographie\/wp-content\/uploads\/sites\/15\/2021\/08\/logo-igesr-inspection_1180346-500x330.jpg 500w\" sizes=\"auto, (max-width: 222px) 100vw, 222px\" \/><\/a><\/figure><\/div>\n\n\n\n<p class=\"has-small-font-size\"><strong>CONTRIBTION IGESR-<\/strong> \u00ab\u00a0Toutes les contributions s\u2019accordent \u00e0 dire que le Grand oral mobilise pleinement les savoirs mis en jeu par les enseignements auxquels il s\u2019adosse&#8230;\u00a0\u00bb<\/p>\n\n\n\n<p class=\"has-text-align-right has-text-color has-small-font-size\" style=\"color:#6c864b\"><a href=\"https:\/\/site.ac-martinique.fr\/histoire-geographie\/wp-content\/uploads\/sites\/15\/2021\/08\/Grand_oral_Igesr_Document_integral_IGESR.pdf\" target=\"_blank\" rel=\"noreferrer noopener\">Acc\u00e9der au Rapport de l&rsquo;IGESR<\/a><\/p>\n<\/div><\/div>\n<\/div>\n<\/div>\n\n\n\n<div style=\"height:63px\" aria-hidden=\"true\" class=\"wp-block-spacer\"><\/div>\n\n\n\n<div class=\"wp-block-group alignfull\"><div class=\"wp-block-group__inner-container is-layout-flow wp-block-group-is-layout-flow\">\n<div class=\"wp-block-columns alignwide are-vertically-aligned-top tw-cols-card tw-cols-card-shadow tw-stretched-media is-layout-flex wp-container-core-columns-is-layout-d0b3c9c8 wp-block-columns-is-layout-flex\">\n<div class=\"wp-block-column is-vertically-aligned-top is-layout-flow wp-block-column-is-layout-flow\">\n<div id=\"block-c0b54dd3-7c14-4261-9a38-536303d0397e\" class=\"wp-block-image\"><figure class=\"aligncenter is-resized\"><img loading=\"lazy\" decoding=\"async\" src=\"https:\/\/site.ac-martinique.fr\/histoire-geographie\/wp-content\/uploads\/sites\/15\/2021\/08\/sainte-luce-bourg.jpg\" alt=\"L\u2019attribut alt de cette image est vide, son nom de fichier est sainte-luce-bourg.jpg.\" width=\"176\" height=\"114\" \/><\/figure><\/div>\n\n\n\n<p class=\"has-small-font-size\" id=\"block-b027a9f8-604b-49f7-b374-0856e6d7694c\"><strong>PLANNING- <\/strong>Fabienne Jannas et Charles Chammas (Lyc\u00e9e Bellevue _ Fort-de France) proposent un planning dans l&rsquo;optique de l&rsquo;\u00e9preuve terminale<\/p>\n\n\n\n<p class=\"has-text-align-right has-text-color has-small-font-size\" id=\"block-97840681-c3ab-4768-adef-0b2a82faa4f7\" style=\"color:#6c864b\"><a href=\"https:\/\/site.ac-martinique.fr\/histoire-geographie\/?p=4951\" target=\"_blank\" rel=\"noreferrer noopener\">lire la suite<\/a><\/p>\n\n\n\n<p><\/p>\n<\/div>\n\n\n\n<div class=\"wp-block-column is-vertically-aligned-top is-layout-flow wp-block-column-is-layout-flow\">\n<div class=\"wp-block-image\"><figure class=\"aligncenter size-full is-resized\"><img loading=\"lazy\" decoding=\"async\" src=\"https:\/\/site.ac-martinique.fr\/histoire-geographie\/wp-content\/uploads\/sites\/15\/2021\/08\/distillerie2.jpg\" alt=\"\" class=\"wp-image-4925\" width=\"177\" height=\"85\" srcset=\"https:\/\/site.ac-martinique.fr\/histoire-geographie\/wp-content\/uploads\/sites\/15\/2021\/08\/distillerie2.jpg 480w, https:\/\/site.ac-martinique.fr\/histoire-geographie\/wp-content\/uploads\/sites\/15\/2021\/08\/distillerie2-300x144.jpg 300w\" sizes=\"auto, (max-width: 177px) 100vw, 177px\" \/><\/figure><\/div>\n\n\n\n<p class=\"has-small-font-size\"><strong>PLANNING-<\/strong> Le planning de pr\u00e9paration propos\u00e9 au Lyc\u00e9e Paulette Nardal _ Ducos par Nadine Guiose<\/p>\n\n\n\n<p class=\"has-text-align-right has-text-color has-small-font-size\" style=\"color:#6c864b\"><a href=\"https:\/\/site.ac-martinique.fr\/histoire-geographie\/?p=4951\" target=\"_blank\" rel=\"noreferrer noopener\">lire la suite<\/a><\/p>\n<\/div>\n<\/div>\n<\/div><\/div>\n\n\n\n<div style=\"height:47px\" aria-hidden=\"true\" class=\"wp-block-spacer\"><\/div>\n\n\n\n<div class=\"wp-block-group alignfull\"><div class=\"wp-block-group__inner-container is-layout-flow wp-block-group-is-layout-flow\">\n<div class=\"wp-block-columns alignwide are-vertically-aligned-top tw-cols-card tw-cols-card-shadow tw-stretched-media is-layout-flex wp-container-core-columns-is-layout-d0b3c9c8 wp-block-columns-is-layout-flex\">\n<div class=\"wp-block-column is-vertically-aligned-top is-layout-flow wp-block-column-is-layout-flow\">\n<div class=\"wp-block-image\"><figure class=\"aligncenter size-full is-resized\"><img loading=\"lazy\" decoding=\"async\" src=\"https:\/\/site.ac-martinique.fr\/histoire-geographie\/wp-content\/uploads\/sites\/15\/2021\/08\/cyclone-1.jpg\" alt=\"\" class=\"wp-image-4929\" width=\"182\" height=\"91\" srcset=\"https:\/\/site.ac-martinique.fr\/histoire-geographie\/wp-content\/uploads\/sites\/15\/2021\/08\/cyclone-1.jpg 318w, https:\/\/site.ac-martinique.fr\/histoire-geographie\/wp-content\/uploads\/sites\/15\/2021\/08\/cyclone-1-300x150.jpg 300w\" sizes=\"auto, (max-width: 182px) 100vw, 182px\" \/><\/figure><\/div>\n\n\n\n<p class=\"has-small-font-size\"><strong>MEMO- <\/strong>Objectif, d\u00e9roul\u00e9 Modalit\u00e9 de l&rsquo;\u00e9preuve pr\u00e9sent\u00e9s dans une fiche synth\u00e9tique&#8230;<\/p>\n\n\n\n<p class=\"has-text-align-right has-text-color has-small-font-size\" style=\"color:#6c864b\"><a href=\"https:\/\/site.ac-martinique.fr\/histoire-geographie\/?p=4951\" target=\"_blank\" rel=\"noreferrer noopener\">lire la suite<\/a><\/p>\n<\/div>\n\n\n\n<div class=\"wp-block-column is-vertically-aligned-top is-layout-flow wp-block-column-is-layout-flow\">\n<div class=\"wp-block-image\"><figure class=\"aligncenter size-full is-resized\"><a href=\"https:\/\/site.ac-martinique.fr\/histoire-geographie\/wp-content\/uploads\/sites\/15\/2021\/08\/Vase-Saladoide.jpg\"><img loading=\"lazy\" decoding=\"async\" src=\"https:\/\/site.ac-martinique.fr\/histoire-geographie\/wp-content\/uploads\/sites\/15\/2021\/08\/Vase-Saladoide.jpg\" alt=\"\" class=\"wp-image-4930\" width=\"148\" height=\"150\" srcset=\"https:\/\/site.ac-martinique.fr\/histoire-geographie\/wp-content\/uploads\/sites\/15\/2021\/08\/Vase-Saladoide.jpg 529w, https:\/\/site.ac-martinique.fr\/histoire-geographie\/wp-content\/uploads\/sites\/15\/2021\/08\/Vase-Saladoide-294x300.jpg 294w, https:\/\/site.ac-martinique.fr\/histoire-geographie\/wp-content\/uploads\/sites\/15\/2021\/08\/Vase-Saladoide-75x75.jpg 75w\" sizes=\"auto, (max-width: 148px) 100vw, 148px\" \/><\/a><\/figure><\/div>\n\n\n\n<p class=\"has-small-font-size\"><strong>OUTILS-<\/strong> Des outils pertinents pour pr\u00e9parer les \u00e9l\u00e8ves au Grand Oral&#8230;<\/p>\n\n\n\n<p class=\"has-text-align-right has-text-color has-small-font-size\" style=\"color:#6c864b\"><a href=\"https:\/\/site.ac-martinique.fr\/histoire-geographie\/?p=4951\" target=\"_blank\" rel=\"noreferrer noopener\">lire la sui<\/a>te. <\/p>\n<\/div>\n<\/div>\n<\/div><\/div>\n","protected":false},"excerpt":{"rendered":"<p>UN ORAL, DES ORAUX REFLEXIONS, PRESENTATIONS, RESSOURCES Le&nbsp;travail de l\u2019expression orale&nbsp;dans nos disciplines prend une importance de plus en plus importante des classes de 6\u00e8me \u00e0 Terminale. Depuis 2019, au lyc\u00e9e, les programmes d\u2019histoire et g\u00e9ographie en rappellent toute la place dans le tronc commun et surtout au sein de l\u2019enseignement de sp\u00e9cialit\u00e9 Histoire G\u00e9ographie G\u00e9opolitique Sciences Politiques. L&rsquo;\u00e9preuve de Grand Oral&nbsp;est une \u00e9preuve nouvelle qui, par son poids dans l\u2019obtention du baccalaur\u00e9at et par sa nouveaut\u00e9, ne manque pas de susciter de tr\u00e8s nombreuses questions de la part des \u00e9l\u00e8ves et des enseignants. C&rsquo;est dans cette optique que nous vous proposons des r\u00e9flexions et des ressources sur la mise en pratique de l&rsquo;oral dans nos classes. D&rsquo;autre part, des pr\u00e9sentations et ressources sp\u00e9cifiques au Grand Oral (\u00e9preuve de Terminale d&rsquo;enseignement de sp\u00e9cialit\u00e9) sont \u00e9galement disponibles. L&rsquo;ORAL EXPOSES- A quoi sert un expos\u00e9? Pour quoi? Comment le pr\u00e9parer? &#8230; la fiche m\u00e9thode propos\u00e9e peut aider l&rsquo;\u00e9l\u00e8ve \u00e0 r\u00e9pondre \u00e0 ces questions&#8230; lire la suite FAIRE DES RECHERCHES- La qualit\u00e9 de l&rsquo;oral est li\u00e9e \u00e0 la qualit\u00e9 des recherches. Nous vous proposons une fiche m\u00e9thode \u00e0 destination des \u00e9l\u00e8ves lire la suite LE GRAND ORAL FORMATION 2020- La pr\u00e9sentation support de la formation sur l&rsquo;\u00e9preuve du Grand Oral qui a eu lieu en 2020 est disponible. lire la suite CONTRIBTION IGESR- \u00ab\u00a0Toutes les contributions s\u2019accordent \u00e0 dire que le Grand oral mobilise pleinement les savoirs mis en jeu par les enseignements auxquels il s\u2019adosse&#8230;\u00a0\u00bb Acc\u00e9der au Rapport de l&rsquo;IGESR PLANNING- Fabienne Jannas et Charles Chammas (Lyc\u00e9e Bellevue _ Fort-de France) proposent un planning dans l&rsquo;optique de l&rsquo;\u00e9preuve terminale lire la suite PLANNING- Le planning de pr\u00e9paration propos\u00e9 au Lyc\u00e9e Paulette Nardal _ Ducos par Nadine Guiose lire la suite MEMO- Objectif, d\u00e9roul\u00e9 Modalit\u00e9 de l&rsquo;\u00e9preuve pr\u00e9sent\u00e9s dans une fiche synth\u00e9tique&#8230; lire la suite OUTILS- Des outils pertinents pour pr\u00e9parer les \u00e9l\u00e8ves au Grand Oral&#8230; lire la suite.<\/p>\n","protected":false},"author":71,"featured_media":0,"parent":0,"menu_order":0,"comment_status":"closed","ping_status":"closed","template":"","meta":{"footnotes":""},"class_list":["post-4320","page","type-page","status-publish","hentry"],"_links":{"self":[{"href":"https:\/\/site.ac-martinique.fr\/histoire-geographie\/index.php?rest_route=\/wp\/v2\/pages\/4320","targetHints":{"allow":["GET"]}}],"collection":[{"href":"https:\/\/site.ac-martinique.fr\/histoire-geographie\/index.php?rest_route=\/wp\/v2\/pages"}],"about":[{"href":"https:\/\/site.ac-martinique.fr\/histoire-geographie\/index.php?rest_route=\/wp\/v2\/types\/page"}],"author":[{"embeddable":true,"href":"https:\/\/site.ac-martinique.fr\/histoire-geographie\/index.php?rest_route=\/wp\/v2\/users\/71"}],"replies":[{"embeddable":true,"href":"https:\/\/site.ac-martinique.fr\/histoire-geographie\/index.php?rest_route=%2Fwp%2Fv2%2Fcomments&post=4320"}],"version-history":[{"count":14,"href":"https:\/\/site.ac-martinique.fr\/histoire-geographie\/index.php?rest_route=\/wp\/v2\/pages\/4320\/revisions"}],"predecessor-version":[{"id":4978,"href":"https:\/\/site.ac-martinique.fr\/histoire-geographie\/index.php?rest_route=\/wp\/v2\/pages\/4320\/revisions\/4978"}],"wp:attachment":[{"href":"https:\/\/site.ac-martinique.fr\/histoire-geographie\/index.php?rest_route=%2Fwp%2Fv2%2Fmedia&parent=4320"}],"curies":[{"name":"wp","href":"https:\/\/api.w.org\/{rel}","templated":true}]}}