{"id":4526,"date":"2021-08-26T15:35:28","date_gmt":"2021-08-26T14:35:28","guid":{"rendered":"https:\/\/site.ac-martinique.fr\/histoire-geographie\/?page_id=4526"},"modified":"2025-08-29T11:33:00","modified_gmt":"2025-08-29T15:33:00","slug":"contacts-2","status":"publish","type":"page","link":"https:\/\/site.ac-martinique.fr\/histoire-geographie\/?page_id=4526","title":{"rendered":"CONTACTS"},"content":{"rendered":"\n<p><\/p>\n\n\n\n<div class=\"wp-block-group alignfull\"><div class=\"wp-block-group__inner-container is-layout-flow wp-block-group-is-layout-flow\">\n<div class=\"wp-block-columns alignwide are-vertically-aligned-top tw-cols-card tw-cols-card-shadow tw-stretched-media is-layout-flex wp-container-core-columns-is-layout-d0b3c9c8 wp-block-columns-is-layout-flex\">\n<div class=\"wp-block-column is-vertically-aligned-top is-layout-flow wp-block-column-is-layout-flow\">\n<p>Mme Brigitte Louise-Palix<\/p>\n\n\n\n<p>IA-IPR Histoire-g\u00e9ographie<\/p>\n\n\n\n<p><a href=\"mailto:brigitte.louise-palix@ac-martinique.fr\">brigitte.louise-palix@ac-martinique.fr<\/a><\/p>\n<\/div>\n<\/div>\n<\/div><\/div>\n\n\n\n<div class=\"wp-block-group alignfull\"><div class=\"wp-block-group__inner-container is-layout-flow wp-block-group-is-layout-flow\">\n<div class=\"wp-block-columns alignwide are-vertically-aligned-top tw-cols-card tw-cols-card-shadow tw-stretched-media is-layout-flex wp-container-core-columns-is-layout-d0b3c9c8 wp-block-columns-is-layout-flex\">\n<div class=\"wp-block-column is-vertically-aligned-top is-layout-flow wp-block-column-is-layout-flow\">\n<p>D\u00e9l\u00e9gation R\u00e9gionale Au Num\u00e9rique pour l\u2019Education (DRANE)<br><a href=\"mailto:ce.dane@ac-martinique.fr\"><strong>ce.dane@ac-martinique.fr<\/strong><\/a><\/p>\n\n\n\n<p><\/p>\n<\/div>\n<\/div>\n<\/div><\/div>\n","protected":false},"excerpt":{"rendered":"<p>Mme Brigitte Louise-Palix IA-IPR Histoire-g\u00e9ographie brigitte.louise-palix@ac-martinique.fr D\u00e9l\u00e9gation R\u00e9gionale Au Num\u00e9rique pour l\u2019Education (DRANE)ce.dane@ac-martinique.fr<\/p>\n","protected":false},"author":71,"featured_media":0,"parent":0,"menu_order":0,"comment_status":"closed","ping_status":"closed","template":"","meta":{"footnotes":""},"class_list":["post-4526","page","type-page","status-publish","hentry"],"_links":{"self":[{"href":"https:\/\/site.ac-martinique.fr\/histoire-geographie\/index.php?rest_route=\/wp\/v2\/pages\/4526","targetHints":{"allow":["GET"]}}],"collection":[{"href":"https:\/\/site.ac-martinique.fr\/histoire-geographie\/index.php?rest_route=\/wp\/v2\/pages"}],"about":[{"href":"https:\/\/site.ac-martinique.fr\/histoire-geographie\/index.php?rest_route=\/wp\/v2\/types\/page"}],"author":[{"embeddable":true,"href":"https:\/\/site.ac-martinique.fr\/histoire-geographie\/index.php?rest_route=\/wp\/v2\/users\/71"}],"replies":[{"embeddable":true,"href":"https:\/\/site.ac-martinique.fr\/histoire-geographie\/index.php?rest_route=%2Fwp%2Fv2%2Fcomments&post=4526"}],"version-history":[{"count":7,"href":"https:\/\/site.ac-martinique.fr\/histoire-geographie\/index.php?rest_route=\/wp\/v2\/pages\/4526\/revisions"}],"predecessor-version":[{"id":7200,"href":"https:\/\/site.ac-martinique.fr\/histoire-geographie\/index.php?rest_route=\/wp\/v2\/pages\/4526\/revisions\/7200"}],"wp:attachment":[{"href":"https:\/\/site.ac-martinique.fr\/histoire-geographie\/index.php?rest_route=%2Fwp%2Fv2%2Fmedia&parent=4526"}],"curies":[{"name":"wp","href":"https:\/\/api.w.org\/{rel}","templated":true}]}}