{"id":4718,"date":"2021-08-28T00:19:21","date_gmt":"2021-08-27T23:19:21","guid":{"rendered":"https:\/\/site.ac-martinique.fr\/histoire-geographie\/?page_id=4718"},"modified":"2025-11-30T23:28:49","modified_gmt":"2025-12-01T03:28:49","slug":"hggsp","status":"publish","type":"page","link":"https:\/\/site.ac-martinique.fr\/histoire-geographie\/?page_id=4718","title":{"rendered":"HGGSP"},"content":{"rendered":"\n<figure class=\"wp-block-pullquote\"><blockquote><p>L&rsquo;enseignement de sp\u00e9cialit\u00e9 HGGSP<\/p><cite>RESSOURCES, PROPOSITIONS PEDAGOGIQUES, ADAPTATIONS DROM<\/cite><\/blockquote><\/figure>\n\n\n\n<p><\/p>\n\n\n\n<p><\/p>\n\n\n\n<p><\/p>\n\n\n\n<p class=\"has-drop-cap\">L\u2019enseignement de sp\u00e9cialit\u00e9 d\u2019histoire-g\u00e9ographie, g\u00e9opolitique et sciences politiques d\u00e9veloppe une approche pluridisciplinaire qui, pour analyser et \u00e9lucider la complexit\u00e9 du monde, mobilise plusieurs points de vue, des concepts et des m\u00e9thodes vari\u00e9s.<\/p>\n\n\n\n<p><\/p>\n\n\n\n<div style=\"height:71px\" aria-hidden=\"true\" class=\"wp-block-spacer\"><\/div>\n\n\n\n<hr class=\"wp-block-separator has-alpha-channel-opacity\"\/>\n\n\n\n<div style=\"height:100px\" aria-hidden=\"true\" class=\"wp-block-spacer\"><\/div>\n\n\n\n<div style=\"height:53px\" aria-hidden=\"true\" class=\"wp-block-spacer\"><\/div>\n\n\n\n<div class=\"wp-block-group has-transparent-background-color has-background tw-shadow\"><div class=\"wp-block-group__inner-container is-layout-flow wp-block-group-is-layout-flow\"><div class=\"wp-block-image\">\n<figure class=\"aligncenter size-full is-resized\"><a href=\"https:\/\/site.ac-martinique.fr\/histoire-geographie\/wp-content\/uploads\/sites\/15\/2021\/08\/Bon-a-savoir.png\"><img loading=\"lazy\" decoding=\"async\" width=\"200\" height=\"243\" src=\"https:\/\/site.ac-martinique.fr\/histoire-geographie\/wp-content\/uploads\/sites\/15\/2021\/08\/Bon-a-savoir.png\" alt=\"\" class=\"wp-image-4887\" style=\"width:100px;height:122px\"\/><\/a><\/figure>\n<\/div>\n\n\n<p style=\"font-size:17px\">Les Programmes et les programmations de l&rsquo;enseignement HGGSP se trouvent respectivement dans la rubrique <a rel=\"noreferrer noopener\" href=\"https:\/\/site.ac-martinique.fr\/histoire-geographie\/?page_id=4194\" target=\"_blank\">\u00ab\u00a0PROGRAMMES\u00a0\u00bb<\/a> (S&rsquo;informer) et <a rel=\"noreferrer noopener\" href=\"https:\/\/site.ac-martinique.fr\/histoire-geographie\/?page_id=4347\" target=\"_blank\">\u00ab\u00a0PROGRAMMATIONS\u00a0\u00bb<\/a> (Enseigner_Ressources). <\/p>\n\n\n\n<p style=\"font-size:17px\">Les s\u00e9ances pour la pr\u00e9paration du Grand Oral sont \u00e0 retrouver dans la rubrique <a rel=\"noreferrer noopener\" href=\"https:\/\/site.ac-martinique.fr\/histoire-geographie\/?page_id=4320\" target=\"_blank\">ORAL <\/a>(Enrichir sa pratique). <\/p>\n\n\n\n<p>Des sujets d&rsquo;annales sont disponibles sur la page <a href=\"https:\/\/site.ac-martinique.fr\/histoire-geographie\/?p=5881\" data-type=\"link\" data-id=\"https:\/\/site.ac-martinique.fr\/histoire-geographie\/?p=5881\" target=\"_blank\" rel=\"noreferrer noopener\">ANNALES HGGSP<\/a> de la rubrique \u00ab\u00a0Enseigner_Ressources_Annales\u00a0\u00bb<\/p>\n<\/div><\/div>\n\n\n\n<div style=\"height:100px\" aria-hidden=\"true\" class=\"wp-block-spacer\"><\/div>\n\n\n\n<h4 class=\"wp-block-heading has-text-align-center\" id=\"l-enseignement-hggsp\">L&rsquo;ENSEIGNEMENT HGGSP<\/h4>\n\n\n\n<div class=\"wp-block-group alignfull\"><div class=\"wp-block-group__inner-container is-layout-flow wp-block-group-is-layout-flow\">\n<div class=\"wp-block-columns alignwide are-vertically-aligned-top tw-cols-card tw-cols-card-shadow tw-stretched-media is-layout-flex wp-container-core-columns-is-layout-d0b3c9c8 wp-block-columns-is-layout-flex\">\n<div class=\"wp-block-column is-vertically-aligned-top is-layout-flow wp-block-column-is-layout-flow\">\n<figure class=\"wp-block-embed is-type-video is-provider-youtube wp-block-embed-youtube wp-embed-aspect-16-9 wp-has-aspect-ratio\"><div class=\"wp-block-embed__wrapper\">\nhttps:\/\/www.youtube.com\/watch?v=zZ8HSVhxbYI\n<\/div><\/figure>\n\n\n\n<p style=\"font-size:17px\"><strong>A PARTAGER et A DIFFUSER- <\/strong>La vid\u00e9o, con\u00e7ue par Elsa Juston (Lyc\u00e9e de Bellevue_Fort-de France) a \u00e9t\u00e9 \u00e9labor\u00e9e pour la communication aupr\u00e8s des \u00e9l\u00e8ves sur l&rsquo;enseignement de sp\u00e9cialit\u00e9 HGGSP dans l&rsquo;acad\u00e9mie. <\/p>\n<\/div>\n\n\n\n<div class=\"wp-block-column is-vertically-aligned-top is-layout-flow wp-block-column-is-layout-flow\">\n<p><\/p>\n\n\n\n<p style=\"font-size:17px\"><strong>UNE DEFINITION-<\/strong> Extrait de l&rsquo;\u00e9mission Chroniques Littorales sur France Inter du 26 avril 2019. Pierre Verluise, docteur en g\u00e9opolitique apporte une premi\u00e8re d\u00e9finition de la g\u00e9opolitique. <\/p>\n\n\n\n<p><\/p>\n\n\n\n<div style=\"height:100px\" aria-hidden=\"true\" class=\"wp-block-spacer\"><\/div>\n\n\n\n<p><\/p>\n\n\n\n<p><\/p>\n\n\n\n<figure class=\"wp-block-embed is-type-rich is-provider-prise-en-charge-des-contenus-embarqu-s wp-block-embed-prise-en-charge-des-contenus-embarqu-s\"><div class=\"wp-block-embed__wrapper\">\n<audio class=\"wp-audio-shortcode\" id=\"audio-4718-1\" preload=\"none\" style=\"width: 100%;\" controls=\"controls\"><source type=\"audio\/mpeg\" src=\"https:\/\/site.ac-martinique.fr\/histoire-geographie\/wp-content\/uploads\/sites\/15\/2021\/08\/Quest-ce-que-la-geopolitique.mp3?_=1\" \/><a href=\"https:\/\/site.ac-martinique.fr\/histoire-geographie\/wp-content\/uploads\/sites\/15\/2021\/08\/Quest-ce-que-la-geopolitique.mp3\">https:\/\/site.ac-martinique.fr\/histoire-geographie\/wp-content\/uploads\/sites\/15\/2021\/08\/Quest-ce-que-la-geopolitique.mp3<\/a><\/audio>\n<\/div><\/figure>\n<\/div>\n<\/div>\n<\/div><\/div>\n\n\n\n<div style=\"height:100px\" aria-hidden=\"true\" class=\"wp-block-spacer\"><\/div>\n\n\n\n<h4 class=\"wp-block-heading has-text-align-center has-medium-font-size\" id=\"ressources\">RESSOURCES<\/h4>\n\n\n\n<div class=\"wp-block-group\"><div class=\"wp-block-group__inner-container is-layout-constrained wp-block-group-is-layout-constrained\"><\/div><\/div>\n\n\n\n<p class=\"has-text-align-center has-text-color\" style=\"color:#6c864b;font-size:17px\">Toutes les ressources sont \u00e0 retrouver par un des liens ci-dessous<\/p>\n\n\n\n<div class=\"wp-block-columns is-layout-flex wp-container-core-columns-is-layout-d0b3c9c8 wp-block-columns-is-layout-flex\">\n<div class=\"wp-block-column is-layout-flow wp-block-column-is-layout-flow\">\n<figure class=\"wp-block-image size-full\"><img loading=\"lazy\" decoding=\"async\" width=\"894\" height=\"670\" src=\"https:\/\/site.ac-martinique.fr\/histoire-geographie\/wp-content\/uploads\/sites\/15\/2020\/10\/HGGSP_1\u00e8re.png\" alt=\"\" class=\"wp-image-3595\" srcset=\"https:\/\/site.ac-martinique.fr\/histoire-geographie\/wp-content\/uploads\/sites\/15\/2020\/10\/HGGSP_1\u00e8re.png 894w, https:\/\/site.ac-martinique.fr\/histoire-geographie\/wp-content\/uploads\/sites\/15\/2020\/10\/HGGSP_1\u00e8re-300x225.png 300w, https:\/\/site.ac-martinique.fr\/histoire-geographie\/wp-content\/uploads\/sites\/15\/2020\/10\/HGGSP_1\u00e8re-768x576.png 768w\" sizes=\"auto, (max-width: 894px) 100vw, 894px\" \/><\/figure>\n\n\n\n<p class=\"has-text-align-center\"><a href=\"https:\/\/site.ac-martinique.fr\/histoire-geographie\/?p=5866\" target=\"_blank\" rel=\"noreferrer noopener\">HGGSP en classe de Premi\u00e8re<\/a><\/p>\n<\/div>\n\n\n\n<div class=\"wp-block-column is-layout-flow wp-block-column-is-layout-flow\">\n<figure class=\"wp-block-image size-full\"><img loading=\"lazy\" decoding=\"async\" width=\"894\" height=\"670\" src=\"https:\/\/site.ac-martinique.fr\/histoire-geographie\/wp-content\/uploads\/sites\/15\/2020\/10\/HGGSP_Tale.png\" alt=\"\" class=\"wp-image-3598\" srcset=\"https:\/\/site.ac-martinique.fr\/histoire-geographie\/wp-content\/uploads\/sites\/15\/2020\/10\/HGGSP_Tale.png 894w, https:\/\/site.ac-martinique.fr\/histoire-geographie\/wp-content\/uploads\/sites\/15\/2020\/10\/HGGSP_Tale-300x225.png 300w, https:\/\/site.ac-martinique.fr\/histoire-geographie\/wp-content\/uploads\/sites\/15\/2020\/10\/HGGSP_Tale-768x576.png 768w\" sizes=\"auto, (max-width: 894px) 100vw, 894px\" \/><\/figure>\n\n\n\n<p class=\"has-text-align-center\"><a href=\"https:\/\/site.ac-martinique.fr\/histoire-geographie\/?p=4898\" target=\"_blank\" rel=\"noreferrer noopener\">HGGSP en classe de Terminale<\/a><\/p>\n<\/div>\n<\/div>\n\n\n\n<div style=\"height:100px\" aria-hidden=\"true\" class=\"wp-block-spacer\"><\/div>\n\n\n\n<hr class=\"wp-block-separator has-alpha-channel-opacity\"\/>\n\n\n\n<p class=\"has-text-align-center\">Dans ces pages, vous pourrez retrouver les ressources suivantes: <\/p>\n\n\n\n<div class=\"wp-block-columns is-layout-flex wp-container-core-columns-is-layout-d0b3c9c8 wp-block-columns-is-layout-flex\">\n<div class=\"wp-block-column is-layout-flow wp-block-column-is-layout-flow\" style=\"--col-width:66.66%;flex-basis:66.66%\">\n<div class=\"wp-block-group tw-shadow\"><div class=\"wp-block-group__inner-container is-layout-constrained wp-block-group-is-layout-constrained\"><div class=\"wp-block-image\">\n<figure class=\"aligncenter size-large is-resized\"><a href=\"https:\/\/site.ac-martinique.fr\/histoire-geographie\/wp-content\/uploads\/sites\/15\/2022\/06\/800px-Cathedrale_de_fort_de_France.jpg\"><img loading=\"lazy\" decoding=\"async\" width=\"683\" height=\"1024\" src=\"https:\/\/site.ac-martinique.fr\/histoire-geographie\/wp-content\/uploads\/sites\/15\/2022\/06\/800px-Cathedrale_de_fort_de_France-683x1024.jpg\" alt=\"\" class=\"wp-image-6014\" style=\"width:79px;height:118px\" srcset=\"https:\/\/site.ac-martinique.fr\/histoire-geographie\/wp-content\/uploads\/sites\/15\/2022\/06\/800px-Cathedrale_de_fort_de_France-683x1024.jpg 683w, https:\/\/site.ac-martinique.fr\/histoire-geographie\/wp-content\/uploads\/sites\/15\/2022\/06\/800px-Cathedrale_de_fort_de_France-200x300.jpg 200w, https:\/\/site.ac-martinique.fr\/histoire-geographie\/wp-content\/uploads\/sites\/15\/2022\/06\/800px-Cathedrale_de_fort_de_France-768x1152.jpg 768w, https:\/\/site.ac-martinique.fr\/histoire-geographie\/wp-content\/uploads\/sites\/15\/2022\/06\/800px-Cathedrale_de_fort_de_France.jpg 800w\" sizes=\"auto, (max-width: 683px) 100vw, 683px\" \/><\/a><\/figure>\n<\/div>\n\n\n<p class=\"has-small-font-size\"><strong>PREMIERE THEME 5-<\/strong>&nbsp;Nadia Kellil-Benali ( lyc\u00e9e Paulette Nardal_Ducos) vous propose une s\u00e9quence \u00e0 mener en classe autour de la question de la Vivacit\u00e9 et du d\u00e9clin relatif de la religion en Martinique. La question pos\u00e9e est: \u201cQuelles relations la<br>Martinique entretient elle avec les religions depuis la p\u00e9riode<br>coloniale jusqu\u2019\u00e0 aujourd\u2019hui?\u201d<\/p>\n\n\n\n<p class=\"has-small-font-size\">Pour mener ce travail, les \u00e9l\u00e8ves sont invit\u00e9s \u00e0 travailler en groupes et \u00e0 partager le fruit de leur travail \u00e0 l\u2019oral.<\/p>\n\n\n\n<p class=\"has-small-font-size\"><strong>Classe: 1\u00e8re HGGSP<\/strong><\/p>\n\n\n\n<p class=\"has-small-font-size\"><strong>THEME 5: : Analyser les relations entre Etats et religions<\/strong><\/p>\n\n\n\n<p class=\"has-text-align-right has-text-color\" style=\"color:#6c864b;font-size:11px\"><em><a href=\"https:\/\/site.ac-martinique.fr\/histoire-geographie\/?p=5866\" target=\"_blank\" rel=\"noreferrer noopener\">Lire la suite<\/a><\/em><\/p>\n\n\n\n<p class=\"has-text-color\" style=\"color:#0055a4;font-size:11px\"><em>* cette ressource a \u00e9t\u00e9 mentionn\u00e9e sur d\u2019autres pages du site.<\/em><\/p>\n\n\n\n<p class=\"has-text-color\" style=\"color:#ef4135;font-size:11px\"><em>*La ressource participe \u00e0 l\u2019adaptation des programmes et \u00e0 l\u2019\u00e9tude de notre espace g\u00e9ographique.<\/em><\/p>\n<\/div><\/div>\n<\/div>\n\n\n\n<div class=\"wp-block-column is-layout-flow wp-block-column-is-layout-flow\" style=\"--col-width:33.33%;flex-basis:33.33%\"><\/div>\n<\/div>\n\n\n\n<div class=\"wp-block-columns is-layout-flex wp-container-core-columns-is-layout-d0b3c9c8 wp-block-columns-is-layout-flex\">\n<div class=\"wp-block-column is-layout-flow wp-block-column-is-layout-flow\" style=\"--col-width:33.33%;flex-basis:33.33%\"><\/div>\n\n\n\n<div class=\"wp-block-column is-layout-flow wp-block-column-is-layout-flow\" style=\"--col-width:66.66%;flex-basis:66.66%\">\n<div class=\"wp-block-group has-transparent-background-color has-background tw-shadow\"><div class=\"wp-block-group__inner-container is-layout-flow wp-block-group-is-layout-flow\"><div class=\"wp-block-image\">\n<figure class=\"aligncenter size-full is-resized\"><img loading=\"lazy\" decoding=\"async\" width=\"529\" height=\"173\" src=\"https:\/\/site.ac-martinique.fr\/histoire-geographie\/wp-content\/uploads\/sites\/15\/2022\/05\/yole.jpg\" alt=\"\" class=\"wp-image-5867\" style=\"width:225px;height:74px\" srcset=\"https:\/\/site.ac-martinique.fr\/histoire-geographie\/wp-content\/uploads\/sites\/15\/2022\/05\/yole.jpg 529w, https:\/\/site.ac-martinique.fr\/histoire-geographie\/wp-content\/uploads\/sites\/15\/2022\/05\/yole-300x98.jpg 300w\" sizes=\"auto, (max-width: 529px) 100vw, 529px\" \/><\/figure>\n<\/div>\n\n\n<p class=\"has-text-align-left has-small-font-size\"><strong>PREMIERE THEME 4-<\/strong> Emilie Dagorne, Olivier Couvreur et Fabienne Jannas (Lyc\u00e9e Bellevue_Fort-de France) proposent une s\u00e9quence autour de l&rsquo;esprit critique et de la diffusion de l&rsquo;information s&rsquo;inscrivant dans le th\u00e8me 4 \u00ab\u00a0S&rsquo;informer : un regard critique sur les sources et modes de communication\u00a0\u00bb. <\/p>\n\n\n\n<p class=\"has-text-align-right has-text-color\" style=\"color:#6c864b;font-size:11px\"><a rel=\"noreferrer noopener\" href=\"https:\/\/site.ac-martinique.fr\/histoire-geographie\/?p=5866\" target=\"_blank\">lire la suite<\/a><\/p>\n\n\n\n<p class=\"has-text-color\" style=\"color:#0055a4;font-size:11px\"><em>* cette ressource a \u00e9t\u00e9 mentionn\u00e9e sur d\u2019autres pages du site.<\/em><\/p>\n<\/div><\/div>\n<\/div>\n<\/div>\n\n\n\n<div class=\"wp-block-group alignfull\"><div class=\"wp-block-group__inner-container is-layout-flow wp-block-group-is-layout-flow\">\n<div class=\"wp-block-columns alignwide are-vertically-aligned-top tw-cols-card tw-cols-card-shadow tw-stretched-media is-layout-flex wp-container-core-columns-is-layout-d0b3c9c8 wp-block-columns-is-layout-flex\">\n<div class=\"wp-block-column is-vertically-aligned-top is-layout-flow wp-block-column-is-layout-flow\"><div class=\"wp-block-image\">\n<figure class=\"aligncenter size-full is-resized\"><img loading=\"lazy\" decoding=\"async\" width=\"256\" height=\"197\" src=\"https:\/\/site.ac-martinique.fr\/histoire-geographie\/wp-content\/uploads\/sites\/15\/2021\/08\/canne-ancien.jpg\" alt=\"\" class=\"wp-image-4892\" style=\"width:185px;height:142px\"\/><\/figure>\n<\/div>\n\n\n<p class=\"has-small-font-size\"><strong>TERMINALE- <\/strong>Pour traiter le Th\u00e8me 4 \u00ab\u00a0Identifier, prot\u00e9ger et valoriser le patrimoine: enjeux g\u00e9opolitiques\u00a0\u00bb, Fabienne Jannas (Lyc\u00e9e Bellevue_Fort-de France) propose une s\u00e9quence utilisant un outil num\u00e9rique pour \u00e9tudier&nbsp;\u00ab\u00a0Notre patrimoine martiniquais&nbsp;\u00bb.<\/p>\n\n\n\n<p class=\"has-text-align-right has-text-color has-small-font-size\" style=\"color:#6c864b\"><a rel=\"noreferrer noopener\" href=\"https:\/\/site.ac-martinique.fr\/histoire-geographie\/?p=4898\" target=\"_blank\">Lire la suite<\/a><\/p>\n\n\n\n<p class=\"has-text-color\" style=\"color:#ef4135;font-size:11px\"><em>*La ressource participe \u00e0 l\u2019adaptation des programmes et \u00e0 l\u2019\u00e9tude de notre espace g\u00e9ographique.<\/em><\/p>\n<\/div>\n\n\n\n<div class=\"wp-block-column is-vertically-aligned-top is-layout-flow wp-block-column-is-layout-flow\"><div class=\"wp-block-image\">\n<figure class=\"aligncenter size-full is-resized\"><img loading=\"lazy\" decoding=\"async\" width=\"605\" height=\"345\" src=\"https:\/\/site.ac-martinique.fr\/histoire-geographie\/wp-content\/uploads\/sites\/15\/2021\/09\/Image2_DESCASRAVOTEUR-PATRIMOINE_1.jpg\" alt=\"\" class=\"wp-image-5333\" style=\"width:220px;height:125px\" srcset=\"https:\/\/site.ac-martinique.fr\/histoire-geographie\/wp-content\/uploads\/sites\/15\/2021\/09\/Image2_DESCASRAVOTEUR-PATRIMOINE_1.jpg 605w, https:\/\/site.ac-martinique.fr\/histoire-geographie\/wp-content\/uploads\/sites\/15\/2021\/09\/Image2_DESCASRAVOTEUR-PATRIMOINE_1-300x171.jpg 300w\" sizes=\"auto, (max-width: 605px) 100vw, 605px\" \/><\/figure>\n<\/div>\n\n\n<p class=\"has-small-font-size\"><strong><strong>TERMINALE THEME 4 AXE 1- <\/strong>&nbsp;<\/strong>Muriel Descas Ravoteur (Lyc\u00e9e Nord Cara\u00efbes_ Bellefontaine) propose une s\u00e9ance pour traiter l&rsquo;Axe 1 : : LES USAGES SOCIAUX ET POLITIQUES DU PATRIMOINE du Th\u00e8me 4 de la classe de Terminale .<\/p>\n\n\n\n<p class=\"has-text-align-right has-text-color\" style=\"color:#6c864b;font-size:11px\"><a href=\"https:\/\/site.ac-martinique.fr\/histoire-geographie\/?p=4898\" target=\"_blank\" rel=\"noreferrer noopener\">lire la suite<\/a><\/p>\n\n\n\n<p class=\"has-text-color\" style=\"color:#0055a4;font-size:11px\"><em>* cette ressource a \u00e9t\u00e9 mentionn\u00e9e sur d\u2019autres pages du site.<\/em><\/p>\n\n\n\n<p class=\"has-text-color\" style=\"color:#ef4135;font-size:11px\"><em>*La ressource participe \u00e0 l\u2019adaptation des programmes et \u00e0 l\u2019\u00e9tude de notre espace g\u00e9ographique.<\/em><\/p>\n<\/div>\n<\/div>\n<\/div><\/div>\n\n\n\n<div style=\"height:57px\" aria-hidden=\"true\" class=\"wp-block-spacer\"><\/div>\n\n\n\n<div style=\"height:100px\" aria-hidden=\"true\" class=\"wp-block-spacer\"><\/div>\n\n\n\n<hr class=\"wp-block-separator has-alpha-channel-opacity\"\/>\n\n\n\n<div class=\"wp-block-columns is-layout-flex wp-container-core-columns-is-layout-d0b3c9c8 wp-block-columns-is-layout-flex\">\n<div class=\"wp-block-column is-layout-flow wp-block-column-is-layout-flow\" style=\"--col-width:66.66%;flex-basis:66.66%\">\n<div class=\"wp-block-group has-transparent-background-color has-background tw-shadow\"><div class=\"wp-block-group__inner-container is-layout-flow wp-block-group-is-layout-flow\"><div class=\"wp-block-image\">\n<figure class=\"aligncenter size-full is-resized\"><a href=\"https:\/\/site.ac-martinique.fr\/histoire-geographie\/wp-content\/uploads\/sites\/15\/2021\/08\/canne.jpg\"><img loading=\"lazy\" decoding=\"async\" width=\"259\" height=\"194\" src=\"https:\/\/site.ac-martinique.fr\/histoire-geographie\/wp-content\/uploads\/sites\/15\/2021\/08\/canne.jpg\" alt=\"\" class=\"wp-image-4893\" style=\"width:170px;height:127px\"\/><\/a><\/figure>\n<\/div>\n\n\n<p class=\"has-small-font-size\"><strong>RESSOURCES EXTERNES- <\/strong>Nous vous proposons des liens utiles pour traiter les th\u00e8mes du programme. <\/p>\n\n\n\n<p class=\"has-text-align-right\" style=\"font-size:11px\">lire la suite<\/p>\n<\/div><\/div>\n<\/div>\n\n\n\n<div class=\"wp-block-column is-layout-flow wp-block-column-is-layout-flow\" style=\"--col-width:33.33%;flex-basis:33.33%\"><\/div>\n<\/div>\n\n\n\n<div style=\"height:100px\" aria-hidden=\"true\" class=\"wp-block-spacer\"><\/div>\n","protected":false},"excerpt":{"rendered":"<p>L&rsquo;enseignement de sp\u00e9cialit\u00e9 HGGSP RESSOURCES, PROPOSITIONS PEDAGOGIQUES, ADAPTATIONS DROM L\u2019enseignement de sp\u00e9cialit\u00e9 d\u2019histoire-g\u00e9ographie, g\u00e9opolitique et sciences politiques d\u00e9veloppe une approche pluridisciplinaire qui, pour analyser et \u00e9lucider la complexit\u00e9 du monde, mobilise plusieurs points de vue, des concepts et des m\u00e9thodes vari\u00e9s. Les Programmes et les programmations de l&rsquo;enseignement HGGSP se trouvent respectivement dans la rubrique \u00ab\u00a0PROGRAMMES\u00a0\u00bb (S&rsquo;informer) et \u00ab\u00a0PROGRAMMATIONS\u00a0\u00bb (Enseigner_Ressources). Les s\u00e9ances pour la pr\u00e9paration du Grand Oral sont \u00e0 retrouver dans la rubrique ORAL (Enrichir sa pratique). Des sujets d&rsquo;annales sont disponibles sur la page ANNALES HGGSP de la rubrique \u00ab\u00a0Enseigner_Ressources_Annales\u00a0\u00bb L&rsquo;ENSEIGNEMENT HGGSP A PARTAGER et A DIFFUSER- La vid\u00e9o, con\u00e7ue par Elsa Juston (Lyc\u00e9e de Bellevue_Fort-de France) a \u00e9t\u00e9 \u00e9labor\u00e9e pour la communication aupr\u00e8s des \u00e9l\u00e8ves sur l&rsquo;enseignement de sp\u00e9cialit\u00e9 HGGSP dans l&rsquo;acad\u00e9mie. UNE DEFINITION- Extrait de l&rsquo;\u00e9mission Chroniques Littorales sur France Inter du 26 avril 2019. Pierre Verluise, docteur en g\u00e9opolitique apporte une premi\u00e8re d\u00e9finition de la g\u00e9opolitique. RESSOURCES Toutes les ressources sont \u00e0 retrouver par un des liens ci-dessous HGGSP en classe de Premi\u00e8re HGGSP en classe de Terminale Dans ces pages, vous pourrez retrouver les ressources suivantes: PREMIERE THEME 5-&nbsp;Nadia Kellil-Benali ( lyc\u00e9e Paulette Nardal_Ducos) vous propose une s\u00e9quence \u00e0 mener en classe autour de la question de la Vivacit\u00e9 et du d\u00e9clin relatif de la religion en Martinique. La question pos\u00e9e est: \u201cQuelles relations laMartinique entretient elle avec les religions depuis la p\u00e9riodecoloniale jusqu\u2019\u00e0 aujourd\u2019hui?\u201d Pour mener ce travail, les \u00e9l\u00e8ves sont invit\u00e9s \u00e0 travailler en groupes et \u00e0 partager le fruit de leur travail \u00e0 l\u2019oral. Classe: 1\u00e8re HGGSP THEME 5: : Analyser les relations entre Etats et religions Lire la suite * cette ressource a \u00e9t\u00e9 mentionn\u00e9e sur d\u2019autres pages du site. *La ressource participe \u00e0 l\u2019adaptation des programmes et \u00e0 l\u2019\u00e9tude de notre espace g\u00e9ographique. PREMIERE THEME 4- Emilie Dagorne, Olivier Couvreur et Fabienne Jannas (Lyc\u00e9e Bellevue_Fort-de France) proposent une s\u00e9quence autour de l&rsquo;esprit critique et de la diffusion de l&rsquo;information s&rsquo;inscrivant dans le th\u00e8me 4 \u00ab\u00a0S&rsquo;informer : un regard critique sur les sources et modes de communication\u00a0\u00bb. lire la suite * cette ressource a \u00e9t\u00e9 mentionn\u00e9e sur d\u2019autres pages du site. TERMINALE- Pour traiter le Th\u00e8me 4 \u00ab\u00a0Identifier, prot\u00e9ger et valoriser le patrimoine: enjeux g\u00e9opolitiques\u00a0\u00bb, Fabienne Jannas (Lyc\u00e9e Bellevue_Fort-de France) propose une s\u00e9quence utilisant un outil num\u00e9rique pour \u00e9tudier&nbsp;\u00ab\u00a0Notre patrimoine martiniquais&nbsp;\u00bb. Lire la suite *La ressource participe \u00e0 l\u2019adaptation des programmes et \u00e0 l\u2019\u00e9tude de notre espace g\u00e9ographique. TERMINALE THEME 4 AXE 1- &nbsp;Muriel Descas Ravoteur (Lyc\u00e9e Nord Cara\u00efbes_ Bellefontaine) propose une s\u00e9ance pour traiter l&rsquo;Axe 1 : : LES USAGES SOCIAUX ET POLITIQUES DU PATRIMOINE du Th\u00e8me 4 de la classe de Terminale . lire la suite * cette ressource a \u00e9t\u00e9 mentionn\u00e9e sur d\u2019autres pages du site. *La ressource participe \u00e0 l\u2019adaptation des programmes et \u00e0 l\u2019\u00e9tude de notre espace g\u00e9ographique. RESSOURCES EXTERNES- Nous vous proposons des liens utiles pour traiter les th\u00e8mes du programme. lire la suite<\/p>\n","protected":false},"author":71,"featured_media":0,"parent":0,"menu_order":0,"comment_status":"closed","ping_status":"closed","template":"","meta":{"footnotes":""},"class_list":["post-4718","page","type-page","status-publish","hentry"],"_links":{"self":[{"href":"https:\/\/site.ac-martinique.fr\/histoire-geographie\/index.php?rest_route=\/wp\/v2\/pages\/4718","targetHints":{"allow":["GET"]}}],"collection":[{"href":"https:\/\/site.ac-martinique.fr\/histoire-geographie\/index.php?rest_route=\/wp\/v2\/pages"}],"about":[{"href":"https:\/\/site.ac-martinique.fr\/histoire-geographie\/index.php?rest_route=\/wp\/v2\/types\/page"}],"author":[{"embeddable":true,"href":"https:\/\/site.ac-martinique.fr\/histoire-geographie\/index.php?rest_route=\/wp\/v2\/users\/71"}],"replies":[{"embeddable":true,"href":"https:\/\/site.ac-martinique.fr\/histoire-geographie\/index.php?rest_route=%2Fwp%2Fv2%2Fcomments&post=4718"}],"version-history":[{"count":32,"href":"https:\/\/site.ac-martinique.fr\/histoire-geographie\/index.php?rest_route=\/wp\/v2\/pages\/4718\/revisions"}],"predecessor-version":[{"id":7239,"href":"https:\/\/site.ac-martinique.fr\/histoire-geographie\/index.php?rest_route=\/wp\/v2\/pages\/4718\/revisions\/7239"}],"wp:attachment":[{"href":"https:\/\/site.ac-martinique.fr\/histoire-geographie\/index.php?rest_route=%2Fwp%2Fv2%2Fmedia&parent=4718"}],"curies":[{"name":"wp","href":"https:\/\/api.w.org\/{rel}","templated":true}]}}