{"id":5749,"date":"2022-02-18T20:02:48","date_gmt":"2022-02-19T00:02:48","guid":{"rendered":"https:\/\/site.ac-martinique.fr\/histoire-geographie\/?page_id=5749"},"modified":"2025-03-17T16:18:49","modified_gmt":"2025-03-17T20:18:49","slug":"adaptations-2","status":"publish","type":"page","link":"https:\/\/site.ac-martinique.fr\/histoire-geographie\/?page_id=5749","title":{"rendered":"ADAPTATIONS"},"content":{"rendered":"\n<figure class=\"wp-block-pullquote\"><blockquote><p>Les adaptations de programmes<\/p><cite>COLLEGES, LYCEES<\/cite><\/blockquote><\/figure>\n\n\n<div class=\"wp-block-image\">\n<figure class=\"aligncenter size-full is-resized\"><a href=\"https:\/\/site.ac-martinique.fr\/histoire-geographie\/wp-content\/uploads\/sites\/15\/2022\/02\/DROM.jpg\"><img loading=\"lazy\" decoding=\"async\" width=\"500\" height=\"416\" src=\"https:\/\/site.ac-martinique.fr\/histoire-geographie\/wp-content\/uploads\/sites\/15\/2022\/02\/DROM.jpg\" alt=\"\" class=\"wp-image-5756\" style=\"width:165px;height:138px\" srcset=\"https:\/\/site.ac-martinique.fr\/histoire-geographie\/wp-content\/uploads\/sites\/15\/2022\/02\/DROM.jpg 500w, https:\/\/site.ac-martinique.fr\/histoire-geographie\/wp-content\/uploads\/sites\/15\/2022\/02\/DROM-300x250.jpg 300w\" sizes=\"auto, (max-width: 500px) 100vw, 500px\" \/><\/a><\/figure>\n<\/div>\n\n\n<p class=\"has-drop-cap\" style=\"font-size:17px\">Depuis 2000, des adaptations sp\u00e9cifiques aux DROM sont propos\u00e9es pour les programmes d&rsquo;Histoire-G\u00e9ographie. Les adaptations des programmes d\u2019enseignement d\u2019histoire-g\u00e9ographie dans les d\u00e9partements et r\u00e9gions d\u2019outre-mer font partie des instructions officielles et doivent \u00eatre mis en oeuvre.<\/p>\n\n\n\n<p style=\"font-size:17px\">Ces adaptations permettent d&rsquo;int\u00e9grer l&rsquo;histoire des d\u00e9partements d&rsquo;outremer \u00e0 l&rsquo;histoire de la nation fran\u00e7aise et de s&rsquo;appuyer sur des \u00e9tudes de cas locales.  <\/p>\n\n\n\n<p style=\"font-size:17px\">Des mises au point scientifiques, des propositions de s\u00e9ances ou s\u00e9quences ont \u00e9t\u00e9 et seront publi\u00e9es sur le site. <\/p>\n\n\n\n<div style=\"height:60px\" aria-hidden=\"true\" class=\"wp-block-spacer\"><\/div>\n\n\n\n<blockquote class=\"wp-block-quote is-layout-flow wp-block-quote-is-layout-flow\" style=\"font-size:17px\">\n<p><strong>ADAPTATIONS DES PROGRAMMES<\/strong> _programmes officiels<\/p>\n<\/blockquote>\n\n\n\n<div style=\"height:52px\" aria-hidden=\"true\" class=\"wp-block-spacer\"><\/div>\n\n\n\n<div class=\"wp-block-group alignfull\"><div class=\"wp-block-group__inner-container is-layout-flow wp-block-group-is-layout-flow\">\n<div class=\"wp-block-media-text alignwide is-stacked-on-mobile is-style-tw-shadow\" style=\"grid-template-columns:15% auto\"><figure class=\"wp-block-media-text__media\"><img loading=\"lazy\" decoding=\"async\" width=\"720\" height=\"720\" src=\"https:\/\/site.ac-martinique.fr\/histoire-geographie\/wp-content\/uploads\/sites\/15\/2021\/08\/rose-des-vents.png\" alt=\"\" class=\"wp-image-4476 size-full\" srcset=\"https:\/\/site.ac-martinique.fr\/histoire-geographie\/wp-content\/uploads\/sites\/15\/2021\/08\/rose-des-vents.png 720w, https:\/\/site.ac-martinique.fr\/histoire-geographie\/wp-content\/uploads\/sites\/15\/2021\/08\/rose-des-vents-300x300.png 300w, https:\/\/site.ac-martinique.fr\/histoire-geographie\/wp-content\/uploads\/sites\/15\/2021\/08\/rose-des-vents-150x150.png 150w\" sizes=\"auto, (max-width: 720px) 100vw, 720px\" \/><\/figure><div class=\"wp-block-media-text__content\">\n<p style=\"font-size:17px\"><strong>COLLEGE-<\/strong>Les adaptations de programme pour les classes de coll\u00e8ge sont disponibles sur notre page \u00ab\u00a0Programme\u00a0\u00bb dans la rubrique S&rsquo;informer\u00a0\u00bb. <\/p>\n\n\n\n<p class=\"has-text-align-right has-text-color\" style=\"color:#6c864b;font-size:11px\"><a href=\"https:\/\/site.ac-martinique.fr\/histoire-geographie\/?p=4367\" target=\"_blank\" rel=\"noreferrer noopener\">lien direct vers les programmes<\/a><\/p>\n<\/div><\/div>\n\n\n\n<div style=\"height:82px\" aria-hidden=\"true\" class=\"wp-block-spacer\"><\/div>\n\n\n\n<div class=\"wp-block-media-text alignwide has-media-on-the-right is-stacked-on-mobile is-style-tw-shadow\" style=\"grid-template-columns:auto 23%\"><div class=\"wp-block-media-text__content\">\n<p style=\"font-size:17px\"><strong>LYCEE-<\/strong>Les adaptations de programme pour les classes de lyc\u00e9e g\u00e9n\u00e9ral et technologique sont disponibles sur notre page \u00ab\u00a0Programme\u00a0\u00bb dans la rubrique \u00ab\u00a0S&rsquo;informer\u00a0\u00bb.<\/p>\n\n\n\n<p class=\"has-text-align-right has-text-color\" style=\"color:#6c864b;font-size:11px\"><a href=\"https:\/\/site.ac-martinique.fr\/histoire-geographie\/?p=4395\" target=\"_blank\" rel=\"noreferrer noopener\">lien direct vers les programmes<\/a><\/p>\n<\/div><figure class=\"wp-block-media-text__media\"><img loading=\"lazy\" decoding=\"async\" width=\"700\" height=\"509\" src=\"https:\/\/site.ac-martinique.fr\/histoire-geographie\/wp-content\/uploads\/sites\/15\/2021\/08\/travail-canne-plantation-esclavage.jpg\" alt=\"\" class=\"wp-image-4414 size-full\" srcset=\"https:\/\/site.ac-martinique.fr\/histoire-geographie\/wp-content\/uploads\/sites\/15\/2021\/08\/travail-canne-plantation-esclavage.jpg 700w, https:\/\/site.ac-martinique.fr\/histoire-geographie\/wp-content\/uploads\/sites\/15\/2021\/08\/travail-canne-plantation-esclavage-300x218.jpg 300w\" sizes=\"auto, (max-width: 700px) 100vw, 700px\" \/><\/figure><\/div>\n<\/div><\/div>\n\n\n\n<div style=\"height:100px\" aria-hidden=\"true\" class=\"wp-block-spacer\"><\/div>\n\n\n\n<blockquote class=\"wp-block-quote is-layout-flow wp-block-quote-is-layout-flow\" style=\"font-size:17px\"><\/blockquote>\n\n\n\n<blockquote class=\"wp-block-quote is-layout-flow wp-block-quote-is-layout-flow\" style=\"font-size:17px\">\n<p><strong>REFLEXIONS, ACTIVITES &amp; SUPPORTS POUR ENSEIGNER<\/strong><\/p>\n<\/blockquote>\n\n\n\n<div class=\"wp-block-group has-transparent-background-color has-background tw-shadow\"><div class=\"wp-block-group__inner-container is-layout-flow wp-block-group-is-layout-flow\"><div class=\"wp-block-image is-resized\">\n<figure class=\"aligncenter size-full\"><a href=\"https:\/\/site.ac-martinique.fr\/histoire-geographie\/wp-content\/uploads\/sites\/15\/2022\/06\/rocher-diamant.png\"><img loading=\"lazy\" decoding=\"async\" width=\"748\" height=\"495\" src=\"https:\/\/site.ac-martinique.fr\/histoire-geographie\/wp-content\/uploads\/sites\/15\/2022\/06\/rocher-diamant.png\" alt=\"\" class=\"wp-image-6017\" srcset=\"https:\/\/site.ac-martinique.fr\/histoire-geographie\/wp-content\/uploads\/sites\/15\/2022\/06\/rocher-diamant.png 748w, https:\/\/site.ac-martinique.fr\/histoire-geographie\/wp-content\/uploads\/sites\/15\/2022\/06\/rocher-diamant-300x199.png 300w, https:\/\/site.ac-martinique.fr\/histoire-geographie\/wp-content\/uploads\/sites\/15\/2022\/06\/rocher-diamant-500x330.png 500w\" sizes=\"auto, (max-width: 748px) 100vw, 748px\" \/><\/a><figcaption class=\"wp-element-caption\">Maison du bagnard et Rocher du Diamant (2016) <\/figcaption><\/figure>\n<\/div>\n\n\n<p style=\"font-size:17px\"><strong>RESSOURCES ADAPTATIONS &#8211; <\/strong>Coll\u00e8ge, Lyc\u00e9e? histoire, g\u00e9ographie? Vous cherchez l&rsquo;ensemble des fiches ressources ? Cet article y est consacr\u00e9.<\/p>\n\n\n\n<p class=\"has-text-align-right has-text-color\" style=\"color:#6c864b;font-size:11px\"><a href=\"https:\/\/site.ac-martinique.fr\/histoire-geographie\/?p=6043\" data-type=\"URL\" data-id=\"https:\/\/site.ac-martinique.fr\/histoire-geographie\/?p=6043\" target=\"_blank\" rel=\"noreferrer noopener\">Lire la suite.<\/a><\/p>\n<\/div><\/div>\n\n\n\n<div style=\"height:24px\" aria-hidden=\"true\" class=\"wp-block-spacer\"><\/div>\n\n\n\n<p class=\"has-text-align-center has-text-color\" style=\"color:#6c864b;font-size:17px\"><strong>Vous voulez parcourir l&rsquo;ensemble des fiches ressources disponibles niveau coll\u00e8ge ?<\/strong><\/p>\n\n\n\n<div style=\"height:14px\" aria-hidden=\"true\" class=\"wp-block-spacer\"><\/div>\n\n\n\n<div class=\"wp-block-group has-transparent-background-color has-background tw-shadow\"><div class=\"wp-block-group__inner-container is-layout-flow wp-block-group-is-layout-flow\"><style>\n       .errordiv { padding:10px; margin:10px; border: 1px solid #555555;color: #000000;background-color: #f8f8f8; width:500px; }#advanced_iframe {visibility:visible;opacity:1;vertical-align:top;}.ai-info-bottom-iframe { position: fixed; z-index: 10000; bottom:0; left: 0; margin: 0px; text-align: center; width: 100%; background-color: #ff9999; padding-left: 5px;padding-bottom: 5px; border-top: 1px solid #aaa } a.ai-bold {font-weight: bold;}#ai-layer-div-advanced_iframe p {height:100%;margin:0;padding:0}<\/style><script type=\"text\/javascript\">var ai_iframe_width_advanced_iframe = 0;var ai_iframe_height_advanced_iframe = 0;function aiReceiveMessageadvanced_iframe(event) {  aiProcessMessage(event,\"advanced_iframe\", \"true\",\"\",\"false\",\"false\");}if (window.addEventListener) {  window.addEventListener(\"message\", aiReceiveMessageadvanced_iframe);} else if (el.attachEvent)  {  el.attachEvent(\"message\", aiReceiveMessageadvanced_iframe);}var aiOnloadScrollTop=\"true\";var aiShowDebug=false;\n\t\tif (typeof aiReadyCallbacks === 'undefined') {\n\t\t\tvar aiReadyCallbacks = [];\n\t\t} else if (!(aiReadyCallbacks instanceof Array)) {\n\t\t\tvar aiReadyCallbacks = [];\n\t\t}    function aiShowIframeId(id_iframe) { jQuery(\"#\"+id_iframe).css(\"visibility\", \"visible\");    }    function aiResizeIframeHeight(height) { aiResizeIframeHeight(height,advanced_iframe); }    function aiResizeIframeHeightId(height,width,id) {aiResizeIframeHeightById(id,height);}<\/script><iframe id=\"advanced_iframe\"  name=\"advanced_iframe\"  src=\"https:\/\/view.genial.ly\/615c49357377d00dcd6fab58\"  width=\"100%\"  height=\"600\"  frameborder=\"0\"  border=\"0\"  allowtransparency=\"true\"  loading=\"lazy\"  style=\";border-width: 0px;;border: none;;width:100%;;height:600px;\" ><\/iframe><script type=\"text\/javascript\">var ifrm_advanced_iframe = document.getElementById(\"advanced_iframe\");var hiddenTabsDoneadvanced_iframe = false;\nfunction resizeCallbackadvanced_iframe() {}<\/script><script type=\"text\/javascript\"><\/script><p style=\"display:block !important; visibility:visible !important;margin: -18px 14px 0 0;padding-left: 3px;padding-top:3px;background: white; overflow: hidden; position: relative; line-height:15px;width: fit-content;\"><small style=\"display:block !important;visibility:visible !important\">powered by Advanced iFrame<\/small><\/p>\n\n\n<div style=\"height:36px\" aria-hidden=\"true\" class=\"wp-block-spacer\"><\/div>\n\n\n\n<p style=\"font-size:17px\"><strong>RESSOURCES ADAPTATIONS COLLEGE &#8211; <\/strong>Ghislaine Artigot (Coll\u00e8ge Suzanne ROUSSI-CESAIRE_Trois Ilets) a cr\u00e9e ce document interactif r\u00e9unissant toutes les activit\u00e9s pour enseigner l&rsquo;histoire et la g\u00e9ographie locale et r\u00e9gionale dans les classes de coll\u00e8ge (De la 6\u00e8me \u00e0 la 3\u00e8me). <\/p>\n\n\n\n<p class=\"has-small-font-size\"><em>Chacune de ces activit\u00e9s est par ailleurs disponible sur les pages Histoire, G\u00e9ographie de la Rubrique \u00ab\u00a0Enseigner\u00a0\u00bb du menu. Elles sont indiqu\u00e9es par une ast\u00e9risque rouge. <\/em><\/p>\n\n\n\n<p class=\"has-text-align-right has-text-color\" style=\"color:#6c864b;font-size:11px\"><\/p>\n<\/div><\/div>\n\n\n\n<div style=\"height:100px\" aria-hidden=\"true\" class=\"wp-block-spacer\"><\/div>\n\n\n\n<div class=\"wp-block-media-text alignwide has-media-on-the-right is-stacked-on-mobile is-style-tw-shadow tw-stack-md\" style=\"grid-template-columns:auto 23%\"><div class=\"wp-block-media-text__content\">\n<div class=\"wp-block-group\"><div class=\"wp-block-group__inner-container is-layout-constrained wp-block-group-is-layout-constrained\">\n<p style=\"font-size:17px\"><strong>COLLEGE<\/strong>-En 2008, les membres du GRF de l&rsquo;Acad\u00e9mie de Martinique ont \u00e9labor\u00e9 des fiches facilitant la mise en oeuvre des adaptations de programmes au coll\u00e8ge en histoire et en g\u00e9ographie. Ces ressources sont disponibles dans la page rassemblant l&rsquo;ensemble des propositions li\u00e9es aux adaptations. <\/p>\n\n\n\n<p class=\"has-text-align-right has-text-color has-small-font-size\" style=\"color:#6c864b\"><strong><a href=\"https:\/\/site.ac-martinique.fr\/histoire-geographie\/?p=5396\">Retrouvez l&rsquo;article ici. <\/a><\/strong><\/p>\n<\/div><\/div>\n<\/div><figure class=\"wp-block-media-text__media\"><img loading=\"lazy\" decoding=\"async\" width=\"756\" height=\"562\" src=\"https:\/\/site.ac-martinique.fr\/histoire-geographie\/wp-content\/uploads\/sites\/15\/2021\/10\/MARTINIQUE_PESQUET.jpg\" alt=\"\" class=\"wp-image-5395 size-full\" srcset=\"https:\/\/site.ac-martinique.fr\/histoire-geographie\/wp-content\/uploads\/sites\/15\/2021\/10\/MARTINIQUE_PESQUET.jpg 756w, https:\/\/site.ac-martinique.fr\/histoire-geographie\/wp-content\/uploads\/sites\/15\/2021\/10\/MARTINIQUE_PESQUET-300x223.jpg 300w\" sizes=\"auto, (max-width: 756px) 100vw, 756px\" \/><\/figure><\/div>\n\n\n\n<div class=\"wp-block-media-text alignwide is-stacked-on-mobile tw-stack-md\" style=\"grid-template-columns:23% auto\"><figure class=\"wp-block-media-text__media\"><img loading=\"lazy\" decoding=\"async\" width=\"1024\" height=\"671\" src=\"https:\/\/site.ac-martinique.fr\/histoire-geographie\/wp-content\/uploads\/sites\/15\/2022\/06\/martinique-1750-1024x671.png\" alt=\"\" class=\"wp-image-6016 size-full\" srcset=\"https:\/\/site.ac-martinique.fr\/histoire-geographie\/wp-content\/uploads\/sites\/15\/2022\/06\/martinique-1750-1024x671.png 1024w, https:\/\/site.ac-martinique.fr\/histoire-geographie\/wp-content\/uploads\/sites\/15\/2022\/06\/martinique-1750-300x197.png 300w, https:\/\/site.ac-martinique.fr\/histoire-geographie\/wp-content\/uploads\/sites\/15\/2022\/06\/martinique-1750-768x504.png 768w, https:\/\/site.ac-martinique.fr\/histoire-geographie\/wp-content\/uploads\/sites\/15\/2022\/06\/martinique-1750.png 1069w\" sizes=\"auto, (max-width: 1024px) 100vw, 1024px\" \/><\/figure><div class=\"wp-block-media-text__content\">\n<div class=\"wp-block-group\"><div class=\"wp-block-group__inner-container is-layout-flow wp-block-group-is-layout-flow\">\n<p style=\"font-size:17px\"><strong>LYCEE<\/strong>-En 2022, les membres du GRF de l&rsquo;Acad\u00e9mie de Martinique ont \u00e9labor\u00e9 des fiches facilitant la mise en oeuvre des adaptations de programmes au lyc\u00e9e en histoire et en g\u00e9ographie. Ces ressources sont disponibles dans la page rassemblant l&rsquo;ensemble des propositions li\u00e9es aux adaptations. <\/p>\n\n\n\n<p class=\"has-text-align-right has-text-color has-small-font-size\" style=\"color:#6c864b\"><strong><a href=\"https:\/\/site.ac-martinique.fr\/histoire-geographie\/?p=6052\">Lire la suite<\/a><\/strong><\/p>\n<\/div><\/div>\n<\/div><\/div>\n","protected":false},"excerpt":{"rendered":"<p>Les adaptations de programmes COLLEGES, LYCEES Depuis 2000, des adaptations sp\u00e9cifiques aux DROM sont propos\u00e9es pour les programmes d&rsquo;Histoire-G\u00e9ographie. Les adaptations des programmes d\u2019enseignement d\u2019histoire-g\u00e9ographie dans les d\u00e9partements et r\u00e9gions d\u2019outre-mer font partie des instructions officielles et doivent \u00eatre mis en oeuvre. Ces adaptations permettent d&rsquo;int\u00e9grer l&rsquo;histoire des d\u00e9partements d&rsquo;outremer \u00e0 l&rsquo;histoire de la nation fran\u00e7aise et de s&rsquo;appuyer sur des \u00e9tudes de cas locales. Des mises au point scientifiques, des propositions de s\u00e9ances ou s\u00e9quences ont \u00e9t\u00e9 et seront publi\u00e9es sur le site. ADAPTATIONS DES PROGRAMMES _programmes officiels COLLEGE-Les adaptations de programme pour les classes de coll\u00e8ge sont disponibles sur notre page \u00ab\u00a0Programme\u00a0\u00bb dans la rubrique S&rsquo;informer\u00a0\u00bb. lien direct vers les programmes LYCEE-Les adaptations de programme pour les classes de lyc\u00e9e g\u00e9n\u00e9ral et technologique sont disponibles sur notre page \u00ab\u00a0Programme\u00a0\u00bb dans la rubrique \u00ab\u00a0S&rsquo;informer\u00a0\u00bb. lien direct vers les programmes REFLEXIONS, ACTIVITES &amp; SUPPORTS POUR ENSEIGNER RESSOURCES ADAPTATIONS &#8211; Coll\u00e8ge, Lyc\u00e9e? histoire, g\u00e9ographie? Vous cherchez l&rsquo;ensemble des fiches ressources ? Cet article y est consacr\u00e9. Lire la suite. Vous voulez parcourir l&rsquo;ensemble des fiches ressources disponibles niveau coll\u00e8ge ? RESSOURCES ADAPTATIONS COLLEGE &#8211; Ghislaine Artigot (Coll\u00e8ge Suzanne ROUSSI-CESAIRE_Trois Ilets) a cr\u00e9e ce document interactif r\u00e9unissant toutes les activit\u00e9s pour enseigner l&rsquo;histoire et la g\u00e9ographie locale et r\u00e9gionale dans les classes de coll\u00e8ge (De la 6\u00e8me \u00e0 la 3\u00e8me). Chacune de ces activit\u00e9s est par ailleurs disponible sur les pages Histoire, G\u00e9ographie de la Rubrique \u00ab\u00a0Enseigner\u00a0\u00bb du menu. Elles sont indiqu\u00e9es par une ast\u00e9risque rouge.<\/p>\n","protected":false},"author":71,"featured_media":0,"parent":0,"menu_order":0,"comment_status":"closed","ping_status":"closed","template":"","meta":{"footnotes":""},"class_list":["post-5749","page","type-page","status-publish","hentry"],"_links":{"self":[{"href":"https:\/\/site.ac-martinique.fr\/histoire-geographie\/index.php?rest_route=\/wp\/v2\/pages\/5749","targetHints":{"allow":["GET"]}}],"collection":[{"href":"https:\/\/site.ac-martinique.fr\/histoire-geographie\/index.php?rest_route=\/wp\/v2\/pages"}],"about":[{"href":"https:\/\/site.ac-martinique.fr\/histoire-geographie\/index.php?rest_route=\/wp\/v2\/types\/page"}],"author":[{"embeddable":true,"href":"https:\/\/site.ac-martinique.fr\/histoire-geographie\/index.php?rest_route=\/wp\/v2\/users\/71"}],"replies":[{"embeddable":true,"href":"https:\/\/site.ac-martinique.fr\/histoire-geographie\/index.php?rest_route=%2Fwp%2Fv2%2Fcomments&post=5749"}],"version-history":[{"count":21,"href":"https:\/\/site.ac-martinique.fr\/histoire-geographie\/index.php?rest_route=\/wp\/v2\/pages\/5749\/revisions"}],"predecessor-version":[{"id":7170,"href":"https:\/\/site.ac-martinique.fr\/histoire-geographie\/index.php?rest_route=\/wp\/v2\/pages\/5749\/revisions\/7170"}],"wp:attachment":[{"href":"https:\/\/site.ac-martinique.fr\/histoire-geographie\/index.php?rest_route=%2Fwp%2Fv2%2Fmedia&parent=5749"}],"curies":[{"name":"wp","href":"https:\/\/api.w.org\/{rel}","templated":true}]}}