{"id":6650,"date":"2023-10-20T10:12:48","date_gmt":"2023-10-20T14:12:48","guid":{"rendered":"https:\/\/site.ac-martinique.fr\/histoire-geographie\/?page_id=6650"},"modified":"2025-12-05T16:59:37","modified_gmt":"2025-12-05T20:59:37","slug":"recommandations","status":"publish","type":"page","link":"https:\/\/site.ac-martinique.fr\/histoire-geographie\/?page_id=6650","title":{"rendered":"Eclairages et lectures"},"content":{"rendered":"\n<figure class=\"wp-block-pullquote\"><blockquote><p>\u00e0 lire, \u00e0 regarder, \u00e0 \u00e9couter&#8230;<\/p><cite>Quelques recommandations pour enrichir nos pratiques. <\/cite><\/blockquote><\/figure>\n\n\n<div class=\"wp-block-image\">\n<figure class=\"aligncenter size-full is-resized\"><a href=\"https:\/\/site.ac-martinique.fr\/histoire-geographie\/wp-content\/uploads\/sites\/15\/2023\/10\/recommandations.png\"><img loading=\"lazy\" decoding=\"async\" width=\"512\" height=\"512\" src=\"https:\/\/site.ac-martinique.fr\/histoire-geographie\/wp-content\/uploads\/sites\/15\/2023\/10\/recommandations.png\" alt=\"\" class=\"wp-image-6651\" style=\"aspect-ratio:1;width:104px;height:auto\" srcset=\"https:\/\/site.ac-martinique.fr\/histoire-geographie\/wp-content\/uploads\/sites\/15\/2023\/10\/recommandations.png 512w, https:\/\/site.ac-martinique.fr\/histoire-geographie\/wp-content\/uploads\/sites\/15\/2023\/10\/recommandations-300x300.png 300w, https:\/\/site.ac-martinique.fr\/histoire-geographie\/wp-content\/uploads\/sites\/15\/2023\/10\/recommandations-150x150.png 150w, https:\/\/site.ac-martinique.fr\/histoire-geographie\/wp-content\/uploads\/sites\/15\/2023\/10\/recommandations-75x75.png 75w\" sizes=\"auto, (max-width: 512px) 100vw, 512px\" \/><\/a><\/figure>\n<\/div>\n\n\n<p>Vous pourrez trouver dans cette rubrique des conseils lectures, podcast&#8230; qui peuvent aider \u00e0 la mise en oeuvre des programmes. N&rsquo;h\u00e9sitez \u00e0 consulter cette page qui sera r\u00e9actualis\u00e9e r\u00e9guli\u00e8rement.<\/p>\n\n\n\n<div style=\"height:81px\" aria-hidden=\"true\" class=\"wp-block-spacer\"><\/div>\n\n\n\n<div class=\"wp-block-group tw-shadow\"><div class=\"wp-block-group__inner-container is-layout-constrained wp-block-group-is-layout-constrained\">\n<div class=\"wp-block-columns is-layout-flex wp-container-core-columns-is-layout-d0b3c9c8 wp-block-columns-is-layout-flex\">\n<div class=\"wp-block-column is-layout-flow wp-block-column-is-layout-flow\" style=\"--col-width:33.33%;flex-basis:33.33%\">\n<figure class=\"wp-block-image size-full is-resized\"><img loading=\"lazy\" decoding=\"async\" width=\"640\" height=\"412\" src=\"https:\/\/site.ac-martinique.fr\/histoire-geographie\/wp-content\/uploads\/sites\/15\/2024\/10\/canal-de-panama.png\" alt=\"\" class=\"wp-image-7059\" style=\"width:246px;height:auto\" srcset=\"https:\/\/site.ac-martinique.fr\/histoire-geographie\/wp-content\/uploads\/sites\/15\/2024\/10\/canal-de-panama.png 640w, https:\/\/site.ac-martinique.fr\/histoire-geographie\/wp-content\/uploads\/sites\/15\/2024\/10\/canal-de-panama-300x193.png 300w\" sizes=\"auto, (max-width: 640px) 100vw, 640px\" \/><\/figure>\n<\/div>\n\n\n\n<div class=\"wp-block-column is-layout-flow wp-block-column-is-layout-flow\" style=\"--col-width:66.66%;flex-basis:66.66%\">\n<p class=\"has-text-align-right\"><strong>Laurent GIACOBBI, 2024,  \u00ab\u00a0Note de prospective: le canal de Panama : difficult\u00e9s, enjeux et perspectives\u00a0\u00bb<\/strong>&#8211;  Laurent Giacobbi, chercheur \u00e0 l&rsquo;Universit\u00e9 des Antilles ,a produit un article sur les enjeux du canal de Panama dans un contexte de changement climatique.<\/p>\n\n\n\n<div class=\"wp-block-group\"><div class=\"wp-block-group__inner-container is-layout-constrained wp-block-group-is-layout-constrained\">\n<p class=\"has-text-align-right has-text-color has-link-color wp-elements-60894abd33e9b5416a57478112c10fe6\" style=\"color:#6c864b\"><a href=\"https:\/\/site.ac-martinique.fr\/histoire-geographie\/?p=7060\">en savoir plus et acc\u00e9der \u00e0 l&rsquo;article <\/a><\/p>\n<\/div><\/div>\n<\/div>\n<\/div>\n<\/div><\/div>\n\n\n\n<div style=\"height:100px\" aria-hidden=\"true\" class=\"wp-block-spacer\"><\/div>\n\n\n\n<div class=\"wp-block-group tw-shadow\"><div class=\"wp-block-group__inner-container is-layout-constrained wp-block-group-is-layout-constrained\">\n<div class=\"wp-block-columns is-layout-flex wp-container-core-columns-is-layout-d0b3c9c8 wp-block-columns-is-layout-flex\">\n<div class=\"wp-block-column is-layout-flow wp-block-column-is-layout-flow\" style=\"--col-width:66.66%;flex-basis:66.66%\">\n<p><strong>Pierre Grosser (dir), 2023, <em>Histoire mondiale des relations internationales<\/em> de 1900 \u00e0 nos jours-<\/strong> Paru en janvier 2023, cet ouvrage ambitieux est une ressource riche pour nos enseignements. <\/p>\n\n\n\n<p class=\"has-text-align-right has-text-color\" style=\"color:#6c864b\"><a href=\"https:\/\/site.ac-martinique.fr\/histoire-geographie\/?p=6658\">lire l&rsquo;article consacr\u00e9<\/a><\/p>\n<\/div>\n\n\n\n<div class=\"wp-block-column is-layout-flow wp-block-column-is-layout-flow\" style=\"--col-width:33.33%;flex-basis:33.33%\"><div class=\"wp-block-image\">\n<figure class=\"alignright size-full is-resized\"><a href=\"https:\/\/site.ac-martinique.fr\/histoire-geographie\/wp-content\/uploads\/sites\/15\/2023\/10\/Pierre-grosser.jpg\"><img loading=\"lazy\" decoding=\"async\" width=\"183\" height=\"275\" src=\"https:\/\/site.ac-martinique.fr\/histoire-geographie\/wp-content\/uploads\/sites\/15\/2023\/10\/Pierre-grosser.jpg\" alt=\"\" class=\"wp-image-6659\" style=\"aspect-ratio:0.6654545454545454;width:117px;height:auto\"\/><\/a><\/figure>\n<\/div><\/div>\n<\/div>\n<\/div><\/div>\n\n\n\n<p><\/p>\n","protected":false},"excerpt":{"rendered":"<p>\u00e0 lire, \u00e0 regarder, \u00e0 \u00e9couter&#8230; Quelques recommandations pour enrichir nos pratiques. Vous pourrez trouver dans cette rubrique des conseils lectures, podcast&#8230; qui peuvent aider \u00e0 la mise en oeuvre des programmes. N&rsquo;h\u00e9sitez \u00e0 consulter cette page qui sera r\u00e9actualis\u00e9e r\u00e9guli\u00e8rement. Laurent GIACOBBI, 2024, \u00ab\u00a0Note de prospective: le canal de Panama : difficult\u00e9s, enjeux et perspectives\u00a0\u00bb&#8211; Laurent Giacobbi, chercheur \u00e0 l&rsquo;Universit\u00e9 des Antilles ,a produit un article sur les enjeux du canal de Panama dans un contexte de changement climatique. en savoir plus et acc\u00e9der \u00e0 l&rsquo;article Pierre Grosser (dir), 2023, Histoire mondiale des relations internationales de 1900 \u00e0 nos jours- Paru en janvier 2023, cet ouvrage ambitieux est une ressource riche pour nos enseignements. lire l&rsquo;article consacr\u00e9<\/p>\n","protected":false},"author":71,"featured_media":0,"parent":0,"menu_order":0,"comment_status":"closed","ping_status":"closed","template":"","meta":{"footnotes":""},"class_list":["post-6650","page","type-page","status-publish","hentry"],"_links":{"self":[{"href":"https:\/\/site.ac-martinique.fr\/histoire-geographie\/index.php?rest_route=\/wp\/v2\/pages\/6650","targetHints":{"allow":["GET"]}}],"collection":[{"href":"https:\/\/site.ac-martinique.fr\/histoire-geographie\/index.php?rest_route=\/wp\/v2\/pages"}],"about":[{"href":"https:\/\/site.ac-martinique.fr\/histoire-geographie\/index.php?rest_route=\/wp\/v2\/types\/page"}],"author":[{"embeddable":true,"href":"https:\/\/site.ac-martinique.fr\/histoire-geographie\/index.php?rest_route=\/wp\/v2\/users\/71"}],"replies":[{"embeddable":true,"href":"https:\/\/site.ac-martinique.fr\/histoire-geographie\/index.php?rest_route=%2Fwp%2Fv2%2Fcomments&post=6650"}],"version-history":[{"count":6,"href":"https:\/\/site.ac-martinique.fr\/histoire-geographie\/index.php?rest_route=\/wp\/v2\/pages\/6650\/revisions"}],"predecessor-version":[{"id":7258,"href":"https:\/\/site.ac-martinique.fr\/histoire-geographie\/index.php?rest_route=\/wp\/v2\/pages\/6650\/revisions\/7258"}],"wp:attachment":[{"href":"https:\/\/site.ac-martinique.fr\/histoire-geographie\/index.php?rest_route=%2Fwp%2Fv2%2Fmedia&parent=6650"}],"curies":[{"name":"wp","href":"https:\/\/api.w.org\/{rel}","templated":true}]}}