{"id":7229,"date":"2025-11-30T10:16:58","date_gmt":"2025-11-30T14:16:58","guid":{"rendered":"https:\/\/site.ac-martinique.fr\/histoire-geographie\/?page_id=7229"},"modified":"2025-11-30T10:55:07","modified_gmt":"2025-11-30T14:55:07","slug":"defense-et-citoyennete","status":"publish","type":"page","link":"https:\/\/site.ac-martinique.fr\/histoire-geographie\/?page_id=7229","title":{"rendered":"D\u00e9fense et citoyennet\u00e9"},"content":{"rendered":"\n<p class=\"has-text-align-center\">Retrouvez les actions des classes d\u00e9fense. <\/p>\n\n\n\n<h2 class=\"wp-block-heading\">La lettre des classes d\u00e9fense<\/h2>\n\n\n\n<p>Bienvenue dans votre lettre d&rsquo;information! Chaque num\u00e9ro vous plongera au coeur de l&rsquo;actualit\u00e9 des projets et des initiatives qui font vivre l&rsquo;esprit de d\u00e9fense. T\u00e9moignages, initiatives, \u00e9v\u00e8nements&#8230; cette lettre est faite pour vous inspirer et vous faire agir. <\/p>\n\n\n\n<div class=\"wp-block-file\"><a id=\"wp-block-file--media-bfcfef47-9a31-4c20-9f69-96ccce892832\" href=\"https:\/\/site.ac-martinique.fr\/histoire-geographie\/wp-content\/uploads\/sites\/15\/2025\/11\/Lettre-classes-de-defense-N\u00b021v2.pdf\" target=\"_blank\" rel=\"noreferrer noopener\">Lettre classes de d\u00e9fense N\u00b021<\/a><a href=\"https:\/\/site.ac-martinique.fr\/histoire-geographie\/wp-content\/uploads\/sites\/15\/2025\/11\/Lettre-classes-de-defense-N\u00b021v2.pdf\" class=\"wp-block-file__button wp-element-button\" download aria-describedby=\"wp-block-file--media-bfcfef47-9a31-4c20-9f69-96ccce892832\">T\u00e9l\u00e9charger<\/a><\/div>\n\n\n\n<p><\/p>\n","protected":false},"excerpt":{"rendered":"<p>Retrouvez les actions des classes d\u00e9fense. La lettre des classes d\u00e9fense Bienvenue dans votre lettre d&rsquo;information! Chaque num\u00e9ro vous plongera au coeur de l&rsquo;actualit\u00e9 des projets et des initiatives qui font vivre l&rsquo;esprit de d\u00e9fense. T\u00e9moignages, initiatives, \u00e9v\u00e8nements&#8230; cette lettre est faite pour vous inspirer et vous faire agir.<\/p>\n","protected":false},"author":610,"featured_media":0,"parent":0,"menu_order":0,"comment_status":"closed","ping_status":"closed","template":"","meta":{"footnotes":""},"class_list":["post-7229","page","type-page","status-publish","hentry"],"_links":{"self":[{"href":"https:\/\/site.ac-martinique.fr\/histoire-geographie\/index.php?rest_route=\/wp\/v2\/pages\/7229","targetHints":{"allow":["GET"]}}],"collection":[{"href":"https:\/\/site.ac-martinique.fr\/histoire-geographie\/index.php?rest_route=\/wp\/v2\/pages"}],"about":[{"href":"https:\/\/site.ac-martinique.fr\/histoire-geographie\/index.php?rest_route=\/wp\/v2\/types\/page"}],"author":[{"embeddable":true,"href":"https:\/\/site.ac-martinique.fr\/histoire-geographie\/index.php?rest_route=\/wp\/v2\/users\/610"}],"replies":[{"embeddable":true,"href":"https:\/\/site.ac-martinique.fr\/histoire-geographie\/index.php?rest_route=%2Fwp%2Fv2%2Fcomments&post=7229"}],"version-history":[{"count":3,"href":"https:\/\/site.ac-martinique.fr\/histoire-geographie\/index.php?rest_route=\/wp\/v2\/pages\/7229\/revisions"}],"predecessor-version":[{"id":7236,"href":"https:\/\/site.ac-martinique.fr\/histoire-geographie\/index.php?rest_route=\/wp\/v2\/pages\/7229\/revisions\/7236"}],"wp:attachment":[{"href":"https:\/\/site.ac-martinique.fr\/histoire-geographie\/index.php?rest_route=%2Fwp%2Fv2%2Fmedia&parent=7229"}],"curies":[{"name":"wp","href":"https:\/\/api.w.org\/{rel}","templated":true}]}}