{"id":1,"date":"2021-04-13T12:35:00","date_gmt":"2021-04-13T16:35:00","guid":{"rendered":"http:\/?p=1"},"modified":"2025-09-29T11:56:13","modified_gmt":"2025-09-29T15:56:13","slug":"sites","status":"publish","type":"page","link":"https:\/\/site.ac-martinique.fr\/","title":{"rendered":"Sites web acad\u00e9miques"},"content":{"rendered":"\n<div class=\"wp-block-columns is-layout-flex wp-container-core-columns-is-layout-abceabcf wp-block-columns-is-layout-flex\">\n<div class=\"wp-block-column is-layout-flow wp-block-column-is-layout-flow\">\n<p><strong>Disciplinaires<\/strong><br><a href=\"https:\/\/site.ac-martinique.fr\/anglais\" data-type=\"URL\" data-id=\"https:\/\/site.ac-martinique.fr\/anglais\" target=\"_blank\" rel=\"noreferrer noopener\">Anglais<\/a><br><a href=\"https:\/\/site.ac-martinique.fr\/anglaislp\" target=\"_blank\" rel=\"noreferrer noopener\">Anglais LP<\/a><br><a href=\"https:\/\/site.ac-martinique.fr\/arts-appliques\" target=\"_blank\" rel=\"noreferrer noopener\">Arts appliqu\u00e9s<\/a><br><a href=\"https:\/\/site.ac-martinique.fr\/arts-plastiques\" target=\"_blank\" rel=\"noreferrer noopener\">Arts plastiques<\/a><br><a href=\"https:\/\/site.ac-martinique.fr\/bss\" target=\"_blank\" rel=\"noreferrer noopener\">Biotechnologies sciences m\u00e9dico-sociales<\/a><br><a href=\"https:\/\/site.ac-martinique.fr\/creole\" target=\"_blank\" rel=\"noreferrer noopener\">Cr\u00e9ole<\/a><br><a href=\"https:\/\/site.ac-martinique.fr\/documentation\" target=\"_blank\" rel=\"noreferrer noopener\">Documentation<\/a><br><a href=\"https:\/\/site.ac-martinique.fr\/economie-gestion\" target=\"_blank\" rel=\"noreferrer noopener\">Economie-gestion<\/a><br><a href=\"https:\/\/site.ac-martinique.fr\/economie-gestion-lp\/\" target=\"_blank\" rel=\"noreferrer noopener\">Economie-gestion LP<\/a><br><a href=\"https:\/\/tribu.phm.education.gouv.fr\/portal\/pagemarker\/2\/cms\/default-domain\/workspaces\/vitrine-education-musicale-en-martinique?scope=__nocache\" target=\"_blank\" rel=\"noreferrer noopener\">Education musicale<\/a><br><a href=\"https:\/\/site.ac-martinique.fr\/eps\" target=\"_blank\" rel=\"noreferrer noopener\">Education physique et sportive (EPS)<\/a><br><a href=\"https:\/\/site.ac-martinique.fr\/espagnol\" target=\"_blank\" rel=\"noreferrer noopener\">Espagnol<\/a><br><a href=\"https:\/\/site.ac-martinique.fr\/histoire-geographie\" target=\"_blank\" rel=\"noreferrer noopener\">Histoire g\u00e9ographie<\/a><br><a href=\"https:\/\/site.ac-martinique.fr\/lettres\" target=\"_blank\" rel=\"noreferrer noopener\">Lettres<\/a><br><a href=\"https:\/\/site.ac-martinique.fr\/lettres-histoire\" target=\"_blank\" rel=\"noreferrer noopener\">Lettres histoire<\/a><br><a href=\"https:\/\/site.ac-martinique.fr\/mathematiques\" target=\"_blank\" rel=\"noreferrer noopener\">Math\u00e9matiques<\/a><br><a href=\"https:\/\/site.ac-martinique.fr\/maths-sciences\" target=\"_blank\" rel=\"noreferrer noopener\">Maths-sciences<\/a><br><a href=\"https:\/\/site.ac-martinique.fr\/philosophie\" target=\"_blank\" rel=\"noreferrer noopener\">Philosophie<\/a><br><a href=\"https:\/\/site.ac-martinique.fr\/physique-chimie\" target=\"_blank\" rel=\"noreferrer noopener\">Physique chimie<\/a><br><a href=\"https:\/\/portugais.dis.ac-guyane.fr\/\" target=\"_blank\" rel=\"noreferrer noopener\">Portugais<\/a><br><a href=\"https:\/\/site.ac-martinique.fr\/sbssa\" target=\"_blank\" rel=\"noreferrer noopener\">SBSSA<\/a><br><a href=\"http:\/\/site.ac-martinique.fr\/sciences-economiques\" target=\"_blank\" rel=\"noreferrer noopener\">Sciences \u00e9conomiques et sociales<\/a><br><a href=\"https:\/\/site.ac-martinique.fr\/svt\" target=\"_blank\" rel=\"noreferrer noopener\">Sciences de la vie et de la Terre<\/a><br><a href=\"https:\/\/site.ac-martinique.fr\/sti-voie-pro\" target=\"_blank\" rel=\"noreferrer noopener\">STI voie professionnelle<\/a><br><a href=\"https:\/\/site.ac-martinique.fr\/technologie\" target=\"_blank\" rel=\"noreferrer noopener\">Technologie<\/a><br><\/p>\n\n\n\n<p><strong>Transversaux<\/strong><br><a href=\"https:\/\/site.ac-martinique.fr\/les30ansdurectoratdemartinique\" target=\"_blank\" rel=\"noreferrer noopener\">30 ans du Rectorat de Martinique<\/a><br><a href=\"https:\/\/site.ac-martinique.fr\/acm972\/\" target=\"_blank\" rel=\"noreferrer noopener\">Accueils Collectifs de Mineurs de la Martinique<\/a><br><a href=\"https:\/\/site.ac-martinique.fr\/missioncld\/\" target=\"_blank\" rel=\"noreferrer noopener\">Actions \u00e9ducatives chlord\u00e9cone sant\u00e9 environnementale<\/a><br><a href=\"https:\/\/site.ac-martinique.fr\/ash\" target=\"_blank\" rel=\"noreferrer noopener\">Adaptation scolaire et scolarisation des \u00e9l\u00e8ves handicap\u00e9s (ASH)<\/a><br><a href=\"https:\/\/site.ac-martinique.fr\/bia\" target=\"_blank\" rel=\"noreferrer noopener\">BIA<\/a><br><a href=\"https:\/\/site.ac-martinique.fr\/bibliotheque-ressources\/\" target=\"_blank\" rel=\"noreferrer noopener\">Biblioth\u00e8que de ressources num\u00e9riques<\/a><br><a href=\"https:\/\/site.ac-martinique.fr\/bienvivreensemble\" target=\"_blank\" rel=\"noreferrer noopener\">Bien vivre ensemble<\/a><br><a href=\"https:\/\/site.ac-martinique.fr\/caesce\" target=\"_blank\" rel=\"noreferrer noopener\">CAESCE<\/a><br><a href=\"https:\/\/site.ac-martinique.fr\/cardie\" target=\"_blank\" rel=\"noreferrer noopener\">CARDIE<\/a><br><a href=\"https:\/\/site.ac-martinique.fr\/carnum\" data-type=\"link\" data-id=\"https:\/\/site.ac-martinique.fr\/carnum\" target=\"_blank\" rel=\"noreferrer noopener\">CARNUM<\/a><br><a href=\"https:\/\/site.ac-martinique.fr\/casnav\" target=\"_blank\" rel=\"noreferrer noopener\">CASNAV<\/a><br><a href=\"https:\/\/site.ac-martinique.fr\/chefsdoeuvre\" target=\"_blank\" rel=\"noreferrer noopener\">Chefs d&rsquo;oeuvre<\/a><br><a href=\"https:\/\/site.ac-martinique.fr\/davl\" target=\"_blank\" rel=\"noreferrer noopener\">DAVL<\/a><br><a href=\"https:\/\/site.ac-martinique.fr\/defislecture\" target=\"_blank\" rel=\"noreferrer noopener\">Defis lecture<\/a><br><a href=\"https:\/\/site.ac-martinique.fr\/drajes\" target=\"_blank\" rel=\"noreferrer noopener\">DRAJES<\/a><br><a href=\"https:\/\/site.ac-martinique.fr\/drane\" target=\"_blank\" rel=\"noreferrer noopener\">DRANE<\/a><br><a href=\"https:\/\/site.ac-martinique.fr\/drareic\" target=\"_blank\" rel=\"noreferrer noopener\">DRAREIC<\/a><br><a href=\"https:\/\/site.ac-martinique.fr\/eac\" target=\"_blank\" rel=\"noreferrer noopener\">EAC<\/a><br><a href=\"https:\/\/site.ac-martinique.fr\/eafc\" target=\"_blank\" rel=\"noreferrer noopener\">EAFC<\/a><br><a href=\"https:\/\/site.ac-martinique.fr\/edd\" target=\"_blank\" rel=\"noreferrer noopener\">EDD<\/a><br><a href=\"https:\/\/site.ac-martinique.fr\/ep\" target=\"_blank\" rel=\"noreferrer noopener\">Education Prioritaire (EP)<\/a><br><a href=\"https:\/\/site.ac-martinique.fr\/elan\" target=\"_blank\" rel=\"noreferrer noopener\">ELAN<\/a><a href=\"https:\/\/site.ac-martinique.fr\/drane\/?page_id=3428\" target=\"_blank\" rel=\"noreferrer noopener\"><br>EMI<\/a><br><a href=\"https:\/\/site.ac-martinique.fr\/lobservatoire\" data-type=\"link\" data-id=\"https:\/\/site.ac-martinique.fr\/lobservatoire\" target=\"_blank\" rel=\"noreferrer noopener\">L&rsquo;observatoire des usages<\/a><br><a href=\"https:\/\/site.ac-martinique.fr\/logitheque\/\" data-type=\"link\" data-id=\"https:\/\/site.ac-martinique.fr\/logitheque\/\" target=\"_blank\" rel=\"noreferrer noopener\">Logith\u00e8que<\/a><br><a href=\"https:\/\/site.ac-martinique.fr\/magistere\" target=\"_blank\" rel=\"noreferrer noopener\">Magistere<\/a><br><a href=\"https:\/\/site.ac-martinique.fr\/mdl\" target=\"_blank\" rel=\"noreferrer noopener\">Maitrise de la langue (MDL)<\/a><br><a href=\"https:\/\/site.ac-martinique.fr\/manuels-numeriques\" target=\"_blank\" rel=\"noreferrer noopener\">Manuels num\u00e9riques<\/a><br><a href=\"https:\/\/site.ac-martinique.fr\/eps1d\/\" target=\"_blank\" rel=\"noreferrer noopener\">Mission EPS 1D<\/a><br><a href=\"https:\/\/site.ac-martinique.fr\/missionnumerique1d\/\" target=\"_blank\" rel=\"noreferrer noopener\">Mission num\u00e9rique 1D<\/a><br><a href=\"https:\/\/site.ac-martinique.fr\/pole-langues\" target=\"_blank\" rel=\"noreferrer noopener\">Pole langues<\/a><br><a href=\"https:\/\/site.ac-martinique.fr\/pole-maternelle\" target=\"_blank\" rel=\"noreferrer noopener\">Pole maternelle<\/a><br><a href=\"https:\/\/site.ac-martinique.fr\/pole-maths\" target=\"_blank\" rel=\"noreferrer noopener\">Pole maths<\/a><br><a href=\"https:\/\/site.ac-martinique.fr\/robotique\" target=\"_blank\" rel=\"noreferrer noopener\">Robotique<\/a><br><a href=\"https:\/\/site.ac-martinique.fr\/casf\/\" target=\"_blank\" rel=\"noreferrer noopener\">Savoirs fondamentaux<\/a><br><a href=\"https:\/\/site.ac-martinique.fr\/sstrm\" target=\"_blank\" rel=\"noreferrer noopener\">SSTRM<\/a><br><a href=\"http:\/\/site.ac-martinique.fr\/transat\" target=\"_blank\" rel=\"noreferrer noopener\">Transat Caf\u00e9 l&rsquo;OR<\/a><\/p>\n\n\n\n<p><strong>Cartographie<\/strong><br><a rel=\"noreferrer noopener\" href=\"https:\/\/ac-martinique.maps.arcgis.com\/apps\/dashboards\/adcf04957cca4efd8078f9bfef602ce4\" target=\"_blank\">Offre de formation<\/a><br><a href=\"https:\/\/ac-martinique.maps.arcgis.com\/apps\/dashboards\/d26c539aaa8a41d0893e9546993896dd\" target=\"_blank\" rel=\"noreferrer noopener\">\u00c9tablissement du 1<sup>er<\/sup> degr\u00e9<\/a><br><a href=\"https:\/\/ac-martinique.maps.arcgis.com\/apps\/dashboards\/7758ce3c63d24c519016da531cc9c0bd\" target=\"_blank\" rel=\"noreferrer noopener\">\u00c9tablissement du 2<sup>nd<\/sup> degr\u00e9<\/a><br><a href=\"https:\/\/ac-martinique.maps.arcgis.com\/apps\/dashboards\/5f383a93277841a095701aad9d411aeb\" target=\"_blank\" rel=\"noreferrer noopener\">Internat<\/a><\/p>\n\n\n\n<p><strong>Circonscriptions<\/strong><br><a href=\"https:\/\/site.ac-martinique.fr\/circonscription-fdf1\" target=\"_blank\" rel=\"noreferrer noopener\">Circonscription Fort-de-France 1<\/a><br><a href=\"https:\/\/site.ac-martinique.fr\/circonscription-lamentin\" target=\"_blank\" rel=\"noreferrer noopener\">Circonscription du Lamentin<\/a><br><a href=\"https:\/\/site.ac-martinique.fr\/circonscription-marigot\" target=\"_blank\" rel=\"noreferrer noopener\">Circonscription du Marigot<\/a><br><a href=\"https:\/\/site.ac-martinique.fr\/circonscription-marin\" target=\"_blank\" rel=\"noreferrer noopener\">Cironscription du Marin<\/a><br><a href=\"https:\/\/site.ac-martinique.fr\/circonscription-mornerouge\" target=\"_blank\" rel=\"noreferrer noopener\">Circonscription du Morne Rouge<\/a><br><a href=\"https:\/\/site.ac-martinique.fr\/circonscription-rivieresalee\/\" target=\"_blank\" rel=\"noreferrer noopener\">Circonscription de Rivi\u00e8re-Sal\u00e9e<\/a><br><a href=\"https:\/\/site.ac-martinique.fr\/circonscription-schoelcher\" target=\"_blank\" rel=\"noreferrer noopener\">Circonscription de Sch\u0153lcher<\/a><br><a href=\"https:\/\/site.ac-martinique.fr\/circonscription-stesprit\" target=\"_blank\" rel=\"noreferrer noopener\">Circonscription du St Esprit<\/a><br><a href=\"https:\/\/site.ac-martinique.fr\/circonscription-stjoseph\" target=\"_blank\" rel=\"noreferrer noopener\">Circonscription du St Joseph<\/a><br><a href=\"https:\/\/site.ac-martinique.fr\/circonscription-trinite\" target=\"_blank\" rel=\"noreferrer noopener\">Circonscription de Trinit\u00e9<\/a><\/p>\n\n\n\n<p><strong>CIO<\/strong><br><a href=\"https:\/\/site.ac-martinique.fr\/cio-fort-de-france\" target=\"_blank\" rel=\"noreferrer noopener\">CIO Fort-de-France<\/a><br><a href=\"https:\/\/site.ac-martinique.fr\/cio-marin\" target=\"_blank\" rel=\"noreferrer noopener\">CIO Marin<\/a><br><a href=\"https:\/\/site.ac-martinique.fr\/cio-nordatlantique\" target=\"_blank\" rel=\"noreferrer noopener\">CIO Nord Atlantique<\/a><\/p>\n\n\n\n<p><strong>Greta<\/strong><br><a rel=\"noreferrer noopener\" href=\"http:\/\/site.ac-martinique.fr\/greta\" target=\"_blank\">Greta<\/a><\/p>\n\n\n\n<p id=\"flux-rss\"><strong>Flux RSS<\/strong><br><a href=\"https:\/\/site.ac-martinique.fr\/?p=38721\">Flux RSS 1er degr\u00e9<a href=\"https:\/\/site.ac-martinique.fr\/fluxrss-college\/?page_id=412\"><\/a><\/a><br><a href=\"https:\/\/site.ac-martinique.fr\/?p=38709\">Flux RSS disciplines<\/a><br><a href=\"https:\/\/site.ac-martinique.fr\/?p=38714\">Flux RSS coll\u00e8ges<\/a><br><a href=\"https:\/\/site.ac-martinique.fr\/?p=38710\">Flux RSS lyc\u00e9es<\/a><br><a href=\"https:\/\/site.ac-martinique.fr\/?p=38699\">Flux RSS structures<\/a><\/p>\n<\/div>\n\n\n\n<div class=\"wp-block-column is-layout-flow wp-block-column-is-layout-flow\">\n<p><strong>Coll\u00e8ges<\/strong><br><a href=\"https:\/\/site.ac-martinique.fr\/clg-aimecesaire\" target=\"_blank\" rel=\"noreferrer noopener\">Aim\u00e9 CESAIRE (Fort-de-France)<\/a><br><a href=\"https:\/\/site.ac-martinique.fr\/clg-alexandrestellio\" target=\"_blank\" rel=\"noreferrer noopener\">Alexandre STELLIO<\/a><br><a href=\"https:\/\/site.ac-martinique.fr\/clg-asselindebeauville\" target=\"_blank\" rel=\"noreferrer noopener\">Asselin de BEAUVILLE<\/a><br><a href=\"https:\/\/site.ac-martinique.fr\/clg-bassepointe\/\" target=\"_blank\" rel=\"noreferrer noopener\">Basse-Pointe<\/a><br><a href=\"https:\/\/site.ac-martinique.fr\/clg-beausejour\" target=\"_blank\" rel=\"noreferrer noopener\">Beaus\u00e9jour<\/a><br><a href=\"https:\/\/site.ac-martinique.fr\/clg-belleetoile\" target=\"_blank\" rel=\"noreferrer noopener\">Belle Etoile<\/a><br><a href=\"https:\/\/site.ac-martinique.fr\/clg-carbet\" target=\"_blank\" rel=\"noreferrer noopener\">Carbet<\/a><br><a href=\"https:\/\/site.ac-martinique.fr\/clg-cassiensainteclaire\" target=\"_blank\" rel=\"noreferrer noopener\">Cassien SAINTE-CLAIRE<\/a><br><a href=\"https:\/\/site.ac-martinique.fr\/clg-constantleray\" target=\"_blank\" rel=\"noreferrer noopener\">Constant Le RAY<\/a><br><a href=\"https:\/\/site.ac-martinique.fr\/clg-diamant\" target=\"_blank\" rel=\"noreferrer noopener\">Diamant<\/a><br><a href=\"https:\/\/site.ac-martinique.fr\/clg-edapierre\" target=\"_blank\" rel=\"noreferrer noopener\">Christiane EDA-PIERRE<\/a><br><a href=\"https:\/\/site.ac-martinique.fr\/clg-edouardglissant\" target=\"_blank\" rel=\"noreferrer noopener\">Edouard GLISSANT<\/a><br><a href=\"https:\/\/site.ac-martinique.fr\/clg-emmanuelsaldes\" target=\"_blank\" rel=\"noreferrer noopener\">Emmanuel SALDES<\/a><br><a href=\"https:\/\/site.ac-martinique.fr\/clg-edmondlucienvalard\" target=\"_blank\" rel=\"noreferrer noopener\">Edmond Lucien VALARD<\/a><br><a href=\"https:\/\/site.ac-martinique.fr\/clg-eugenemona\" target=\"_blank\" rel=\"noreferrer noopener\">Eug\u00e8ne MONA<\/a><br><a href=\"https:\/\/site.ac-martinique.fr\/clg-fernanddonatien\" target=\"_blank\" rel=\"noreferrer noopener\">Fernand DONATIEN<\/a><br><a href=\"https:\/\/site.ac-martinique.fr\/clg-georgeselisabeth\" target=\"_blank\" rel=\"noreferrer noopener\">Georges ELISABETH<\/a><br><a href=\"https:\/\/site.ac-martinique.fr\/clg-gerardcafe\" target=\"_blank\" rel=\"noreferrer noopener\">Gerard CAFE<\/a><br><a href=\"https:\/\/site.ac-martinique.fr\/clg-hubertnero\" target=\"_blank\" rel=\"noreferrer noopener\">Hubert NERO<\/a><br><a href=\"https:\/\/site.ac-martinique.fr\/clg-isidorepelage\" target=\"_blank\" rel=\"noreferrer noopener\">Isidore PELAGE<\/a><br><a href=\"https:\/\/site.ac-martinique.fr\/clg-jacquelinejulius\" target=\"_blank\" rel=\"noreferrer noopener\">Jacqueline JULIUS<\/a><br><a href=\"https:\/\/site.ac-martinique.fr\/clg-jacquesroumain\" target=\"_blank\" rel=\"noreferrer noopener\">Jacques ROUMAIN<\/a><br><a href=\"https:\/\/site.ac-martinique.fr\/clg-adenet\" target=\"_blank\" rel=\"noreferrer noopener\">Jeanne Emile ADENET<\/a><br><a href=\"https:\/\/site.ac-martinique.fr\/clg-jennyalpha\/\" target=\"_blank\" rel=\"noreferrer noopener\">Jenny ALPHA (ex Dillon 2)<\/a><br><a href=\"https:\/\/site.ac-martinique.fr\/clg-josephlagrosilliere\" target=\"_blank\" rel=\"noreferrer noopener\">Joseph LAGROSILLIERE<\/a><br><a href=\"https:\/\/site.ac-martinique.fr\/clg-julianicolas\" target=\"_blank\" rel=\"noreferrer noopener\">Julia NICOLAS<\/a><br><a href=\"https:\/\/site.ac-martinique.fr\/clg-louisdelgres\" target=\"_blank\" rel=\"noreferrer noopener\">Louis DELGRES<\/a><br><a href=\"https:\/\/site.ac-martinique.fr\/clg-mandyfrancois-elie\/\" target=\"_blank\" rel=\"noreferrer noopener\">Mandy FRANCOIS-ELIE<\/a><br><a href=\"https:\/\/site.ac-martinique.fr\/clg-mornedesesses\" target=\"_blank\" rel=\"noreferrer noopener\">Morne des Esses<\/a><br><a href=\"https:\/\/site.ac-martinique.fr\/clg-paulsymphor\" target=\"_blank\" rel=\"noreferrer noopener\">Paul SYMPHOR<\/a><br><a href=\"https:\/\/site.ac-martinique.fr\/clg-perrinon\" target=\"_blank\" rel=\"noreferrer noopener\">Fran\u00e7ois-Auguste PERRINON<\/a><br><a href=\"https:\/\/site.ac-martinique.fr\/clg-pontalery\" target=\"_blank\" rel=\"noreferrer noopener\">Pontalery<\/a><br><a href=\"https:\/\/site.ac-martinique.fr\/clg-rogercastendet\" target=\"_blank\" rel=\"noreferrer noopener\">Roger CASTENDET<\/a><br><a href=\"https:\/\/site.ac-martinique.fr\/clg-rosesaintjust\" target=\"_blank\" rel=\"noreferrer noopener\">Rose SAINT-JUST<\/a><br><a href=\"https:\/\/site.ac-martinique.fr\/clg-sainteluce\" target=\"_blank\" rel=\"noreferrer noopener\">Sainte Luce<\/a><br><a href=\"https:\/\/site.ac-martinique.fr\/clg-suzanneroussicesaire\" target=\"_blank\" rel=\"noreferrer noopener\">Suzanne ROUSSI-CESAIRE<\/a><br><a href=\"https:\/\/site.ac-martinique.fr\/clg-tartenson\" target=\"_blank\" rel=\"noreferrer noopener\">Tartenson<\/a><br><a href=\"https:\/\/site.ac-martinique.fr\/clg-terreville\" target=\"_blank\" rel=\"noreferrer noopener\"><\/a><a href=\"https:\/\/site.ac-martinique.fr\/clg-terreville\" target=\"_blank\" rel=\"noreferrer noopener\">Terreville<\/a><br><a href=\"https:\/\/site.ac-martinique.fr\/clg-trianon\" target=\"_blank\" rel=\"noreferrer noopener\">Trianon<\/a><br><a href=\"https:\/\/site.ac-martinique.fr\/clg-vauclin\" target=\"_blank\" rel=\"noreferrer noopener\">Vauclin<\/a><br><a href=\"https:\/\/site.ac-martinique.fr\/clg-vincentplacoly\" target=\"_blank\" rel=\"noreferrer noopener\">Vincent PLACOLY<\/a><br><a href=\"https:\/\/site.ac-martinique.fr\/seminairecollegesaintemarie\/\" target=\"_blank\" rel=\"noreferrer noopener\">S\u00e9minaire Coll\u00e8ge Sainte-Marie<\/a><br>&#8212;&#8212;&#8212;&#8212;&#8212;&#8212;&#8212;&#8212;&#8212;-<br><a href=\"http:\/\/www.clgdillon2mq.fr\/\" target=\"_blank\" rel=\"noreferrer noopener\">Dillon 2<\/a><br><a href=\"https:\/\/edmondlucienvalard.fr\/\" target=\"_blank\" rel=\"noreferrer noopener\">Edmond Lucien VALARD<\/a><br><a href=\"http:\/\/www.collegeeuzhanpalcy.fr\/\" target=\"_blank\" rel=\"noreferrer noopener\">Euzhan PALCY<\/a><br><a href=\"http:\/\/www.clgjulianicolas.fr\/\" target=\"_blank\" rel=\"noreferrer noopener\">Julia NICOLAS<\/a><br><a href=\"https:\/\/clg-petitmanoir.fr\/\" target=\"_blank\" rel=\"noreferrer noopener\">Petit Manoir<\/a><\/p>\n<\/div>\n\n\n\n<div class=\"wp-block-column is-layout-flow wp-block-column-is-layout-flow\">\n<p><strong>Lyc\u00e9es<\/strong><br><a href=\"https:\/\/site.ac-martinique.fr\/lyc-andrealiker\" target=\"_blank\" rel=\"noreferrer noopener\">Andr\u00e9 ALIKER<\/a><br><a href=\"https:\/\/site.ac-martinique.fr\/lyc-bellevue\" target=\"_blank\" rel=\"noreferrer noopener\">Bellevue<\/a><br><a href=\"https:\/\/site.ac-martinique.fr\/lyc-jeannecatayee\" target=\"_blank\" rel=\"noreferrer noopener\">Jeanne CATAYEE (ex Chateaub\u0153uf)<\/a><br><a href=\"https:\/\/site.ac-martinique.fr\/lyc-dumasjeanjoseph\" target=\"_blank\" rel=\"noreferrer noopener\">Dumas JEAN-JOSEPH<\/a><br><a href=\"https:\/\/site.ac-martinique.fr\/lyc-fanon\/\" target=\"_blank\" rel=\"noreferrer noopener\">Frantz FANON<\/a><br><a href=\"https:\/\/site.ac-martinique.fr\/lyc-josephzobel\" target=\"_blank\" rel=\"noreferrer noopener\">Joseph ZOBEL<\/a><br><a href=\"https:\/\/site.ac-martinique.fr\/lyc-lajetee\" target=\"_blank\" rel=\"noreferrer noopener\">La Jet\u00e9e<\/a><br><a href=\"https:\/\/site.ac-martinique.fr\/lyc-latrinite\" target=\"_blank\" rel=\"noreferrer noopener\">La Trinit\u00e9<\/a><br><a href=\"https:\/\/site.ac-martinique.fr\/lyc-leopoldbissol\" target=\"_blank\" rel=\"noreferrer noopener\">L\u00e9opold BISSOL<\/a><br><a href=\"https:\/\/site.ac-martinique.fr\/lyc-luminasophie\" target=\"_blank\" rel=\"noreferrer noopener\">Lumina SOPHIE<\/a><br><a href=\"https:\/\/site.ac-martinique.fr\/lyc-montgerald\" target=\"_blank\" rel=\"noreferrer noopener\">Montgerald<\/a><br><a href=\"https:\/\/site.ac-martinique.fr\/lyc-nordatlantique\" target=\"_blank\" rel=\"noreferrer noopener\">Nord Atlantique<\/a><br><a href=\"https:\/\/site.ac-martinique.fr\/lyc-paulettenardal\" target=\"_blank\" rel=\"noreferrer noopener\">Paulette NARDAL<\/a><br><a href=\"https:\/\/site.ac-martinique.fr\/lyc-placedarmes\" target=\"_blank\" rel=\"noreferrer noopener\">Place d&rsquo;Armes<\/a> &#8211; <a href=\"https:\/\/site.ac-martinique.fr\/lyc-placedarmes-cdi\" target=\"_blank\" rel=\"noreferrer noopener\">CDI<\/a><br><a href=\"https:\/\/site.ac-martinique.fr\/lyc-raymondneris\" target=\"_blank\" rel=\"noreferrer noopener\">Raymond NERIS<\/a><br>&#8212;&#8212;&#8212;&#8212;&#8212;&#8212;&#8212;&#8212;-<br><a href=\"https:\/\/www.acajou1.com\" target=\"_blank\" rel=\"noreferrer noopener\">Acajou 1<\/a><br><a href=\"http:\/\/www.acajou2.com\/\" target=\"_blank\" rel=\"noreferrer noopener\">Acajou 2<\/a><br><a href=\"https:\/\/josephgaillardweb.fr\/\" target=\"_blank\" rel=\"noreferrer noopener\">Joseph GAILLARD<\/a><br><a href=\"http:\/\/lycee-joseph-pernock.com\/\" target=\"_blank\" rel=\"noreferrer noopener\">Joseph PERNOCK<\/a><br><a href=\"http:\/\/www.lycee-leopold-bissol.com\/\" target=\"_blank\" rel=\"noreferrer noopener\">L\u00e9opold BISSOL<\/a><br><a href=\"https:\/\/www.lyceemariuscultier.fr\/\" target=\"_blank\" rel=\"noreferrer noopener\">Marius CULTIER<\/a><br><a href=\"http:\/\/lyceenordcaraibe.com\/\" target=\"_blank\" rel=\"noreferrer noopener\">Nord Cara\u00efbe<\/a><br><a href=\"https:\/\/www.lyceeschoelcher972.fr\/\" target=\"_blank\" rel=\"noreferrer noopener\">Sch\u0153lcher<\/a><br><a href=\"https:\/\/lpovictoranicet.com\/\" target=\"_blank\" rel=\"noreferrer noopener\">Victor ANICET<\/a><\/p>\n<\/div>\n<\/div>\n\n\n\n<p><\/p>\n","protected":false},"excerpt":{"rendered":"<p>DisciplinairesAnglaisAnglais LPArts appliqu\u00e9sArts plastiquesBiotechnologies sciences m\u00e9dico-socialesCr\u00e9oleDocumentationEconomie-gestionEconomie-gestion LPEducation musicaleEducation physique et sportive (EPS)EspagnolHistoire g\u00e9ographieLettresLettres histoireMath\u00e9matiquesMaths-sciencesPhilosophiePhysique chimiePortugaisSBSSASciences \u00e9conomiques et socialesSciences de la vie et de la TerreSTI voie professionnelleTechnologie Transversaux30 ans du Rectorat de MartiniqueAccueils Collectifs de Mineurs de la MartiniqueActions \u00e9ducatives chlord\u00e9cone sant\u00e9 environnementaleAdaptation scolaire et scolarisation des \u00e9l\u00e8ves handicap\u00e9s (ASH)BIABiblioth\u00e8que&#8230; <a class=\"continue-reading-link\" href=\"https:\/\/site.ac-martinique.fr\/\">Lire la suite&#8230; <span class=\"meta-nav\">&rarr; <\/span><\/a><\/p>\n","protected":false},"author":1,"featured_media":0,"parent":0,"menu_order":0,"comment_status":"closed","ping_status":"closed","template":"","meta":{"footnotes":""},"class_list":["post-1","page","type-page","status-publish","hentry"],"_links":{"self":[{"href":"https:\/\/site.ac-martinique.fr\/index.php?rest_route=\/wp\/v2\/pages\/1","targetHints":{"allow":["GET"]}}],"collection":[{"href":"https:\/\/site.ac-martinique.fr\/index.php?rest_route=\/wp\/v2\/pages"}],"about":[{"href":"https:\/\/site.ac-martinique.fr\/index.php?rest_route=\/wp\/v2\/types\/page"}],"author":[{"embeddable":true,"href":"https:\/\/site.ac-martinique.fr\/index.php?rest_route=\/wp\/v2\/users\/1"}],"replies":[{"embeddable":true,"href":"https:\/\/site.ac-martinique.fr\/index.php?rest_route=%2Fwp%2Fv2%2Fcomments&post=1"}],"version-history":[{"count":176,"href":"https:\/\/site.ac-martinique.fr\/index.php?rest_route=\/wp\/v2\/pages\/1\/revisions"}],"predecessor-version":[{"id":39111,"href":"https:\/\/site.ac-martinique.fr\/index.php?rest_route=\/wp\/v2\/pages\/1\/revisions\/39111"}],"wp:attachment":[{"href":"https:\/\/site.ac-martinique.fr\/index.php?rest_route=%2Fwp%2Fv2%2Fmedia&parent=1"}],"curies":[{"name":"wp","href":"https:\/\/api.w.org\/{rel}","templated":true}]}}