{"id":1482,"date":"2019-03-22T13:39:44","date_gmt":"2019-03-22T12:39:44","guid":{"rendered":"\/lettres-histoire\/?page_id=1482"},"modified":"2019-10-14T02:26:18","modified_gmt":"2019-10-14T01:26:18","slug":"tvp","status":"publish","type":"page","link":"https:\/\/site.ac-martinique.fr\/lettres-histoire\/?page_id=1482","title":{"rendered":"TVP"},"content":{"rendered":"<p style=\"text-align: center\"><span style=\"color: #ff0000\"><strong>Les documents phares de\u00a0la transformation de la voie professionnelle\u00a0<\/strong><\/span><\/p>\n<ul>\n<li><a href=\"http:\/\/cache.media.eduscol.education.fr\/file\/lycee_pro_2018\/51\/5\/Renovation_des_programmes_d_enseignements_generaux_de_la_voie_professionnelle_1051515.pdf\" target=\"_blank\">Fiche sur la r\u00e9novation de programmes d&rsquo;enseignements g\u00e9n\u00e9raux de la nouvelle voie professionnelle.<\/a><\/li>\n<\/ul>\n<p><strong>Les grilles horaires :<\/strong><\/p>\n<ul>\n<li><a href=\"http:\/\/cache.media.eduscol.education.fr\/file\/lycee_pro_2018\/92\/4\/grille_horaire_eleve_en_baccalaureat_professionnel_1028924.pdf\" target=\"_blank\">La grille horaire en BAC PRO.<\/a><\/li>\n<li><a href=\"http:\/\/cache.media.eduscol.education.fr\/file\/lycee_pro_2018\/92\/9\/grille_horaire_eleve_en_CAP_1028929.pdf\" target=\"_blank\">La grille horaire en CAP.<\/a><\/li>\n<\/ul>\n<p><strong>Les guides p\u00e9dagogiques :<\/strong><\/p>\n<ul>\n<li><a href=\"http:\/\/cache.media.eduscol.education.fr\/file\/fam_metiers_et_R_pedagogiques\/32\/2\/Vade-mecum_co-intervention_1081322.pdf\" target=\"_blank\">La co-intervention.<\/a><\/li>\n<li><a href=\"http:\/\/cache.media.eduscol.education.fr\/file\/fam_metiers_et_R_pedagogiques\/40\/4\/Vade-mecum_realisation_chef-d_oeuvre_1081404.pdf\" target=\"_blank\">La r\u00e9alisation du chef d&rsquo;oeuvre.<\/a><\/li>\n<li><a href=\"http:\/\/cache.media.eduscol.education.fr\/file\/fam_metiers_et_R_pedagogiques\/32\/0\/Vade-mecum_consolidation_et_AP_1081320.pdf\" target=\"_blank\">La consolidation des acquis et l&rsquo;accompagnement personnalis\u00e9.<\/a><\/li>\n<\/ul>\n<p><strong>Des ressources en ligne :<\/strong><\/p>\n<ul>\n<li><a href=\"https:\/\/eduscol.education.fr\/cid142313\/tests-de-positionnement-de-seconde-2019-2020.html\" target=\"_blank\">Les tests de positionnement en d\u00e9but de seconde.<\/a><\/li>\n<li><a href=\"https:\/\/espace-mondial-atlas.sciencespo.fr\/fr\/\" target=\"_blank\">Un atlas pour comprendre l&rsquo;espace mondial contemporain.<\/a><\/li>\n<\/ul>\n<p>&nbsp;<\/p>\n","protected":false},"excerpt":{"rendered":"<p>Les documents phares de\u00a0la transformation de la voie professionnelle\u00a0 Fiche sur la r\u00e9novation de programmes d&rsquo;enseignements g\u00e9n\u00e9raux de la nouvelle voie professionnelle. Les grilles horaires : La grille horaire en BAC PRO. La grille horaire en CAP. Les guides p\u00e9dagogiques : La co-intervention. La r\u00e9alisation du chef d&rsquo;oeuvre. La consolidation des acquis et l&rsquo;accompagnement personnalis\u00e9. &hellip; <a href=\"https:\/\/site.ac-martinique.fr\/lettres-histoire\/?page_id=1482\" class=\"more-link\">Continuer la lecture de <span class=\"screen-reader-text\">TVP<\/span>  <span class=\"meta-nav\">&rarr;<\/span><\/a><\/p>\n","protected":false},"author":73,"featured_media":0,"parent":0,"menu_order":0,"comment_status":"closed","ping_status":"closed","template":"","meta":{"footnotes":""},"class_list":["post-1482","page","type-page","status-publish","hentry"],"_links":{"self":[{"href":"https:\/\/site.ac-martinique.fr\/lettres-histoire\/index.php?rest_route=\/wp\/v2\/pages\/1482","targetHints":{"allow":["GET"]}}],"collection":[{"href":"https:\/\/site.ac-martinique.fr\/lettres-histoire\/index.php?rest_route=\/wp\/v2\/pages"}],"about":[{"href":"https:\/\/site.ac-martinique.fr\/lettres-histoire\/index.php?rest_route=\/wp\/v2\/types\/page"}],"author":[{"embeddable":true,"href":"https:\/\/site.ac-martinique.fr\/lettres-histoire\/index.php?rest_route=\/wp\/v2\/users\/73"}],"replies":[{"embeddable":true,"href":"https:\/\/site.ac-martinique.fr\/lettres-histoire\/index.php?rest_route=%2Fwp%2Fv2%2Fcomments&post=1482"}],"version-history":[{"count":6,"href":"https:\/\/site.ac-martinique.fr\/lettres-histoire\/index.php?rest_route=\/wp\/v2\/pages\/1482\/revisions"}],"predecessor-version":[{"id":1643,"href":"https:\/\/site.ac-martinique.fr\/lettres-histoire\/index.php?rest_route=\/wp\/v2\/pages\/1482\/revisions\/1643"}],"wp:attachment":[{"href":"https:\/\/site.ac-martinique.fr\/lettres-histoire\/index.php?rest_route=%2Fwp%2Fv2%2Fmedia&parent=1482"}],"curies":[{"name":"wp","href":"https:\/\/api.w.org\/{rel}","templated":true}]}}