{"id":1609,"date":"2019-09-06T14:11:57","date_gmt":"2019-09-06T13:11:57","guid":{"rendered":"\/lettres-histoire\/?page_id=1609"},"modified":"2021-12-01T16:59:35","modified_gmt":"2021-12-01T15:59:35","slug":"dispositifs-academiques","status":"publish","type":"page","link":"https:\/\/site.ac-martinique.fr\/lettres-histoire\/?page_id=1609","title":{"rendered":"Dispositifs acad\u00e9miques"},"content":{"rendered":"<ul>\n<li><a href=\"https:\/\/site.ac-martinique.fr\/lettres-histoire\/wp-content\/uploads\/sites\/17\/2021\/12\/circulaire-n-2021-1-rect-du-26-novembre-2021-15742.pdf\" target=\"_blank\" rel=\"noopener\">Principes et modalit\u00e9s de l&rsquo;Expression Orale Libre (EOL).<\/a><\/li>\n<\/ul>\n<ul>\n<li><a href=\"\/lettres-histoire\/wp-content\/uploads\/sites\/17\/2020\/07\/Circulaire-MINIRE18451.pdf\" target=\"_blank\" rel=\"noopener\">Plan MINIRE (Mise \u00e0 Niveau Renforc\u00e9e)<\/a>.<\/li>\n<\/ul>\n<ul>\n<li><a href=\"\/lettres-histoire\/wp-content\/uploads\/sites\/17\/2019\/09\/Culture-g\u00e9n\u00e9rale-secondes-BAC-PRO.pdf\" target=\"_blank\" rel=\"noopener\">Mise en place du nouveau module de culture g\u00e9n\u00e9rale adapt\u00e9e dans les classes de secondes bac pro.<\/a><\/li>\n<\/ul>\n","protected":false},"excerpt":{"rendered":"<p>Principes et modalit\u00e9s de l&rsquo;Expression Orale Libre (EOL). Plan MINIRE (Mise \u00e0 Niveau Renforc\u00e9e). Mise en place du nouveau module de culture g\u00e9n\u00e9rale adapt\u00e9e dans les classes de secondes bac pro.<\/p>\n","protected":false},"author":73,"featured_media":0,"parent":380,"menu_order":0,"comment_status":"closed","ping_status":"closed","template":"","meta":{"footnotes":""},"class_list":["post-1609","page","type-page","status-publish","hentry"],"_links":{"self":[{"href":"https:\/\/site.ac-martinique.fr\/lettres-histoire\/index.php?rest_route=\/wp\/v2\/pages\/1609","targetHints":{"allow":["GET"]}}],"collection":[{"href":"https:\/\/site.ac-martinique.fr\/lettres-histoire\/index.php?rest_route=\/wp\/v2\/pages"}],"about":[{"href":"https:\/\/site.ac-martinique.fr\/lettres-histoire\/index.php?rest_route=\/wp\/v2\/types\/page"}],"author":[{"embeddable":true,"href":"https:\/\/site.ac-martinique.fr\/lettres-histoire\/index.php?rest_route=\/wp\/v2\/users\/73"}],"replies":[{"embeddable":true,"href":"https:\/\/site.ac-martinique.fr\/lettres-histoire\/index.php?rest_route=%2Fwp%2Fv2%2Fcomments&post=1609"}],"version-history":[{"count":7,"href":"https:\/\/site.ac-martinique.fr\/lettres-histoire\/index.php?rest_route=\/wp\/v2\/pages\/1609\/revisions"}],"predecessor-version":[{"id":2818,"href":"https:\/\/site.ac-martinique.fr\/lettres-histoire\/index.php?rest_route=\/wp\/v2\/pages\/1609\/revisions\/2818"}],"up":[{"embeddable":true,"href":"https:\/\/site.ac-martinique.fr\/lettres-histoire\/index.php?rest_route=\/wp\/v2\/pages\/380"}],"wp:attachment":[{"href":"https:\/\/site.ac-martinique.fr\/lettres-histoire\/index.php?rest_route=%2Fwp%2Fv2%2Fmedia&parent=1609"}],"curies":[{"name":"wp","href":"https:\/\/api.w.org\/{rel}","templated":true}]}}