{"id":1655,"date":"2019-10-26T12:24:46","date_gmt":"2019-10-26T11:24:46","guid":{"rendered":"\/lettres-histoire\/?page_id=1655"},"modified":"2021-03-29T14:55:57","modified_gmt":"2021-03-29T13:55:57","slug":"guides-pedagogiques","status":"publish","type":"page","link":"https:\/\/site.ac-martinique.fr\/lettres-histoire\/?page_id=1655","title":{"rendered":"Guides p\u00e9dagogiques"},"content":{"rendered":"<p>&nbsp;<\/p>\n<h3><span style=\"color: #ff0000\"><strong>Les guides p\u00e9dagogiques :<\/strong><\/span><\/h3>\n<p>&nbsp;<\/p>\n<ul>\n<li><a href=\"http:\/\/cache.media.eduscol.education.fr\/file\/fam_metiers_et_R_pedagogiques\/32\/2\/Vade-mecum_co-intervention_1081322.pdf\" target=\"_blank\" rel=\"noopener\">La co-intervention.<\/a><\/li>\n<li><a href=\"http:\/\/cache.media.eduscol.education.fr\/file\/fam_metiers_et_R_pedagogiques\/40\/4\/Vade-mecum_realisation_chef-d_oeuvre_1081404.pdf\" target=\"_blank\" rel=\"noopener\">La r\u00e9alisation du chef d\u2019oeuvre.<\/a><\/li>\n<li><a href=\"http:\/\/cache.media.eduscol.education.fr\/file\/fam_metiers_et_R_pedagogiques\/32\/0\/Vade-mecum_consolidation_et_AP_1081320.pdf\" target=\"_blank\" rel=\"noopener\">La consolidation des acquis et l\u2019accompagnement personnalis\u00e9.<\/a><\/li>\n<li><a href=\"\/lettres-histoire\/wp-content\/uploads\/sites\/17\/2019\/10\/Vademecum_accompagnement-orientation_LyceePro21334.pdf\" target=\"_blank\" rel=\"noopener\">L&rsquo;accompagnement \u00e0 l&rsquo;orientation en voie professionnelle.<\/a><\/li>\n<li><a href=\"\/lettres-histoire\/wp-content\/uploads\/sites\/17\/2019\/10\/Vade-mecum_Poursuite_\u00e9tudes.pdf\" target=\"_blank\" rel=\"noopener\">Pr\u00e9paration \u00e0 la poursuite d&rsquo;\u00e9tudes.<\/a><\/li>\n<li><a href=\"\/lettres-histoire\/wp-content\/uploads\/sites\/17\/2019\/10\/Vademecum-module-insertion-professionnelle.pdf\" target=\"_blank\" rel=\"noopener\">Module de pr\u00e9paration \u00e0 l&rsquo;insertion professionnelle.<\/a><\/li>\n<\/ul>\n","protected":false},"excerpt":{"rendered":"<p>&nbsp; Les guides p\u00e9dagogiques : &nbsp; La co-intervention. La r\u00e9alisation du chef d\u2019oeuvre. La consolidation des acquis et l\u2019accompagnement personnalis\u00e9. L&rsquo;accompagnement \u00e0 l&rsquo;orientation en voie professionnelle. Pr\u00e9paration \u00e0 la poursuite d&rsquo;\u00e9tudes. Module de pr\u00e9paration \u00e0 l&rsquo;insertion professionnelle.<\/p>\n","protected":false},"author":73,"featured_media":0,"parent":0,"menu_order":0,"comment_status":"closed","ping_status":"closed","template":"","meta":{"footnotes":""},"class_list":["post-1655","page","type-page","status-publish","hentry"],"_links":{"self":[{"href":"https:\/\/site.ac-martinique.fr\/lettres-histoire\/index.php?rest_route=\/wp\/v2\/pages\/1655","targetHints":{"allow":["GET"]}}],"collection":[{"href":"https:\/\/site.ac-martinique.fr\/lettres-histoire\/index.php?rest_route=\/wp\/v2\/pages"}],"about":[{"href":"https:\/\/site.ac-martinique.fr\/lettres-histoire\/index.php?rest_route=\/wp\/v2\/types\/page"}],"author":[{"embeddable":true,"href":"https:\/\/site.ac-martinique.fr\/lettres-histoire\/index.php?rest_route=\/wp\/v2\/users\/73"}],"replies":[{"embeddable":true,"href":"https:\/\/site.ac-martinique.fr\/lettres-histoire\/index.php?rest_route=%2Fwp%2Fv2%2Fcomments&post=1655"}],"version-history":[{"count":3,"href":"https:\/\/site.ac-martinique.fr\/lettres-histoire\/index.php?rest_route=\/wp\/v2\/pages\/1655\/revisions"}],"predecessor-version":[{"id":2135,"href":"https:\/\/site.ac-martinique.fr\/lettres-histoire\/index.php?rest_route=\/wp\/v2\/pages\/1655\/revisions\/2135"}],"wp:attachment":[{"href":"https:\/\/site.ac-martinique.fr\/lettres-histoire\/index.php?rest_route=%2Fwp%2Fv2%2Fmedia&parent=1655"}],"curies":[{"name":"wp","href":"https:\/\/api.w.org\/{rel}","templated":true}]}}