{"id":1692,"date":"2019-12-02T00:55:06","date_gmt":"2019-12-01T23:55:06","guid":{"rendered":"\/lettres-histoire\/?page_id=1692"},"modified":"2019-12-10T20:50:12","modified_gmt":"2019-12-10T19:50:12","slug":"concours","status":"publish","type":"page","link":"https:\/\/site.ac-martinique.fr\/lettres-histoire\/?page_id=1692","title":{"rendered":"Concours"},"content":{"rendered":"<p>&nbsp;<\/p>\n<ul>\n<li><span style=\"color: #ff0000\"><strong>Appel \u00e0 projets Africa 2020.<\/strong><\/span><\/li>\n<\/ul>\n<p><em>L&rsquo;occasion est donn\u00e9e de travailler dans les classes et les \u00e9tablissements scolaires sur\u00a0une image moderne, dynamique et constructive de l&rsquo;Afrique contemporaine loin des pr\u00e9jug\u00e9s encore persistants dans l&rsquo;imaginaire collectif. Plus d&rsquo;informations <a href=\"https:\/\/eduscol.education.fr\/cid146049\/appel-a-projets-africa-2020.html\" target=\"_blank\">ici.<\/a><\/em><\/p>\n<p>&nbsp;<\/p>\n<ul>\n<li><strong><span style=\"color: #ff0000\">Le Comit\u00e9 Ti-Jo Mauvois a le plaisir de vous inviter \u00e0 la conf\u00e9rence intitul\u00e9e\u00a0Antan Wob\u00e8 : Marcel Manville, Frantz Fanon\u00a0<\/span><\/strong>qui sera anim\u00e9e par Victor Permal<strong>Vendredi 6 d\u00e9cembre 2019 \u00e0 18 h 30\u00a0<\/strong>\n<p>\u00e0 la Mairie de Schoelcher (salle des d\u00e9lib\u00e9rations)<\/p>\n<p>Cette conf\u00e9rence est propos\u00e9e dans le cadre de la 4\u00e8me \u00e9dition du jeu-concours d&rsquo;histoire Ti-Jo Mauvois qui se d\u00e9roulera en avril 2020 sur le th\u00e8me\u00a0<em>La Martinique antan Wob\u00e8 (1939-1943) : organisation, cr\u00e9ativit\u00e9 et r\u00e9sistances.<\/em><\/p>\n<p>&nbsp;<\/p>\n<p>&nbsp;<\/p>\n<p>La circulaire sur le concours.&nbsp;<\/p>\n<p>Mail : <a href=\"mailto:concourstijomauvois@gmail.com\">concourstijomauvois@gmail.com<\/a><\/p>\n<p>Site : <a href=\"https:\/\/nam04.safelinks.protection.outlook.com\/?url=http%3A%2F%2Fconcourstijomauvois.e-monsite.com&amp;data=02%7C01%7C%7Ccf6d568cc6ab46a5b00508d776ac01ad%7C84df9e7fe9f640afb435aaaaaaaaaaaa%7C1%7C0%7C637108353459329460&amp;sdata=2OtvRvx3bKsEtgAesP2R7BXhtYK8LHu638QShPIx9fs%3D&amp;reserved=0\">http:\/\/concourstijomauvois.e-monsite.com<\/a><\/p>\n<p>Facebook : Concours Ti Jo Mauvois<\/li>\n<\/ul>\n<p>&nbsp;<\/p>\n","protected":false},"excerpt":{"rendered":"<p>&nbsp; Appel \u00e0 projets Africa 2020. L&rsquo;occasion est donn\u00e9e de travailler dans les classes et les \u00e9tablissements scolaires sur\u00a0une image moderne, dynamique et constructive de l&rsquo;Afrique contemporaine loin des pr\u00e9jug\u00e9s encore persistants dans l&rsquo;imaginaire collectif. Plus d&rsquo;informations ici. &nbsp; Le Comit\u00e9 Ti-Jo Mauvois a le plaisir de vous inviter \u00e0 la conf\u00e9rence intitul\u00e9e\u00a0Antan Wob\u00e8 : &hellip; <a href=\"https:\/\/site.ac-martinique.fr\/lettres-histoire\/?page_id=1692\" class=\"more-link\">Continuer la lecture de <span class=\"screen-reader-text\">Concours<\/span>  <span class=\"meta-nav\">&rarr;<\/span><\/a><\/p>\n","protected":false},"author":73,"featured_media":0,"parent":0,"menu_order":0,"comment_status":"closed","ping_status":"closed","template":"","meta":{"footnotes":""},"class_list":["post-1692","page","type-page","status-publish","hentry"],"_links":{"self":[{"href":"https:\/\/site.ac-martinique.fr\/lettres-histoire\/index.php?rest_route=\/wp\/v2\/pages\/1692","targetHints":{"allow":["GET"]}}],"collection":[{"href":"https:\/\/site.ac-martinique.fr\/lettres-histoire\/index.php?rest_route=\/wp\/v2\/pages"}],"about":[{"href":"https:\/\/site.ac-martinique.fr\/lettres-histoire\/index.php?rest_route=\/wp\/v2\/types\/page"}],"author":[{"embeddable":true,"href":"https:\/\/site.ac-martinique.fr\/lettres-histoire\/index.php?rest_route=\/wp\/v2\/users\/73"}],"replies":[{"embeddable":true,"href":"https:\/\/site.ac-martinique.fr\/lettres-histoire\/index.php?rest_route=%2Fwp%2Fv2%2Fcomments&post=1692"}],"version-history":[{"count":3,"href":"https:\/\/site.ac-martinique.fr\/lettres-histoire\/index.php?rest_route=\/wp\/v2\/pages\/1692\/revisions"}],"predecessor-version":[{"id":1715,"href":"https:\/\/site.ac-martinique.fr\/lettres-histoire\/index.php?rest_route=\/wp\/v2\/pages\/1692\/revisions\/1715"}],"wp:attachment":[{"href":"https:\/\/site.ac-martinique.fr\/lettres-histoire\/index.php?rest_route=%2Fwp%2Fv2%2Fmedia&parent=1692"}],"curies":[{"name":"wp","href":"https:\/\/api.w.org\/{rel}","templated":true}]}}