{"id":1700,"date":"2019-12-04T02:11:31","date_gmt":"2019-12-04T01:11:31","guid":{"rendered":"\/lettres-histoire\/?page_id=1700"},"modified":"2019-12-04T02:11:31","modified_gmt":"2019-12-04T01:11:31","slug":"presentation","status":"publish","type":"page","link":"https:\/\/site.ac-martinique.fr\/lettres-histoire\/?page_id=1700","title":{"rendered":"Pr\u00e9sentation"},"content":{"rendered":"<div class=\"titre\">\n<h1 style=\"text-align: center\"><span class=\"contenu_titre_non_image\">Qu&rsquo;est-ce que l&rsquo;\u00e9ducation au d\u00e9veloppement durable ?<\/span><\/h1>\n<\/div>\n<div class=\"padding-left-10\">\n<div class=\"chapo margin-bottom-20 padding-top-10 font-georgia font-12 font-grey bold\">\n<p>L&rsquo;\u00e9ducation au d\u00e9veloppement durable (EDD) permet d&rsquo;appr\u00e9hender le monde contemporain dans sa complexit\u00e9, en prenant en compte les interactions existant entre l&rsquo;environnement, la soci\u00e9t\u00e9, l&rsquo;\u00e9conomie et la culture. Plus d&rsquo;informations en cliquant <a href=\"https:\/\/eduscol.education.fr\/cid79021\/qu-est-ce-que-l-education-au-developpement-durable.html\" target=\"_blank\">ICI<\/a>.<\/p>\n<\/div>\n<\/div>\n","protected":false},"excerpt":{"rendered":"<p>Qu&rsquo;est-ce que l&rsquo;\u00e9ducation au d\u00e9veloppement durable ? L&rsquo;\u00e9ducation au d\u00e9veloppement durable (EDD) permet d&rsquo;appr\u00e9hender le monde contemporain dans sa complexit\u00e9, en prenant en compte les interactions existant entre l&rsquo;environnement, la soci\u00e9t\u00e9, l&rsquo;\u00e9conomie et la culture. Plus d&rsquo;informations en cliquant ICI.<\/p>\n","protected":false},"author":73,"featured_media":0,"parent":1625,"menu_order":0,"comment_status":"closed","ping_status":"closed","template":"","meta":{"footnotes":""},"class_list":["post-1700","page","type-page","status-publish","hentry"],"_links":{"self":[{"href":"https:\/\/site.ac-martinique.fr\/lettres-histoire\/index.php?rest_route=\/wp\/v2\/pages\/1700","targetHints":{"allow":["GET"]}}],"collection":[{"href":"https:\/\/site.ac-martinique.fr\/lettres-histoire\/index.php?rest_route=\/wp\/v2\/pages"}],"about":[{"href":"https:\/\/site.ac-martinique.fr\/lettres-histoire\/index.php?rest_route=\/wp\/v2\/types\/page"}],"author":[{"embeddable":true,"href":"https:\/\/site.ac-martinique.fr\/lettres-histoire\/index.php?rest_route=\/wp\/v2\/users\/73"}],"replies":[{"embeddable":true,"href":"https:\/\/site.ac-martinique.fr\/lettres-histoire\/index.php?rest_route=%2Fwp%2Fv2%2Fcomments&post=1700"}],"version-history":[{"count":1,"href":"https:\/\/site.ac-martinique.fr\/lettres-histoire\/index.php?rest_route=\/wp\/v2\/pages\/1700\/revisions"}],"predecessor-version":[{"id":1701,"href":"https:\/\/site.ac-martinique.fr\/lettres-histoire\/index.php?rest_route=\/wp\/v2\/pages\/1700\/revisions\/1701"}],"up":[{"embeddable":true,"href":"https:\/\/site.ac-martinique.fr\/lettres-histoire\/index.php?rest_route=\/wp\/v2\/pages\/1625"}],"wp:attachment":[{"href":"https:\/\/site.ac-martinique.fr\/lettres-histoire\/index.php?rest_route=%2Fwp%2Fv2%2Fmedia&parent=1700"}],"curies":[{"name":"wp","href":"https:\/\/api.w.org\/{rel}","templated":true}]}}