{"id":1704,"date":"2019-12-04T02:15:30","date_gmt":"2019-12-04T01:15:30","guid":{"rendered":"\/lettres-histoire\/?page_id=1704"},"modified":"2019-12-04T02:15:30","modified_gmt":"2019-12-04T01:15:30","slug":"17-objectifs","status":"publish","type":"page","link":"https:\/\/site.ac-martinique.fr\/lettres-histoire\/?page_id=1704","title":{"rendered":"17 objectifs"},"content":{"rendered":"<header class=\"headBook\">\n<div>\n<h1 id=\"titreNotice\" style=\"text-align: center\">Objectifs de d\u00e9veloppement durable : dossier p\u00e9dagogique<\/h1>\n<\/div>\n<\/header>\n<p>L&rsquo;op\u00e9ration \u00ab Objectifs de d\u00e9veloppement durable \u00bb, consiste en la remise aux \u00e9tablissements scolaires, en\u00a0Ateliers Canop\u00e9, d&rsquo;un ensemble de posters photographiques relatifs aux\u00a017 objectifs de d\u00e9veloppement durable tels que d\u00e9finis par l&rsquo;UNESCO.<\/p>\n<p>Cliquez <a href=\"https:\/\/www.reseau-canope.fr\/notice\/objectifs-de-developpement-durable-dossier-pedagogique.html\" target=\"_blank\">ICI <\/a>pour plus d&rsquo;informations.<\/p>\n","protected":false},"excerpt":{"rendered":"<p>Objectifs de d\u00e9veloppement durable : dossier p\u00e9dagogique L&rsquo;op\u00e9ration \u00ab Objectifs de d\u00e9veloppement durable \u00bb, consiste en la remise aux \u00e9tablissements scolaires, en\u00a0Ateliers Canop\u00e9, d&rsquo;un ensemble de posters photographiques relatifs aux\u00a017 objectifs de d\u00e9veloppement durable tels que d\u00e9finis par l&rsquo;UNESCO. Cliquez ICI pour plus d&rsquo;informations.<\/p>\n","protected":false},"author":73,"featured_media":0,"parent":1625,"menu_order":0,"comment_status":"closed","ping_status":"closed","template":"","meta":{"footnotes":""},"class_list":["post-1704","page","type-page","status-publish","hentry"],"_links":{"self":[{"href":"https:\/\/site.ac-martinique.fr\/lettres-histoire\/index.php?rest_route=\/wp\/v2\/pages\/1704","targetHints":{"allow":["GET"]}}],"collection":[{"href":"https:\/\/site.ac-martinique.fr\/lettres-histoire\/index.php?rest_route=\/wp\/v2\/pages"}],"about":[{"href":"https:\/\/site.ac-martinique.fr\/lettres-histoire\/index.php?rest_route=\/wp\/v2\/types\/page"}],"author":[{"embeddable":true,"href":"https:\/\/site.ac-martinique.fr\/lettres-histoire\/index.php?rest_route=\/wp\/v2\/users\/73"}],"replies":[{"embeddable":true,"href":"https:\/\/site.ac-martinique.fr\/lettres-histoire\/index.php?rest_route=%2Fwp%2Fv2%2Fcomments&post=1704"}],"version-history":[{"count":1,"href":"https:\/\/site.ac-martinique.fr\/lettres-histoire\/index.php?rest_route=\/wp\/v2\/pages\/1704\/revisions"}],"predecessor-version":[{"id":1705,"href":"https:\/\/site.ac-martinique.fr\/lettres-histoire\/index.php?rest_route=\/wp\/v2\/pages\/1704\/revisions\/1705"}],"up":[{"embeddable":true,"href":"https:\/\/site.ac-martinique.fr\/lettres-histoire\/index.php?rest_route=\/wp\/v2\/pages\/1625"}],"wp:attachment":[{"href":"https:\/\/site.ac-martinique.fr\/lettres-histoire\/index.php?rest_route=%2Fwp%2Fv2%2Fmedia&parent=1704"}],"curies":[{"name":"wp","href":"https:\/\/api.w.org\/{rel}","templated":true}]}}