{"id":1721,"date":"2019-12-10T21:19:09","date_gmt":"2019-12-10T20:19:09","guid":{"rendered":"\/lettres-histoire\/?page_id=1721"},"modified":"2019-12-13T01:54:13","modified_gmt":"2019-12-13T00:54:13","slug":"concours-locaux","status":"publish","type":"page","link":"https:\/\/site.ac-martinique.fr\/lettres-histoire\/?page_id=1721","title":{"rendered":"Concours locaux"},"content":{"rendered":"<p>&nbsp;<\/p>\n<ul>\n<li><strong>Le Comit\u00e9 Ti-Jo Mauvois a le plaisir de vous inviter \u00e0 la conf\u00e9rence intitul\u00e9e\u00a0<span style=\"color: #ff0000\">Antan Wob\u00e8<\/span> : Marcel Manville, Frantz Fanon\u00a0<\/strong>qui sera anim\u00e9e par Victor Permal<\/li>\n<\/ul>\n<p style=\"text-align: center\">le\u00a0<strong>Vendredi 6 d\u00e9cembre 2019 \u00e0 18 h 30\u00a0<\/strong>\u00e0 la Mairie de Schoelcher (salle des d\u00e9lib\u00e9rations).<\/p>\n<p>Cette conf\u00e9rence est propos\u00e9e dans le cadre de la 4\u00e8me \u00e9dition du jeu-concours d\u2019histoire Ti-Jo Mauvois qui se d\u00e9roulera en avril 2020 sur le th\u00e8me\u00a0<em>La Martinique antan Wob\u00e8 (1939-1943) : organisation, cr\u00e9ativit\u00e9 et r\u00e9sistances.<\/em><\/p>\n<p><a href=\"\/lettres-histoire\/wp-content\/uploads\/sites\/17\/2019\/12\/circulaire-lancement-4e-edition-Concours-ti-Jo-Mauvois.pdf\" target=\"_blank\">La circulaire sur le concours.<\/a><\/p>\n<p>Mail :\u00a0<a href=\"mailto:concourstijomauvois@gmail.com\">concourstijomauvois@gmail.com<\/a><\/p>\n<p>Site :\u00a0<a href=\"https:\/\/nam04.safelinks.protection.outlook.com\/?url=http%3A%2F%2Fconcourstijomauvois.e-monsite.com&amp;data=02%7C01%7C%7Ccf6d568cc6ab46a5b00508d776ac01ad%7C84df9e7fe9f640afb435aaaaaaaaaaaa%7C1%7C0%7C637108353459329460&amp;sdata=2OtvRvx3bKsEtgAesP2R7BXhtYK8LHu638QShPIx9fs%3D&amp;reserved=0\">http:\/\/concourstijomauvois.e-monsite.com<\/a><\/p>\n<p>Facebook : Concours Ti Jo Mauvois<\/p>\n","protected":false},"excerpt":{"rendered":"<p>&nbsp; Le Comit\u00e9 Ti-Jo Mauvois a le plaisir de vous inviter \u00e0 la conf\u00e9rence intitul\u00e9e\u00a0Antan Wob\u00e8 : Marcel Manville, Frantz Fanon\u00a0qui sera anim\u00e9e par Victor Permal le\u00a0Vendredi 6 d\u00e9cembre 2019 \u00e0 18 h 30\u00a0\u00e0 la Mairie de Schoelcher (salle des d\u00e9lib\u00e9rations). Cette conf\u00e9rence est propos\u00e9e dans le cadre de la 4\u00e8me \u00e9dition du jeu-concours d\u2019histoire &hellip; <a href=\"https:\/\/site.ac-martinique.fr\/lettres-histoire\/?page_id=1721\" class=\"more-link\">Continuer la lecture de <span class=\"screen-reader-text\">Concours locaux<\/span>  <span class=\"meta-nav\">&rarr;<\/span><\/a><\/p>\n","protected":false},"author":73,"featured_media":0,"parent":0,"menu_order":0,"comment_status":"closed","ping_status":"closed","template":"","meta":{"footnotes":""},"class_list":["post-1721","page","type-page","status-publish","hentry"],"_links":{"self":[{"href":"https:\/\/site.ac-martinique.fr\/lettres-histoire\/index.php?rest_route=\/wp\/v2\/pages\/1721","targetHints":{"allow":["GET"]}}],"collection":[{"href":"https:\/\/site.ac-martinique.fr\/lettres-histoire\/index.php?rest_route=\/wp\/v2\/pages"}],"about":[{"href":"https:\/\/site.ac-martinique.fr\/lettres-histoire\/index.php?rest_route=\/wp\/v2\/types\/page"}],"author":[{"embeddable":true,"href":"https:\/\/site.ac-martinique.fr\/lettres-histoire\/index.php?rest_route=\/wp\/v2\/users\/73"}],"replies":[{"embeddable":true,"href":"https:\/\/site.ac-martinique.fr\/lettres-histoire\/index.php?rest_route=%2Fwp%2Fv2%2Fcomments&post=1721"}],"version-history":[{"count":5,"href":"https:\/\/site.ac-martinique.fr\/lettres-histoire\/index.php?rest_route=\/wp\/v2\/pages\/1721\/revisions"}],"predecessor-version":[{"id":1737,"href":"https:\/\/site.ac-martinique.fr\/lettres-histoire\/index.php?rest_route=\/wp\/v2\/pages\/1721\/revisions\/1737"}],"wp:attachment":[{"href":"https:\/\/site.ac-martinique.fr\/lettres-histoire\/index.php?rest_route=%2Fwp%2Fv2%2Fmedia&parent=1721"}],"curies":[{"name":"wp","href":"https:\/\/api.w.org\/{rel}","templated":true}]}}